{"id":424,"date":"2025-12-20T10:31:09","date_gmt":"2025-12-20T10:31:09","guid":{"rendered":"https:\/\/www.tongdeceramic.com\/?post_type=product&#038;p=424"},"modified":"2025-12-25T03:31:16","modified_gmt":"2025-12-25T03:31:16","slug":"restaurant-supply-bowls","status":"publish","type":"product","link":"https:\/\/www.czqunfa.com\/de\/produkt\/restaurant-supply-bowls\/","title":{"rendered":"Restaurant-Zubeh\u00f6r Sch\u00fcsseln, Keramik-R\u00fchrsch\u00fcssel-Set Gro\u00dfhandel"},"content":{"rendered":"<div class=\"wp-block-columns is-layout-flex wp-container-core-columns-is-layout-9d6595d7 wp-block-columns-is-layout-flex\">\n<div class=\"wp-block-column is-layout-flow wp-block-column-is-layout-flow\">\n<h2 class=\"wp-block-heading\">Merkmale von Restaurantversorgungsschalen<\/h2>\n\n\n\n<ul class=\"wp-block-list\">\n<li><strong>Hochwertiges Keramikmaterial:<\/strong> Diese Sch\u00fcsseln f\u00fcr den Gastronomiebedarf werden aus sorgf\u00e4ltig ausgew\u00e4hltem, hochwertigem Steinzeug hergestellt. Diese Schale verf\u00fcgt \u00fcber eine dichte, langlebige Struktur mit hervorragender Hitze- und K\u00e4ltebest\u00e4ndigkeit und ist daher f\u00fcr hochfrequentierte gewerbliche Umgebungen geeignet.<\/li>\n\n\n\n<li><strong>Lebensmitteltaugliche Sicherheit: <\/strong>Erf\u00fcllt die Sicherheitsstandards f\u00fcr den Kontakt mit Lebensmitteln. Diese Sch\u00fcsseln f\u00fcr den Gastronomiebedarf sind sicher f\u00fcr den Einsatz in Restaurantk\u00fcchen, B\u00e4ckereien, Cafeterias und Hausk\u00fcchen.<\/li>\n\n\n\n<li><strong>Leicht zu reinigende glatte Glasur:<\/strong> Die glatte, feine Glasurschicht des R\u00fchrsch\u00fcsselsets f\u00fcr den Gro\u00dfhandel verhindert, dass sich \u00d6lflecken und Essensger\u00fcche ansammeln, und erm\u00f6glicht die Reinigung von Hand und in der Sp\u00fclmaschine. Diese Sch\u00fcsseln f\u00fcr den Gastronomiebedarf bleiben auch nach langem Gebrauch sauber und neu.<\/li>\n\n\n\n<li><strong>Multifunktionales Design:<\/strong> Diese Sch\u00fcsseln f\u00fcr den Gastronomiebedarf k\u00f6nnen als Obstmischsch\u00fcssel, Salatmischsch\u00fcssel, Sch\u00fcssel f\u00fcr die Zubereitung von Zutaten und als Aufbewahrungssch\u00fcssel verwendet werden und erf\u00fcllen verschiedene K\u00fcchenbed\u00fcrfnisse wie das Zubereiten, Mischen und Servieren von Speisen.<\/li>\n\n\n\n<li><strong>Sicher f\u00fcr mehrere Ger\u00e4te:<\/strong> Dieses R\u00fchrsch\u00fcsselset f\u00fcr den Gro\u00dfhandel ist sp\u00fclmaschinen-, mikrowellen- und ofenfest und passt sich den effizienten Arbeitsabl\u00e4ufen in modernen Restaurantk\u00fcchen an.<\/li>\n<\/ul>\n<\/div>\n\n\n\n<div class=\"wp-block-column is-layout-flow wp-block-column-is-layout-flow\">\n<figure class=\"wp-block-image size-full\"><img decoding=\"async\" width=\"1000\" height=\"1000\" src=\"https:\/\/www.czqunfa.com\/wp-content\/uploads\/2025\/12\/restaurant-supply-bowls-ceramic-mixing-bowl-set-wholesale-1.webp\" alt=\"Restaurant-Zubeh\u00f6r-Sch\u00fcsseln-Keramik-Mischsch\u00fcssel-Set-Gro\u00dfhandel-1\" class=\"wp-image-425\" srcset=\"https:\/\/www.czqunfa.com\/wp-content\/uploads\/2025\/12\/restaurant-supply-bowls-ceramic-mixing-bowl-set-wholesale-1.webp 1000w, https:\/\/www.czqunfa.com\/wp-content\/uploads\/2025\/12\/restaurant-supply-bowls-ceramic-mixing-bowl-set-wholesale-1-300x300.webp 300w, https:\/\/www.czqunfa.com\/wp-content\/uploads\/2025\/12\/restaurant-supply-bowls-ceramic-mixing-bowl-set-wholesale-1-150x150.webp 150w, https:\/\/www.czqunfa.com\/wp-content\/uploads\/2025\/12\/restaurant-supply-bowls-ceramic-mixing-bowl-set-wholesale-1-768x768.webp 768w, https:\/\/www.czqunfa.com\/wp-content\/uploads\/2025\/12\/restaurant-supply-bowls-ceramic-mixing-bowl-set-wholesale-1-600x600.webp 600w, https:\/\/www.czqunfa.com\/wp-content\/uploads\/2025\/12\/restaurant-supply-bowls-ceramic-mixing-bowl-set-wholesale-1-100x100.webp 100w\" sizes=\"(max-width: 1000px) 100vw, 1000px\" \/><\/figure>\n<\/div>\n<\/div>\n\n\n\n<figure class=\"wp-block-gallery has-nested-images columns-default is-cropped wp-block-gallery-1 is-layout-flex wp-block-gallery-is-layout-flex\">\n<figure class=\"wp-block-image size-large\"><img decoding=\"async\" width=\"1000\" height=\"1000\" data-id=\"426\" src=\"https:\/\/www.czqunfa.com\/wp-content\/uploads\/2025\/12\/restaurant-supply-bowls-ceramic-mixing-bowl-set-wholesale-2.webp\" alt=\"Restaurant-Zubeh\u00f6r-Sch\u00fcsseln-Keramik-Mischsch\u00fcsselset-Gro\u00dfhandel-2\" class=\"wp-image-426\" srcset=\"https:\/\/www.czqunfa.com\/wp-content\/uploads\/2025\/12\/restaurant-supply-bowls-ceramic-mixing-bowl-set-wholesale-2.webp 1000w, https:\/\/www.czqunfa.com\/wp-content\/uploads\/2025\/12\/restaurant-supply-bowls-ceramic-mixing-bowl-set-wholesale-2-300x300.webp 300w, https:\/\/www.czqunfa.com\/wp-content\/uploads\/2025\/12\/restaurant-supply-bowls-ceramic-mixing-bowl-set-wholesale-2-150x150.webp 150w, https:\/\/www.czqunfa.com\/wp-content\/uploads\/2025\/12\/restaurant-supply-bowls-ceramic-mixing-bowl-set-wholesale-2-768x768.webp 768w, https:\/\/www.czqunfa.com\/wp-content\/uploads\/2025\/12\/restaurant-supply-bowls-ceramic-mixing-bowl-set-wholesale-2-600x600.webp 600w, https:\/\/www.czqunfa.com\/wp-content\/uploads\/2025\/12\/restaurant-supply-bowls-ceramic-mixing-bowl-set-wholesale-2-100x100.webp 100w\" sizes=\"(max-width: 1000px) 100vw, 1000px\" \/><\/figure>\n\n\n\n<figure class=\"wp-block-image size-large\"><img decoding=\"async\" width=\"1000\" height=\"1000\" data-id=\"427\" src=\"https:\/\/www.czqunfa.com\/wp-content\/uploads\/2025\/12\/restaurant-supply-bowls-ceramic-mixing-bowl-set-wholesale-3.webp\" alt=\"Restaurantbedarf-Sch\u00fcsseln-Keramik-R\u00fchrsch\u00fcsselset-Gro\u00dfhandel-3\" class=\"wp-image-427\" srcset=\"https:\/\/www.czqunfa.com\/wp-content\/uploads\/2025\/12\/restaurant-supply-bowls-ceramic-mixing-bowl-set-wholesale-3.webp 1000w, https:\/\/www.czqunfa.com\/wp-content\/uploads\/2025\/12\/restaurant-supply-bowls-ceramic-mixing-bowl-set-wholesale-3-300x300.webp 300w, https:\/\/www.czqunfa.com\/wp-content\/uploads\/2025\/12\/restaurant-supply-bowls-ceramic-mixing-bowl-set-wholesale-3-150x150.webp 150w, https:\/\/www.czqunfa.com\/wp-content\/uploads\/2025\/12\/restaurant-supply-bowls-ceramic-mixing-bowl-set-wholesale-3-768x768.webp 768w, https:\/\/www.czqunfa.com\/wp-content\/uploads\/2025\/12\/restaurant-supply-bowls-ceramic-mixing-bowl-set-wholesale-3-600x600.webp 600w, https:\/\/www.czqunfa.com\/wp-content\/uploads\/2025\/12\/restaurant-supply-bowls-ceramic-mixing-bowl-set-wholesale-3-100x100.webp 100w\" sizes=\"(max-width: 1000px) 100vw, 1000px\" \/><\/figure>\n<\/figure>","protected":false},"excerpt":{"rendered":"<p>Wir laden Sie ein, diese modernen Restaurantsch\u00fcsseln zu kaufen, die aus hochwertiger Keramik gefertigt sind und eine ausgezeichnete Hitze- und K\u00e4ltebest\u00e4ndigkeit aufweisen. Diese f\u00fcr den professionellen Einsatz in Restaurants und Gro\u00dfk\u00fcchen konzipierten R\u00fchrsch\u00fcsseln sind in mehreren praktischen Gr\u00f6\u00dfen erh\u00e4ltlich. Sie sind ideal zum Mischen, Servieren und Aufbewahren von Lebensmitteln und eignen sich perfekt f\u00fcr Gro\u00dfhandelsangebote, Foodservice-Projekte und OEM-Anpassungen.<\/p>\n<h2>Restaurantbedarf Schalen Parameter<\/h2>\n<table border=\"0\" width=\"328\" cellspacing=\"0\" cellpadding=\"0\">\n<tbody>\n<tr>\n<td width=\"116\" height=\"16\">Hersteller<\/td>\n<td width=\"211\">QUNFA<\/td>\n<\/tr>\n<tr>\n<td width=\"116\" height=\"16\">Produkttyp<\/td>\n<td width=\"211\">R\u00fchrsch\u00fcssel<\/td>\n<\/tr>\n<tr>\n<td width=\"116\" height=\"16\">Modell-Nr.<\/td>\n<td width=\"211\">T25-0214<\/td>\n<\/tr>\n<tr>\n<td width=\"116\" height=\"16\">Material<\/td>\n<td width=\"211\">Steinzeug<\/td>\n<\/tr>\n<tr>\n<td width=\"116\" height=\"16\">Farbe<\/td>\n<td width=\"211\">Grau<\/td>\n<\/tr>\n<tr>\n<td width=\"116\" height=\"46\">Dimension<\/td>\n<td width=\"211\">8.8\u201dbowl:22.4*22.4*11.2cm 8\u2033bowl:20*20*10.1cm 6\u201cbowl:15*15*7.1cm<\/td>\n<\/tr>\n<tr>\n<td width=\"116\" height=\"16\">Mindestbestellmenge<\/td>\n<td width=\"211\">1000 St\u00fcck<\/td>\n<\/tr>\n<tr>\n<td width=\"116\" height=\"16\">Kundenspezifisch<\/td>\n<td width=\"211\">Farbe\/Gr\u00f6\u00dfe\/Logo\/Verpackung\/Form<\/td>\n<\/tr>\n<\/tbody>\n<\/table>","protected":false},"featured_media":429,"comment_status":"closed","ping_status":"closed","template":"","meta":{"_acf_changed":false},"product_brand":[],"product_cat":[20,36,21,31],"product_tag":[],"class_list":{"0":"post-424","1":"product","2":"type-product","3":"status-publish","4":"has-post-thumbnail","6":"product_cat-dinnerware-supplier","7":"product_cat-ceramic-bowl-supplier","8":"product_cat-ceramic-kitchenware-wholesale","9":"product_cat-ceramic-mixing-bowls-supplier","11":"first","12":"instock","13":"shipping-taxable","14":"product-type-simple"},"acf":[],"_links":{"self":[{"href":"https:\/\/www.czqunfa.com\/de\/wp-json\/wp\/v2\/product\/424","targetHints":{"allow":["GET"]}}],"collection":[{"href":"https:\/\/www.czqunfa.com\/de\/wp-json\/wp\/v2\/product"}],"about":[{"href":"https:\/\/www.czqunfa.com\/de\/wp-json\/wp\/v2\/types\/product"}],"replies":[{"embeddable":true,"href":"https:\/\/www.czqunfa.com\/de\/wp-json\/wp\/v2\/comments?post=424"}],"wp:featuredmedia":[{"embeddable":true,"href":"https:\/\/www.czqunfa.com\/de\/wp-json\/wp\/v2\/media\/429"}],"wp:attachment":[{"href":"https:\/\/www.czqunfa.com\/de\/wp-json\/wp\/v2\/media?parent=424"}],"wp:term":[{"taxonomy":"product_brand","embeddable":true,"href":"https:\/\/www.czqunfa.com\/de\/wp-json\/wp\/v2\/product_brand?post=424"},{"taxonomy":"product_cat","embeddable":true,"href":"https:\/\/www.czqunfa.com\/de\/wp-json\/wp\/v2\/product_cat?post=424"},{"taxonomy":"product_tag","embeddable":true,"href":"https:\/\/www.czqunfa.com\/de\/wp-json\/wp\/v2\/product_tag?post=424"}],"curies":[{"name":"wp","href":"https:\/\/api.w.org\/{rel}","templated":true}]}}