{"id":2149,"date":"2026-04-18T01:46:34","date_gmt":"2026-04-18T01:46:34","guid":{"rendered":"https:\/\/www.czqunfa.com\/?post_type=product&#038;p=2149"},"modified":"2026-04-18T01:46:35","modified_gmt":"2026-04-18T01:46:35","slug":"wholesale-ceramic-cupcake-pan","status":"publish","type":"product","link":"https:\/\/www.czqunfa.com\/de\/produkt\/wholesale-ceramic-cupcake-pan\/","title":{"rendered":"Gro\u00dfhandel keramische Cupcake-Pfanne, benutzerdefinierte keramische 6 Muffin-Pfanne"},"content":{"rendered":"<div class=\"wp-block-columns is-layout-flex wp-container-core-columns-is-layout-9d6595d7 wp-block-columns-is-layout-flex\">\n<div class=\"wp-block-column is-layout-flow wp-block-column-is-layout-flow\">\n<h2 class=\"wp-block-heading\">Eigenschaften von Gro\u00dfhandel Keramik Cupcake Pan<\/h2>\n\n\n\n<ul class=\"wp-block-list\">\n<li><strong>Backblech mit sechs Rosten, effizientes Backen:<\/strong> Unsere Gro\u00dfhandels-Keramik-Cupcake-Pfanne hat ein Sechs-Raster-Design, das es uns erm\u00f6glicht, 6 normal gro\u00dfe Cupcakes auf einmal zu backen, was die Backeffizienz erheblich verbessert. Geeignet f\u00fcr den Familiengebrauch oder f\u00fcr die kommerzielle Massenproduktion.<\/li>\n\n\n\n<li><strong>Hergestellt aus hochwertiger Keramik, gleichm\u00e4\u00dfige W\u00e4rme\u00fcbertragung: <\/strong>Unsere Gro\u00dfhandels-Keramik-Cupcake-Pfanne ist aus hochwertiger Keramik gefertigt, die W\u00e4rme\u00fcbertragung ist stabil und gleichm\u00e4\u00dfig, so dass kein Teil des Kuchens verbrannt oder halb gebacken wird, so dass jeder Cupcake golden und weich wird.<\/li>\n\n\n\n<li><strong>Mittlere Gr\u00f6\u00dfe, angemessenes Verh\u00e4ltnis:<\/strong> Mit einem mittleren L\u00e4ngen- und Breiten-H\u00f6hen-Verh\u00e4ltnis passt die 6er Keramik-Muffinform in die meisten Haushaltsback\u00f6fen und hat gen\u00fcgend Tiefe, damit sich der Teig ausdehnen kann und nicht \u00fcberl\u00e4uft.<\/li>\n\n\n\n<li><strong>Leicht herauszunehmen und zu waschen:<\/strong> Die Oberfl\u00e4che ist flach und glatt, die benutzerdefinierte Keramik 6 Muffinform mit guter Antihaft-Effekt, so dass es einfach, den Kuchen nach dem Backen zu nehmen, und kann auch in der Sp\u00fclmaschine direkt gewaschen werden.<\/li>\n\n\n\n<li><strong>Hohe Hitzebest\u00e4ndigkeit und verschiedene Funktionen:<\/strong> Unsere Gro\u00dfhandels-Keramik-Cupcake-Pfanne kann hohen Temperaturen im Ofen standhalten (normalerweise \u00fcber 200 Grad Celsius), was nicht nur f\u00fcr das Backen von Cupcakes gilt, sondern auch f\u00fcr die Herstellung von Mini-K\u00e4sekuchen, Muffins oder Eierkuchen.<\/li>\n<\/ul>\n<\/div>\n\n\n\n<div class=\"wp-block-column is-layout-flow wp-block-column-is-layout-flow\">\n<figure class=\"wp-block-image size-full\"><img decoding=\"async\" width=\"1000\" height=\"1000\" src=\"https:\/\/www.czqunfa.com\/wp-content\/uploads\/2026\/04\/cupcake-baking-pan-1.webp\" alt=\"Gro\u00dfhandel-Keramik-Muffinform-Keramik-6-Muffin-F\u00f6rmchen-1\" class=\"wp-image-2145\" srcset=\"https:\/\/www.czqunfa.com\/wp-content\/uploads\/2026\/04\/cupcake-baking-pan-1.webp 1000w, https:\/\/www.czqunfa.com\/wp-content\/uploads\/2026\/04\/cupcake-baking-pan-1-300x300.webp 300w, https:\/\/www.czqunfa.com\/wp-content\/uploads\/2026\/04\/cupcake-baking-pan-1-150x150.webp 150w, https:\/\/www.czqunfa.com\/wp-content\/uploads\/2026\/04\/cupcake-baking-pan-1-768x768.webp 768w, https:\/\/www.czqunfa.com\/wp-content\/uploads\/2026\/04\/cupcake-baking-pan-1-12x12.webp 12w, https:\/\/www.czqunfa.com\/wp-content\/uploads\/2026\/04\/cupcake-baking-pan-1-600x600.webp 600w, https:\/\/www.czqunfa.com\/wp-content\/uploads\/2026\/04\/cupcake-baking-pan-1-100x100.webp 100w\" sizes=\"(max-width: 1000px) 100vw, 1000px\" \/><\/figure>\n<\/div>\n<\/div>\n\n\n\n<figure class=\"wp-block-gallery has-nested-images columns-default is-cropped wp-block-gallery-1 is-layout-flex wp-block-gallery-is-layout-flex\">\n<figure class=\"wp-block-image size-full\"><img decoding=\"async\" width=\"1000\" height=\"1000\" data-id=\"2147\" src=\"https:\/\/www.czqunfa.com\/wp-content\/uploads\/2026\/04\/cupcake-baking-pan-3.webp\" alt=\"Cupcake-Backform-3\" class=\"wp-image-2147\" srcset=\"https:\/\/www.czqunfa.com\/wp-content\/uploads\/2026\/04\/cupcake-baking-pan-3.webp 1000w, https:\/\/www.czqunfa.com\/wp-content\/uploads\/2026\/04\/cupcake-baking-pan-3-300x300.webp 300w, https:\/\/www.czqunfa.com\/wp-content\/uploads\/2026\/04\/cupcake-baking-pan-3-150x150.webp 150w, https:\/\/www.czqunfa.com\/wp-content\/uploads\/2026\/04\/cupcake-baking-pan-3-768x768.webp 768w, https:\/\/www.czqunfa.com\/wp-content\/uploads\/2026\/04\/cupcake-baking-pan-3-12x12.webp 12w, https:\/\/www.czqunfa.com\/wp-content\/uploads\/2026\/04\/cupcake-baking-pan-3-600x600.webp 600w, https:\/\/www.czqunfa.com\/wp-content\/uploads\/2026\/04\/cupcake-baking-pan-3-100x100.webp 100w\" sizes=\"(max-width: 1000px) 100vw, 1000px\" \/><\/figure>\n\n\n\n<figure class=\"wp-block-image size-full\"><img decoding=\"async\" width=\"1000\" height=\"1000\" data-id=\"2148\" src=\"https:\/\/www.czqunfa.com\/wp-content\/uploads\/2026\/04\/cupcake-baking-pan-4.webp\" alt=\"Cupcake-Backform-4\" class=\"wp-image-2148\" srcset=\"https:\/\/www.czqunfa.com\/wp-content\/uploads\/2026\/04\/cupcake-baking-pan-4.webp 1000w, https:\/\/www.czqunfa.com\/wp-content\/uploads\/2026\/04\/cupcake-baking-pan-4-300x300.webp 300w, https:\/\/www.czqunfa.com\/wp-content\/uploads\/2026\/04\/cupcake-baking-pan-4-150x150.webp 150w, https:\/\/www.czqunfa.com\/wp-content\/uploads\/2026\/04\/cupcake-baking-pan-4-768x768.webp 768w, https:\/\/www.czqunfa.com\/wp-content\/uploads\/2026\/04\/cupcake-baking-pan-4-12x12.webp 12w, https:\/\/www.czqunfa.com\/wp-content\/uploads\/2026\/04\/cupcake-baking-pan-4-600x600.webp 600w, https:\/\/www.czqunfa.com\/wp-content\/uploads\/2026\/04\/cupcake-baking-pan-4-100x100.webp 100w\" sizes=\"(max-width: 1000px) 100vw, 1000px\" \/><\/figure>\n<\/figure>\n\n\n\n<p><\/p>","protected":false},"excerpt":{"rendered":"<p>Willkommen bei unserem Gro\u00dfhandel Keramik Cupcake-Pfanne zu kaufen. Dieses keramische Muffinblech mit sechs Rosten (30,6\u00d719,9\u00d74,8 cm) ist speziell f\u00fcr das Backen von 6 perfekten Muffins oder Cupcakes auf einmal konzipiert. Es ist aus hochwertigem Keramikmaterial gefertigt und heizt gleichm\u00e4\u00dfig. Sie eignet sich nicht nur f\u00fcr Muffins, sondern kann auch zum Backen von K\u00e4sekuchen, Mini-Pies oder gefrorenen Desserts verwendet werden. Er ist ein idealer Backbegleiter f\u00fcr Haushaltsback\u00f6fen und Hei\u00dfluftfritteusen.<\/p>\n<h2>Gro\u00dfhandel Keramik Cupcake Pan Parameter<\/h2>\n<table width=\"328\">\n<tbody>\n<tr>\n<td width=\"116\">Hersteller<\/td>\n<td width=\"211\">QUNFA<\/td>\n<\/tr>\n<tr>\n<td width=\"116\">Produkttyp<\/td>\n<td width=\"211\">\u00a0Muffinform aus Keramik<\/td>\n<\/tr>\n<tr>\n<td width=\"116\">Modell-Nr.<\/td>\n<td width=\"211\">\u00a024-0446-3<\/td>\n<\/tr>\n<tr>\n<td width=\"116\">Material<\/td>\n<td width=\"211\">Steinzeug<\/td>\n<\/tr>\n<tr>\n<td width=\"116\">Farbe<\/td>\n<td width=\"211\">Beige<\/td>\n<\/tr>\n<tr>\n<td width=\"116\">Dimension<\/td>\n<td width=\"211\">30.6*19.9*4.8CM<\/td>\n<\/tr>\n<tr>\n<td width=\"116\">Mindestbestellmenge<\/td>\n<td width=\"211\">1000 St\u00fcck<\/td>\n<\/tr>\n<tr>\n<td width=\"116\">Kundenspezifisch<\/td>\n<td width=\"211\">Farbe\/Gr\u00f6\u00dfe\/Logo\/Verpackung\/Form<\/td>\n<\/tr>\n<\/tbody>\n<\/table>","protected":false},"featured_media":2146,"comment_status":"closed","ping_status":"closed","template":"","meta":{"_acf_changed":false},"product_brand":[],"product_cat":[22,23],"product_tag":[],"class_list":{"0":"post-2149","1":"product","2":"type-product","3":"status-publish","4":"has-post-thumbnail","6":"product_cat-bakeware-manufacturer","7":"product_cat-wholesale-baking-dishes","9":"first","10":"instock","11":"shipping-taxable","12":"product-type-simple"},"acf":[],"_links":{"self":[{"href":"https:\/\/www.czqunfa.com\/de\/wp-json\/wp\/v2\/product\/2149","targetHints":{"allow":["GET"]}}],"collection":[{"href":"https:\/\/www.czqunfa.com\/de\/wp-json\/wp\/v2\/product"}],"about":[{"href":"https:\/\/www.czqunfa.com\/de\/wp-json\/wp\/v2\/types\/product"}],"replies":[{"embeddable":true,"href":"https:\/\/www.czqunfa.com\/de\/wp-json\/wp\/v2\/comments?post=2149"}],"wp:featuredmedia":[{"embeddable":true,"href":"https:\/\/www.czqunfa.com\/de\/wp-json\/wp\/v2\/media\/2146"}],"wp:attachment":[{"href":"https:\/\/www.czqunfa.com\/de\/wp-json\/wp\/v2\/media?parent=2149"}],"wp:term":[{"taxonomy":"product_brand","embeddable":true,"href":"https:\/\/www.czqunfa.com\/de\/wp-json\/wp\/v2\/product_brand?post=2149"},{"taxonomy":"product_cat","embeddable":true,"href":"https:\/\/www.czqunfa.com\/de\/wp-json\/wp\/v2\/product_cat?post=2149"},{"taxonomy":"product_tag","embeddable":true,"href":"https:\/\/www.czqunfa.com\/de\/wp-json\/wp\/v2\/product_tag?post=2149"}],"curies":[{"name":"wp","href":"https:\/\/api.w.org\/{rel}","templated":true}]}}