{"id":2136,"date":"2026-04-18T03:09:05","date_gmt":"2026-04-18T03:09:05","guid":{"rendered":"https:\/\/www.czqunfa.com\/?post_type=product&#038;p=2136"},"modified":"2026-04-18T03:09:07","modified_gmt":"2026-04-18T03:09:07","slug":"ceramic-baking-pans-wholesale","status":"publish","type":"product","link":"https:\/\/www.czqunfa.com\/de\/produkt\/ceramic-baking-pans-wholesale\/","title":{"rendered":"Keramik-Backformen Gro\u00dfhandel, Restaurant Versorgung Backwaren"},"content":{"rendered":"<div class=\"wp-block-columns is-layout-flex wp-container-core-columns-is-layout-9d6595d7 wp-block-columns-is-layout-flex\">\n<div class=\"wp-block-column is-layout-flow wp-block-column-is-layout-flow\">\n<h2 class=\"wp-block-heading\">Eigenschaften von Keramik-Backformen Gro\u00dfhandel<\/h2>\n\n\n\n<ul class=\"wp-block-list\">\n<li><strong>Handgemalte Glasur: <\/strong>Diese gro\u00dfformatigen Keramik-Backformen aus dem Gro\u00dfhandel sind alle mit Wildblumen- und Schmetterlingsmustern handbemalt und vermitteln eine warme und nat\u00fcrliche Atmosph\u00e4re im l\u00e4ndlichen Stil. Ihr Designstil liegt zwischen Moderne und Natur, mit einer warmen und handgefertigten Textur, die eine Schicht von Charme zu Ihrem Ess- oder Backtisch hinzuf\u00fcgt.<\/li>\n\n\n\n<li><strong>Flexible Dual-Size-Kombination: <\/strong>Diese Keramik-Backformen sind in zwei verschiedenen Gr\u00f6\u00dfen erh\u00e4ltlich und eignen sich f\u00fcr verschiedene Backwaren und Ofengr\u00f6\u00dfen. Das Design unterst\u00fctzt das vertikale Stapeln, um eine zweist\u00f6ckige Display-Struktur zu bilden, was sie ideal f\u00fcr das Merchandising in Gesch\u00e4ften und Buffetbereichen macht, um die Attraktivit\u00e4t der Produkte zu erh\u00f6hen.<\/li>\n\n\n\n<li><strong>Hochwertiges Keramikmaterial: <\/strong>Diese keramischen Backformen Gro\u00dfhandel sind aus High-Density-Keramik, resistent gegen hohe Temperaturen und pl\u00f6tzliche Temperaturschwankungen, nicht anf\u00e4llig f\u00fcr Risse oder Verformung, und langlebig.<\/li>\n\n\n\n<li><strong>Antihaftbeschichtet und leicht zu reinigen:<\/strong> Die Oberfl\u00e4chen der Backformen f\u00fcr den Gastronomiebedarf sind innen und au\u00dfen glatt glasiert, sie kleben nicht an \u00d6lflecken und sind leicht zu reinigen, sp\u00fclmaschinenfest.<\/li>\n\n\n\n<li><strong>Vielseitige Verwendungsm\u00f6glichkeiten:<\/strong> Die Gastronomie-Backformen mit Deckel eignen sich nicht nur zum Backen von Kuchen und Brot, sondern dienen auch als Backformen, Salatsch\u00fcsseln oder Essteller und sind damit ideal f\u00fcr Familienfeiern, Restaurants, B\u00e4ckereien und andere Anl\u00e4sse.<\/li>\n<\/ul>\n<\/div>\n\n\n\n<div class=\"wp-block-column is-layout-flow wp-block-column-is-layout-flow\">\n<figure class=\"wp-block-image size-full\"><img decoding=\"async\" width=\"1000\" height=\"1000\" src=\"https:\/\/www.czqunfa.com\/wp-content\/uploads\/2026\/04\/ceramic-baking-pans-wholesale-restaurant-supply-bakeware-with-lid-6.webp\" alt=\"Keramik-Backformen-Gro\u00dfhandel-Restaurantbedarf-Backformen-mit-Deckel-6\" class=\"wp-image-2210\" srcset=\"https:\/\/www.czqunfa.com\/wp-content\/uploads\/2026\/04\/ceramic-baking-pans-wholesale-restaurant-supply-bakeware-with-lid-6.webp 1000w, https:\/\/www.czqunfa.com\/wp-content\/uploads\/2026\/04\/ceramic-baking-pans-wholesale-restaurant-supply-bakeware-with-lid-6-300x300.webp 300w, https:\/\/www.czqunfa.com\/wp-content\/uploads\/2026\/04\/ceramic-baking-pans-wholesale-restaurant-supply-bakeware-with-lid-6-150x150.webp 150w, https:\/\/www.czqunfa.com\/wp-content\/uploads\/2026\/04\/ceramic-baking-pans-wholesale-restaurant-supply-bakeware-with-lid-6-768x768.webp 768w, https:\/\/www.czqunfa.com\/wp-content\/uploads\/2026\/04\/ceramic-baking-pans-wholesale-restaurant-supply-bakeware-with-lid-6-12x12.webp 12w, https:\/\/www.czqunfa.com\/wp-content\/uploads\/2026\/04\/ceramic-baking-pans-wholesale-restaurant-supply-bakeware-with-lid-6-600x600.webp 600w, https:\/\/www.czqunfa.com\/wp-content\/uploads\/2026\/04\/ceramic-baking-pans-wholesale-restaurant-supply-bakeware-with-lid-6-100x100.webp 100w\" sizes=\"(max-width: 1000px) 100vw, 1000px\" \/><\/figure>\n<\/div>\n<\/div>\n\n\n\n<figure class=\"wp-block-gallery has-nested-images columns-default is-cropped wp-block-gallery-1 is-layout-flex wp-block-gallery-is-layout-flex\">\n<figure class=\"wp-block-image size-full\"><img decoding=\"async\" width=\"1000\" height=\"1000\" data-id=\"2209\" src=\"https:\/\/www.czqunfa.com\/wp-content\/uploads\/2026\/04\/ceramic-baking-pans-wholesale-restaurant-supply-bakeware-with-lid-5.webp\" alt=\"Keramik-Backformen-Gro\u00dfhandel-Restaurantbedarf-Backformen-mit-Deckel-5\" class=\"wp-image-2209\" srcset=\"https:\/\/www.czqunfa.com\/wp-content\/uploads\/2026\/04\/ceramic-baking-pans-wholesale-restaurant-supply-bakeware-with-lid-5.webp 1000w, https:\/\/www.czqunfa.com\/wp-content\/uploads\/2026\/04\/ceramic-baking-pans-wholesale-restaurant-supply-bakeware-with-lid-5-300x300.webp 300w, https:\/\/www.czqunfa.com\/wp-content\/uploads\/2026\/04\/ceramic-baking-pans-wholesale-restaurant-supply-bakeware-with-lid-5-150x150.webp 150w, https:\/\/www.czqunfa.com\/wp-content\/uploads\/2026\/04\/ceramic-baking-pans-wholesale-restaurant-supply-bakeware-with-lid-5-768x768.webp 768w, https:\/\/www.czqunfa.com\/wp-content\/uploads\/2026\/04\/ceramic-baking-pans-wholesale-restaurant-supply-bakeware-with-lid-5-12x12.webp 12w, https:\/\/www.czqunfa.com\/wp-content\/uploads\/2026\/04\/ceramic-baking-pans-wholesale-restaurant-supply-bakeware-with-lid-5-600x600.webp 600w, https:\/\/www.czqunfa.com\/wp-content\/uploads\/2026\/04\/ceramic-baking-pans-wholesale-restaurant-supply-bakeware-with-lid-5-100x100.webp 100w\" sizes=\"(max-width: 1000px) 100vw, 1000px\" \/><\/figure>\n\n\n\n<figure class=\"wp-block-image size-full\"><img decoding=\"async\" width=\"1000\" height=\"1000\" data-id=\"2211\" src=\"https:\/\/www.czqunfa.com\/wp-content\/uploads\/2026\/04\/ceramic-baking-pans-wholesale-restaurant-supply-bakeware-with-lid-7.webp\" alt=\"Keramik-Backformen-Gro\u00dfhandel-Gastst\u00e4ttenbedarf-Backformen-mit-Deckel-7\" class=\"wp-image-2211\" srcset=\"https:\/\/www.czqunfa.com\/wp-content\/uploads\/2026\/04\/ceramic-baking-pans-wholesale-restaurant-supply-bakeware-with-lid-7.webp 1000w, https:\/\/www.czqunfa.com\/wp-content\/uploads\/2026\/04\/ceramic-baking-pans-wholesale-restaurant-supply-bakeware-with-lid-7-300x300.webp 300w, https:\/\/www.czqunfa.com\/wp-content\/uploads\/2026\/04\/ceramic-baking-pans-wholesale-restaurant-supply-bakeware-with-lid-7-150x150.webp 150w, https:\/\/www.czqunfa.com\/wp-content\/uploads\/2026\/04\/ceramic-baking-pans-wholesale-restaurant-supply-bakeware-with-lid-7-768x768.webp 768w, https:\/\/www.czqunfa.com\/wp-content\/uploads\/2026\/04\/ceramic-baking-pans-wholesale-restaurant-supply-bakeware-with-lid-7-12x12.webp 12w, https:\/\/www.czqunfa.com\/wp-content\/uploads\/2026\/04\/ceramic-baking-pans-wholesale-restaurant-supply-bakeware-with-lid-7-600x600.webp 600w, https:\/\/www.czqunfa.com\/wp-content\/uploads\/2026\/04\/ceramic-baking-pans-wholesale-restaurant-supply-bakeware-with-lid-7-100x100.webp 100w\" sizes=\"(max-width: 1000px) 100vw, 1000px\" \/><\/figure>\n<\/figure>\n\n\n\n<p><\/p>","protected":false},"excerpt":{"rendered":"<p>Willkommen zum Kauf dieser rechteckigen Keramik-Backformen im Gro\u00dfhandel, die f\u00fcr Gro\u00dfk\u00fcchen und B\u00e4ckereiketten konzipiert sind. Sie sind aus hochwertigem Steingut gefertigt und haben ein handgemaltes Schmetterlingsmuster auf der Oberfl\u00e4che. Diese Pfannen k\u00f6nnen in der Mikrowelle, im Backofen und in der Sp\u00fclmaschine verwendet werden und sind sehr langlebig. Sie eignen sich perfekt f\u00fcr den Gro\u00dfeinkauf, f\u00fcr die Gestaltung von Geschirrserien sowie f\u00fcr das Backen zu Hause und im Gesch\u00e4ft.<\/p>\n<h2>Keramik-Backformen Gro\u00dfhandel Parameter<\/h2>\n<table width=\"328\">\n<tbody>\n<tr>\n<td width=\"116\">Hersteller<\/td>\n<td width=\"211\">QUNFA<\/td>\n<\/tr>\n<tr>\n<td width=\"116\">Produkttyp<\/td>\n<td width=\"211\">\u00a0Muffinform aus Keramik<\/td>\n<\/tr>\n<tr>\n<td width=\"116\">Modell-Nr.<\/td>\n<td width=\"211\">\u00a0T24-0418\/T24-0419<\/td>\n<\/tr>\n<tr>\n<td width=\"116\">Material<\/td>\n<td width=\"211\">Steinzeug<\/td>\n<\/tr>\n<tr>\n<td width=\"116\">Farbe<\/td>\n<td width=\"211\">Beige<\/td>\n<\/tr>\n<tr>\n<td width=\"116\">Dimension<\/td>\n<td width=\"211\">S\uff1aDeckel: 29,8*18*1cm;<br \/>K\u00f6rper: 27.4*18.2*6cm <br \/>M\uff1aDeckel: 33,5\u00d723,5\u00d71,2cm;<br \/>K\u00f6rper: 32,7x23x8cm<\/td>\n<\/tr>\n<tr>\n<td width=\"116\">Mindestbestellmenge<\/td>\n<td width=\"211\">1000 St\u00fcck<\/td>\n<\/tr>\n<tr>\n<td width=\"116\">Kundenspezifisch<\/td>\n<td width=\"211\">Farbe\/Gr\u00f6\u00dfe\/Logo\/Verpackung\/Form<\/td>\n<\/tr>\n<\/tbody>\n<\/table>","protected":false},"featured_media":2212,"comment_status":"closed","ping_status":"closed","template":"","meta":{"_acf_changed":false},"product_brand":[],"product_cat":[22,23],"product_tag":[],"class_list":{"0":"post-2136","1":"product","2":"type-product","3":"status-publish","4":"has-post-thumbnail","6":"product_cat-bakeware-manufacturer","7":"product_cat-wholesale-baking-dishes","9":"first","10":"instock","11":"shipping-taxable","12":"product-type-simple"},"acf":[],"_links":{"self":[{"href":"https:\/\/www.czqunfa.com\/de\/wp-json\/wp\/v2\/product\/2136","targetHints":{"allow":["GET"]}}],"collection":[{"href":"https:\/\/www.czqunfa.com\/de\/wp-json\/wp\/v2\/product"}],"about":[{"href":"https:\/\/www.czqunfa.com\/de\/wp-json\/wp\/v2\/types\/product"}],"replies":[{"embeddable":true,"href":"https:\/\/www.czqunfa.com\/de\/wp-json\/wp\/v2\/comments?post=2136"}],"wp:featuredmedia":[{"embeddable":true,"href":"https:\/\/www.czqunfa.com\/de\/wp-json\/wp\/v2\/media\/2212"}],"wp:attachment":[{"href":"https:\/\/www.czqunfa.com\/de\/wp-json\/wp\/v2\/media?parent=2136"}],"wp:term":[{"taxonomy":"product_brand","embeddable":true,"href":"https:\/\/www.czqunfa.com\/de\/wp-json\/wp\/v2\/product_brand?post=2136"},{"taxonomy":"product_cat","embeddable":true,"href":"https:\/\/www.czqunfa.com\/de\/wp-json\/wp\/v2\/product_cat?post=2136"},{"taxonomy":"product_tag","embeddable":true,"href":"https:\/\/www.czqunfa.com\/de\/wp-json\/wp\/v2\/product_tag?post=2136"}],"curies":[{"name":"wp","href":"https:\/\/api.w.org\/{rel}","templated":true}]}}