{"id":2043,"date":"2026-03-21T02:23:09","date_gmt":"2026-03-21T02:23:09","guid":{"rendered":"https:\/\/www.czqunfa.com\/?post_type=product&#038;p=2043"},"modified":"2026-03-21T03:08:35","modified_gmt":"2026-03-21T03:08:35","slug":"wholesale-ceramic-hide","status":"publish","type":"product","link":"https:\/\/www.czqunfa.com\/de\/produkt\/wholesale-ceramic-hide\/","title":{"rendered":"Fabrik Gro\u00dfhandel Keramik verstecken, Brot geformt Hamster Haus"},"content":{"rendered":"<div class=\"wp-block-columns is-layout-flex wp-container-core-columns-is-layout-9d6595d7 wp-block-columns-is-layout-flex\">\n<div class=\"wp-block-column is-layout-flow wp-block-column-is-layout-flow\">\n<h2 class=\"wp-block-heading\">Merkmale des Gro\u00dfhandels Keramik verstecken<\/h2>\n\n\n\n<ul class=\"wp-block-list\">\n<li><strong>Niedliches Design in Form eines Brotes: <\/strong>Dieses Gro\u00dfhandels-Keramikfell ist von frisch gebackenem Brot inspiriert und wird Ihrem Zuhause ein warmes und verspieltes Ambiente verleihen. Die leuchtend orange-gelbe Glasur \u00e4hnelt der Farbe von Brotkrusten und wird eine sch\u00f6ne Erg\u00e4nzung f\u00fcr Ihr Zuhause sein, wenn Sie es auf ein Regal, einen Schreibtisch oder eine Haustierstation stellen.<\/li>\n\n\n\n<li><strong>Lebensmittelechtes keramisches sicheres Material: <\/strong>Dieser Gro\u00dfhandel Keramik Hamster Versteck ist aus hochwertigem Steingut Material mit lebensmittelechten sicheren Glasur, die keine sch\u00e4dlichen Komponenten enthalten, um sicherzustellen, Ihr Haustier f\u00fchlt sich wohl spielen und entspannen in diesem Bett.<\/li>\n\n\n\n<li><strong>Zwei Gr\u00f6\u00dfen f\u00fcr unterschiedliche Haustiere: <\/strong>Dieses Keramikversteck aus dem Gro\u00dfhandel ist in zwei Gr\u00f6\u00dfen erh\u00e4ltlich. Das mittelgro\u00dfe Bett ist f\u00fcr erwachsene Hamster und andere gr\u00f6\u00dfere Haustiere geeignet, w\u00e4hrend das kleine Bett ein gro\u00dfartiges kleines Bett f\u00fcr junge Nagetiere oder ein bequemer Platz f\u00fcr Zwerghamster ist, um deren Platzbedarf zu erf\u00fcllen.<\/li>\n\n\n\n<li><strong>Leicht zu reinigen und zu pflegen: <\/strong>Die glatte und wasserdichte Oberfl\u00e4che des Hamsterverstecks aus Keramik ist nicht anf\u00e4llig f\u00fcr die Ansammlung oder Beibehaltung von unangenehmen Ger\u00fcchen. Die t\u00e4gliche Pflege kann durch einfaches Abwischen der Fliesen mit einem feuchten Tuch erfolgen. Au\u00dferdem gibt es keine komplizierten Spalten, die leicht Bakterien beherbergen k\u00f6nnen, was die t\u00e4gliche Pflege f\u00fcr die Tierhalter erleichtert.<\/li>\n<\/ul>\n<\/div>\n\n\n\n<div class=\"wp-block-column is-layout-flow wp-block-column-is-layout-flow\">\n<figure class=\"wp-block-image size-full\"><img decoding=\"async\" width=\"2000\" height=\"2000\" src=\"https:\/\/www.czqunfa.com\/wp-content\/uploads\/2026\/03\/Factory-Wholesale-Ceramic-Hide-Bread-Shaped-Hamster-House-1.webp\" alt=\"Fabrik Gro\u00dfhandel Keramik verstecken, Brot geformt Hamster Haus\" class=\"wp-image-2045\" srcset=\"https:\/\/www.czqunfa.com\/wp-content\/uploads\/2026\/03\/Factory-Wholesale-Ceramic-Hide-Bread-Shaped-Hamster-House-1.webp 2000w, https:\/\/www.czqunfa.com\/wp-content\/uploads\/2026\/03\/Factory-Wholesale-Ceramic-Hide-Bread-Shaped-Hamster-House-1-300x300.webp 300w, https:\/\/www.czqunfa.com\/wp-content\/uploads\/2026\/03\/Factory-Wholesale-Ceramic-Hide-Bread-Shaped-Hamster-House-1-1600x1600.webp 1600w, https:\/\/www.czqunfa.com\/wp-content\/uploads\/2026\/03\/Factory-Wholesale-Ceramic-Hide-Bread-Shaped-Hamster-House-1-150x150.webp 150w, https:\/\/www.czqunfa.com\/wp-content\/uploads\/2026\/03\/Factory-Wholesale-Ceramic-Hide-Bread-Shaped-Hamster-House-1-768x768.webp 768w, https:\/\/www.czqunfa.com\/wp-content\/uploads\/2026\/03\/Factory-Wholesale-Ceramic-Hide-Bread-Shaped-Hamster-House-1-1536x1536.webp 1536w, https:\/\/www.czqunfa.com\/wp-content\/uploads\/2026\/03\/Factory-Wholesale-Ceramic-Hide-Bread-Shaped-Hamster-House-1-12x12.webp 12w, https:\/\/www.czqunfa.com\/wp-content\/uploads\/2026\/03\/Factory-Wholesale-Ceramic-Hide-Bread-Shaped-Hamster-House-1-1200x1200.webp 1200w, https:\/\/www.czqunfa.com\/wp-content\/uploads\/2026\/03\/Factory-Wholesale-Ceramic-Hide-Bread-Shaped-Hamster-House-1-600x600.webp 600w, https:\/\/www.czqunfa.com\/wp-content\/uploads\/2026\/03\/Factory-Wholesale-Ceramic-Hide-Bread-Shaped-Hamster-House-1-100x100.webp 100w\" sizes=\"(max-width: 2000px) 100vw, 2000px\" \/><\/figure>\n<\/div>\n<\/div>\n\n\n\n<figure class=\"wp-block-gallery has-nested-images columns-default is-cropped wp-block-gallery-1 is-layout-flex wp-block-gallery-is-layout-flex\">\n<figure class=\"wp-block-image size-full\"><img decoding=\"async\" width=\"2000\" height=\"2000\" data-id=\"2047\" src=\"https:\/\/www.czqunfa.com\/wp-content\/uploads\/2026\/03\/Factory-Wholesale-Ceramic-Hide-Bread-Shaped-Hamster-House-3.webp\" alt=\"Fabrik Gro\u00dfhandel Keramik verstecken, Brot geformt Hamster Haus\" class=\"wp-image-2047\" srcset=\"https:\/\/www.czqunfa.com\/wp-content\/uploads\/2026\/03\/Factory-Wholesale-Ceramic-Hide-Bread-Shaped-Hamster-House-3.webp 2000w, https:\/\/www.czqunfa.com\/wp-content\/uploads\/2026\/03\/Factory-Wholesale-Ceramic-Hide-Bread-Shaped-Hamster-House-3-300x300.webp 300w, https:\/\/www.czqunfa.com\/wp-content\/uploads\/2026\/03\/Factory-Wholesale-Ceramic-Hide-Bread-Shaped-Hamster-House-3-1600x1600.webp 1600w, https:\/\/www.czqunfa.com\/wp-content\/uploads\/2026\/03\/Factory-Wholesale-Ceramic-Hide-Bread-Shaped-Hamster-House-3-150x150.webp 150w, https:\/\/www.czqunfa.com\/wp-content\/uploads\/2026\/03\/Factory-Wholesale-Ceramic-Hide-Bread-Shaped-Hamster-House-3-768x768.webp 768w, https:\/\/www.czqunfa.com\/wp-content\/uploads\/2026\/03\/Factory-Wholesale-Ceramic-Hide-Bread-Shaped-Hamster-House-3-1536x1536.webp 1536w, https:\/\/www.czqunfa.com\/wp-content\/uploads\/2026\/03\/Factory-Wholesale-Ceramic-Hide-Bread-Shaped-Hamster-House-3-12x12.webp 12w, https:\/\/www.czqunfa.com\/wp-content\/uploads\/2026\/03\/Factory-Wholesale-Ceramic-Hide-Bread-Shaped-Hamster-House-3-1200x1200.webp 1200w, https:\/\/www.czqunfa.com\/wp-content\/uploads\/2026\/03\/Factory-Wholesale-Ceramic-Hide-Bread-Shaped-Hamster-House-3-600x600.webp 600w, https:\/\/www.czqunfa.com\/wp-content\/uploads\/2026\/03\/Factory-Wholesale-Ceramic-Hide-Bread-Shaped-Hamster-House-3-100x100.webp 100w\" sizes=\"(max-width: 2000px) 100vw, 2000px\" \/><\/figure>\n\n\n\n<figure class=\"wp-block-image size-full\"><img decoding=\"async\" width=\"2000\" height=\"2000\" data-id=\"2050\" src=\"https:\/\/www.czqunfa.com\/wp-content\/uploads\/2026\/03\/Factory-Wholesale-Ceramic-Hide-Bread-Shaped-Hamster-House-6.webp\" alt=\"Fabrik Gro\u00dfhandel Keramik verstecken, Brot geformt Hamster Haus\" class=\"wp-image-2050\" srcset=\"https:\/\/www.czqunfa.com\/wp-content\/uploads\/2026\/03\/Factory-Wholesale-Ceramic-Hide-Bread-Shaped-Hamster-House-6.webp 2000w, https:\/\/www.czqunfa.com\/wp-content\/uploads\/2026\/03\/Factory-Wholesale-Ceramic-Hide-Bread-Shaped-Hamster-House-6-300x300.webp 300w, https:\/\/www.czqunfa.com\/wp-content\/uploads\/2026\/03\/Factory-Wholesale-Ceramic-Hide-Bread-Shaped-Hamster-House-6-1600x1600.webp 1600w, https:\/\/www.czqunfa.com\/wp-content\/uploads\/2026\/03\/Factory-Wholesale-Ceramic-Hide-Bread-Shaped-Hamster-House-6-150x150.webp 150w, https:\/\/www.czqunfa.com\/wp-content\/uploads\/2026\/03\/Factory-Wholesale-Ceramic-Hide-Bread-Shaped-Hamster-House-6-768x768.webp 768w, https:\/\/www.czqunfa.com\/wp-content\/uploads\/2026\/03\/Factory-Wholesale-Ceramic-Hide-Bread-Shaped-Hamster-House-6-1536x1536.webp 1536w, https:\/\/www.czqunfa.com\/wp-content\/uploads\/2026\/03\/Factory-Wholesale-Ceramic-Hide-Bread-Shaped-Hamster-House-6-12x12.webp 12w, https:\/\/www.czqunfa.com\/wp-content\/uploads\/2026\/03\/Factory-Wholesale-Ceramic-Hide-Bread-Shaped-Hamster-House-6-1200x1200.webp 1200w, https:\/\/www.czqunfa.com\/wp-content\/uploads\/2026\/03\/Factory-Wholesale-Ceramic-Hide-Bread-Shaped-Hamster-House-6-600x600.webp 600w, https:\/\/www.czqunfa.com\/wp-content\/uploads\/2026\/03\/Factory-Wholesale-Ceramic-Hide-Bread-Shaped-Hamster-House-6-100x100.webp 100w\" sizes=\"(max-width: 2000px) 100vw, 2000px\" \/><\/figure>\n<\/figure>\n\n\n\n<p><\/p>","protected":false},"excerpt":{"rendered":"<p>Hochwertiges Gro\u00dfhandels-Keramiknest im lustigen French-Bread-Design. Cooles, leicht zu reinigendes und langlebiges Nest f\u00fcr Hamster und kleine Haustiere. Perfekt f\u00fcr thematische K\u00e4fig Dekor. Wir sind spezialisiert auf ma\u00dfgeschneiderte Hamsterh\u00e4user und bieten sowohl kundenspezifische Auftr\u00e4ge und Bulk-Lieferungen.<\/p>\n<h2>Gro\u00dfhandel Keramik verstecken Parameter<\/h2>\n<table border=\"0\" width=\"328\" cellspacing=\"0\" cellpadding=\"0\">\n<tbody>\n<tr>\n<td width=\"116\" height=\"17\">Hersteller<\/td>\n<td width=\"211\">QUNFA<\/td>\n<\/tr>\n<tr>\n<td width=\"116\" height=\"17\">Produkttyp<\/td>\n<td>Ceranic Haustierhaus<\/td>\n<\/tr>\n<tr>\n<td width=\"116\" height=\"17\">Modell-Nr.<\/td>\n<td>\n<p>\u00a0QF19-113O<\/p>\n<\/td>\n<\/tr>\n<tr>\n<td width=\"116\" height=\"17\">Material<\/td>\n<td width=\"211\">Steinzeug<\/td>\n<\/tr>\n<tr>\n<td width=\"116\" height=\"17\">Farbe<\/td>\n<td width=\"211\">Schwarz, Benutzerdefiniert<\/td>\n<\/tr>\n<tr>\n<td width=\"116\" height=\"16\">Muster<\/td>\n<td width=\"211\">Herz<\/td>\n<\/tr>\n<tr>\n<td width=\"116\" height=\"16\">Dimension<\/td>\n<td width=\"211\">S:8.8*8.8*14cm<br \/>M:15.5*15.5*18cm<\/td>\n<\/tr>\n<tr>\n<td width=\"116\" height=\"17\">Mindestbestellmenge<\/td>\n<td width=\"211\">1000 St\u00fcck<\/td>\n<\/tr>\n<tr>\n<td width=\"116\" height=\"17\">Kundenspezifisch<\/td>\n<td width=\"211\">Farbe\/Gr\u00f6\u00dfe\/Logo\/Verpackung\/Form<\/td>\n<\/tr>\n<\/tbody>\n<\/table>\n<p>&nbsp;<\/p>","protected":false},"featured_media":2046,"comment_status":"closed","ping_status":"closed","template":"","meta":{"_acf_changed":false},"product_brand":[],"product_cat":[16,53],"product_tag":[],"class_list":{"0":"post-2043","1":"product","2":"type-product","3":"status-publish","4":"has-post-thumbnail","6":"product_cat-pet-bowl-manufacturer","7":"product_cat-ceramic-hamster-hides-supplier","9":"first","10":"instock","11":"shipping-taxable","12":"product-type-simple"},"acf":[],"_links":{"self":[{"href":"https:\/\/www.czqunfa.com\/de\/wp-json\/wp\/v2\/product\/2043","targetHints":{"allow":["GET"]}}],"collection":[{"href":"https:\/\/www.czqunfa.com\/de\/wp-json\/wp\/v2\/product"}],"about":[{"href":"https:\/\/www.czqunfa.com\/de\/wp-json\/wp\/v2\/types\/product"}],"replies":[{"embeddable":true,"href":"https:\/\/www.czqunfa.com\/de\/wp-json\/wp\/v2\/comments?post=2043"}],"wp:featuredmedia":[{"embeddable":true,"href":"https:\/\/www.czqunfa.com\/de\/wp-json\/wp\/v2\/media\/2046"}],"wp:attachment":[{"href":"https:\/\/www.czqunfa.com\/de\/wp-json\/wp\/v2\/media?parent=2043"}],"wp:term":[{"taxonomy":"product_brand","embeddable":true,"href":"https:\/\/www.czqunfa.com\/de\/wp-json\/wp\/v2\/product_brand?post=2043"},{"taxonomy":"product_cat","embeddable":true,"href":"https:\/\/www.czqunfa.com\/de\/wp-json\/wp\/v2\/product_cat?post=2043"},{"taxonomy":"product_tag","embeddable":true,"href":"https:\/\/www.czqunfa.com\/de\/wp-json\/wp\/v2\/product_tag?post=2043"}],"curies":[{"name":"wp","href":"https:\/\/api.w.org\/{rel}","templated":true}]}}