{"id":2039,"date":"2026-03-21T02:34:37","date_gmt":"2026-03-21T02:34:37","guid":{"rendered":"https:\/\/www.czqunfa.com\/?post_type=product&#038;p=2039"},"modified":"2026-03-21T03:08:39","modified_gmt":"2026-03-21T03:08:39","slug":"wholesale-aroma-diffuser","status":"publish","type":"product","link":"https:\/\/www.czqunfa.com\/de\/produkt\/wholesale-aroma-diffuser\/","title":{"rendered":"Gro\u00dfhandel Aroma Diffusor, schwarz Keramik Teelicht \u00d6lbrenner"},"content":{"rendered":"<div class=\"wp-block-columns is-layout-flex wp-container-core-columns-is-layout-9d6595d7 wp-block-columns-is-layout-flex\">\n<div class=\"wp-block-column is-layout-flow wp-block-column-is-layout-flow\">\n<h2 class=\"wp-block-heading\">Eigenschaften von Gro\u00dfhandel Aroma Diffusor<\/h2>\n\n\n\n<ul class=\"wp-block-list\">\n<li><strong>Hochwertiges Keramikmaterial, sicher f\u00fcr \u00e4therische \u00d6le: <\/strong>Hergestellt aus hochwertiger, ungiftiger Keramik, ist dieser Gro\u00dfhandels-Aromadiffusor langlebig und sicher. Es diffundiert perfekt Lavendel, Teebaum oder Zitrusfr\u00fcchte \u00e4therische \u00d6le, ohne sch\u00e4dliche R\u00fcckst\u00e4nde, die Schaffung einer sauberen und gesunden Atmosph\u00e4re in Ihrem Haus.<\/li>\n\n\n\n<li><strong>Exquisites hohles baumf\u00f6rmiges Design, das Atmosph\u00e4re und Duftfunktion kombiniert:<\/strong> Das komplexe, hohle, baumf\u00f6rmige Muster unseres Gro\u00dfhandelskeramik-\u00d6lbrenners gibt nicht nur ein warmes und weiches Licht ab, wenn er mit Teewachs oder einer elektrischen Basis betrieben wird, sondern beschleunigt auch die Verbreitung nat\u00fcrlicher D\u00fcfte. Es ist nicht nur ein Werkzeug, sondern auch seine dekorative Natur kann in modernen, b\u00f6hmischen oder minimalistischen Stil Wohnungen integriert werden.<\/li>\n\n\n\n<li><strong>Zwei Gr\u00f6\u00dfen, geeignet f\u00fcr verschiedene R\u00e4ume: <\/strong>Die extragro\u00dfe Gr\u00f6\u00dfe (15,5 x 15,5 x 18 cm) unseres Gro\u00dfhandels-Aromadiffusors eignet sich f\u00fcr Wohnzimmer, Yogastudios oder Versammlungen und bringt leicht Entspannungsduft in gro\u00dfe R\u00e4ume; die kleine Gr\u00f6\u00dfe (8,8 x 8,8 x 14 cm) kann in Schlafzimmern, Badezimmern oder auf Reisen platziert werden und ist praktisch, um auf Nachttischen oder Schreibtischen zu stehen.<\/li>\n\n\n\n<li><strong>Einfach zu bedienen, einfach zu warten: <\/strong>F\u00fcgen Sie einfach 3-5 Tropfen \u00e4therisches \u00d6l in ein Wattepad oder eine Schale, keine komplexen Einstellungen oder Reinigung erforderlich. Die glatte Keramikoberfl\u00e4che unseres Gro\u00dfhandels-Teelicht-\u00d6lbrenners ist leicht abzuwischen, und die t\u00e4gliche Pflege ist bequem und m\u00fchelos.<\/li>\n\n\n\n<li><strong>Vollst\u00e4ndige kundenspezifische Anpassung, Lieferung in Chargen: <\/strong>Als professioneller Anbieter von keramischen Aromadiffusoren bieten wir umfassende Anpassungsdienste von der Form, Gr\u00f6\u00dfe bis zum Markenlogo. Wir unterst\u00fctzen kundenspezifische R\u00e4ucherst\u00e4bchenhalter exklusives Design und Batch-Kauf von umweltfreundlichen Keramik-R\u00e4ucherst\u00e4bchenhalter. Wir sind ein zuverl\u00e4ssiger Partner f\u00fcr Weihrauch Marke, kulturelle und kreative Geschenkgesch\u00e4fte und Tempel Kan\u00e4le.<\/li>\n<\/ul>\n<\/div>\n\n\n\n<div class=\"wp-block-column is-layout-flow wp-block-column-is-layout-flow\">\n<figure class=\"wp-block-image size-full\"><img decoding=\"async\" width=\"1000\" height=\"1000\" src=\"https:\/\/www.czqunfa.com\/wp-content\/uploads\/2026\/03\/Wholesale-Aroma-Diffuser-Black-Ceramic-Tealight-Oil-Burner-6.webp\" alt=\"Gro\u00dfhandel Aroma Diffusor, schwarz Keramik Teelicht \u00d6lbrenner\" class=\"wp-image-2057\" srcset=\"https:\/\/www.czqunfa.com\/wp-content\/uploads\/2026\/03\/Wholesale-Aroma-Diffuser-Black-Ceramic-Tealight-Oil-Burner-6.webp 1000w, https:\/\/www.czqunfa.com\/wp-content\/uploads\/2026\/03\/Wholesale-Aroma-Diffuser-Black-Ceramic-Tealight-Oil-Burner-6-300x300.webp 300w, https:\/\/www.czqunfa.com\/wp-content\/uploads\/2026\/03\/Wholesale-Aroma-Diffuser-Black-Ceramic-Tealight-Oil-Burner-6-150x150.webp 150w, https:\/\/www.czqunfa.com\/wp-content\/uploads\/2026\/03\/Wholesale-Aroma-Diffuser-Black-Ceramic-Tealight-Oil-Burner-6-768x768.webp 768w, https:\/\/www.czqunfa.com\/wp-content\/uploads\/2026\/03\/Wholesale-Aroma-Diffuser-Black-Ceramic-Tealight-Oil-Burner-6-12x12.webp 12w, https:\/\/www.czqunfa.com\/wp-content\/uploads\/2026\/03\/Wholesale-Aroma-Diffuser-Black-Ceramic-Tealight-Oil-Burner-6-600x600.webp 600w, https:\/\/www.czqunfa.com\/wp-content\/uploads\/2026\/03\/Wholesale-Aroma-Diffuser-Black-Ceramic-Tealight-Oil-Burner-6-100x100.webp 100w\" sizes=\"(max-width: 1000px) 100vw, 1000px\" \/><\/figure>\n<\/div>\n<\/div>\n\n\n\n<figure class=\"wp-block-gallery has-nested-images columns-default is-cropped wp-block-gallery-1 is-layout-flex wp-block-gallery-is-layout-flex\">\n<figure class=\"wp-block-image size-full\"><img decoding=\"async\" width=\"1000\" height=\"1000\" data-id=\"2056\" src=\"https:\/\/www.czqunfa.com\/wp-content\/uploads\/2026\/03\/Wholesale-Aroma-Diffuser-Black-Ceramic-Tealight-Oil-Burner-5.webp\" alt=\"Gro\u00dfhandel Aroma Diffusor, schwarz Keramik Teelicht \u00d6lbrenner\" class=\"wp-image-2056\" srcset=\"https:\/\/www.czqunfa.com\/wp-content\/uploads\/2026\/03\/Wholesale-Aroma-Diffuser-Black-Ceramic-Tealight-Oil-Burner-5.webp 1000w, https:\/\/www.czqunfa.com\/wp-content\/uploads\/2026\/03\/Wholesale-Aroma-Diffuser-Black-Ceramic-Tealight-Oil-Burner-5-300x300.webp 300w, https:\/\/www.czqunfa.com\/wp-content\/uploads\/2026\/03\/Wholesale-Aroma-Diffuser-Black-Ceramic-Tealight-Oil-Burner-5-150x150.webp 150w, https:\/\/www.czqunfa.com\/wp-content\/uploads\/2026\/03\/Wholesale-Aroma-Diffuser-Black-Ceramic-Tealight-Oil-Burner-5-768x768.webp 768w, https:\/\/www.czqunfa.com\/wp-content\/uploads\/2026\/03\/Wholesale-Aroma-Diffuser-Black-Ceramic-Tealight-Oil-Burner-5-12x12.webp 12w, https:\/\/www.czqunfa.com\/wp-content\/uploads\/2026\/03\/Wholesale-Aroma-Diffuser-Black-Ceramic-Tealight-Oil-Burner-5-600x600.webp 600w, https:\/\/www.czqunfa.com\/wp-content\/uploads\/2026\/03\/Wholesale-Aroma-Diffuser-Black-Ceramic-Tealight-Oil-Burner-5-100x100.webp 100w\" sizes=\"(max-width: 1000px) 100vw, 1000px\" \/><\/figure>\n\n\n\n<figure class=\"wp-block-image size-full\"><img decoding=\"async\" width=\"1000\" height=\"1000\" data-id=\"2054\" src=\"https:\/\/www.czqunfa.com\/wp-content\/uploads\/2026\/03\/Wholesale-Aroma-Diffuser-Black-Ceramic-Tealight-Oil-Burner-3.webp\" alt=\"Gro\u00dfhandel Aroma Diffusor, schwarz Keramik Teelicht \u00d6lbrenner\" class=\"wp-image-2054\" srcset=\"https:\/\/www.czqunfa.com\/wp-content\/uploads\/2026\/03\/Wholesale-Aroma-Diffuser-Black-Ceramic-Tealight-Oil-Burner-3.webp 1000w, https:\/\/www.czqunfa.com\/wp-content\/uploads\/2026\/03\/Wholesale-Aroma-Diffuser-Black-Ceramic-Tealight-Oil-Burner-3-300x300.webp 300w, https:\/\/www.czqunfa.com\/wp-content\/uploads\/2026\/03\/Wholesale-Aroma-Diffuser-Black-Ceramic-Tealight-Oil-Burner-3-150x150.webp 150w, https:\/\/www.czqunfa.com\/wp-content\/uploads\/2026\/03\/Wholesale-Aroma-Diffuser-Black-Ceramic-Tealight-Oil-Burner-3-768x768.webp 768w, https:\/\/www.czqunfa.com\/wp-content\/uploads\/2026\/03\/Wholesale-Aroma-Diffuser-Black-Ceramic-Tealight-Oil-Burner-3-12x12.webp 12w, https:\/\/www.czqunfa.com\/wp-content\/uploads\/2026\/03\/Wholesale-Aroma-Diffuser-Black-Ceramic-Tealight-Oil-Burner-3-600x600.webp 600w, https:\/\/www.czqunfa.com\/wp-content\/uploads\/2026\/03\/Wholesale-Aroma-Diffuser-Black-Ceramic-Tealight-Oil-Burner-3-100x100.webp 100w\" sizes=\"(max-width: 1000px) 100vw, 1000px\" \/><\/figure>\n<\/figure>\n\n\n\n<p><\/p>","protected":false},"excerpt":{"rendered":"<p>Gro\u00dfhandels-Aromadiffusoren in mattem und gl\u00e4nzendem Schwarz. Elegantes ausgeschnittenes Baumdesign f\u00fcr Teelichtkerzen. Perfekt f\u00fcr die Verdunstung von \u00e4therischen \u00d6len und Heimdekoration. Willkommen in der langfristigen Zusammenarbeit mit Marken-Kan\u00e4le.<\/p>\n<h2>Gro\u00dfhandel Aroma Diffusor Parameter<\/h2>\n<table border=\"0\" width=\"328\" cellspacing=\"0\" cellpadding=\"0\">\n<tbody>\n<tr>\n<td width=\"116\" height=\"17\">Hersteller<\/td>\n<td width=\"211\">QUNFA<\/td>\n<\/tr>\n<tr>\n<td width=\"116\" height=\"17\">Produkttyp<\/td>\n<td>Keramisches R\u00e4uchergef\u00e4\u00df<\/td>\n<\/tr>\n<tr>\n<td width=\"116\" height=\"17\">Modell-Nr.<\/td>\n<td>\n<p>QF13-230<\/p>\n<\/td>\n<\/tr>\n<tr>\n<td width=\"116\" height=\"17\">Material<\/td>\n<td width=\"211\">Steinzeug<\/td>\n<\/tr>\n<tr>\n<td width=\"116\" height=\"17\">Farbe<\/td>\n<td width=\"211\">Schwarz, Benutzerdefiniert<\/td>\n<\/tr>\n<tr>\n<td width=\"116\" height=\"16\">Muster<\/td>\n<td width=\"211\">Herz<\/td>\n<\/tr>\n<tr>\n<td width=\"116\" height=\"16\">Dimension<\/td>\n<td width=\"211\">S:8.8*8.8*14cm<br \/>M:15.5*15.5*18cm<\/td>\n<\/tr>\n<tr>\n<td width=\"116\" height=\"17\">Mindestbestellmenge<\/td>\n<td width=\"211\">1000 St\u00fcck<\/td>\n<\/tr>\n<tr>\n<td width=\"116\" height=\"17\">Kundenspezifisch<\/td>\n<td width=\"211\">Farbe\/Gr\u00f6\u00dfe\/Logo\/Verpackung\/Form<\/td>\n<\/tr>\n<\/tbody>\n<\/table>\n<p>&nbsp;<\/p>","protected":false},"featured_media":2052,"comment_status":"closed","ping_status":"closed","template":"","meta":{"_acf_changed":false},"product_brand":[],"product_cat":[49,17],"product_tag":[],"class_list":{"0":"post-2039","1":"product","2":"type-product","3":"status-publish","4":"has-post-thumbnail","6":"product_cat-aroma-stone-supplier","7":"product_cat-home-garden-decor-wholesale","9":"first","10":"instock","11":"shipping-taxable","12":"product-type-simple"},"acf":[],"_links":{"self":[{"href":"https:\/\/www.czqunfa.com\/de\/wp-json\/wp\/v2\/product\/2039","targetHints":{"allow":["GET"]}}],"collection":[{"href":"https:\/\/www.czqunfa.com\/de\/wp-json\/wp\/v2\/product"}],"about":[{"href":"https:\/\/www.czqunfa.com\/de\/wp-json\/wp\/v2\/types\/product"}],"replies":[{"embeddable":true,"href":"https:\/\/www.czqunfa.com\/de\/wp-json\/wp\/v2\/comments?post=2039"}],"wp:featuredmedia":[{"embeddable":true,"href":"https:\/\/www.czqunfa.com\/de\/wp-json\/wp\/v2\/media\/2052"}],"wp:attachment":[{"href":"https:\/\/www.czqunfa.com\/de\/wp-json\/wp\/v2\/media?parent=2039"}],"wp:term":[{"taxonomy":"product_brand","embeddable":true,"href":"https:\/\/www.czqunfa.com\/de\/wp-json\/wp\/v2\/product_brand?post=2039"},{"taxonomy":"product_cat","embeddable":true,"href":"https:\/\/www.czqunfa.com\/de\/wp-json\/wp\/v2\/product_cat?post=2039"},{"taxonomy":"product_tag","embeddable":true,"href":"https:\/\/www.czqunfa.com\/de\/wp-json\/wp\/v2\/product_tag?post=2039"}],"curies":[{"name":"wp","href":"https:\/\/api.w.org\/{rel}","templated":true}]}}