{"id":1965,"date":"2026-03-10T10:46:44","date_gmt":"2026-03-10T10:46:44","guid":{"rendered":"https:\/\/www.czqunfa.com\/?post_type=product&#038;p=1965"},"modified":"2026-03-11T01:16:41","modified_gmt":"2026-03-11T01:16:41","slug":"custom-ceramic-pitcher","status":"publish","type":"product","link":"https:\/\/www.czqunfa.com\/de\/produkt\/custom-ceramic-pitcher\/","title":{"rendered":"Benutzerdefinierte keramische Krug, niedlich Bogen keramischen Wasserkocher Gro\u00dfhandel"},"content":{"rendered":"<div class=\"wp-block-columns is-layout-flex wp-container-core-columns-is-layout-9d6595d7 wp-block-columns-is-layout-flex\">\n<div class=\"wp-block-column is-layout-flow wp-block-column-is-layout-flow\">\n<h2 class=\"wp-block-heading\">Eigenschaften von Custom Ceramic Pitcher<\/h2>\n\n\n\n<ul class=\"wp-block-list\">\n<li><strong>Lebensmittelgeeignetes Keramikmaterial:<\/strong> Dieser individuelle Keramikkrug besteht aus bleifreier Keramik, die bei hohen Temperaturen gebrannt wurde und sicher und zuverl\u00e4ssig ist. Egal, ob er mit klarem Wasser, Milch oder Saft gef\u00fcllt ist, es mischen sich keine fremden Aromen hinein. Die Oberfl\u00e4che ist glatt und fein, nimmt keine Ger\u00fcche auf und hinterl\u00e4sst keine Flecken. Jeder Schluck, den Sie nehmen, hat den urspr\u00fcnglichen Geschmack des Getr\u00e4nks.<\/li>\n\n\n\n<li><strong>Die Schleife ist der sanfte Hauch von Handarbeit:<\/strong> Der zartrosa Farbton auf dem K\u00f6rper des ma\u00dfgefertigten Keramikkrugs ist schon zart genug. Was wirklich das Herz ber\u00fchrt, ist die Schleife, die sanft auf einer Seite der Kanne hervorsteht - nicht aufgedruckt, sondern durch eine allm\u00e4hliche Formgebung w\u00e4hrend des handwerklichen Prozesses entstanden. Er ist nicht protzig oder absichtlich gemacht, und doch sp\u00fcrt man bei jedem Einschenken von Wasser die W\u00e4rme, die die Handarbeit hinterl\u00e4sst.<\/li>\n\n\n\n<li><strong>Der Griff hat genau die richtige Gr\u00f6\u00dfe: <\/strong>Der rosafarbene Keramikgriff des ma\u00dfgefertigten Keramikkruges ist bogenf\u00f6rmig und passt sich der Kurve der Handfl\u00e4che an. Er liegt gut in der Hand. Selbst wenn Ihre Hand nass ist, rutscht er nicht ab. Er hat keine Angst vor hei\u00dfem Wasser oder Dampf. Beim Ausgie\u00dfen von Wasser f\u00fchlen Sie sich wohl und Ihre Bewegungen sind ruhig.<\/li>\n\n\n\n<li><strong>Leicht zu pflegen, nicht empfindlich:<\/strong> Die glasierte Oberfl\u00e4che unserer ma\u00dfgefertigten Keramikkr\u00fcge ist glatt, so dass Tee- und Saftflecken nicht so leicht haften bleiben. Sie brauchen nicht zu schrubben und sehen auch nach langem Gebrauch nicht alt aus.<\/li>\n\n\n\n<li><strong>Gro\u00dfes Fassungsverm\u00f6gen von 1300 ml f\u00fcr den praktischen Gebrauch: Mit<\/strong> Mit einem Fassungsverm\u00f6gen von 1300 ml eignet sich der Krug perfekt zum Servieren von Wasser, Milch, Saft, Tee oder anderen Getr\u00e4nken. Dank seines gro\u00dfz\u00fcgigen Volumens eignet sich der Gro\u00dfhandels-Keramikkessel f\u00fcr den Gebrauch in der Familie, in Caf\u00e9s und im Gastgewerbe.<\/li>\n\n\n\n<li><strong>Ideal f\u00fcr mehrere Vertriebskan\u00e4le:<\/strong> Das niedliche und stilvolle Design macht den individuellen Keramikkrug zu einem gro\u00dfartigen Produkt f\u00fcr K\u00fcchenartikelh\u00e4ndler, Geschenkel\u00e4den, Lifestyle-Marken, Caf\u00e9s und E-Commerce-Plattformen, die ihr Angebot an Produktkategorien erweitern.<\/li>\n<\/ul>\n<\/div>\n\n\n\n<div class=\"wp-block-column is-layout-flow wp-block-column-is-layout-flow\">\n<figure class=\"wp-block-image size-full\"><img decoding=\"async\" width=\"1000\" height=\"1000\" src=\"https:\/\/www.czqunfa.com\/wp-content\/uploads\/2026\/03\/Cute-bow-pattern-ceramic-kettle-1.webp\" alt=\"kundenspezifischer-keramischer-krug-geschnittene-schale-keramischer-wasserkocher-gro\u00dfhandel-1\" class=\"wp-image-1966\" srcset=\"https:\/\/www.czqunfa.com\/wp-content\/uploads\/2026\/03\/Cute-bow-pattern-ceramic-kettle-1.webp 1000w, https:\/\/www.czqunfa.com\/wp-content\/uploads\/2026\/03\/Cute-bow-pattern-ceramic-kettle-1-300x300.webp 300w, https:\/\/www.czqunfa.com\/wp-content\/uploads\/2026\/03\/Cute-bow-pattern-ceramic-kettle-1-150x150.webp 150w, https:\/\/www.czqunfa.com\/wp-content\/uploads\/2026\/03\/Cute-bow-pattern-ceramic-kettle-1-768x768.webp 768w, https:\/\/www.czqunfa.com\/wp-content\/uploads\/2026\/03\/Cute-bow-pattern-ceramic-kettle-1-12x12.webp 12w, https:\/\/www.czqunfa.com\/wp-content\/uploads\/2026\/03\/Cute-bow-pattern-ceramic-kettle-1-600x600.webp 600w, https:\/\/www.czqunfa.com\/wp-content\/uploads\/2026\/03\/Cute-bow-pattern-ceramic-kettle-1-100x100.webp 100w\" sizes=\"(max-width: 1000px) 100vw, 1000px\" \/><\/figure>\n<\/div>\n<\/div>\n\n\n\n<figure class=\"wp-block-gallery has-nested-images columns-default is-cropped wp-block-gallery-1 is-layout-flex wp-block-gallery-is-layout-flex\">\n<figure class=\"wp-block-image size-full\"><img decoding=\"async\" width=\"1000\" height=\"1000\" data-id=\"1967\" src=\"https:\/\/www.czqunfa.com\/wp-content\/uploads\/2026\/03\/Cute-bow-pattern-ceramic-kettle-2.webp\" alt=\"kundenspezifischer-keramischer-krug-geschnittene-schale-keramischer-wasserkocher-gro\u00dfhandel-2\" class=\"wp-image-1967\" srcset=\"https:\/\/www.czqunfa.com\/wp-content\/uploads\/2026\/03\/Cute-bow-pattern-ceramic-kettle-2.webp 1000w, https:\/\/www.czqunfa.com\/wp-content\/uploads\/2026\/03\/Cute-bow-pattern-ceramic-kettle-2-300x300.webp 300w, https:\/\/www.czqunfa.com\/wp-content\/uploads\/2026\/03\/Cute-bow-pattern-ceramic-kettle-2-150x150.webp 150w, https:\/\/www.czqunfa.com\/wp-content\/uploads\/2026\/03\/Cute-bow-pattern-ceramic-kettle-2-768x768.webp 768w, https:\/\/www.czqunfa.com\/wp-content\/uploads\/2026\/03\/Cute-bow-pattern-ceramic-kettle-2-12x12.webp 12w, https:\/\/www.czqunfa.com\/wp-content\/uploads\/2026\/03\/Cute-bow-pattern-ceramic-kettle-2-600x600.webp 600w, https:\/\/www.czqunfa.com\/wp-content\/uploads\/2026\/03\/Cute-bow-pattern-ceramic-kettle-2-100x100.webp 100w\" sizes=\"(max-width: 1000px) 100vw, 1000px\" \/><\/figure>\n\n\n\n<figure class=\"wp-block-image size-full\"><img decoding=\"async\" width=\"1000\" height=\"1000\" data-id=\"1969\" src=\"https:\/\/www.czqunfa.com\/wp-content\/uploads\/2026\/03\/Cute-bow-pattern-ceramic-kettle-4.webp\" alt=\"Niedliche Schleife Muster Keramik Wasserkocher-4\" class=\"wp-image-1969\" srcset=\"https:\/\/www.czqunfa.com\/wp-content\/uploads\/2026\/03\/Cute-bow-pattern-ceramic-kettle-4.webp 1000w, https:\/\/www.czqunfa.com\/wp-content\/uploads\/2026\/03\/Cute-bow-pattern-ceramic-kettle-4-300x300.webp 300w, https:\/\/www.czqunfa.com\/wp-content\/uploads\/2026\/03\/Cute-bow-pattern-ceramic-kettle-4-150x150.webp 150w, https:\/\/www.czqunfa.com\/wp-content\/uploads\/2026\/03\/Cute-bow-pattern-ceramic-kettle-4-768x768.webp 768w, https:\/\/www.czqunfa.com\/wp-content\/uploads\/2026\/03\/Cute-bow-pattern-ceramic-kettle-4-12x12.webp 12w, https:\/\/www.czqunfa.com\/wp-content\/uploads\/2026\/03\/Cute-bow-pattern-ceramic-kettle-4-600x600.webp 600w, https:\/\/www.czqunfa.com\/wp-content\/uploads\/2026\/03\/Cute-bow-pattern-ceramic-kettle-4-100x100.webp 100w\" sizes=\"(max-width: 1000px) 100vw, 1000px\" \/><\/figure>\n<\/figure>\n\n\n\n<p><\/p>","protected":false},"excerpt":{"rendered":"<p>Willkommen zum Kauf unseres individuellen Keramikkrugs mit s\u00fc\u00dfem Schleifenmuster, der dekorativen Charme mit praktischer Funktionalit\u00e4t verbindet. Mit einem gro\u00dfen Fassungsverm\u00f6gen von 1300 ml, lebensmittelechtem Keramikmaterial und einem glatten Ausgie\u00dfer ist er ideal zum Servieren von Wasser, Milch, Saft oder Tee zu Hause, in Caf\u00e9s und Restaurants. Mit OEM\/ODM-Kundenanpassungsoptionen, wettbewerbsf\u00e4higen Gro\u00dfhandelspreisen und flexibler Produktion hilft er Distributoren und Einzelh\u00e4ndlern, einzigartige Produktlinien zu schaffen.<\/p>\n<h2>Individueller Keramikkrug Parameter<\/h2>\n<table width=\"328\">\n<tbody>\n<tr>\n<td width=\"116\">Hersteller<\/td>\n<td width=\"211\">QUNFA<\/td>\n<\/tr>\n<tr>\n<td width=\"116\">Produkttyp<\/td>\n<td width=\"211\">Keramik-Wasserkocher<\/td>\n<\/tr>\n<tr>\n<td width=\"116\">Modell-Nr.<\/td>\n<td width=\"211\">23-2701-4\u00a0<\/td>\n<\/tr>\n<tr>\n<td width=\"116\">Material<\/td>\n<td width=\"211\">Steinzeug<\/td>\n<\/tr>\n<tr>\n<td width=\"116\">Farbe<\/td>\n<td width=\"211\">Rosa, Benutzerdefiniert<\/td>\n<\/tr>\n<tr>\n<td width=\"116\">Muster<\/td>\n<td width=\"211\">Bogen<\/td>\n<\/tr>\n<tr>\n<td width=\"116\">Dimension<\/td>\n<td width=\"211\">18,5x13x17,5cm<\/td>\n<\/tr>\n<tr>\n<td width=\"116\">Mindestbestellmenge<\/td>\n<td width=\"211\">1000 St\u00fcck<\/td>\n<\/tr>\n<tr>\n<td width=\"116\">Kundenspezifisch<\/td>\n<td width=\"211\">Farbe\/Gr\u00f6\u00dfe\/Logo\/Verpackung\/Form<\/td>\n<\/tr>\n<\/tbody>\n<\/table>","protected":false},"featured_media":1968,"comment_status":"closed","ping_status":"closed","template":"","meta":{"_acf_changed":false},"product_brand":[],"product_cat":[18,43],"product_tag":[],"class_list":{"0":"post-1965","1":"product","2":"type-product","3":"status-publish","4":"has-post-thumbnail","6":"product_cat-drinkware-supplier","7":"product_cat-teapot-manufacturer","9":"first","10":"instock","11":"shipping-taxable","12":"product-type-simple"},"acf":[],"_links":{"self":[{"href":"https:\/\/www.czqunfa.com\/de\/wp-json\/wp\/v2\/product\/1965","targetHints":{"allow":["GET"]}}],"collection":[{"href":"https:\/\/www.czqunfa.com\/de\/wp-json\/wp\/v2\/product"}],"about":[{"href":"https:\/\/www.czqunfa.com\/de\/wp-json\/wp\/v2\/types\/product"}],"replies":[{"embeddable":true,"href":"https:\/\/www.czqunfa.com\/de\/wp-json\/wp\/v2\/comments?post=1965"}],"wp:featuredmedia":[{"embeddable":true,"href":"https:\/\/www.czqunfa.com\/de\/wp-json\/wp\/v2\/media\/1968"}],"wp:attachment":[{"href":"https:\/\/www.czqunfa.com\/de\/wp-json\/wp\/v2\/media?parent=1965"}],"wp:term":[{"taxonomy":"product_brand","embeddable":true,"href":"https:\/\/www.czqunfa.com\/de\/wp-json\/wp\/v2\/product_brand?post=1965"},{"taxonomy":"product_cat","embeddable":true,"href":"https:\/\/www.czqunfa.com\/de\/wp-json\/wp\/v2\/product_cat?post=1965"},{"taxonomy":"product_tag","embeddable":true,"href":"https:\/\/www.czqunfa.com\/de\/wp-json\/wp\/v2\/product_tag?post=1965"}],"curies":[{"name":"wp","href":"https:\/\/api.w.org\/{rel}","templated":true}]}}