{"id":1885,"date":"2026-02-10T09:11:13","date_gmt":"2026-02-10T09:11:13","guid":{"rendered":"https:\/\/www.czqunfa.com\/?post_type=product&#038;p=1885"},"modified":"2026-02-10T09:11:17","modified_gmt":"2026-02-10T09:11:17","slug":"wholesale-ramen-bowls","status":"publish","type":"product","link":"https:\/\/www.czqunfa.com\/de\/produkt\/wholesale-ramen-bowls\/","title":{"rendered":"Gro\u00dfhandel Ramen Schalen, keramische Suppenschalen mit Griff Bulk"},"content":{"rendered":"<div class=\"wp-block-columns is-layout-flex wp-container-core-columns-is-layout-9d6595d7 wp-block-columns-is-layout-flex\">\n<div class=\"wp-block-column is-layout-flow wp-block-column-is-layout-flow\">\n<h2 class=\"wp-block-heading\">Eigenschaften von Ramen-Sch\u00fcsseln f\u00fcr den Gro\u00dfhandel<\/h2>\n\n\n\n<ul class=\"wp-block-list\">\n<li><strong>Einzigartiges Design des Griffs: <\/strong>Die Ramen-Schalen f\u00fcr den Gro\u00dfhandel verf\u00fcgen \u00fcber einen raffinierten, einteiligen Griff, der nicht nur ein einzigartiges Design aufweist, sondern auch einen hervorragenden, hitzebest\u00e4ndigen Griff bietet. Dieses Design erm\u00f6glicht ein sicheres und bequemes Servieren von hei\u00dfer Suppe und Nudeln, was sie in der Gastronomie \u00e4u\u00dferst wettbewerbsf\u00e4hig macht.<\/li>\n\n\n\n<li><strong>Hochwertige, langlebige Keramik:<\/strong> Die Ramenschalen f\u00fcr den Gro\u00dfhandel werden aus sorgf\u00e4ltig ausgew\u00e4hlter Premium-Keramik hergestellt und bei hohen Temperaturen gebrannt. Diese Schale bietet eine au\u00dfergew\u00f6hnliche Haltbarkeit und Widerstandsf\u00e4higkeit gegen\u00fcber Temperaturschwankungen, so dass sie einer h\u00e4ufigen kommerziellen Reinigung und Nutzung standh\u00e4lt und die Verschlei\u00dfkosten reduziert.<\/li>\n\n\n\n<li><strong>Vielseitige Anwendung:<\/strong> Die perfekt proportionierte Tiefe und der Durchmesser machen sie nicht nur zu einer idealen Suppen- und Instantnudelsch\u00fcssel, sondern auch zu einer Salatsch\u00fcssel oder einer Sch\u00fcssel zum Backen von Desserts.<\/li>\n\n\n\n<li><strong>Umfassende Sicherheitszertifizierung:<\/strong> Die Gro\u00dfhandels-Ramenschalen sind sp\u00fclmaschinen-, mikrowellen- und ofenfest und entsprechen den internationalen Lebensmittelsicherheitsstandards.<\/li>\n\n\n\n<li><strong>Individuelle Themen und Geschenkverpackungen:<\/strong> Unsere Suppenschalen mit Henkel sind in verschiedenen visuellen Stilen erh\u00e4ltlich, darunter romantische \u201cLove\u201d-Motive und b\u00f6hmische Drucke, und werden in eleganten Geschenkboxen geliefert, was sie zu einer Top-Wahl f\u00fcr Hochzeitssouvenirs, Urlaubspromotionen und kundenspezifische Markengeschenke macht.<\/li>\n\n\n\n<li><strong>Gro\u00dfhandel und Exportversorgung:<\/strong> Unsere Suppenschalen mit Henkel haben eine stabile Massenproduktionskapazit\u00e4t mit sicherer Exportverpackung. Ideal f\u00fcr Importeure, H\u00e4ndler, Supermarktketten, Hotellieferanten und E-Commerce-Verk\u00e4ufer, die zuverl\u00e4ssige Keramikschalenhersteller suchen.<\/li>\n<\/ul>\n<\/div>\n\n\n\n<div class=\"wp-block-column is-layout-flow wp-block-column-is-layout-flow\">\n<figure class=\"wp-block-image size-full\"><img decoding=\"async\" width=\"800\" height=\"800\" src=\"https:\/\/www.czqunfa.com\/wp-content\/uploads\/2026\/02\/wholesale-ramen-bowls-colored-soup-bowls-with-handle-bulk-1.webp\" alt=\"gro\u00dfhandel-ramen-schalen-farbige-suppen-schalen-mit-griff-bulk-1\" class=\"wp-image-1886\" srcset=\"https:\/\/www.czqunfa.com\/wp-content\/uploads\/2026\/02\/wholesale-ramen-bowls-colored-soup-bowls-with-handle-bulk-1.webp 800w, https:\/\/www.czqunfa.com\/wp-content\/uploads\/2026\/02\/wholesale-ramen-bowls-colored-soup-bowls-with-handle-bulk-1-300x300.webp 300w, https:\/\/www.czqunfa.com\/wp-content\/uploads\/2026\/02\/wholesale-ramen-bowls-colored-soup-bowls-with-handle-bulk-1-150x150.webp 150w, https:\/\/www.czqunfa.com\/wp-content\/uploads\/2026\/02\/wholesale-ramen-bowls-colored-soup-bowls-with-handle-bulk-1-768x768.webp 768w, https:\/\/www.czqunfa.com\/wp-content\/uploads\/2026\/02\/wholesale-ramen-bowls-colored-soup-bowls-with-handle-bulk-1-12x12.webp 12w, https:\/\/www.czqunfa.com\/wp-content\/uploads\/2026\/02\/wholesale-ramen-bowls-colored-soup-bowls-with-handle-bulk-1-600x600.webp 600w, https:\/\/www.czqunfa.com\/wp-content\/uploads\/2026\/02\/wholesale-ramen-bowls-colored-soup-bowls-with-handle-bulk-1-100x100.webp 100w\" sizes=\"(max-width: 800px) 100vw, 800px\" \/><\/figure>\n<\/div>\n<\/div>\n\n\n\n<figure class=\"wp-block-gallery has-nested-images columns-default is-cropped wp-block-gallery-1 is-layout-flex wp-block-gallery-is-layout-flex\">\n<figure class=\"wp-block-image size-full\"><img decoding=\"async\" width=\"800\" height=\"800\" data-id=\"1890\" src=\"https:\/\/www.czqunfa.com\/wp-content\/uploads\/2026\/02\/wholesale-ramen-bowls-colored-soup-bowls-with-handle-bulk-5.webp\" alt=\"gro\u00dfhandel-ramen-schalen-farbige-suppen-schalen-mit-griff-ulk-5\" class=\"wp-image-1890\" srcset=\"https:\/\/www.czqunfa.com\/wp-content\/uploads\/2026\/02\/wholesale-ramen-bowls-colored-soup-bowls-with-handle-bulk-5.webp 800w, https:\/\/www.czqunfa.com\/wp-content\/uploads\/2026\/02\/wholesale-ramen-bowls-colored-soup-bowls-with-handle-bulk-5-300x300.webp 300w, https:\/\/www.czqunfa.com\/wp-content\/uploads\/2026\/02\/wholesale-ramen-bowls-colored-soup-bowls-with-handle-bulk-5-150x150.webp 150w, https:\/\/www.czqunfa.com\/wp-content\/uploads\/2026\/02\/wholesale-ramen-bowls-colored-soup-bowls-with-handle-bulk-5-768x768.webp 768w, https:\/\/www.czqunfa.com\/wp-content\/uploads\/2026\/02\/wholesale-ramen-bowls-colored-soup-bowls-with-handle-bulk-5-12x12.webp 12w, https:\/\/www.czqunfa.com\/wp-content\/uploads\/2026\/02\/wholesale-ramen-bowls-colored-soup-bowls-with-handle-bulk-5-600x600.webp 600w, https:\/\/www.czqunfa.com\/wp-content\/uploads\/2026\/02\/wholesale-ramen-bowls-colored-soup-bowls-with-handle-bulk-5-100x100.webp 100w\" sizes=\"(max-width: 800px) 100vw, 800px\" \/><\/figure>\n\n\n\n<figure class=\"wp-block-image size-full\"><img decoding=\"async\" width=\"800\" height=\"800\" data-id=\"1889\" src=\"https:\/\/www.czqunfa.com\/wp-content\/uploads\/2026\/02\/wholesale-ramen-bowls-colored-soup-bowls-with-handle-bulk-4.webp\" alt=\"gro\u00dfhandel-ramen-schalen-farbige-suppen-schalen-mit-griff-bulk-4\" class=\"wp-image-1889\" srcset=\"https:\/\/www.czqunfa.com\/wp-content\/uploads\/2026\/02\/wholesale-ramen-bowls-colored-soup-bowls-with-handle-bulk-4.webp 800w, https:\/\/www.czqunfa.com\/wp-content\/uploads\/2026\/02\/wholesale-ramen-bowls-colored-soup-bowls-with-handle-bulk-4-300x300.webp 300w, https:\/\/www.czqunfa.com\/wp-content\/uploads\/2026\/02\/wholesale-ramen-bowls-colored-soup-bowls-with-handle-bulk-4-150x150.webp 150w, https:\/\/www.czqunfa.com\/wp-content\/uploads\/2026\/02\/wholesale-ramen-bowls-colored-soup-bowls-with-handle-bulk-4-768x768.webp 768w, https:\/\/www.czqunfa.com\/wp-content\/uploads\/2026\/02\/wholesale-ramen-bowls-colored-soup-bowls-with-handle-bulk-4-12x12.webp 12w, https:\/\/www.czqunfa.com\/wp-content\/uploads\/2026\/02\/wholesale-ramen-bowls-colored-soup-bowls-with-handle-bulk-4-600x600.webp 600w, https:\/\/www.czqunfa.com\/wp-content\/uploads\/2026\/02\/wholesale-ramen-bowls-colored-soup-bowls-with-handle-bulk-4-100x100.webp 100w\" sizes=\"(max-width: 800px) 100vw, 800px\" \/><\/figure>\n<\/figure>","protected":false},"excerpt":{"rendered":"<p>Willkommen in unserem Gro\u00dfhandel Ramen-Schalen mit Griffen zu kaufen, mit lebendigen farbigen Salatsch\u00fcssel Geschenk-Sets mit Premium-Geschenk-Box-Verpackung. Ideal f\u00fcr Hochzeitssouvenirs, Restaurant Geschirr, und Einzelhandel Geschenk M\u00e4rkte. Diese langlebigen und dekorativen Sch\u00fcsseln aus hochgebrannter, lebensmittelechter Keramik sind perfekt f\u00fcr Gro\u00dfh\u00e4ndler, Importeure und Veranstaltungsanbieter, die nach hochwertigen Keramikgeschenkl\u00f6sungen suchen.<\/p>\n<h2>Gro\u00dfhandel Ramen-Sch\u00fcsseln Parameter<\/h2>\n<table border=\"0\" width=\"328\" cellspacing=\"0\" cellpadding=\"0\">\n<tbody>\n<tr>\n<td width=\"116\" height=\"17\">Hersteller<\/td>\n<td width=\"211\">QUNFA<\/td>\n<\/tr>\n<tr>\n<td width=\"116\" height=\"17\">Produkttyp<\/td>\n<td>Sch\u00fcssel<\/td>\n<\/tr>\n<tr>\n<td width=\"116\" height=\"17\">Modell-Nr.<\/td>\n<td>1963-14<\/td>\n<\/tr>\n<tr>\n<td width=\"116\" height=\"17\">Material<\/td>\n<td width=\"211\">Steinzeug<\/td>\n<\/tr>\n<tr>\n<td width=\"116\" height=\"17\">Farbe<\/td>\n<td width=\"211\">Wei\u00df, Rot, Benutzerdefiniert<\/td>\n<\/tr>\n<tr>\n<td width=\"116\" height=\"16\">Muster<\/td>\n<td width=\"211\">Herz<\/td>\n<\/tr>\n<tr>\n<td width=\"116\" height=\"16\">Dimension<\/td>\n<td width=\"211\">21.5*14.5*7CM<\/td>\n<\/tr>\n<tr>\n<td width=\"116\" height=\"17\">Mindestbestellmenge<\/td>\n<td width=\"211\">1000 St\u00fcck<\/td>\n<\/tr>\n<tr>\n<td width=\"116\" height=\"17\">Kundenspezifisch<\/td>\n<td width=\"211\">Farbe\/Gr\u00f6\u00dfe\/Logo\/Verpackung\/Form<\/td>\n<\/tr>\n<\/tbody>\n<\/table>","protected":false},"featured_media":1891,"comment_status":"closed","ping_status":"closed","template":"","meta":{"_acf_changed":false},"product_brand":[],"product_cat":[20,36],"product_tag":[],"class_list":{"0":"post-1885","1":"product","2":"type-product","3":"status-publish","4":"has-post-thumbnail","6":"product_cat-dinnerware-supplier","7":"product_cat-ceramic-bowl-supplier","9":"first","10":"instock","11":"shipping-taxable","12":"product-type-simple"},"acf":[],"_links":{"self":[{"href":"https:\/\/www.czqunfa.com\/de\/wp-json\/wp\/v2\/product\/1885","targetHints":{"allow":["GET"]}}],"collection":[{"href":"https:\/\/www.czqunfa.com\/de\/wp-json\/wp\/v2\/product"}],"about":[{"href":"https:\/\/www.czqunfa.com\/de\/wp-json\/wp\/v2\/types\/product"}],"replies":[{"embeddable":true,"href":"https:\/\/www.czqunfa.com\/de\/wp-json\/wp\/v2\/comments?post=1885"}],"wp:featuredmedia":[{"embeddable":true,"href":"https:\/\/www.czqunfa.com\/de\/wp-json\/wp\/v2\/media\/1891"}],"wp:attachment":[{"href":"https:\/\/www.czqunfa.com\/de\/wp-json\/wp\/v2\/media?parent=1885"}],"wp:term":[{"taxonomy":"product_brand","embeddable":true,"href":"https:\/\/www.czqunfa.com\/de\/wp-json\/wp\/v2\/product_brand?post=1885"},{"taxonomy":"product_cat","embeddable":true,"href":"https:\/\/www.czqunfa.com\/de\/wp-json\/wp\/v2\/product_cat?post=1885"},{"taxonomy":"product_tag","embeddable":true,"href":"https:\/\/www.czqunfa.com\/de\/wp-json\/wp\/v2\/product_tag?post=1885"}],"curies":[{"name":"wp","href":"https:\/\/api.w.org\/{rel}","templated":true}]}}