{"id":1878,"date":"2026-02-10T08:36:57","date_gmt":"2026-02-10T08:36:57","guid":{"rendered":"https:\/\/www.czqunfa.com\/?post_type=product&#038;p=1878"},"modified":"2026-02-10T08:36:58","modified_gmt":"2026-02-10T08:36:58","slug":"wholesale-ceramic-serving-bowls","status":"publish","type":"product","link":"https:\/\/www.czqunfa.com\/de\/produkt\/wholesale-ceramic-serving-bowls\/","title":{"rendered":"Gro\u00dfe keramische Servierschalen mit buntem polnischem Aufdruck im Gro\u00dfhandel"},"content":{"rendered":"<div class=\"wp-block-columns is-layout-flex wp-container-core-columns-is-layout-9d6595d7 wp-block-columns-is-layout-flex\">\n<div class=\"wp-block-column is-layout-flow wp-block-column-is-layout-flow\">\n<h2 class=\"wp-block-heading\">Merkmale der gro\u00dfen Gro\u00dfhandel Keramik Servierschalen<\/h2>\n\n\n\n<ul class=\"wp-block-list\">\n<li><strong>Tiefe, eimerf\u00f6rmige Struktur:<\/strong> Der Korpus der Keramiksch\u00fcsseln f\u00fcr den Gro\u00dfhandel ist oben breiter und unten schmaler, was f\u00fcr ausreichend Tiefe sorgt. Diese Form ist ideal zum Servieren von Speisen mit Br\u00fche, wie Nudelsuppe oder Salat. Der erh\u00f6hte und verdickte Boden isoliert wirksam gegen Hitze und verhindert so Sch\u00e4den an Tischplatten.<\/li>\n\n\n\n<li><strong>Leicht stapelbarer Kegel:<\/strong> Das raffinierte sechseckige Randdesign der Servierschalen f\u00fcr den Gro\u00dfhandel und die leicht abfallende W\u00f6lbung der Seitenw\u00e4nde erm\u00f6glichen ein stabiles Stapeln von Schalen gleicher Gr\u00f6\u00dfe, wodurch B2B-Kunden erheblich an Lager- und Ausstellungsfl\u00e4che sparen.<\/li>\n\n\n\n<li><strong>Hochwertiges keramisches Material:<\/strong> Diese Keramikschalen f\u00fcr den Gro\u00dfhandel sind aus hochwertiger Keramik gefertigt. Diese hohen Servierschalen sind hitzebest\u00e4ndig und f\u00fcr die langfristige Nutzung konzipiert. Sie sind beliebt bei hei\u00dfen und kalten Speisen und sind am besten geeignet f\u00fcr Gro\u00dfk\u00fcchen und Foodservice.<\/li>\n\n\n\n<li><strong>Buntes polnisches Druckdesign: <\/strong>Unsere Schalen f\u00fcr den Gastronomiebedarf sind mit lebhaften polnischen Motiven bedruckt und bieten eine auff\u00e4llige Pr\u00e4sentation, die den gedeckten Tisch aufwertet. Perfekt f\u00fcr Restaurants, Cateringservices und Einzelhandelsgeschirrkollektionen, die einen einzigartigen visuellen Reiz suchen.<\/li>\n\n\n\n<li><strong>Mehrzwecknutzung:<\/strong> Unsere Sch\u00fcsseln f\u00fcr den Gastronomiebedarf sind vielseitig einsetzbar. Sie sind in vier Gr\u00f6\u00dfen erh\u00e4ltlich, um eine Vielzahl von Bed\u00fcrfnissen zu erf\u00fcllen, von einzelnen Portionen Instantnudeln und Suppen bis hin zu Salaten in Familiengr\u00f6\u00dfe, ideal als Suppensch\u00fcsseln, Ramensch\u00fcsseln, Salatsch\u00fcsseln, Nudelsch\u00fcsseln oder gro\u00dfe M\u00fcslisch\u00fcsseln.<\/li>\n<\/ul>\n<\/div>\n\n\n\n<div class=\"wp-block-column is-layout-flow wp-block-column-is-layout-flow\">\n<figure class=\"wp-block-image size-full\"><img decoding=\"async\" width=\"800\" height=\"800\" src=\"https:\/\/www.czqunfa.com\/wp-content\/uploads\/2026\/02\/tall-wholesale-ceramic-serving-bowls-with-polish-print-4.webp\" alt=\"Gro\u00dfhandels-Keramik-Servierschalen-mit-Polieraufdruck-4\" class=\"wp-image-1882\" srcset=\"https:\/\/www.czqunfa.com\/wp-content\/uploads\/2026\/02\/tall-wholesale-ceramic-serving-bowls-with-polish-print-4.webp 800w, https:\/\/www.czqunfa.com\/wp-content\/uploads\/2026\/02\/tall-wholesale-ceramic-serving-bowls-with-polish-print-4-300x300.webp 300w, https:\/\/www.czqunfa.com\/wp-content\/uploads\/2026\/02\/tall-wholesale-ceramic-serving-bowls-with-polish-print-4-150x150.webp 150w, https:\/\/www.czqunfa.com\/wp-content\/uploads\/2026\/02\/tall-wholesale-ceramic-serving-bowls-with-polish-print-4-768x768.webp 768w, https:\/\/www.czqunfa.com\/wp-content\/uploads\/2026\/02\/tall-wholesale-ceramic-serving-bowls-with-polish-print-4-12x12.webp 12w, https:\/\/www.czqunfa.com\/wp-content\/uploads\/2026\/02\/tall-wholesale-ceramic-serving-bowls-with-polish-print-4-600x600.webp 600w, https:\/\/www.czqunfa.com\/wp-content\/uploads\/2026\/02\/tall-wholesale-ceramic-serving-bowls-with-polish-print-4-100x100.webp 100w\" sizes=\"(max-width: 800px) 100vw, 800px\" \/><\/figure>\n<\/div>\n<\/div>\n\n\n\n<figure class=\"wp-block-gallery has-nested-images columns-default is-cropped wp-block-gallery-1 is-layout-flex wp-block-gallery-is-layout-flex\">\n<figure class=\"wp-block-image size-full\"><img decoding=\"async\" width=\"800\" height=\"800\" data-id=\"1883\" src=\"https:\/\/www.czqunfa.com\/wp-content\/uploads\/2026\/02\/tall-wholesale-ceramic-serving-bowls-with-polish-print-5.webp\" alt=\"Gro\u00dfhandels-Keramik-Servierschalen-mit-Polieraufdruck-5\" class=\"wp-image-1883\" srcset=\"https:\/\/www.czqunfa.com\/wp-content\/uploads\/2026\/02\/tall-wholesale-ceramic-serving-bowls-with-polish-print-5.webp 800w, https:\/\/www.czqunfa.com\/wp-content\/uploads\/2026\/02\/tall-wholesale-ceramic-serving-bowls-with-polish-print-5-300x300.webp 300w, https:\/\/www.czqunfa.com\/wp-content\/uploads\/2026\/02\/tall-wholesale-ceramic-serving-bowls-with-polish-print-5-150x150.webp 150w, https:\/\/www.czqunfa.com\/wp-content\/uploads\/2026\/02\/tall-wholesale-ceramic-serving-bowls-with-polish-print-5-768x768.webp 768w, https:\/\/www.czqunfa.com\/wp-content\/uploads\/2026\/02\/tall-wholesale-ceramic-serving-bowls-with-polish-print-5-12x12.webp 12w, https:\/\/www.czqunfa.com\/wp-content\/uploads\/2026\/02\/tall-wholesale-ceramic-serving-bowls-with-polish-print-5-600x600.webp 600w, https:\/\/www.czqunfa.com\/wp-content\/uploads\/2026\/02\/tall-wholesale-ceramic-serving-bowls-with-polish-print-5-100x100.webp 100w\" sizes=\"(max-width: 800px) 100vw, 800px\" \/><\/figure>\n\n\n\n<figure class=\"wp-block-image size-full\"><img decoding=\"async\" width=\"800\" height=\"800\" data-id=\"1880\" src=\"https:\/\/www.czqunfa.com\/wp-content\/uploads\/2026\/02\/tall-wholesale-ceramic-serving-bowls-with-polish-print-2.webp\" alt=\"Hoch-Gro\u00dfhandel-Keramik-Servierschalen-mit-Politur-Druck-2\" class=\"wp-image-1880\" srcset=\"https:\/\/www.czqunfa.com\/wp-content\/uploads\/2026\/02\/tall-wholesale-ceramic-serving-bowls-with-polish-print-2.webp 800w, https:\/\/www.czqunfa.com\/wp-content\/uploads\/2026\/02\/tall-wholesale-ceramic-serving-bowls-with-polish-print-2-300x300.webp 300w, https:\/\/www.czqunfa.com\/wp-content\/uploads\/2026\/02\/tall-wholesale-ceramic-serving-bowls-with-polish-print-2-150x150.webp 150w, https:\/\/www.czqunfa.com\/wp-content\/uploads\/2026\/02\/tall-wholesale-ceramic-serving-bowls-with-polish-print-2-768x768.webp 768w, https:\/\/www.czqunfa.com\/wp-content\/uploads\/2026\/02\/tall-wholesale-ceramic-serving-bowls-with-polish-print-2-12x12.webp 12w, https:\/\/www.czqunfa.com\/wp-content\/uploads\/2026\/02\/tall-wholesale-ceramic-serving-bowls-with-polish-print-2-600x600.webp 600w, https:\/\/www.czqunfa.com\/wp-content\/uploads\/2026\/02\/tall-wholesale-ceramic-serving-bowls-with-polish-print-2-100x100.webp 100w\" sizes=\"(max-width: 800px) 100vw, 800px\" \/><\/figure>\n<\/figure>","protected":false},"excerpt":{"rendered":"<p>Willkommen zum Kauf unserer hohen Gro\u00dfhandel Keramik Schalen mit bunten polnischen Druck sind aus Premium-Keramik f\u00fcr Haltbarkeit und Hitzebest\u00e4ndigkeit gefertigt. Mit lebendigen dekorativen Mustern und mehreren Gr\u00f6\u00dfenoptionen sind diese Schalen ideal zum Servieren von Suppe, Nudeln, Salaten und mehr in Restaurants, Hotels und Catering-Einstellungen. Die perfekte L\u00f6sung f\u00fcr Gro\u00dfhandelsgeschirr f\u00fcr Foodservice und Einzelhandel.<\/p>\n<h2>Gro\u00dfhandel Keramik Servierschalen Parameter<\/h2>\n<table border=\"0\" width=\"328\" cellspacing=\"0\" cellpadding=\"0\">\n<tbody>\n<tr>\n<td width=\"116\" height=\"17\">Hersteller<\/td>\n<td width=\"211\">QUNFA<\/td>\n<\/tr>\n<tr>\n<td width=\"116\" height=\"17\">Produkttyp<\/td>\n<td>Sch\u00fcssel<\/td>\n<\/tr>\n<tr>\n<td width=\"116\" height=\"17\">Modell-Nr.<\/td>\n<td>23-2161<\/td>\n<\/tr>\n<tr>\n<td width=\"116\" height=\"17\">Material<\/td>\n<td width=\"211\">Steinzeug<\/td>\n<\/tr>\n<tr>\n<td width=\"116\" height=\"16\">Muster<\/td>\n<td width=\"211\">Polnischer Druck<\/td>\n<\/tr>\n<tr>\n<td width=\"116\" height=\"61\">Dimension<\/td>\n<td width=\"211\">5.1\u201dbowl:13.2*13.2*6.2cm<br \/>5,5\u201d-Schale:14*14*6,8cm<br \/>6\u201d-Schale:15*15*7cm <br \/>6.2\u201dbowl:15.6*15.6*7cm<\/td>\n<\/tr>\n<tr>\n<td width=\"116\" height=\"17\">Mindestbestellmenge<\/td>\n<td width=\"211\">1000 St\u00fcck<\/td>\n<\/tr>\n<tr>\n<td width=\"116\" height=\"17\">Kundenspezifisch<\/td>\n<td width=\"211\">Farbe\/Gr\u00f6\u00dfe\/Logo\/Verpackung\/Form<\/td>\n<\/tr>\n<\/tbody>\n<\/table>","protected":false},"featured_media":1879,"comment_status":"closed","ping_status":"closed","template":"","meta":{"_acf_changed":false},"product_brand":[],"product_cat":[20,36],"product_tag":[],"class_list":{"0":"post-1878","1":"product","2":"type-product","3":"status-publish","4":"has-post-thumbnail","6":"product_cat-dinnerware-supplier","7":"product_cat-ceramic-bowl-supplier","9":"first","10":"instock","11":"shipping-taxable","12":"product-type-simple"},"acf":[],"_links":{"self":[{"href":"https:\/\/www.czqunfa.com\/de\/wp-json\/wp\/v2\/product\/1878","targetHints":{"allow":["GET"]}}],"collection":[{"href":"https:\/\/www.czqunfa.com\/de\/wp-json\/wp\/v2\/product"}],"about":[{"href":"https:\/\/www.czqunfa.com\/de\/wp-json\/wp\/v2\/types\/product"}],"replies":[{"embeddable":true,"href":"https:\/\/www.czqunfa.com\/de\/wp-json\/wp\/v2\/comments?post=1878"}],"wp:featuredmedia":[{"embeddable":true,"href":"https:\/\/www.czqunfa.com\/de\/wp-json\/wp\/v2\/media\/1879"}],"wp:attachment":[{"href":"https:\/\/www.czqunfa.com\/de\/wp-json\/wp\/v2\/media?parent=1878"}],"wp:term":[{"taxonomy":"product_brand","embeddable":true,"href":"https:\/\/www.czqunfa.com\/de\/wp-json\/wp\/v2\/product_brand?post=1878"},{"taxonomy":"product_cat","embeddable":true,"href":"https:\/\/www.czqunfa.com\/de\/wp-json\/wp\/v2\/product_cat?post=1878"},{"taxonomy":"product_tag","embeddable":true,"href":"https:\/\/www.czqunfa.com\/de\/wp-json\/wp\/v2\/product_tag?post=1878"}],"curies":[{"name":"wp","href":"https:\/\/api.w.org\/{rel}","templated":true}]}}