{"id":1862,"date":"2026-02-10T03:19:05","date_gmt":"2026-02-10T03:19:05","guid":{"rendered":"https:\/\/www.czqunfa.com\/?post_type=product&#038;p=1862"},"modified":"2026-02-10T03:19:07","modified_gmt":"2026-02-10T03:19:07","slug":"wholesale-ceramic-casserole-pot","status":"publish","type":"product","link":"https:\/\/www.czqunfa.com\/de\/produkt\/wholesale-ceramic-casserole-pot\/","title":{"rendered":"Gro\u00dfhandel Keramik Kasserolle Topf, 6.4\u2033 Bulk Kasserolle Sch\u00fcssel"},"content":{"rendered":"<div class=\"wp-block-columns is-layout-flex wp-container-core-columns-is-layout-9d6595d7 wp-block-columns-is-layout-flex\">\n<div class=\"wp-block-column is-layout-flow wp-block-column-is-layout-flow\">\n<h2 class=\"wp-block-heading\">Eigenschaften von Gro\u00dfhandel Keramik Kasserolle Topf<\/h2>\n\n\n\n<ul class=\"wp-block-list\">\n<li><strong>Premium-Steinzeug Material:<\/strong> Dieser Auflauftopf f\u00fcr den Gro\u00dfhandel ist aus hochwertiger Steinzeugkeramik gefertigt. Diese Kasserolle bietet eine hervorragende W\u00e4rmespeicherung und gleichm\u00e4\u00dfige W\u00e4rmeverteilung. Er sorgt daf\u00fcr, dass die Lebensmittel gr\u00fcndlich gekocht werden und dabei ihren urspr\u00fcnglichen Geschmack und ihre Feuchtigkeit behalten.<\/li>\n\n\n\n<li>6.4\u2033 Kompakte &amp; praktische Gr\u00f6\u00dfe: Die Kapazit\u00e4t des Gro\u00dfhandels Keramik Kasserolle Topf ist 6,4 Zoll (bequem f\u00fcr einzelne Portionen oder kleine Portionen), h\u00e4ufig in Restaurants, Caf\u00e9s, B\u00e4ckereien und Hotel Mahlzeit Dienstleistungen verwendet, um einzelne gebackene Gerichte anbieten.<\/li>\n\n\n\n<li><strong>Langlebige und bruchfeste Glasur: <\/strong>Die ofenfeste Auflaufform mit Deckel aus dem Gro\u00dfhandel ist mit einer glatten Antihaftglasur \u00fcberzogen, die kratz-, flecken- und bruchfest ist. Handels\u00fcbliche Sp\u00fclmittel beeintr\u00e4chtigen ihren Glanz nicht.<\/li>\n\n\n\n<li><strong>Backofenfest und multifunktional einsetzbar:<\/strong> Der Gro\u00dfhandels-Keramikkochtopf ist f\u00fcr Backofen, Mikrowelle, Sp\u00fclmaschine und Gefrierschrank geeignet. Er eignet sich perfekt zum Backen von Aufl\u00e4ufen, Eint\u00f6pfen, Nudeln, Reisgerichten und Desserts und erf\u00fcllt verschiedene Koch- und Servieranforderungen.<\/li>\n\n\n\n<li><strong>Elegante Pr\u00e4sentation auf dem Tisch:<\/strong> Unsere ofenfeste Auflaufform mit Deckel aus dem Gro\u00dfhandel hat eine stilvolle glasierte Oberfl\u00e4che und ein minimalistisches Design, das sich f\u00fcr den Schreibtisch, das Esszimmer, das Wohnzimmer und die Arbeitsplatte eignet. Sie k\u00f6nnen es verwenden, um Kochgeschirr und Serviergeschirr zur gleichen Zeit zu pr\u00e4sentieren.<\/li>\n\n\n\n<li><strong>Gro\u00dfhandel &amp; Personalisierung:<\/strong> Der Gro\u00dfhandels-Keramikkochtopf erm\u00f6glicht Gro\u00dfbestellungen f\u00fcr OEM\/ODM-Anpassungen, wie z. B. Logodruck, Farbglasuroptionen, Verpackungsdesign und Gr\u00f6\u00dfenvariationen f\u00fcr Markenkunden und H\u00e4ndler.<\/li>\n<\/ul>\n<\/div>\n\n\n\n<div class=\"wp-block-column is-layout-flow wp-block-column-is-layout-flow\">\n<figure class=\"wp-block-image size-full\"><img decoding=\"async\" width=\"800\" height=\"800\" src=\"https:\/\/www.czqunfa.com\/wp-content\/uploads\/2026\/02\/wholesale-ceramic-casserole-pot-bulk-casserole-dish-2.webp\" alt=\"Gro\u00dfhandel-Keramik-Kasserolle-Topf-Gro\u00dfkasserolle-Schale-2\" class=\"wp-image-1864\" srcset=\"https:\/\/www.czqunfa.com\/wp-content\/uploads\/2026\/02\/wholesale-ceramic-casserole-pot-bulk-casserole-dish-2.webp 800w, https:\/\/www.czqunfa.com\/wp-content\/uploads\/2026\/02\/wholesale-ceramic-casserole-pot-bulk-casserole-dish-2-300x300.webp 300w, https:\/\/www.czqunfa.com\/wp-content\/uploads\/2026\/02\/wholesale-ceramic-casserole-pot-bulk-casserole-dish-2-150x150.webp 150w, https:\/\/www.czqunfa.com\/wp-content\/uploads\/2026\/02\/wholesale-ceramic-casserole-pot-bulk-casserole-dish-2-768x768.webp 768w, https:\/\/www.czqunfa.com\/wp-content\/uploads\/2026\/02\/wholesale-ceramic-casserole-pot-bulk-casserole-dish-2-12x12.webp 12w, https:\/\/www.czqunfa.com\/wp-content\/uploads\/2026\/02\/wholesale-ceramic-casserole-pot-bulk-casserole-dish-2-600x600.webp 600w, https:\/\/www.czqunfa.com\/wp-content\/uploads\/2026\/02\/wholesale-ceramic-casserole-pot-bulk-casserole-dish-2-100x100.webp 100w\" sizes=\"(max-width: 800px) 100vw, 800px\" \/><\/figure>\n<\/div>\n<\/div>\n\n\n\n<figure class=\"wp-block-gallery has-nested-images columns-default is-cropped wp-block-gallery-1 is-layout-flex wp-block-gallery-is-layout-flex\">\n<figure class=\"wp-block-image size-full\"><img decoding=\"async\" width=\"800\" height=\"800\" data-id=\"1864\" src=\"https:\/\/www.czqunfa.com\/wp-content\/uploads\/2026\/02\/wholesale-ceramic-casserole-pot-bulk-casserole-dish-2.webp\" alt=\"Gro\u00dfhandel-Keramik-Kasserolle-Topf-Gro\u00dfkasserolle-Schale-2\" class=\"wp-image-1864\" srcset=\"https:\/\/www.czqunfa.com\/wp-content\/uploads\/2026\/02\/wholesale-ceramic-casserole-pot-bulk-casserole-dish-2.webp 800w, https:\/\/www.czqunfa.com\/wp-content\/uploads\/2026\/02\/wholesale-ceramic-casserole-pot-bulk-casserole-dish-2-300x300.webp 300w, https:\/\/www.czqunfa.com\/wp-content\/uploads\/2026\/02\/wholesale-ceramic-casserole-pot-bulk-casserole-dish-2-150x150.webp 150w, https:\/\/www.czqunfa.com\/wp-content\/uploads\/2026\/02\/wholesale-ceramic-casserole-pot-bulk-casserole-dish-2-768x768.webp 768w, https:\/\/www.czqunfa.com\/wp-content\/uploads\/2026\/02\/wholesale-ceramic-casserole-pot-bulk-casserole-dish-2-12x12.webp 12w, https:\/\/www.czqunfa.com\/wp-content\/uploads\/2026\/02\/wholesale-ceramic-casserole-pot-bulk-casserole-dish-2-600x600.webp 600w, https:\/\/www.czqunfa.com\/wp-content\/uploads\/2026\/02\/wholesale-ceramic-casserole-pot-bulk-casserole-dish-2-100x100.webp 100w\" sizes=\"(max-width: 800px) 100vw, 800px\" \/><\/figure>\n\n\n\n<figure class=\"wp-block-image size-full\"><img decoding=\"async\" width=\"800\" height=\"800\" data-id=\"1866\" src=\"https:\/\/www.czqunfa.com\/wp-content\/uploads\/2026\/02\/wholesale-ceramic-casserole-pot-bulk-casserole-dish-4.webp\" alt=\"Gro\u00dfhandel-Keramik-Kasserolle-Topf-Gro\u00dfkasserolle-Schale-4\" class=\"wp-image-1866\" srcset=\"https:\/\/www.czqunfa.com\/wp-content\/uploads\/2026\/02\/wholesale-ceramic-casserole-pot-bulk-casserole-dish-4.webp 800w, https:\/\/www.czqunfa.com\/wp-content\/uploads\/2026\/02\/wholesale-ceramic-casserole-pot-bulk-casserole-dish-4-300x300.webp 300w, https:\/\/www.czqunfa.com\/wp-content\/uploads\/2026\/02\/wholesale-ceramic-casserole-pot-bulk-casserole-dish-4-150x150.webp 150w, https:\/\/www.czqunfa.com\/wp-content\/uploads\/2026\/02\/wholesale-ceramic-casserole-pot-bulk-casserole-dish-4-768x768.webp 768w, https:\/\/www.czqunfa.com\/wp-content\/uploads\/2026\/02\/wholesale-ceramic-casserole-pot-bulk-casserole-dish-4-12x12.webp 12w, https:\/\/www.czqunfa.com\/wp-content\/uploads\/2026\/02\/wholesale-ceramic-casserole-pot-bulk-casserole-dish-4-600x600.webp 600w, https:\/\/www.czqunfa.com\/wp-content\/uploads\/2026\/02\/wholesale-ceramic-casserole-pot-bulk-casserole-dish-4-100x100.webp 100w\" sizes=\"(max-width: 800px) 100vw, 800px\" \/><\/figure>\n<\/figure>\n\n\n\n<p><\/p>","protected":false},"excerpt":{"rendered":"<p>Willkommen zum Kauf dieser 6,4\u2033 Gro\u00dfhandel Keramik Kasserolle Topf mit Deckel ist aus hochwertigem ofenfestes Steingut gefertigt, bietet \u00fcberlegene W\u00e4rmespeicherung und Haltbarkeit zum Backen und Servieren. Perfekt f\u00fcr Hochzeiten, Silvester, Restaurants, oder zu Hause speisen, bietet es praktische Funktionalit\u00e4t mit stilvollen Pr\u00e4sentation. Durch die M\u00f6glichkeit, sie in gro\u00dfen Mengen zu liefern und mit einem individuellen Branding zu versehen, ist sie die perfekte Wahl f\u00fcr Restaurants, Hotels, Catering-Unternehmen und K\u00fcchenger\u00e4teh\u00e4ndler, die hochwertige Keramikkasserollen suchen.<\/p>\n<h2>Gro\u00dfhandel Keramik Kasserolle Topf Parameter<\/h2>\n<table width=\"328\">\n<tbody>\n<tr>\n<td width=\"116\">Hersteller<\/td>\n<td width=\"211\">QUNFA<\/td>\n<\/tr>\n<tr>\n<td width=\"116\">Produkttyp<\/td>\n<td>Auflauf<\/td>\n<\/tr>\n<tr>\n<td width=\"116\">Modell-Nr.<\/td>\n<td>22-0166\u00a0<\/td>\n<\/tr>\n<tr>\n<td width=\"116\">Material<\/td>\n<td width=\"211\">Steinzeug<\/td>\n<\/tr>\n<tr>\n<td width=\"116\">Farbe<\/td>\n<td width=\"211\">Rot\u00a0<\/td>\n<\/tr>\n<tr>\n<td width=\"116\">Dimension<\/td>\n<td width=\"211\">Deckel:13*13*4cm <br \/>K\u00f6rper:16.3*11.9*5.5cm <br \/>kleinste:16.3*11.9*9cm<\/td>\n<\/tr>\n<tr>\n<td width=\"116\">Mindestbestellmenge<\/td>\n<td width=\"211\">1000 St\u00fcck<\/td>\n<\/tr>\n<tr>\n<td width=\"116\">Kundenspezifisch<\/td>\n<td width=\"211\">Farbe\/Gr\u00f6\u00dfe\/Logo\/Verpackung\/Form<\/td>\n<\/tr>\n<\/tbody>\n<\/table>","protected":false},"featured_media":1863,"comment_status":"closed","ping_status":"closed","template":"","meta":{"_acf_changed":false},"product_brand":[],"product_cat":[22,28],"product_tag":[],"class_list":{"0":"post-1862","1":"product","2":"type-product","3":"status-publish","4":"has-post-thumbnail","6":"product_cat-bakeware-manufacturer","7":"product_cat-wholesale-casserole-dishes","9":"first","10":"instock","11":"shipping-taxable","12":"product-type-simple"},"acf":[],"_links":{"self":[{"href":"https:\/\/www.czqunfa.com\/de\/wp-json\/wp\/v2\/product\/1862","targetHints":{"allow":["GET"]}}],"collection":[{"href":"https:\/\/www.czqunfa.com\/de\/wp-json\/wp\/v2\/product"}],"about":[{"href":"https:\/\/www.czqunfa.com\/de\/wp-json\/wp\/v2\/types\/product"}],"replies":[{"embeddable":true,"href":"https:\/\/www.czqunfa.com\/de\/wp-json\/wp\/v2\/comments?post=1862"}],"wp:featuredmedia":[{"embeddable":true,"href":"https:\/\/www.czqunfa.com\/de\/wp-json\/wp\/v2\/media\/1863"}],"wp:attachment":[{"href":"https:\/\/www.czqunfa.com\/de\/wp-json\/wp\/v2\/media?parent=1862"}],"wp:term":[{"taxonomy":"product_brand","embeddable":true,"href":"https:\/\/www.czqunfa.com\/de\/wp-json\/wp\/v2\/product_brand?post=1862"},{"taxonomy":"product_cat","embeddable":true,"href":"https:\/\/www.czqunfa.com\/de\/wp-json\/wp\/v2\/product_cat?post=1862"},{"taxonomy":"product_tag","embeddable":true,"href":"https:\/\/www.czqunfa.com\/de\/wp-json\/wp\/v2\/product_tag?post=1862"}],"curies":[{"name":"wp","href":"https:\/\/api.w.org\/{rel}","templated":true}]}}