{"id":1843,"date":"2026-02-09T11:13:00","date_gmt":"2026-02-09T11:13:00","guid":{"rendered":"https:\/\/www.czqunfa.com\/?post_type=product&#038;p=1843"},"modified":"2026-02-09T11:13:02","modified_gmt":"2026-02-09T11:13:02","slug":"wholesale-kitchen-canisters","status":"publish","type":"product","link":"https:\/\/www.czqunfa.com\/de\/produkt\/wholesale-kitchen-canisters\/","title":{"rendered":"Gro\u00dfhandel K\u00fcche Kanister, Bulk Ceramic Food Storage Jars"},"content":{"rendered":"<div class=\"wp-block-columns is-layout-flex wp-container-core-columns-is-layout-9d6595d7 wp-block-columns-is-layout-flex\">\n<div class=\"wp-block-column is-layout-flow wp-block-column-is-layout-flow\">\n<h2 class=\"wp-block-heading\">Merkmale des Gro\u00dfhandels K\u00fcche Kanister<\/h2>\n\n\n\n<ul class=\"wp-block-list\">\n<li><strong>Hochwertiges, lebensmittelechtes keramisches Material: <\/strong>Diese Gro\u00dfhandels-K\u00fcchenkanister sind aus hochwertiger, bleifreier und ungiftiger Keramik hergestellt. Diese keramischen Lebensmittelbeh\u00e4lter sind sicher f\u00fcr die Lagerung von trockenen Lebensmitteln wie Kaffee, Tee, Zucker, Mehl, Nudeln, Gew\u00fcrze und Snacks.<\/li>\n\n\n\n<li><strong>Hochwertiges Design:<\/strong> Die zartrosa Farbgebung unserer Vorratsdosen mit Deckel aus Keramik in Kombination mit dem exquisiten Deckel mit Schleifenpr\u00e4gung sorgt f\u00fcr einen starken visuellen Eindruck in den Regalen und passt perfekt zu den aktuellen \u201cGirly\u201d- und \u201cDopamin\u201d-Trends in der Wohnkultur.<\/li>\n\n\n\n<li><strong>Luftdichter Deckel f\u00fcr Frischeerhaltung:<\/strong> Diese Gro\u00dfhandelsk\u00fcchenkanister sind mit einem dicht verschlossenen Deckel ausgestattet, der das Eindringen von Feuchtigkeit, Luft und Insekten in die Zutaten verhindern kann und die Lebensmittel l\u00e4nger frisch h\u00e4lt.<\/li>\n\n\n\n<li><strong>Leicht zu reinigen und geruchsresistent:<\/strong> Die glasierten Innenfl\u00e4chen dieser Gro\u00dfhandelskanister sind glatt, nehmen keine Ger\u00fcche auf und lassen sich leicht reinigen.<\/li>\n\n\n\n<li>Sichere Gro\u00dfverpackung f\u00fcr den Gro\u00dfhandel: Unsere professionellen Exportverpackungen f\u00fcr Gro\u00dfmengen an keramischen Lebensmittelbeh\u00e4ltern mit Deckeln gew\u00e4hrleisten einen sicheren Transport f\u00fcr Gro\u00dfbestellungen und eignen sich f\u00fcr E-Commerce-Verk\u00e4ufer, Gro\u00dfh\u00e4ndler und Importeure.<\/li>\n\n\n\n<li><strong>Factory Direct &amp; Scale:<\/strong> Diese Gro\u00dfhandel K\u00fcche Kanister von Qunfa Keramik, betonen wir direkte Fabrik Produktion, die Beseitigung von Zwischenh\u00e4ndlern zu wettbewerbsf\u00e4higen Gro\u00dfhandelspreisen und stabile Lieferzeiten zu gew\u00e4hrleisten, so dass wir ideal f\u00fcr gro\u00dfe Beschaffungsprojekte.<\/li>\n<\/ul>\n<\/div>\n\n\n\n<div class=\"wp-block-column is-layout-flow wp-block-column-is-layout-flow\">\n<figure class=\"wp-block-image size-full\"><img decoding=\"async\" width=\"1000\" height=\"1000\" src=\"https:\/\/www.czqunfa.com\/wp-content\/uploads\/2026\/02\/wholesale-kitchen-canisters-bulk-ceramic-food-storage-jars-5.webp\" alt=\"Gro\u00dfhandel-K\u00fcchen-Kanister-Gro\u00dfpackungen-Keramik-Lebensmittel-Aufbewahrungsgl\u00e4ser-5\" class=\"wp-image-1848\" srcset=\"https:\/\/www.czqunfa.com\/wp-content\/uploads\/2026\/02\/wholesale-kitchen-canisters-bulk-ceramic-food-storage-jars-5.webp 1000w, https:\/\/www.czqunfa.com\/wp-content\/uploads\/2026\/02\/wholesale-kitchen-canisters-bulk-ceramic-food-storage-jars-5-300x300.webp 300w, https:\/\/www.czqunfa.com\/wp-content\/uploads\/2026\/02\/wholesale-kitchen-canisters-bulk-ceramic-food-storage-jars-5-150x150.webp 150w, https:\/\/www.czqunfa.com\/wp-content\/uploads\/2026\/02\/wholesale-kitchen-canisters-bulk-ceramic-food-storage-jars-5-768x768.webp 768w, https:\/\/www.czqunfa.com\/wp-content\/uploads\/2026\/02\/wholesale-kitchen-canisters-bulk-ceramic-food-storage-jars-5-12x12.webp 12w, https:\/\/www.czqunfa.com\/wp-content\/uploads\/2026\/02\/wholesale-kitchen-canisters-bulk-ceramic-food-storage-jars-5-600x600.webp 600w, https:\/\/www.czqunfa.com\/wp-content\/uploads\/2026\/02\/wholesale-kitchen-canisters-bulk-ceramic-food-storage-jars-5-100x100.webp 100w\" sizes=\"(max-width: 1000px) 100vw, 1000px\" \/><\/figure>\n<\/div>\n<\/div>\n\n\n\n<figure class=\"wp-block-gallery has-nested-images columns-default is-cropped wp-block-gallery-1 is-layout-flex wp-block-gallery-is-layout-flex\">\n<figure class=\"wp-block-image size-full\"><img decoding=\"async\" width=\"1000\" height=\"1000\" data-id=\"1847\" src=\"https:\/\/www.czqunfa.com\/wp-content\/uploads\/2026\/02\/wholesale-kitchen-canisters-bulk-ceramic-food-storage-jars-4.webp\" alt=\"Gro\u00dfhandel-K\u00fcchen-Kanister-Gro\u00dfpackungen-Keramik-Lebensmittel-Aufbewahrungsgl\u00e4ser-4\" class=\"wp-image-1847\" srcset=\"https:\/\/www.czqunfa.com\/wp-content\/uploads\/2026\/02\/wholesale-kitchen-canisters-bulk-ceramic-food-storage-jars-4.webp 1000w, https:\/\/www.czqunfa.com\/wp-content\/uploads\/2026\/02\/wholesale-kitchen-canisters-bulk-ceramic-food-storage-jars-4-300x300.webp 300w, https:\/\/www.czqunfa.com\/wp-content\/uploads\/2026\/02\/wholesale-kitchen-canisters-bulk-ceramic-food-storage-jars-4-150x150.webp 150w, https:\/\/www.czqunfa.com\/wp-content\/uploads\/2026\/02\/wholesale-kitchen-canisters-bulk-ceramic-food-storage-jars-4-768x768.webp 768w, https:\/\/www.czqunfa.com\/wp-content\/uploads\/2026\/02\/wholesale-kitchen-canisters-bulk-ceramic-food-storage-jars-4-12x12.webp 12w, https:\/\/www.czqunfa.com\/wp-content\/uploads\/2026\/02\/wholesale-kitchen-canisters-bulk-ceramic-food-storage-jars-4-600x600.webp 600w, https:\/\/www.czqunfa.com\/wp-content\/uploads\/2026\/02\/wholesale-kitchen-canisters-bulk-ceramic-food-storage-jars-4-100x100.webp 100w\" sizes=\"(max-width: 1000px) 100vw, 1000px\" \/><\/figure>\n\n\n\n<figure class=\"wp-block-image size-full\"><img decoding=\"async\" width=\"1000\" height=\"1000\" data-id=\"1845\" src=\"https:\/\/www.czqunfa.com\/wp-content\/uploads\/2026\/02\/wholesale-kitchen-canisters-bulk-ceramic-food-storage-jars-2.webp\" alt=\"Gro\u00dfhandel-K\u00fcchen-Kanister-Gro\u00dfpackungen-Keramik-Lebensmittel-Aufbewahrungsgl\u00e4ser-2\" class=\"wp-image-1845\" srcset=\"https:\/\/www.czqunfa.com\/wp-content\/uploads\/2026\/02\/wholesale-kitchen-canisters-bulk-ceramic-food-storage-jars-2.webp 1000w, https:\/\/www.czqunfa.com\/wp-content\/uploads\/2026\/02\/wholesale-kitchen-canisters-bulk-ceramic-food-storage-jars-2-300x300.webp 300w, https:\/\/www.czqunfa.com\/wp-content\/uploads\/2026\/02\/wholesale-kitchen-canisters-bulk-ceramic-food-storage-jars-2-150x150.webp 150w, https:\/\/www.czqunfa.com\/wp-content\/uploads\/2026\/02\/wholesale-kitchen-canisters-bulk-ceramic-food-storage-jars-2-768x768.webp 768w, https:\/\/www.czqunfa.com\/wp-content\/uploads\/2026\/02\/wholesale-kitchen-canisters-bulk-ceramic-food-storage-jars-2-12x12.webp 12w, https:\/\/www.czqunfa.com\/wp-content\/uploads\/2026\/02\/wholesale-kitchen-canisters-bulk-ceramic-food-storage-jars-2-600x600.webp 600w, https:\/\/www.czqunfa.com\/wp-content\/uploads\/2026\/02\/wholesale-kitchen-canisters-bulk-ceramic-food-storage-jars-2-100x100.webp 100w\" sizes=\"(max-width: 1000px) 100vw, 1000px\" \/><\/figure>\n<\/figure>\n\n\n\n<p><\/p>","protected":false},"excerpt":{"rendered":"<p>Willkommen in unserem Gro\u00dfhandel K\u00fcche Kanister mit benutzerdefinierten Druck, die ideale Keramik Lebensmittel Lagerung L\u00f6sungen f\u00fcr Kaffee, Tee, Zucker und trockene Zutaten sind zu kaufen. Hergestellt aus lebensmittelechter Keramik und gepaart mit luftdichten Deckeln, halten diese gro\u00dfen keramischen Vorratsdosen den Inhalt frisch und verbessern gleichzeitig die K\u00fcchenorganisation. Sie unterst\u00fctzen die OEM\/ODM-Anpassung und eignen sich daher perfekt f\u00fcr Einzelh\u00e4ndler, K\u00fcchenartikelmarken, Superm\u00e4rkte und Werbegeschenkprojekte.<\/p>\n<h2>Gro\u00dfhandel K\u00fcche Kanister Parameter<\/h2>\n<table width=\"328\">\n<tbody>\n<tr>\n<td width=\"116\">Hersteller<\/td>\n<td width=\"211\">QUNFA<\/td>\n<\/tr>\n<tr>\n<td width=\"116\">Produkttyp<\/td>\n<td>Vorratsglas<\/td>\n<\/tr>\n<tr>\n<td width=\"116\">Modell-Nr.<\/td>\n<td>T25-0013\u00a0<\/td>\n<\/tr>\n<tr>\n<td width=\"116\">Material<\/td>\n<td width=\"211\">Steinzeug<\/td>\n<\/tr>\n<tr>\n<td width=\"116\">Farbe<\/td>\n<td width=\"211\">Rosa<\/td>\n<\/tr>\n<tr>\n<td width=\"116\">Dimension<\/td>\n<td width=\"211\">\u00a0Gef\u00e4\u00df:15\u00d715\u00d716,7cm<br \/>\u00a0Deckel:10.3\u00d710.3\u00d77cm<\/td>\n<\/tr>\n<tr>\n<td width=\"116\">Mindestbestellmenge<\/td>\n<td width=\"211\">1000 St\u00fcck<\/td>\n<\/tr>\n<tr>\n<td width=\"116\">Kundenspezifisch<\/td>\n<td width=\"211\">Farbe\/Gr\u00f6\u00dfe\/Logo\/Verpackung\/Form<\/td>\n<\/tr>\n<\/tbody>\n<\/table>","protected":false},"featured_media":1846,"comment_status":"closed","ping_status":"closed","template":"","meta":{"_acf_changed":false},"product_brand":[],"product_cat":[17,47],"product_tag":[],"class_list":{"0":"post-1843","1":"product","2":"type-product","3":"status-publish","4":"has-post-thumbnail","6":"product_cat-home-garden-decor-wholesale","7":"product_cat-canister-supplier","9":"first","10":"instock","11":"shipping-taxable","12":"product-type-simple"},"acf":[],"_links":{"self":[{"href":"https:\/\/www.czqunfa.com\/de\/wp-json\/wp\/v2\/product\/1843","targetHints":{"allow":["GET"]}}],"collection":[{"href":"https:\/\/www.czqunfa.com\/de\/wp-json\/wp\/v2\/product"}],"about":[{"href":"https:\/\/www.czqunfa.com\/de\/wp-json\/wp\/v2\/types\/product"}],"replies":[{"embeddable":true,"href":"https:\/\/www.czqunfa.com\/de\/wp-json\/wp\/v2\/comments?post=1843"}],"wp:featuredmedia":[{"embeddable":true,"href":"https:\/\/www.czqunfa.com\/de\/wp-json\/wp\/v2\/media\/1846"}],"wp:attachment":[{"href":"https:\/\/www.czqunfa.com\/de\/wp-json\/wp\/v2\/media?parent=1843"}],"wp:term":[{"taxonomy":"product_brand","embeddable":true,"href":"https:\/\/www.czqunfa.com\/de\/wp-json\/wp\/v2\/product_brand?post=1843"},{"taxonomy":"product_cat","embeddable":true,"href":"https:\/\/www.czqunfa.com\/de\/wp-json\/wp\/v2\/product_cat?post=1843"},{"taxonomy":"product_tag","embeddable":true,"href":"https:\/\/www.czqunfa.com\/de\/wp-json\/wp\/v2\/product_tag?post=1843"}],"curies":[{"name":"wp","href":"https:\/\/api.w.org\/{rel}","templated":true}]}}