{"id":1842,"date":"2026-02-09T10:51:53","date_gmt":"2026-02-09T10:51:53","guid":{"rendered":"https:\/\/www.czqunfa.com\/?post_type=product&#038;p=1842"},"modified":"2026-02-09T10:58:24","modified_gmt":"2026-02-09T10:58:24","slug":"custom-storage-jar","status":"publish","type":"product","link":"https:\/\/www.czqunfa.com\/de\/produkt\/custom-storage-jar\/","title":{"rendered":"Tier-geformte benutzerdefinierte Lagerung Jar, keramische Kanister Gro\u00dfhandel"},"content":{"rendered":"<div class=\"wp-block-columns is-layout-flex wp-container-core-columns-is-layout-9d6595d7 wp-block-columns-is-layout-flex\">\n<div class=\"wp-block-column is-layout-flow wp-block-column-is-layout-flow\">\n<h2 class=\"wp-block-heading\">Merkmale von Custom Storage Jar<\/h2>\n\n\n\n<ul class=\"wp-block-list\">\n<li><strong>3-teiliges Value-Geschenkset:<\/strong> Diese individuellen Aufbewahrungsgl\u00e4ser werden als koordiniertes Set von drei Tiergl\u00e4sern verkauft, was den Produktwert erh\u00f6ht und sich ideal f\u00fcr Geschenkb\u00fcndel im Einzelhandel und saisonale Werbeaktionen eignet.<\/li>\n\n\n\n<li><strong>Ultimative Leichtigkeit der Reinigung: <\/strong>Unsere Keramikkanister f\u00fcr den Gro\u00dfhandel sind aus bleifreier Keramik gefertigt und verf\u00fcgen \u00fcber eine dichte, glatte, glasierte Oberfl\u00e4che, die leicht zu reinigen und resistent gegen Ger\u00fcche und Flecken ist und lange Zeit wie neu aussieht.<\/li>\n\n\n\n<li><strong>Einzigartiges Design in Tierform:<\/strong> Diese individuellen Aufbewahrungsgl\u00e4ser mit einem lustigen tierischen Design bieten einen gro\u00dfen visuellen Eindruck und einen hohen Verkaufswert. Sie eignen sich ideal f\u00fcr Geschenkverpackungen, Heimdeko-Serien und thematische Kerzen- oder Lebensmittelserien, mit denen Marken in den Regalen der Gesch\u00e4fte gl\u00e4nzen k\u00f6nnen.<\/li>\n\n\n\n<li><strong>Multifunktionale Anwendung:<\/strong> Diese ma\u00dfgefertigten Vorratsgl\u00e4ser mit Deckel sind vielseitig einsetzbar, z. B. zum Bef\u00fcllen von Kerzen, zur Aufbewahrung von Wachs, Kaffeebohnen, Tee, Zucker, Gew\u00fcrzen und Snacks. Geeignet f\u00fcr Kerzenmarken, Lebensmittellieferanten und Lifestyle-Einzelh\u00e4ndler.<\/li>\n\n\n\n<li><strong>OEM- und ODM-Anpassungsdienst:<\/strong> Unsere Keramikkanister f\u00fcr den Gro\u00dfhandel unterst\u00fctzen individuelle Formen, Farben, Logos, Aufkleber und Verpackungsl\u00f6sungen. Wir helfen Marken bei der Erstellung exklusiver Private-Label-Keramik-Kollektionen.<\/li>\n<\/ul>\n<\/div>\n\n\n\n<div class=\"wp-block-column is-layout-flow wp-block-column-is-layout-flow\">\n<figure class=\"wp-block-image size-full\"><img decoding=\"async\" width=\"750\" height=\"750\" src=\"https:\/\/www.czqunfa.com\/wp-content\/uploads\/2026\/02\/wholesale-ceramic-jars-with-lids-set-custom-storage-jar-1.webp\" alt=\"tierf\u00f6rmige-keramische-kanister-gro\u00dfhandel-1\" class=\"wp-image-1830\" srcset=\"https:\/\/www.czqunfa.com\/wp-content\/uploads\/2026\/02\/wholesale-ceramic-jars-with-lids-set-custom-storage-jar-1.webp 750w, https:\/\/www.czqunfa.com\/wp-content\/uploads\/2026\/02\/wholesale-ceramic-jars-with-lids-set-custom-storage-jar-1-300x300.webp 300w, https:\/\/www.czqunfa.com\/wp-content\/uploads\/2026\/02\/wholesale-ceramic-jars-with-lids-set-custom-storage-jar-1-150x150.webp 150w, https:\/\/www.czqunfa.com\/wp-content\/uploads\/2026\/02\/wholesale-ceramic-jars-with-lids-set-custom-storage-jar-1-12x12.webp 12w, https:\/\/www.czqunfa.com\/wp-content\/uploads\/2026\/02\/wholesale-ceramic-jars-with-lids-set-custom-storage-jar-1-600x600.webp 600w, https:\/\/www.czqunfa.com\/wp-content\/uploads\/2026\/02\/wholesale-ceramic-jars-with-lids-set-custom-storage-jar-1-100x100.webp 100w\" sizes=\"(max-width: 750px) 100vw, 750px\" \/><\/figure>\n<\/div>\n<\/div>\n\n\n\n<figure class=\"wp-block-gallery has-nested-images columns-default is-cropped wp-block-gallery-1 is-layout-flex wp-block-gallery-is-layout-flex\">\n<figure class=\"wp-block-image size-full\"><img decoding=\"async\" width=\"750\" height=\"750\" data-id=\"1833\" src=\"https:\/\/www.czqunfa.com\/wp-content\/uploads\/2026\/02\/wholesale-ceramic-jars-with-lids-set-custom-storage-jar-4.webp\" alt=\"tierf\u00f6rmige-keramische-kanister-gro\u00dfhandel-4\" class=\"wp-image-1833\" srcset=\"https:\/\/www.czqunfa.com\/wp-content\/uploads\/2026\/02\/wholesale-ceramic-jars-with-lids-set-custom-storage-jar-4.webp 750w, https:\/\/www.czqunfa.com\/wp-content\/uploads\/2026\/02\/wholesale-ceramic-jars-with-lids-set-custom-storage-jar-4-300x300.webp 300w, https:\/\/www.czqunfa.com\/wp-content\/uploads\/2026\/02\/wholesale-ceramic-jars-with-lids-set-custom-storage-jar-4-150x150.webp 150w, https:\/\/www.czqunfa.com\/wp-content\/uploads\/2026\/02\/wholesale-ceramic-jars-with-lids-set-custom-storage-jar-4-12x12.webp 12w, https:\/\/www.czqunfa.com\/wp-content\/uploads\/2026\/02\/wholesale-ceramic-jars-with-lids-set-custom-storage-jar-4-600x600.webp 600w, https:\/\/www.czqunfa.com\/wp-content\/uploads\/2026\/02\/wholesale-ceramic-jars-with-lids-set-custom-storage-jar-4-100x100.webp 100w\" sizes=\"(max-width: 750px) 100vw, 750px\" \/><\/figure>\n\n\n\n<figure class=\"wp-block-image size-full\"><img decoding=\"async\" width=\"750\" height=\"750\" data-id=\"1832\" src=\"https:\/\/www.czqunfa.com\/wp-content\/uploads\/2026\/02\/wholesale-ceramic-jars-with-lids-set-custom-storage-jar-3.webp\" alt=\"tierf\u00f6rmige-keramische-kanister-gro\u00dfhandel-3\" class=\"wp-image-1832\" srcset=\"https:\/\/www.czqunfa.com\/wp-content\/uploads\/2026\/02\/wholesale-ceramic-jars-with-lids-set-custom-storage-jar-3.webp 750w, https:\/\/www.czqunfa.com\/wp-content\/uploads\/2026\/02\/wholesale-ceramic-jars-with-lids-set-custom-storage-jar-3-300x300.webp 300w, https:\/\/www.czqunfa.com\/wp-content\/uploads\/2026\/02\/wholesale-ceramic-jars-with-lids-set-custom-storage-jar-3-150x150.webp 150w, https:\/\/www.czqunfa.com\/wp-content\/uploads\/2026\/02\/wholesale-ceramic-jars-with-lids-set-custom-storage-jar-3-12x12.webp 12w, https:\/\/www.czqunfa.com\/wp-content\/uploads\/2026\/02\/wholesale-ceramic-jars-with-lids-set-custom-storage-jar-3-600x600.webp 600w, https:\/\/www.czqunfa.com\/wp-content\/uploads\/2026\/02\/wholesale-ceramic-jars-with-lids-set-custom-storage-jar-3-100x100.webp 100w\" sizes=\"(max-width: 750px) 100vw, 750px\" \/><\/figure>\n<\/figure>\n\n\n\n<p><\/p>","protected":false},"excerpt":{"rendered":"<p>Willkommen beim Kauf unseres 3er-Sets von Vorratsdosen in Tierform, die aus umweltfreundlicher, lebensmittelechter Keramik hergestellt sind. Jedes Glas verf\u00fcgt \u00fcber einen luftdichten Deckel, einen dauerhaften Hochtemperaturbrand und dekorative Tiermotive, die den Wert der Pr\u00e4sentation im Einzelhandel erh\u00f6hen. Wir bieten Gro\u00dflieferungen mit flexibler OEM\/ODM-Anpassung, um Ihre globalen Beschaffungs- und Markenanforderungen zu erf\u00fcllen.<\/p>\n<h2>Parameter f\u00fcr benutzerdefinierte Aufbewahrungsgef\u00e4\u00dfe<\/h2>\n<table width=\"328\">\n<tbody>\n<tr>\n<td width=\"116\">Hersteller<\/td>\n<td width=\"211\">QUNFA<\/td>\n<\/tr>\n<tr>\n<td width=\"116\">Produkttyp<\/td>\n<td>Vorratsglas<\/td>\n<\/tr>\n<tr>\n<td width=\"116\">Modell-Nr.<\/td>\n<td>\u00a0QFS17-284W-1<\/td>\n<\/tr>\n<tr>\n<td width=\"116\">Material<\/td>\n<td width=\"211\">Steinzeug<\/td>\n<\/tr>\n<tr>\n<td width=\"116\">Farbe<\/td>\n<td width=\"211\">Schwarz<\/td>\n<\/tr>\n<tr>\n<td width=\"116\">Dimension<\/td>\n<td width=\"211\">L: K\u00f6rper 16.5*16.5*16.8cm, Deckel :13.5*13.5*10.3cm<br \/>M: K\u00f6rper 15*15*15cm, Deckel :12.5*12.5*9.5cm<br \/>S: K\u00f6rper 11*11*13cm, Deckel :9*9*8cm<\/td>\n<\/tr>\n<tr>\n<td width=\"116\">Mindestbestellmenge<\/td>\n<td width=\"211\">1000 St\u00fcck<\/td>\n<\/tr>\n<tr>\n<td width=\"116\">Kundenspezifisch<\/td>\n<td width=\"211\">Farbe\/Gr\u00f6\u00dfe\/Logo\/Verpackung\/Form<\/td>\n<\/tr>\n<\/tbody>\n<\/table>","protected":false},"featured_media":1835,"comment_status":"closed","ping_status":"closed","template":"","meta":{"_acf_changed":false},"product_brand":[],"product_cat":[17,48,47],"product_tag":[],"class_list":{"0":"post-1842","1":"product","2":"type-product","3":"status-publish","4":"has-post-thumbnail","6":"product_cat-home-garden-decor-wholesale","7":"product_cat-wholesale-candle-containers","8":"product_cat-canister-supplier","10":"first","11":"instock","12":"shipping-taxable","13":"product-type-simple"},"acf":[],"_links":{"self":[{"href":"https:\/\/www.czqunfa.com\/de\/wp-json\/wp\/v2\/product\/1842","targetHints":{"allow":["GET"]}}],"collection":[{"href":"https:\/\/www.czqunfa.com\/de\/wp-json\/wp\/v2\/product"}],"about":[{"href":"https:\/\/www.czqunfa.com\/de\/wp-json\/wp\/v2\/types\/product"}],"replies":[{"embeddable":true,"href":"https:\/\/www.czqunfa.com\/de\/wp-json\/wp\/v2\/comments?post=1842"}],"wp:featuredmedia":[{"embeddable":true,"href":"https:\/\/www.czqunfa.com\/de\/wp-json\/wp\/v2\/media\/1835"}],"wp:attachment":[{"href":"https:\/\/www.czqunfa.com\/de\/wp-json\/wp\/v2\/media?parent=1842"}],"wp:term":[{"taxonomy":"product_brand","embeddable":true,"href":"https:\/\/www.czqunfa.com\/de\/wp-json\/wp\/v2\/product_brand?post=1842"},{"taxonomy":"product_cat","embeddable":true,"href":"https:\/\/www.czqunfa.com\/de\/wp-json\/wp\/v2\/product_cat?post=1842"},{"taxonomy":"product_tag","embeddable":true,"href":"https:\/\/www.czqunfa.com\/de\/wp-json\/wp\/v2\/product_tag?post=1842"}],"curies":[{"name":"wp","href":"https:\/\/api.w.org\/{rel}","templated":true}]}}