{"id":1794,"date":"2026-02-10T06:41:03","date_gmt":"2026-02-10T06:41:03","guid":{"rendered":"https:\/\/www.czqunfa.com\/?post_type=product&#038;p=1794"},"modified":"2026-02-10T06:41:04","modified_gmt":"2026-02-10T06:41:04","slug":"bulk-gravy-boats","status":"publish","type":"product","link":"https:\/\/www.czqunfa.com\/de\/produkt\/bulk-gravy-boats\/","title":{"rendered":"Bulk-Saucenboote, handbemaltes keramisches Saucenboot"},"content":{"rendered":"<div class=\"wp-block-columns is-layout-flex wp-container-core-columns-is-layout-9d6595d7 wp-block-columns-is-layout-flex\">\n<div class=\"wp-block-column is-layout-flow wp-block-column-is-layout-flow\">\n<h2 class=\"wp-block-heading\">Merkmale von Bulk Gravy Boats<\/h2>\n\n\n\n<p><strong>Bienen und Blumen Design: <\/strong>Diese gro\u00dfen Saucieren sind mit handgemalten Mustern von Bienen, rosa Blumen und gr\u00fcnen Bl\u00e4ttern verziert. Die leuchtend gelben R\u00e4nder und der Griff passen zu der insgesamt weichen wei\u00dfen Keramik und bringen einen Hauch von Farbe auf den t\u00e4glichen Esstisch.<\/p>\n\n\n\n<p><strong>Langlebiges und leicht zu reinigendes Keramikmaterial:<\/strong> Diese gro\u00dfvolumigen Saucieren sind aus hochwertigem Steingut gefertigt, das langlebig und leicht zu reinigen ist. Die ausgezeichnete Glasur kann sicher f\u00fcr Lebensmittel verwendet werden, so f\u00fchlen sich frei, es zu benutzen.<\/p>\n\n\n\n<p><strong>Sanftes Ausgie\u00dfen ohne Auslaufen:<\/strong> Der Ausgie\u00dfer der gro\u00dfen Sauciere wurde sorgf\u00e4ltig entworfen. Beim Ausgie\u00dfen der So\u00dfe flie\u00dft diese gleichm\u00e4\u00dfig und ordentlich, mit einem sauberen und ordentlichen Verschluss, der keine Tropfen oder Lecks hinterl\u00e4sst und den Esstisch immer ordentlich h\u00e4lt.<\/p>\n\n\n\n<p><strong>Breiter Sockel mit Anti-Rutsch- und Anti-Hitze-Eigenschaften:<\/strong> Der Boden ist verbreitert und rutschhemmend behandelt, so dass eine gute W\u00e4rmeisolierung gew\u00e4hrleistet ist. Selbst beim Halten von hei\u00dfer So\u00dfe kann diese sicher gegriffen werden, ohne dass sie verbrannt oder versch\u00fcttet wird.<\/p>\n\n\n\n<p><strong>Verwendungsszenario: <\/strong>Ob zum Fr\u00fchst\u00fcck mit Toast, zum Nachmittagstee mit Scotch und Sahne oder zum Familienessen mit So\u00dfe \u00fcber gegrilltem Fleisch - die elegante, geschwungene Form und die detaillierten Verzierungen der Sauciere k\u00f6nnen die Atmosph\u00e4re beim Essen subtil aufwerten und ein gew\u00f6hnliches Essen zu einem unvergesslichen Erlebnis machen.<\/p>\n<\/div>\n\n\n\n<div class=\"wp-block-column is-layout-flow wp-block-column-is-layout-flow\">\n<figure class=\"wp-block-image size-full is-resized\"><img decoding=\"async\" width=\"1000\" height=\"1000\" src=\"https:\/\/www.czqunfa.com\/wp-content\/uploads\/2026\/02\/bulk-gravy-boats-1.webp\" alt=\"bulk-gravy-boats-hand-painted-custom-ceramic-sauce-boat-1\" class=\"wp-image-1795\" style=\"width:308px;height:auto\" srcset=\"https:\/\/www.czqunfa.com\/wp-content\/uploads\/2026\/02\/bulk-gravy-boats-1.webp 1000w, https:\/\/www.czqunfa.com\/wp-content\/uploads\/2026\/02\/bulk-gravy-boats-1-300x300.webp 300w, https:\/\/www.czqunfa.com\/wp-content\/uploads\/2026\/02\/bulk-gravy-boats-1-150x150.webp 150w, https:\/\/www.czqunfa.com\/wp-content\/uploads\/2026\/02\/bulk-gravy-boats-1-768x768.webp 768w, https:\/\/www.czqunfa.com\/wp-content\/uploads\/2026\/02\/bulk-gravy-boats-1-12x12.webp 12w, https:\/\/www.czqunfa.com\/wp-content\/uploads\/2026\/02\/bulk-gravy-boats-1-600x600.webp 600w, https:\/\/www.czqunfa.com\/wp-content\/uploads\/2026\/02\/bulk-gravy-boats-1-100x100.webp 100w\" sizes=\"(max-width: 1000px) 100vw, 1000px\" \/><\/figure>\n<\/div>\n<\/div>\n\n\n\n<div class=\"wp-block-columns is-layout-flex wp-container-core-columns-is-layout-9d6595d7 wp-block-columns-is-layout-flex\">\n<div class=\"wp-block-column is-layout-flow wp-block-column-is-layout-flow\">\n<figure class=\"wp-block-image size-full\"><img decoding=\"async\" width=\"1000\" height=\"1000\" src=\"https:\/\/www.czqunfa.com\/wp-content\/uploads\/2026\/02\/bulk-gravy-boats-3.webp\" alt=\"Bratensaucenschiffchen-3\" class=\"wp-image-1797\" srcset=\"https:\/\/www.czqunfa.com\/wp-content\/uploads\/2026\/02\/bulk-gravy-boats-3.webp 1000w, https:\/\/www.czqunfa.com\/wp-content\/uploads\/2026\/02\/bulk-gravy-boats-3-300x300.webp 300w, https:\/\/www.czqunfa.com\/wp-content\/uploads\/2026\/02\/bulk-gravy-boats-3-150x150.webp 150w, https:\/\/www.czqunfa.com\/wp-content\/uploads\/2026\/02\/bulk-gravy-boats-3-768x768.webp 768w, https:\/\/www.czqunfa.com\/wp-content\/uploads\/2026\/02\/bulk-gravy-boats-3-12x12.webp 12w, https:\/\/www.czqunfa.com\/wp-content\/uploads\/2026\/02\/bulk-gravy-boats-3-600x600.webp 600w, https:\/\/www.czqunfa.com\/wp-content\/uploads\/2026\/02\/bulk-gravy-boats-3-100x100.webp 100w\" sizes=\"(max-width: 1000px) 100vw, 1000px\" \/><\/figure>\n<\/div>\n\n\n\n<div class=\"wp-block-column is-layout-flow wp-block-column-is-layout-flow\">\n<figure class=\"wp-block-image size-full\"><img decoding=\"async\" width=\"1000\" height=\"1000\" src=\"https:\/\/www.czqunfa.com\/wp-content\/uploads\/2026\/02\/bulk-gravy-boats-4.webp\" alt=\"Sch\u00fcttgut-Saucenboote-4\" class=\"wp-image-1798\" srcset=\"https:\/\/www.czqunfa.com\/wp-content\/uploads\/2026\/02\/bulk-gravy-boats-4.webp 1000w, https:\/\/www.czqunfa.com\/wp-content\/uploads\/2026\/02\/bulk-gravy-boats-4-300x300.webp 300w, https:\/\/www.czqunfa.com\/wp-content\/uploads\/2026\/02\/bulk-gravy-boats-4-150x150.webp 150w, https:\/\/www.czqunfa.com\/wp-content\/uploads\/2026\/02\/bulk-gravy-boats-4-768x768.webp 768w, https:\/\/www.czqunfa.com\/wp-content\/uploads\/2026\/02\/bulk-gravy-boats-4-12x12.webp 12w, https:\/\/www.czqunfa.com\/wp-content\/uploads\/2026\/02\/bulk-gravy-boats-4-600x600.webp 600w, https:\/\/www.czqunfa.com\/wp-content\/uploads\/2026\/02\/bulk-gravy-boats-4-100x100.webp 100w\" sizes=\"(max-width: 1000px) 100vw, 1000px\" \/><\/figure>\n<\/div>\n<\/div>","protected":false},"excerpt":{"rendered":"<p>Unsere So\u00dfenboote sind aus lebensmittelechter, sicherer Keramik gefertigt und verf\u00fcgen \u00fcber eine hitzebest\u00e4ndige und rutschfeste Struktur sowie einen optimierten Ausgie\u00dfer. Wir bieten auch kundenspezifische Anpassungen und Gro\u00dfhandelsservices f\u00fcr Saucieren f\u00fcr Restaurants und Hotels an. Wir unterst\u00fctzen den Druck von Etiketten und die individuelle Gestaltung exklusiver Farben. Wir freuen uns auf eine langfristige Zusammenarbeit mit Ihnen.<\/p>\n<h2>Bulk Gravy Boats Parameter<\/h2>\n<table border=\"0\" width=\"505\" cellspacing=\"0\" cellpadding=\"0\">\n<tbody>\n<tr>\n<td width=\"179\" height=\"20\">Hersteller<\/td>\n<td width=\"325\">QUNFA<\/td>\n<\/tr>\n<tr>\n<td width=\"179\" height=\"20\">Produkttyp<\/td>\n<td width=\"325\">So\u00dfenboote<\/td>\n<\/tr>\n<tr>\n<td width=\"179\" height=\"20\">Modell-Nr.<\/td>\n<td width=\"325\">1919-30<\/td>\n<\/tr>\n<tr>\n<td width=\"179\" height=\"20\">Material<\/td>\n<td width=\"325\">Steinzeug<\/td>\n<\/tr>\n<tr>\n<td width=\"179\" height=\"18\">Muster<\/td>\n<td width=\"325\">Biene<\/td>\n<\/tr>\n<tr>\n<td width=\"179\" height=\"36\">Dimension<\/td>\n<td width=\"325\">19x11x9,5cm<\/td>\n<\/tr>\n<tr>\n<td width=\"179\" height=\"18\">Gewicht<\/td>\n<td width=\"325\">400g<\/td>\n<\/tr>\n<tr>\n<td width=\"179\" height=\"18\">Mindestbestellmenge<\/td>\n<td width=\"325\">1000 St\u00fcck<\/td>\n<\/tr>\n<tr>\n<td width=\"179\" height=\"18\">Kundenspezifisch<\/td>\n<td width=\"325\">Farbe\/Gr\u00f6\u00dfe\/Logo\/Verpackung\/Form<\/td>\n<\/tr>\n<\/tbody>\n<\/table>","protected":false},"featured_media":1800,"comment_status":"closed","ping_status":"closed","template":"","meta":{"_acf_changed":false},"product_brand":[],"product_cat":[19,39],"product_tag":[],"class_list":{"0":"post-1794","1":"product","2":"type-product","3":"status-publish","4":"has-post-thumbnail","6":"product_cat-wholesale-serveware","7":"product_cat-gravy-boat-supplier","9":"first","10":"instock","11":"shipping-taxable","12":"product-type-simple"},"acf":[],"_links":{"self":[{"href":"https:\/\/www.czqunfa.com\/de\/wp-json\/wp\/v2\/product\/1794","targetHints":{"allow":["GET"]}}],"collection":[{"href":"https:\/\/www.czqunfa.com\/de\/wp-json\/wp\/v2\/product"}],"about":[{"href":"https:\/\/www.czqunfa.com\/de\/wp-json\/wp\/v2\/types\/product"}],"replies":[{"embeddable":true,"href":"https:\/\/www.czqunfa.com\/de\/wp-json\/wp\/v2\/comments?post=1794"}],"wp:featuredmedia":[{"embeddable":true,"href":"https:\/\/www.czqunfa.com\/de\/wp-json\/wp\/v2\/media\/1800"}],"wp:attachment":[{"href":"https:\/\/www.czqunfa.com\/de\/wp-json\/wp\/v2\/media?parent=1794"}],"wp:term":[{"taxonomy":"product_brand","embeddable":true,"href":"https:\/\/www.czqunfa.com\/de\/wp-json\/wp\/v2\/product_brand?post=1794"},{"taxonomy":"product_cat","embeddable":true,"href":"https:\/\/www.czqunfa.com\/de\/wp-json\/wp\/v2\/product_cat?post=1794"},{"taxonomy":"product_tag","embeddable":true,"href":"https:\/\/www.czqunfa.com\/de\/wp-json\/wp\/v2\/product_tag?post=1794"}],"curies":[{"name":"wp","href":"https:\/\/api.w.org\/{rel}","templated":true}]}}