{"id":1787,"date":"2026-02-10T04:03:09","date_gmt":"2026-02-10T04:03:09","guid":{"rendered":"https:\/\/www.czqunfa.com\/?post_type=product&#038;p=1787"},"modified":"2026-02-10T04:03:13","modified_gmt":"2026-02-10T04:03:13","slug":"wholesale-butter-dish","status":"publish","type":"product","link":"https:\/\/www.czqunfa.com\/de\/produkt\/wholesale-butter-dish\/","title":{"rendered":"Gro\u00dfhandel Butter Sch\u00fcssel, handbemalt Bulk Keramik Butter Tablett"},"content":{"rendered":"<div class=\"wp-block-columns is-layout-flex wp-container-core-columns-is-layout-9d6595d7 wp-block-columns-is-layout-flex\">\n<div class=\"wp-block-column is-layout-flow wp-block-column-is-layout-flow\">\n<h2 class=\"wp-block-heading\">Merkmale des Gro\u00dfhandels Butterdose<\/h2>\n\n\n\n<p><strong>Lebensmittelechte Keramik:<\/strong> Die Butterdose f\u00fcr den Gro\u00dfhandel ist aus hochwertiger Keramik gefertigt und verf\u00fcgt \u00fcber eine glatte und transparente Glasur. Sie ist bleifrei und ungiftig und damit ideal f\u00fcr die sichere Aufbewahrung von Butter. Die Glasur ist gl\u00e4nzend und leicht zu reinigen. Flecken k\u00f6nnen mit einem einfachen Wisch abgewischt werden. Nach dem Gebrauch ist sie leicht zu pflegen.<\/p>\n\n\n\n<p><strong>Mit Deckel Design:<\/strong> Der Deckel der Butterdose f\u00fcr den Gro\u00dfhandel sitzt fest, so dass kein Staub eindringen kann. Au\u00dferdem bewahrt er die Feuchtigkeit und den Geschmack der Butter, macht sie weich und verhindert das Austrocknen. Sie ist leicht zug\u00e4nglich f\u00fcr das Fr\u00fchst\u00fcck oder den Nachmittagstee oder zum Backen, wo man sicherstellen muss, dass der Geschmack nicht beeintr\u00e4chtigt wird.<\/p>\n\n\n\n<p><strong>Handbemaltes Design:<\/strong> Mit exquisiter Handwerkskunst, ist der Gro\u00dfhandel Butterdose mit Blumen, Bienen, und leuchtend gelbe Randmuster, die W\u00e4rme und nat\u00fcrliche Gef\u00fchle zu Ihrem Esstisch oder K\u00fcche bringen kann dekoriert.<\/p>\n\n\n\n<p><strong>Einfaches Design, platzsparend: <\/strong>Die rechteckige Form des ma\u00dfgeschneiderten Butterbeh\u00e4lters l\u00e4sst sich leicht auf die K\u00fcchentheke, den Esstisch oder den Schrank stellen. Mittlere Kapazit\u00e4t f\u00fcr einen Standard-Butterblock, leicht und einfach zu tragen. Es funktioniert auch in kleinen K\u00fcchenr\u00e4umen.<\/p>\n\n\n\n<p><strong>Gro\u00dfes Fassungsverm\u00f6gen und praktische Gr\u00f6\u00dfe:<\/strong> F\u00fcr die Aufnahme von Standard-Butterstangen oder -bl\u00f6cken, geeignet f\u00fcr Restaurants, B\u00e4ckereien, Hotels und den Hausgebrauch.<\/p>\n<\/div>\n\n\n\n<div class=\"wp-block-column is-layout-flow wp-block-column-is-layout-flow\">\n<figure class=\"wp-block-image size-full is-resized\"><img decoding=\"async\" width=\"1000\" height=\"1000\" src=\"https:\/\/www.czqunfa.com\/wp-content\/uploads\/2026\/02\/wholesale-butter-dish-1.webp\" alt=\"Gro\u00dfhandel-Butterdose - handbemalt - Keramik-Butterschale - 1\" class=\"wp-image-1788\" style=\"width:308px;height:auto\" srcset=\"https:\/\/www.czqunfa.com\/wp-content\/uploads\/2026\/02\/wholesale-butter-dish-1.webp 1000w, https:\/\/www.czqunfa.com\/wp-content\/uploads\/2026\/02\/wholesale-butter-dish-1-300x300.webp 300w, https:\/\/www.czqunfa.com\/wp-content\/uploads\/2026\/02\/wholesale-butter-dish-1-150x150.webp 150w, https:\/\/www.czqunfa.com\/wp-content\/uploads\/2026\/02\/wholesale-butter-dish-1-768x768.webp 768w, https:\/\/www.czqunfa.com\/wp-content\/uploads\/2026\/02\/wholesale-butter-dish-1-12x12.webp 12w, https:\/\/www.czqunfa.com\/wp-content\/uploads\/2026\/02\/wholesale-butter-dish-1-600x600.webp 600w, https:\/\/www.czqunfa.com\/wp-content\/uploads\/2026\/02\/wholesale-butter-dish-1-100x100.webp 100w\" sizes=\"(max-width: 1000px) 100vw, 1000px\" \/><\/figure>\n<\/div>\n<\/div>\n\n\n\n<div class=\"wp-block-columns is-layout-flex wp-container-core-columns-is-layout-9d6595d7 wp-block-columns-is-layout-flex\">\n<div class=\"wp-block-column is-layout-flow wp-block-column-is-layout-flow\">\n<figure class=\"wp-block-image size-full\"><img decoding=\"async\" width=\"1000\" height=\"1000\" src=\"https:\/\/www.czqunfa.com\/wp-content\/uploads\/2026\/02\/wholesale-butter-dish-5.webp\" alt=\"Gro\u00dfhandel Butterdose-5\" class=\"wp-image-1792\" srcset=\"https:\/\/www.czqunfa.com\/wp-content\/uploads\/2026\/02\/wholesale-butter-dish-5.webp 1000w, https:\/\/www.czqunfa.com\/wp-content\/uploads\/2026\/02\/wholesale-butter-dish-5-300x300.webp 300w, https:\/\/www.czqunfa.com\/wp-content\/uploads\/2026\/02\/wholesale-butter-dish-5-150x150.webp 150w, https:\/\/www.czqunfa.com\/wp-content\/uploads\/2026\/02\/wholesale-butter-dish-5-768x768.webp 768w, https:\/\/www.czqunfa.com\/wp-content\/uploads\/2026\/02\/wholesale-butter-dish-5-12x12.webp 12w, https:\/\/www.czqunfa.com\/wp-content\/uploads\/2026\/02\/wholesale-butter-dish-5-600x600.webp 600w, https:\/\/www.czqunfa.com\/wp-content\/uploads\/2026\/02\/wholesale-butter-dish-5-100x100.webp 100w\" sizes=\"(max-width: 1000px) 100vw, 1000px\" \/><\/figure>\n<\/div>\n\n\n\n<div class=\"wp-block-column is-layout-flow wp-block-column-is-layout-flow\">\n<figure class=\"wp-block-image size-full\"><img decoding=\"async\" width=\"1000\" height=\"1000\" src=\"https:\/\/www.czqunfa.com\/wp-content\/uploads\/2026\/02\/wholesale-butter-dish-6.webp\" alt=\"Gro\u00dfhandel Butterdose-6\" class=\"wp-image-1793\" srcset=\"https:\/\/www.czqunfa.com\/wp-content\/uploads\/2026\/02\/wholesale-butter-dish-6.webp 1000w, https:\/\/www.czqunfa.com\/wp-content\/uploads\/2026\/02\/wholesale-butter-dish-6-300x300.webp 300w, https:\/\/www.czqunfa.com\/wp-content\/uploads\/2026\/02\/wholesale-butter-dish-6-150x150.webp 150w, https:\/\/www.czqunfa.com\/wp-content\/uploads\/2026\/02\/wholesale-butter-dish-6-768x768.webp 768w, https:\/\/www.czqunfa.com\/wp-content\/uploads\/2026\/02\/wholesale-butter-dish-6-12x12.webp 12w, https:\/\/www.czqunfa.com\/wp-content\/uploads\/2026\/02\/wholesale-butter-dish-6-600x600.webp 600w, https:\/\/www.czqunfa.com\/wp-content\/uploads\/2026\/02\/wholesale-butter-dish-6-100x100.webp 100w\" sizes=\"(max-width: 1000px) 100vw, 1000px\" \/><\/figure>\n<\/div>\n<\/div>","protected":false},"excerpt":{"rendered":"<p>Willkommen in unserem Gro\u00dfhandel Butterdosen aus hochwertigem Steingut zu kaufen, und verf\u00fcgt \u00fcber eine sch\u00f6ne handgemalte Design der Bienen. Die verwendete Glasur ist lebensmittelecht und sicher. Das rechteckige Design ist einfach und elegant. Der eng anliegende, gew\u00f6lbte Deckel verhindert effektiv das Eindringen von Staub, schlie\u00dft die Feuchtigkeit und den Geschmack der Butter ein und ist ideal f\u00fcr Einzelh\u00e4ndler, K\u00fcchenger\u00e4tehersteller, Restaurants und Geschenkartikel-Gro\u00dfh\u00e4ndler. Er sorgt daf\u00fcr, dass die K\u00f6stlichkeit erhalten bleibt.<\/p>\n<h2>Gro\u00dfhandel Butterdose Parameter<\/h2>\n<table border=\"0\" width=\"505\" cellspacing=\"0\" cellpadding=\"0\">\n<tbody>\n<tr>\n<td width=\"179\" height=\"20\">Hersteller<\/td>\n<td width=\"325\">QUNFA<\/td>\n<\/tr>\n<tr>\n<td width=\"179\" height=\"20\">Produkttyp<\/td>\n<td width=\"325\">Butterdose<\/td>\n<\/tr>\n<tr>\n<td width=\"179\" height=\"20\">Modell-Nr.<\/td>\n<td width=\"325\">T24-0469<\/td>\n<\/tr>\n<tr>\n<td width=\"179\" height=\"20\">Material<\/td>\n<td width=\"325\">Steinzeug<\/td>\n<\/tr>\n<tr>\n<td width=\"179\" height=\"18\">Muster<\/td>\n<td width=\"325\">Biene<\/td>\n<\/tr>\n<tr>\n<td width=\"179\" height=\"36\">Dimension<\/td>\n<td width=\"325\">Schale:19.7*11.4*2.5cm<br \/>Deckel:6.3*9.4*8.5cm<\/td>\n<\/tr>\n<tr>\n<td width=\"179\" height=\"18\">Gewicht<\/td>\n<td width=\"325\">710g<\/td>\n<\/tr>\n<tr>\n<td width=\"179\" height=\"18\">Mindestbestellmenge<\/td>\n<td width=\"325\">1000 St\u00fcck<\/td>\n<\/tr>\n<tr>\n<td width=\"179\" height=\"18\">Kundenspezifisch<\/td>\n<td width=\"325\">Farbe\/Gr\u00f6\u00dfe\/Logo\/Verpackung\/Form<\/td>\n<\/tr>\n<\/tbody>\n<\/table>","protected":false},"featured_media":1788,"comment_status":"closed","ping_status":"closed","template":"","meta":{"_acf_changed":false},"product_brand":[],"product_cat":[19,40],"product_tag":[],"class_list":{"0":"post-1787","1":"product","2":"type-product","3":"status-publish","4":"has-post-thumbnail","6":"product_cat-wholesale-serveware","7":"product_cat-butter-dish-supplier","9":"first","10":"instock","11":"shipping-taxable","12":"product-type-simple"},"acf":[],"_links":{"self":[{"href":"https:\/\/www.czqunfa.com\/de\/wp-json\/wp\/v2\/product\/1787","targetHints":{"allow":["GET"]}}],"collection":[{"href":"https:\/\/www.czqunfa.com\/de\/wp-json\/wp\/v2\/product"}],"about":[{"href":"https:\/\/www.czqunfa.com\/de\/wp-json\/wp\/v2\/types\/product"}],"replies":[{"embeddable":true,"href":"https:\/\/www.czqunfa.com\/de\/wp-json\/wp\/v2\/comments?post=1787"}],"wp:featuredmedia":[{"embeddable":true,"href":"https:\/\/www.czqunfa.com\/de\/wp-json\/wp\/v2\/media\/1788"}],"wp:attachment":[{"href":"https:\/\/www.czqunfa.com\/de\/wp-json\/wp\/v2\/media?parent=1787"}],"wp:term":[{"taxonomy":"product_brand","embeddable":true,"href":"https:\/\/www.czqunfa.com\/de\/wp-json\/wp\/v2\/product_brand?post=1787"},{"taxonomy":"product_cat","embeddable":true,"href":"https:\/\/www.czqunfa.com\/de\/wp-json\/wp\/v2\/product_cat?post=1787"},{"taxonomy":"product_tag","embeddable":true,"href":"https:\/\/www.czqunfa.com\/de\/wp-json\/wp\/v2\/product_tag?post=1787"}],"curies":[{"name":"wp","href":"https:\/\/api.w.org\/{rel}","templated":true}]}}