{"id":1769,"date":"2026-02-06T03:40:18","date_gmt":"2026-02-06T03:40:18","guid":{"rendered":"https:\/\/www.czqunfa.com\/?post_type=product&#038;p=1769"},"modified":"2026-02-06T03:40:20","modified_gmt":"2026-02-06T03:40:20","slug":"coffee-cup-and-saucer-set-bulk","status":"publish","type":"product","link":"https:\/\/www.czqunfa.com\/de\/produkt\/coffee-cup-and-saucer-set-bulk\/","title":{"rendered":"Kaffeetasse und Untertasse Set Bulk, benutzerdefinierte niedlichen Keramikbecher"},"content":{"rendered":"<div class=\"wp-block-columns is-layout-flex wp-container-core-columns-is-layout-9d6595d7 wp-block-columns-is-layout-flex\">\n<div class=\"wp-block-column is-layout-flow wp-block-column-is-layout-flow\">\n<h2 class=\"wp-block-heading\">Eigenschaften von Kaffeetasse und Untertasse Set Bulk<\/h2>\n\n\n\n<ul class=\"wp-block-list\">\n<li><strong>Vielseitige Anwendung:<\/strong> Unser Kaffeetassen- und Untertassenset ist nicht nur eine professionelle Kaffeespezialit\u00e4t, sondern eignet sich aufgrund seines moderaten Fassungsverm\u00f6gens auch als Fr\u00fchst\u00fccksmilch- oder Nachmittagsteetasse und bietet somit mehrere Verwendungsm\u00f6glichkeiten in einem Set.<\/li>\n\n\n\n<li><strong>Hochwertiges keramisches Material:<\/strong> Dieses nordische Tassen- und Untertassenset ist aus hochwertiger Keramik gefertigt und zeichnet sich durch seine Langlebigkeit und Hitze- und K\u00e4ltebest\u00e4ndigkeit aus. Ideal f\u00fcr den langfristigen kommerziellen Einsatz in Caf\u00e9s, Hotels und Restaurants.<\/li>\n\n\n\n<li><strong>Glatte Glasur:<\/strong> Die feine Glasur des Sets aus Kaffeetasse und Untertasse verhindert das Verbleiben von Flecken und Ger\u00fcchen und macht die Tassen leicht zu reinigen. Geeignet f\u00fcr den h\u00e4ufigen Gebrauch in Privathaushalten und Gastronomiebetrieben, wobei die Textur lange Zeit wie neu bleibt und die Betriebsverluste f\u00fcr Restaurants reduziert werden.<\/li>\n\n\n\n<li><strong>Experte OEM\/ODM:<\/strong> Diese niedlichen Keramikbecher mit einer Mindestbestellmenge von 1000 St\u00fcck unterst\u00fctzen den Logodruck auf dem Becherk\u00f6rper, die Entwicklung von exklusiven Mustern und die Verpackung in einer farbigen Geschenkbox und helfen Ihnen, ein differenziertes Markenimage zu schaffen.<\/li>\n\n\n\n<li><strong>Export-G\u00fctegarantie:<\/strong> Die niedlichen Keramikbecher erf\u00fcllen mehrere internationale Sicherheitsstandards f\u00fcr Lebensmittel und sind blei- und cadmiumfrei. Wir bieten umfassende Unterst\u00fctzung bei der Erstellung von Konformit\u00e4tsdokumenten, um eine reibungslose Zollabfertigung und den Eintritt in hochwertige Einzelhandelskan\u00e4le zu gew\u00e4hrleisten.<\/li>\n<\/ul>\n<\/div>\n\n\n\n<div class=\"wp-block-column is-layout-flow wp-block-column-is-layout-flow\">\n<figure class=\"wp-block-image size-full\"><img decoding=\"async\" width=\"1000\" height=\"1000\" src=\"https:\/\/www.czqunfa.com\/wp-content\/uploads\/2026\/02\/coffee-cup-and-saucer-set-bulk-custom-cute-ceramic-mugs-2.webp\" alt=\"kaffee-tasse-und-untertasse-set-massgeschneiderte-keramik-tassen-2\" class=\"wp-image-1771\" srcset=\"https:\/\/www.czqunfa.com\/wp-content\/uploads\/2026\/02\/coffee-cup-and-saucer-set-bulk-custom-cute-ceramic-mugs-2.webp 1000w, https:\/\/www.czqunfa.com\/wp-content\/uploads\/2026\/02\/coffee-cup-and-saucer-set-bulk-custom-cute-ceramic-mugs-2-300x300.webp 300w, https:\/\/www.czqunfa.com\/wp-content\/uploads\/2026\/02\/coffee-cup-and-saucer-set-bulk-custom-cute-ceramic-mugs-2-150x150.webp 150w, https:\/\/www.czqunfa.com\/wp-content\/uploads\/2026\/02\/coffee-cup-and-saucer-set-bulk-custom-cute-ceramic-mugs-2-768x768.webp 768w, https:\/\/www.czqunfa.com\/wp-content\/uploads\/2026\/02\/coffee-cup-and-saucer-set-bulk-custom-cute-ceramic-mugs-2-12x12.webp 12w, https:\/\/www.czqunfa.com\/wp-content\/uploads\/2026\/02\/coffee-cup-and-saucer-set-bulk-custom-cute-ceramic-mugs-2-600x600.webp 600w, https:\/\/www.czqunfa.com\/wp-content\/uploads\/2026\/02\/coffee-cup-and-saucer-set-bulk-custom-cute-ceramic-mugs-2-100x100.webp 100w\" sizes=\"(max-width: 1000px) 100vw, 1000px\" \/><\/figure>\n<\/div>\n<\/div>\n\n\n\n<figure class=\"wp-block-gallery has-nested-images columns-default is-cropped wp-block-gallery-1 is-layout-flex wp-block-gallery-is-layout-flex\">\n<figure class=\"wp-block-image size-full\"><img decoding=\"async\" width=\"1000\" height=\"1000\" data-id=\"1772\" src=\"https:\/\/www.czqunfa.com\/wp-content\/uploads\/2026\/02\/coffee-cup-and-saucer-set-bulk-custom-cute-ceramic-mugs-3.webp\" alt=\"kaffee-tasse-und-untertasse-set-massgeschneiderte-keramik-tassen-3\" class=\"wp-image-1772\" srcset=\"https:\/\/www.czqunfa.com\/wp-content\/uploads\/2026\/02\/coffee-cup-and-saucer-set-bulk-custom-cute-ceramic-mugs-3.webp 1000w, https:\/\/www.czqunfa.com\/wp-content\/uploads\/2026\/02\/coffee-cup-and-saucer-set-bulk-custom-cute-ceramic-mugs-3-300x300.webp 300w, https:\/\/www.czqunfa.com\/wp-content\/uploads\/2026\/02\/coffee-cup-and-saucer-set-bulk-custom-cute-ceramic-mugs-3-150x150.webp 150w, https:\/\/www.czqunfa.com\/wp-content\/uploads\/2026\/02\/coffee-cup-and-saucer-set-bulk-custom-cute-ceramic-mugs-3-768x768.webp 768w, https:\/\/www.czqunfa.com\/wp-content\/uploads\/2026\/02\/coffee-cup-and-saucer-set-bulk-custom-cute-ceramic-mugs-3-12x12.webp 12w, https:\/\/www.czqunfa.com\/wp-content\/uploads\/2026\/02\/coffee-cup-and-saucer-set-bulk-custom-cute-ceramic-mugs-3-600x600.webp 600w, https:\/\/www.czqunfa.com\/wp-content\/uploads\/2026\/02\/coffee-cup-and-saucer-set-bulk-custom-cute-ceramic-mugs-3-100x100.webp 100w\" sizes=\"(max-width: 1000px) 100vw, 1000px\" \/><\/figure>\n\n\n\n<figure class=\"wp-block-image size-full\"><img decoding=\"async\" width=\"1000\" height=\"1000\" data-id=\"1774\" src=\"https:\/\/www.czqunfa.com\/wp-content\/uploads\/2026\/02\/coffee-cup-and-saucer-set-bulk-custom-cute-ceramic-mugs-5.webp\" alt=\"kaffee-tasse-und-untertasse-set-massgeschneiderte-keramik-tassen-5\" class=\"wp-image-1774\" srcset=\"https:\/\/www.czqunfa.com\/wp-content\/uploads\/2026\/02\/coffee-cup-and-saucer-set-bulk-custom-cute-ceramic-mugs-5.webp 1000w, https:\/\/www.czqunfa.com\/wp-content\/uploads\/2026\/02\/coffee-cup-and-saucer-set-bulk-custom-cute-ceramic-mugs-5-300x300.webp 300w, https:\/\/www.czqunfa.com\/wp-content\/uploads\/2026\/02\/coffee-cup-and-saucer-set-bulk-custom-cute-ceramic-mugs-5-150x150.webp 150w, https:\/\/www.czqunfa.com\/wp-content\/uploads\/2026\/02\/coffee-cup-and-saucer-set-bulk-custom-cute-ceramic-mugs-5-768x768.webp 768w, https:\/\/www.czqunfa.com\/wp-content\/uploads\/2026\/02\/coffee-cup-and-saucer-set-bulk-custom-cute-ceramic-mugs-5-12x12.webp 12w, https:\/\/www.czqunfa.com\/wp-content\/uploads\/2026\/02\/coffee-cup-and-saucer-set-bulk-custom-cute-ceramic-mugs-5-600x600.webp 600w, https:\/\/www.czqunfa.com\/wp-content\/uploads\/2026\/02\/coffee-cup-and-saucer-set-bulk-custom-cute-ceramic-mugs-5-100x100.webp 100w\" sizes=\"(max-width: 1000px) 100vw, 1000px\" \/><\/figure>\n<\/figure>\n\n\n\n<p><\/p>","protected":false},"excerpt":{"rendered":"<p>Willkommen in dieser nordischen Kaffeetasse und Untertasse Set Bulk kaufen ist aus Premium-Keramik mit einem glatten, leicht zu reinigen Glasur und hervorragende Hitzebest\u00e4ndigkeit hergestellt. Entwickelt f\u00fcr Caf\u00e9s, Restaurants und Einzelhandelsmarken, diese benutzerdefinierten niedlichen Keramikbecher unterst\u00fctzen Logodruck und private Label-Anpassung. Sie sind sp\u00fclmaschinen-, mikrowellen- und ofenfest und stellen eine langlebige und stilvolle L\u00f6sung f\u00fcr die weltweite Beschaffung in Caf\u00e9s und den Geschenkartikel-Gro\u00dfhandel dar.<\/p>\n<h2>Kaffeetasse und Untertasse Set Bulk Parameter<\/h2>\n<table border=\"0\" width=\"328\" cellspacing=\"0\" cellpadding=\"0\">\n<tbody>\n<tr>\n<td width=\"116\" height=\"17\">Hersteller<\/td>\n<td width=\"211\">QUNFA<\/td>\n<\/tr>\n<tr>\n<td width=\"116\" height=\"17\">Produkttyp<\/td>\n<td>Tasse &amp; Becher<\/td>\n<\/tr>\n<tr>\n<td width=\"116\" height=\"17\">Modell-Nr.<\/td>\n<td width=\"211\">QF22-0248<\/td>\n<\/tr>\n<tr>\n<td width=\"116\" height=\"17\">Material<\/td>\n<td width=\"211\">Steinzeug<\/td>\n<\/tr>\n<tr>\n<td width=\"116\" height=\"17\">Farbe<\/td>\n<td width=\"211\">Beige<\/td>\n<\/tr>\n<tr>\n<td width=\"116\" height=\"31\">Dimension<\/td>\n<td width=\"211\">Tasse: 12*8.4*6.7cm<br \/>Scheibe: 16*16*2.2cm<\/td>\n<\/tr>\n<tr>\n<td width=\"116\" height=\"17\">Mindestbestellmenge<\/td>\n<td width=\"211\">1000 St\u00fcck<\/td>\n<\/tr>\n<tr>\n<td width=\"116\" height=\"17\">Kundenspezifisch<\/td>\n<td width=\"211\">Farbe\/Gr\u00f6\u00dfe\/Logo\/Verpackung\/Form<\/td>\n<\/tr>\n<\/tbody>\n<\/table>","protected":false},"featured_media":1770,"comment_status":"closed","ping_status":"closed","template":"","meta":{"_acf_changed":false},"product_brand":[],"product_cat":[18,44],"product_tag":[],"class_list":{"0":"post-1769","1":"product","2":"type-product","3":"status-publish","4":"has-post-thumbnail","6":"product_cat-drinkware-supplier","7":"product_cat-wholesale-cups-and-mugs","9":"first","10":"instock","11":"shipping-taxable","12":"product-type-simple"},"acf":[],"_links":{"self":[{"href":"https:\/\/www.czqunfa.com\/de\/wp-json\/wp\/v2\/product\/1769","targetHints":{"allow":["GET"]}}],"collection":[{"href":"https:\/\/www.czqunfa.com\/de\/wp-json\/wp\/v2\/product"}],"about":[{"href":"https:\/\/www.czqunfa.com\/de\/wp-json\/wp\/v2\/types\/product"}],"replies":[{"embeddable":true,"href":"https:\/\/www.czqunfa.com\/de\/wp-json\/wp\/v2\/comments?post=1769"}],"wp:featuredmedia":[{"embeddable":true,"href":"https:\/\/www.czqunfa.com\/de\/wp-json\/wp\/v2\/media\/1770"}],"wp:attachment":[{"href":"https:\/\/www.czqunfa.com\/de\/wp-json\/wp\/v2\/media?parent=1769"}],"wp:term":[{"taxonomy":"product_brand","embeddable":true,"href":"https:\/\/www.czqunfa.com\/de\/wp-json\/wp\/v2\/product_brand?post=1769"},{"taxonomy":"product_cat","embeddable":true,"href":"https:\/\/www.czqunfa.com\/de\/wp-json\/wp\/v2\/product_cat?post=1769"},{"taxonomy":"product_tag","embeddable":true,"href":"https:\/\/www.czqunfa.com\/de\/wp-json\/wp\/v2\/product_tag?post=1769"}],"curies":[{"name":"wp","href":"https:\/\/api.w.org\/{rel}","templated":true}]}}