{"id":1713,"date":"2026-01-30T06:23:07","date_gmt":"2026-01-30T06:23:07","guid":{"rendered":"https:\/\/www.czqunfa.com\/?post_type=product&#038;p=1713"},"modified":"2026-01-30T06:23:09","modified_gmt":"2026-01-30T06:23:09","slug":"dinner-set-wholesale","status":"publish","type":"product","link":"https:\/\/www.czqunfa.com\/de\/produkt\/dinner-set-wholesale\/","title":{"rendered":"Weihnachten Abendessen Set Gro\u00dfhandel, Bulk umweltfreundliches Geschirr"},"content":{"rendered":"<div class=\"wp-block-columns is-layout-flex wp-container-core-columns-is-layout-9d6595d7 wp-block-columns-is-layout-flex\">\n<div class=\"wp-block-column is-layout-flow wp-block-column-is-layout-flow\">\n<h2 class=\"wp-block-heading\">Eigenschaften von Christmas Dinner Set Gro\u00dfhandel<\/h2>\n\n\n\n<ul class=\"wp-block-list\">\n<li><strong>Hochwertiges, umweltfreundliches Keramikmaterial:<\/strong> Dieses Weihnachtsgeschirr f\u00fcr den Gro\u00dfhandel besteht aus sorgf\u00e4ltig ausgew\u00e4hlten, umweltfreundlichen Keramikmaterialien, die bei hohen Temperaturen gebrannt werden und eine hervorragende Haltbarkeit, Hitzebest\u00e4ndigkeit und Temperaturwechselbest\u00e4ndigkeit aufweisen. Entwickelt f\u00fcr die Lieferung in gro\u00dfen Mengen und langfristige kommerzielle Nutzung.<\/li>\n\n\n\n<li><strong>Umfassende Produktpalette: <\/strong>Das Weihnachtsessen-Set f\u00fcr den Gro\u00dfhandel umfasst Sch\u00fcsseln und Tassen in verschiedenen Gr\u00f6\u00dfen von 4,7\u2033 bis 6,2\u2033 sowie professionelle Kuchenformen, abgedeckte T\u00f6pfe und Backformen in mehreren Gr\u00f6\u00dfen, die alle Ihre Bed\u00fcrfnisse f\u00fcr das Weihnachtsessen erf\u00fcllen, von der Zubereitung bis zur Pr\u00e4sentation auf dem Tisch.<\/li>\n\n\n\n<li><strong>Hohe Verpackungseffizienz, problemlose Logistik:<\/strong> Unser umweltfreundliches Massengeschirr zeichnet sich durch ein Nesting-Design f\u00fcr Backformen und T\u00f6pfe aus, das die Ladekapazit\u00e4t von Containern deutlich erh\u00f6ht und Ihnen erhebliche Kosten f\u00fcr den grenz\u00fcberschreitenden Versand erspart.<\/li>\n\n\n\n<li><strong>Direkt vom Hersteller, wettbewerbsf\u00e4hige Preisgestaltung:<\/strong> Dieses Weihnachtsgeschirr wird im Gro\u00dfhandel direkt vom Hersteller verkauft und bietet \u00e4u\u00dferst attraktive Gro\u00dfhandelspreise. Mit einer Mindestbestellmenge von 1000 St\u00fcck k\u00f6nnen Sie Ihre Bestseller der Weihnachtssaison zu niedrigen Kosten auf den Markt bringen.<\/li>\n\n\n\n<li><strong>Flexible Anpassungsdienste: <\/strong>Unser Weihnachtsgeschirr unterst\u00fctzt die Anpassung von weihnachtsspezifischen Mustern, Glasurfarben und Markenlogos. Wir haben ein ausgereiftes F&amp;E-Team, das schnell auf Ihre OEM\/ODM-Anforderungen reagieren kann.<\/li>\n<\/ul>\n<\/div>\n\n\n\n<div class=\"wp-block-column is-layout-flow wp-block-column-is-layout-flow\">\n<figure class=\"wp-block-image size-full\"><img decoding=\"async\" width=\"1000\" height=\"1000\" src=\"https:\/\/www.czqunfa.com\/wp-content\/uploads\/2026\/01\/christmas-dinner-set-wholesale-bulk-eco-friendly-tableware-8.webp\" alt=\"weihnachts-geschirr-gro\u00dfhandel-bulk-umwelt-geschirr-8\" class=\"wp-image-1733\" srcset=\"https:\/\/www.czqunfa.com\/wp-content\/uploads\/2026\/01\/christmas-dinner-set-wholesale-bulk-eco-friendly-tableware-8.webp 1000w, https:\/\/www.czqunfa.com\/wp-content\/uploads\/2026\/01\/christmas-dinner-set-wholesale-bulk-eco-friendly-tableware-8-300x300.webp 300w, https:\/\/www.czqunfa.com\/wp-content\/uploads\/2026\/01\/christmas-dinner-set-wholesale-bulk-eco-friendly-tableware-8-150x150.webp 150w, https:\/\/www.czqunfa.com\/wp-content\/uploads\/2026\/01\/christmas-dinner-set-wholesale-bulk-eco-friendly-tableware-8-768x768.webp 768w, https:\/\/www.czqunfa.com\/wp-content\/uploads\/2026\/01\/christmas-dinner-set-wholesale-bulk-eco-friendly-tableware-8-12x12.webp 12w, https:\/\/www.czqunfa.com\/wp-content\/uploads\/2026\/01\/christmas-dinner-set-wholesale-bulk-eco-friendly-tableware-8-600x600.webp 600w, https:\/\/www.czqunfa.com\/wp-content\/uploads\/2026\/01\/christmas-dinner-set-wholesale-bulk-eco-friendly-tableware-8-100x100.webp 100w\" sizes=\"(max-width: 1000px) 100vw, 1000px\" \/><\/figure>\n<\/div>\n<\/div>\n\n\n\n<figure class=\"wp-block-table\"><table class=\"has-fixed-layout\"><tbody><tr><td>Produktname<\/td><td>Artikel Nr.<\/td><td>Gr\u00f6\u00dfe<\/td><\/tr><tr><td>4,7\u2033 Schale<\/td><td>23-0091-4<\/td><td>12 \u00d7 12 \u00d7 5,7 cm<\/td><\/tr><tr><td>5,6\u2033 Schale<\/td><td>2236-31<\/td><td>14,3 \u00d7 14,3 \u00d7 7 cm<\/td><\/tr><tr><td>Kuchentopf<\/td><td>T24-0133-1<\/td><td>7,6 \u00d7 7,6 \u00d7 5,1 cm<\/td><\/tr><tr><td>Handgriff Tip Tray<\/td><td>24-0052-2<\/td><td>28,5 \u00d7 22,4 \u00d7 4,3 cm<\/td><\/tr><tr><td>Runder Suppentopf mit Deckel<\/td><td>T24-0092-2 \/ T24-0312<\/td><td>S: Geh\u00e4use: 20 \u00d7 15,8 \u00d7 6,1 cm, Deckel: 20,1 \u00d7 16,1 \u00d7 2,3 cm<br>M: K\u00f6rper: 25 \u00d7 20 \u00d7 8 cm, Deckel: 25 \u00d7 20 \u00d7 3 cm<\/td><\/tr><tr><td>Kuchenform<\/td><td>21136-2 \/ 1137-2<\/td><td>S: 20,3 \u00d7 20,3 \u00d7 2,5 cm<br>M: 26 \u00d7 26 \u00d7 5,5 cm<\/td><\/tr><tr><td>8\u2033 Teller<\/td><td>2238-29<\/td><td>20,3 \u00d7 20,3 \u00d7 2,5 cm<\/td><\/tr><tr><td>5.1\u2033 Becher<\/td><td>23-2477-5<\/td><td>12,8 \u00d7 9,1 \u00d7 8,5 cm<\/td><\/tr><tr><td>6,2\u2033 Becher<\/td><td>22-0218-2<\/td><td>15,6 \u00d7 11,9 \u00d7 9,5 cm<\/td><\/tr><tr><td>Henkel Schale<\/td><td>1963-17<\/td><td>21,8 \u00d7 14,3 \u00d7 7,1 cm<\/td><\/tr><tr><td>Kuchentopf<\/td><td>1659-8<\/td><td>7,7 \u00d7 7,7 \u00d7 5,3 cm<\/td><\/tr><tr><td>Backform<\/td><td>23-0050-6 \/ 23-0015-3 \/ 24-0279-5<\/td><td>S: 17 \u00d7 10 \u00d7 6 cm<br>M: 24 \u00d7 12,5 \u00d7 7,5 cm<br>L: 28 \u00d7 15,5 \u00d7 8,3 cm<\/td><\/tr><\/tbody><\/table><\/figure>\n\n\n\n<figure class=\"wp-block-gallery has-nested-images columns-default is-cropped wp-block-gallery-1 is-layout-flex wp-block-gallery-is-layout-flex\">\n<figure class=\"wp-block-image size-large\"><img decoding=\"async\" width=\"1000\" height=\"1000\" data-id=\"1734\" src=\"https:\/\/www.czqunfa.com\/wp-content\/uploads\/2026\/01\/christmas-dinner-set-wholesale-bulk-eco-friendly-tableware-9.webp\" alt=\"weihnachts-geschirr-gro\u00dfhandel-bulk-umwelt-geschirr-9\" class=\"wp-image-1734\" srcset=\"https:\/\/www.czqunfa.com\/wp-content\/uploads\/2026\/01\/christmas-dinner-set-wholesale-bulk-eco-friendly-tableware-9.webp 1000w, https:\/\/www.czqunfa.com\/wp-content\/uploads\/2026\/01\/christmas-dinner-set-wholesale-bulk-eco-friendly-tableware-9-300x300.webp 300w, https:\/\/www.czqunfa.com\/wp-content\/uploads\/2026\/01\/christmas-dinner-set-wholesale-bulk-eco-friendly-tableware-9-150x150.webp 150w, https:\/\/www.czqunfa.com\/wp-content\/uploads\/2026\/01\/christmas-dinner-set-wholesale-bulk-eco-friendly-tableware-9-768x768.webp 768w, https:\/\/www.czqunfa.com\/wp-content\/uploads\/2026\/01\/christmas-dinner-set-wholesale-bulk-eco-friendly-tableware-9-12x12.webp 12w, https:\/\/www.czqunfa.com\/wp-content\/uploads\/2026\/01\/christmas-dinner-set-wholesale-bulk-eco-friendly-tableware-9-600x600.webp 600w, https:\/\/www.czqunfa.com\/wp-content\/uploads\/2026\/01\/christmas-dinner-set-wholesale-bulk-eco-friendly-tableware-9-100x100.webp 100w\" sizes=\"(max-width: 1000px) 100vw, 1000px\" \/><\/figure>\n\n\n\n<figure class=\"wp-block-image size-large\"><img decoding=\"async\" width=\"1000\" height=\"1000\" data-id=\"1731\" src=\"https:\/\/www.czqunfa.com\/wp-content\/uploads\/2026\/01\/christmas-dinner-set-wholesale-bulk-eco-friendly-tableware-6.webp\" alt=\"weihnachts-geschirr-gro\u00dfhandel-bulk-umwelt-geschirr-6\" class=\"wp-image-1731\" srcset=\"https:\/\/www.czqunfa.com\/wp-content\/uploads\/2026\/01\/christmas-dinner-set-wholesale-bulk-eco-friendly-tableware-6.webp 1000w, https:\/\/www.czqunfa.com\/wp-content\/uploads\/2026\/01\/christmas-dinner-set-wholesale-bulk-eco-friendly-tableware-6-300x300.webp 300w, https:\/\/www.czqunfa.com\/wp-content\/uploads\/2026\/01\/christmas-dinner-set-wholesale-bulk-eco-friendly-tableware-6-150x150.webp 150w, https:\/\/www.czqunfa.com\/wp-content\/uploads\/2026\/01\/christmas-dinner-set-wholesale-bulk-eco-friendly-tableware-6-768x768.webp 768w, https:\/\/www.czqunfa.com\/wp-content\/uploads\/2026\/01\/christmas-dinner-set-wholesale-bulk-eco-friendly-tableware-6-12x12.webp 12w, https:\/\/www.czqunfa.com\/wp-content\/uploads\/2026\/01\/christmas-dinner-set-wholesale-bulk-eco-friendly-tableware-6-600x600.webp 600w, https:\/\/www.czqunfa.com\/wp-content\/uploads\/2026\/01\/christmas-dinner-set-wholesale-bulk-eco-friendly-tableware-6-100x100.webp 100w\" sizes=\"(max-width: 1000px) 100vw, 1000px\" \/><\/figure>\n<\/figure>","protected":false},"excerpt":{"rendered":"<p>Willkommen zum Kauf unseres Weihnachtsgeschirrs im Gro\u00dfhandel, das aus hochwertigem, umweltfreundlichem Steingut gefertigt ist und klassisches, festliches Design mit moderner Funktionalit\u00e4t verbindet. Die Produkte bieten eine hervorragende Haltbarkeit und sind sowohl hitze- als auch k\u00e4ltebest\u00e4ndig. Sie sind vollst\u00e4ndig sp\u00fclmaschinen-, mikrowellen- und ofenfest und bieten eine zuverl\u00e4ssige L\u00f6sung f\u00fcr festliche Mahlzeiten f\u00fcr globale K\u00e4ufer.<\/p>\n<h2>Weihnachten Abendessen Set Gro\u00dfhandel Parameter<\/h2>\n<table border=\"0\" width=\"102\" cellspacing=\"0\" cellpadding=\"0\">\n<tbody>\n<tr>\n<td width=\"51\" height=\"31\">Hersteller<\/td>\n<td width=\"51\">QUNFA<\/td>\n<\/tr>\n<tr>\n<td width=\"51\" height=\"31\">Produkttyp<\/td>\n<td width=\"51\">Geschirrset<\/td>\n<\/tr>\n<tr>\n<td width=\"51\" height=\"16\">Modell-Nr.<\/td>\n<td width=\"51\">2238-29<\/td>\n<\/tr>\n<tr>\n<td width=\"51\" height=\"31\">Material<\/td>\n<td width=\"51\">Steinzeug<\/td>\n<\/tr>\n<tr>\n<td width=\"51\" height=\"31\">Farbe<\/td>\n<td width=\"51\">Rot<\/td>\n<\/tr>\n<tr>\n<td width=\"51\" height=\"31\">Mindestbestellmenge<\/td>\n<td width=\"51\">1000 St\u00fcck<\/td>\n<\/tr>\n<tr>\n<td width=\"51\" height=\"61\">Kundenspezifisch<\/td>\n<td width=\"51\">Farbe\/Gr\u00f6\u00dfe\/Logo\/Verpackung\/Form<\/td>\n<\/tr>\n<tr>\n<td width=\"51\" height=\"31\">Muster<\/td>\n<td width=\"51\">Weihnachts-Muster<\/td>\n<\/tr>\n<\/tbody>\n<\/table>","protected":false},"featured_media":1730,"comment_status":"closed","ping_status":"closed","template":"","meta":{"_acf_changed":false},"product_brand":[],"product_cat":[20,25],"product_tag":[],"class_list":{"0":"post-1713","1":"product","2":"type-product","3":"status-publish","4":"has-post-thumbnail","6":"product_cat-dinnerware-supplier","7":"product_cat-dinner-set-supplier","9":"first","10":"instock","11":"shipping-taxable","12":"product-type-simple"},"acf":[],"_links":{"self":[{"href":"https:\/\/www.czqunfa.com\/de\/wp-json\/wp\/v2\/product\/1713","targetHints":{"allow":["GET"]}}],"collection":[{"href":"https:\/\/www.czqunfa.com\/de\/wp-json\/wp\/v2\/product"}],"about":[{"href":"https:\/\/www.czqunfa.com\/de\/wp-json\/wp\/v2\/types\/product"}],"replies":[{"embeddable":true,"href":"https:\/\/www.czqunfa.com\/de\/wp-json\/wp\/v2\/comments?post=1713"}],"wp:featuredmedia":[{"embeddable":true,"href":"https:\/\/www.czqunfa.com\/de\/wp-json\/wp\/v2\/media\/1730"}],"wp:attachment":[{"href":"https:\/\/www.czqunfa.com\/de\/wp-json\/wp\/v2\/media?parent=1713"}],"wp:term":[{"taxonomy":"product_brand","embeddable":true,"href":"https:\/\/www.czqunfa.com\/de\/wp-json\/wp\/v2\/product_brand?post=1713"},{"taxonomy":"product_cat","embeddable":true,"href":"https:\/\/www.czqunfa.com\/de\/wp-json\/wp\/v2\/product_cat?post=1713"},{"taxonomy":"product_tag","embeddable":true,"href":"https:\/\/www.czqunfa.com\/de\/wp-json\/wp\/v2\/product_tag?post=1713"}],"curies":[{"name":"wp","href":"https:\/\/api.w.org\/{rel}","templated":true}]}}