{"id":1591,"date":"2026-02-02T06:40:00","date_gmt":"2026-02-02T06:40:00","guid":{"rendered":"https:\/\/www.czqunfa.com\/?post_type=product&#038;p=1591"},"modified":"2026-02-02T06:40:05","modified_gmt":"2026-02-02T06:40:05","slug":"custom-printed-ceramic-plates","status":"publish","type":"product","link":"https:\/\/www.czqunfa.com\/de\/produkt\/custom-printed-ceramic-plates\/","title":{"rendered":"Individuell bedruckte Keramikteller, handbemalter Schmetterlingsteller"},"content":{"rendered":"<div class=\"wp-block-columns is-layout-flex wp-container-core-columns-is-layout-9d6595d7 wp-block-columns-is-layout-flex\">\n<div class=\"wp-block-column is-layout-flow wp-block-column-is-layout-flow\">\n<h2 class=\"wp-block-heading\">Merkmale von individuell bedruckten Keramikplatten<\/h2>\n\n\n\n<p><strong>Hochwertige Produkte aus Steingut:<\/strong> Diese individuell bedruckten Keramikteller bestehen aus hochwertigem Steinzeug, werden bei hohen Temperaturen gebrannt und zeichnen sich durch eine hervorragende Sto\u00df- und Verschlei\u00dffestigkeit aus. Sie eignen sich f\u00fcr den h\u00e4ufigen Einsatz in Hotels, in der Gemeinschaftsverpflegung usw.<\/p>\n\n\n\n<p><strong>K\u00fcnstlerische Gestaltung:<\/strong> Diese individuell bedruckten Keramikteller werden von Kunsthandwerkern mit Schmetterlingsmustern handgezeichnet. Die Farben des Musters sind dauerhaft, und die Oberfl\u00e4che ist glatt und ungiftig und erf\u00fcllt die Sicherheitsstandards f\u00fcr den Kontakt mit Lebensmitteln.<\/p>\n\n\n\n<p><strong>Kundenspezifische Dienstleistungen:<\/strong> Diese individuell bedruckten Keramikteller k\u00f6nnen mit Logo und handgezeichneten Mustern versehen werden, wodurch eine einzigartige Produktserie f\u00fcr Sie entsteht.<\/p>\n\n\n\n<p><strong>Glattes Glasurdesign und einfache Reinigung:<\/strong> Unsere hochtemperaturbest\u00e4ndigen Keramikplatten f\u00fcr den Gro\u00dfhandel sind mit einer hochwertigen Glasur versehen, die sich glatt anf\u00fchlt, \u00d6lflecken und -r\u00fcckst\u00e4nde wirksam verhindert und leicht zu reinigen ist.<\/p>\n\n\n\n<p><strong>Verwendungsfunktionen:<\/strong> Die Gro\u00dfhandelskeramikplatten k\u00f6nnen in der Mikrowelle erhitzt und in der Sp\u00fclmaschine gereinigt werden. Sie sind sicher im K\u00fchlschrank. Es wird empfohlen, pl\u00f6tzliche K\u00fchl- und Heizvorg\u00e4nge zu vermeiden, wodurch das Produkt besser erhalten werden kann.<\/p>\n<\/div>\n\n\n\n<div class=\"wp-block-column is-layout-flow wp-block-column-is-layout-flow\">\n<figure class=\"wp-block-image size-full\"><img decoding=\"async\" width=\"1000\" height=\"1000\" src=\"https:\/\/www.czqunfa.com\/wp-content\/uploads\/2026\/01\/ceramic-plate-1.webp\" alt=\"individuell bedruckte keramik-schilder-schmetterling-handbemalt-platte-2\" class=\"wp-image-1600\" srcset=\"https:\/\/www.czqunfa.com\/wp-content\/uploads\/2026\/01\/ceramic-plate-1.webp 1000w, https:\/\/www.czqunfa.com\/wp-content\/uploads\/2026\/01\/ceramic-plate-1-300x300.webp 300w, https:\/\/www.czqunfa.com\/wp-content\/uploads\/2026\/01\/ceramic-plate-1-150x150.webp 150w, https:\/\/www.czqunfa.com\/wp-content\/uploads\/2026\/01\/ceramic-plate-1-768x768.webp 768w, https:\/\/www.czqunfa.com\/wp-content\/uploads\/2026\/01\/ceramic-plate-1-12x12.webp 12w, https:\/\/www.czqunfa.com\/wp-content\/uploads\/2026\/01\/ceramic-plate-1-600x600.webp 600w, https:\/\/www.czqunfa.com\/wp-content\/uploads\/2026\/01\/ceramic-plate-1-100x100.webp 100w\" sizes=\"(max-width: 1000px) 100vw, 1000px\" \/><\/figure>\n<\/div>\n<\/div>\n\n\n\n<div class=\"wp-block-columns is-layout-flex wp-container-core-columns-is-layout-9d6595d7 wp-block-columns-is-layout-flex\">\n<div class=\"wp-block-column is-layout-flow wp-block-column-is-layout-flow\">\n<figure class=\"wp-block-image size-full\"><img decoding=\"async\" width=\"1000\" height=\"1000\" src=\"https:\/\/www.czqunfa.com\/wp-content\/uploads\/2026\/01\/ceramic-plate-2.webp\" alt=\"Keramikplatten-Gro\u00dfhandel-3\" class=\"wp-image-1601\" srcset=\"https:\/\/www.czqunfa.com\/wp-content\/uploads\/2026\/01\/ceramic-plate-2.webp 1000w, https:\/\/www.czqunfa.com\/wp-content\/uploads\/2026\/01\/ceramic-plate-2-300x300.webp 300w, https:\/\/www.czqunfa.com\/wp-content\/uploads\/2026\/01\/ceramic-plate-2-150x150.webp 150w, https:\/\/www.czqunfa.com\/wp-content\/uploads\/2026\/01\/ceramic-plate-2-768x768.webp 768w, https:\/\/www.czqunfa.com\/wp-content\/uploads\/2026\/01\/ceramic-plate-2-12x12.webp 12w, https:\/\/www.czqunfa.com\/wp-content\/uploads\/2026\/01\/ceramic-plate-2-600x600.webp 600w, https:\/\/www.czqunfa.com\/wp-content\/uploads\/2026\/01\/ceramic-plate-2-100x100.webp 100w\" sizes=\"(max-width: 1000px) 100vw, 1000px\" \/><\/figure>\n<\/div>\n\n\n\n<div class=\"wp-block-column is-layout-flow wp-block-column-is-layout-flow\">\n<figure class=\"wp-block-image size-full\"><img decoding=\"async\" width=\"1000\" height=\"1000\" src=\"https:\/\/www.czqunfa.com\/wp-content\/uploads\/2026\/01\/ceramic-plate-5.webp\" alt=\"Keramikplatten-Gro\u00dfhandel-6\" class=\"wp-image-1604\" srcset=\"https:\/\/www.czqunfa.com\/wp-content\/uploads\/2026\/01\/ceramic-plate-5.webp 1000w, https:\/\/www.czqunfa.com\/wp-content\/uploads\/2026\/01\/ceramic-plate-5-300x300.webp 300w, https:\/\/www.czqunfa.com\/wp-content\/uploads\/2026\/01\/ceramic-plate-5-150x150.webp 150w, https:\/\/www.czqunfa.com\/wp-content\/uploads\/2026\/01\/ceramic-plate-5-768x768.webp 768w, https:\/\/www.czqunfa.com\/wp-content\/uploads\/2026\/01\/ceramic-plate-5-12x12.webp 12w, https:\/\/www.czqunfa.com\/wp-content\/uploads\/2026\/01\/ceramic-plate-5-600x600.webp 600w, https:\/\/www.czqunfa.com\/wp-content\/uploads\/2026\/01\/ceramic-plate-5-100x100.webp 100w\" sizes=\"(max-width: 1000px) 100vw, 1000px\" \/><\/figure>\n<\/div>\n<\/div>\n\n\n\n<p><\/p>","protected":false},"excerpt":{"rendered":"<p>Willkommen beim Kauf unserer individuell bedruckten Keramikteller mit Schmetterlingsmotiven. Die handgezeichneten Muster werden mit hochwertigen Glasuren hergestellt und anschlie\u00dfend im Brennofen gebrannt. Das Ergebnis ist eine glatte und ungiftige Oberfl\u00e4che, die den Sicherheitsstandards f\u00fcr den Kontakt mit Lebensmitteln entspricht. Die Qualit\u00e4t unserer Produkte ist gleichbleibend, sicher, zuverl\u00e4ssig und langlebig. Es ist leicht zu reinigen und kann individuell gestaltet werden, um Ihr Markenimage widerzuspiegeln.<\/p>\n<h2><strong>Individuell bedruckte keramische Platten Parameter<\/strong><\/h2>\n<table width=\"534\">\n<tbody>\n<tr>\n<td width=\"116\">Hersteller<\/td>\n<td width=\"211\">QUNFA<\/td>\n<\/tr>\n<tr>\n<td width=\"116\">Produkttyp<\/td>\n<td>Keramische Platte<\/td>\n<\/tr>\n<tr>\n<td width=\"116\">Modell-Nr.<\/td>\n<td width=\"211\">2237-32\/2238-33<\/td>\n<\/tr>\n<tr>\n<td width=\"116\">Material<\/td>\n<td width=\"211\">Steinzeug<\/td>\n<\/tr>\n<tr>\n<td width=\"116\">Muster<\/td>\n<td width=\"211\">Gestickter, handgemalter Schmetterling mit blauem Rand<\/td>\n<\/tr>\n<tr>\n<td width=\"116\">Dimension<\/td>\n<td width=\"211\">10.5\u2033plate(2237-32):26.2\u00d726.2\u00d73.5cm<br \/>8\u2033plate(2238-33):20x20x2cm<\/td>\n<\/tr>\n<tr>\n<td width=\"116\">Mindestbestellmenge<\/td>\n<td width=\"211\">1000 St\u00fcck<\/td>\n<\/tr>\n<tr>\n<td width=\"116\">Kundenspezifisch<\/td>\n<td width=\"211\">Farbe\/Gr\u00f6\u00dfe\/Logo\/Verpackung\/Form<\/td>\n<\/tr>\n<\/tbody>\n<\/table>","protected":false},"featured_media":1599,"comment_status":"closed","ping_status":"closed","template":"","meta":{"_acf_changed":false},"product_brand":[],"product_cat":[34,20],"product_tag":[],"class_list":{"0":"post-1591","1":"product","2":"type-product","3":"status-publish","4":"has-post-thumbnail","6":"product_cat-dinnerware-plates-wholesale","7":"product_cat-dinnerware-supplier","9":"first","10":"instock","11":"shipping-taxable","12":"product-type-simple"},"acf":[],"_links":{"self":[{"href":"https:\/\/www.czqunfa.com\/de\/wp-json\/wp\/v2\/product\/1591","targetHints":{"allow":["GET"]}}],"collection":[{"href":"https:\/\/www.czqunfa.com\/de\/wp-json\/wp\/v2\/product"}],"about":[{"href":"https:\/\/www.czqunfa.com\/de\/wp-json\/wp\/v2\/types\/product"}],"replies":[{"embeddable":true,"href":"https:\/\/www.czqunfa.com\/de\/wp-json\/wp\/v2\/comments?post=1591"}],"wp:featuredmedia":[{"embeddable":true,"href":"https:\/\/www.czqunfa.com\/de\/wp-json\/wp\/v2\/media\/1599"}],"wp:attachment":[{"href":"https:\/\/www.czqunfa.com\/de\/wp-json\/wp\/v2\/media?parent=1591"}],"wp:term":[{"taxonomy":"product_brand","embeddable":true,"href":"https:\/\/www.czqunfa.com\/de\/wp-json\/wp\/v2\/product_brand?post=1591"},{"taxonomy":"product_cat","embeddable":true,"href":"https:\/\/www.czqunfa.com\/de\/wp-json\/wp\/v2\/product_cat?post=1591"},{"taxonomy":"product_tag","embeddable":true,"href":"https:\/\/www.czqunfa.com\/de\/wp-json\/wp\/v2\/product_tag?post=1591"}],"curies":[{"name":"wp","href":"https:\/\/api.w.org\/{rel}","templated":true}]}}