{"id":1590,"date":"2026-01-24T08:08:56","date_gmt":"2026-01-24T08:08:56","guid":{"rendered":"https:\/\/www.czqunfa.com\/?post_type=product&#038;p=1590"},"modified":"2026-01-24T08:08:57","modified_gmt":"2026-01-24T08:08:57","slug":"wholesale-indoor-plant-pots","status":"publish","type":"product","link":"https:\/\/www.czqunfa.com\/de\/produkt\/wholesale-indoor-plant-pots\/","title":{"rendered":"Runde Gro\u00dfhandel Indoor-Pflanzt\u00f6pfe, gestreifte Blumentopf Bulk"},"content":{"rendered":"<div class=\"wp-block-columns is-layout-flex wp-container-core-columns-is-layout-9d6595d7 wp-block-columns-is-layout-flex\">\n<div class=\"wp-block-column is-layout-flow wp-block-column-is-layout-flow\">\n<h2 class=\"wp-block-heading\">Eigenschaften von Gro\u00dfhandel Indoor-Pflanzent\u00f6pfe<\/h2>\n\n\n\n<ul class=\"wp-block-list\">\n<li><strong>Modernes, minimalistisches Design: <\/strong>Diese Gro\u00dfhandel Indoor-Pflanzgef\u00e4\u00dfe verf\u00fcgen \u00fcber eine klassische zylindrische Form Modern Minimalist Style: Die klassische zylindrische Form dieser Gro\u00dfhandel Indoor-Pflanzent\u00f6pfe ist mit sch\u00f6nen, zarten vertikalen Streifen, einfach und doch anspruchsvoll, die eine hervorragende Erg\u00e4nzung f\u00fcr moderne B\u00fcro-, Hotel-, und verschiedene Arten von Heimdekoration Stile ist gewickelt.<\/li>\n\n\n\n<li><strong>Perfekt f\u00fcr eine Vielzahl von Pflanzen:<\/strong> Diese kosteng\u00fcnstigen Gro\u00dfhandelspflanzgef\u00e4\u00dfe f\u00fcr den Innenbereich sind ideal f\u00fcr Sukkulenten, Gr\u00fcnpflanzen, kleine Blumen und Laubpflanzen. Die richtigen r\u00e4umlichen Proportionen beg\u00fcnstigen das weitere Wachstum der Pflanzen und verbessern die optische Attraktivit\u00e4t des Ganzen.<\/li>\n\n\n\n<li><strong>Langfristige Haltbarkeit:<\/strong> Die Gro\u00dfhandelspflanzgef\u00e4\u00dfe f\u00fcr den Innenbereich zeichnen sich durch eine solide Konstruktion aus, die der t\u00e4glichen Abnutzung standh\u00e4lt und eine lange Haltbarkeit gew\u00e4hrleistet. Sie zeichnen sich au\u00dferdem durch eine exquisite Verarbeitung aus, die sie widerstandsf\u00e4hig gegen Verformung oder Bruch macht, so dass die Kunden sie in gro\u00dfen Mengen kaufen und langfristig im Einzelhandel verkaufen k\u00f6nnen.<\/li>\n\n\n\n<li><strong>Verwendung im Innen- und Au\u00dfenbereich: <\/strong>Diese Gro\u00dfhandels-Gartent\u00f6pfe f\u00fcr Pflanzen k\u00f6nnen als Zimmerpflanzen-T\u00f6pfe und Garten-T\u00f6pfe im Freien auf Ihrem Balkon, Ihrer Terrasse und Ihrem Deck verwendet werden und sind ideal zum Bepflanzen und Ausstellen.<\/li>\n\n\n\n<li><strong>Nachgewiesene globale Exporterfahrung: <\/strong>Unsere in gro\u00dfen Mengen hergestellten Keramikblument\u00f6pfe sind seit langem im Dienste des internationalen Einrichtungshandels. Wir sind mit den internationalen Logistikanforderungen und Handelsregeln vertraut und gew\u00e4hrleisten einen reibungslosen und sorgenfreien Importprozess.<\/li>\n<\/ul>\n<\/div>\n\n\n\n<div class=\"wp-block-column is-layout-flow wp-block-column-is-layout-flow\">\n<figure class=\"wp-block-image size-full\"><img decoding=\"async\" width=\"1000\" height=\"1000\" src=\"https:\/\/www.czqunfa.com\/wp-content\/uploads\/2026\/01\/round-wholesale-indoor-plant-pots-striped-flower-pot-bulk-5.webp\" alt=\"runde-gro\u00dfhandel-innen-blument\u00f6pfe-gestreift-blumentopf-bulk-5\" class=\"wp-image-1596\" srcset=\"https:\/\/www.czqunfa.com\/wp-content\/uploads\/2026\/01\/round-wholesale-indoor-plant-pots-striped-flower-pot-bulk-5.webp 1000w, https:\/\/www.czqunfa.com\/wp-content\/uploads\/2026\/01\/round-wholesale-indoor-plant-pots-striped-flower-pot-bulk-5-300x300.webp 300w, https:\/\/www.czqunfa.com\/wp-content\/uploads\/2026\/01\/round-wholesale-indoor-plant-pots-striped-flower-pot-bulk-5-150x150.webp 150w, https:\/\/www.czqunfa.com\/wp-content\/uploads\/2026\/01\/round-wholesale-indoor-plant-pots-striped-flower-pot-bulk-5-768x768.webp 768w, https:\/\/www.czqunfa.com\/wp-content\/uploads\/2026\/01\/round-wholesale-indoor-plant-pots-striped-flower-pot-bulk-5-12x12.webp 12w, https:\/\/www.czqunfa.com\/wp-content\/uploads\/2026\/01\/round-wholesale-indoor-plant-pots-striped-flower-pot-bulk-5-600x600.webp 600w, https:\/\/www.czqunfa.com\/wp-content\/uploads\/2026\/01\/round-wholesale-indoor-plant-pots-striped-flower-pot-bulk-5-100x100.webp 100w\" sizes=\"(max-width: 1000px) 100vw, 1000px\" \/><\/figure>\n<\/div>\n<\/div>\n\n\n\n<figure class=\"wp-block-gallery has-nested-images columns-default is-cropped wp-block-gallery-1 is-layout-flex wp-block-gallery-is-layout-flex\">\n<figure class=\"wp-block-image size-full\"><img decoding=\"async\" width=\"1000\" height=\"1000\" data-id=\"1592\" src=\"https:\/\/www.czqunfa.com\/wp-content\/uploads\/2026\/01\/round-wholesale-indoor-plant-pots-striped-flower-pot-bulk-1.webp\" alt=\"runde-gro\u00dfhandel-innen-blument\u00f6pfe-gestreift-blumentopf-bulk-1\" class=\"wp-image-1592\" srcset=\"https:\/\/www.czqunfa.com\/wp-content\/uploads\/2026\/01\/round-wholesale-indoor-plant-pots-striped-flower-pot-bulk-1.webp 1000w, https:\/\/www.czqunfa.com\/wp-content\/uploads\/2026\/01\/round-wholesale-indoor-plant-pots-striped-flower-pot-bulk-1-300x300.webp 300w, https:\/\/www.czqunfa.com\/wp-content\/uploads\/2026\/01\/round-wholesale-indoor-plant-pots-striped-flower-pot-bulk-1-150x150.webp 150w, https:\/\/www.czqunfa.com\/wp-content\/uploads\/2026\/01\/round-wholesale-indoor-plant-pots-striped-flower-pot-bulk-1-768x768.webp 768w, https:\/\/www.czqunfa.com\/wp-content\/uploads\/2026\/01\/round-wholesale-indoor-plant-pots-striped-flower-pot-bulk-1-12x12.webp 12w, https:\/\/www.czqunfa.com\/wp-content\/uploads\/2026\/01\/round-wholesale-indoor-plant-pots-striped-flower-pot-bulk-1-600x600.webp 600w, https:\/\/www.czqunfa.com\/wp-content\/uploads\/2026\/01\/round-wholesale-indoor-plant-pots-striped-flower-pot-bulk-1-100x100.webp 100w\" sizes=\"(max-width: 1000px) 100vw, 1000px\" \/><\/figure>\n\n\n\n<figure class=\"wp-block-image size-full\"><img decoding=\"async\" width=\"1000\" height=\"1000\" data-id=\"1593\" src=\"https:\/\/www.czqunfa.com\/wp-content\/uploads\/2026\/01\/round-wholesale-indoor-plant-pots-striped-flower-pot-bulk-2.webp\" alt=\"runde-gro\u00dfhandel-innen-blument\u00f6pfe-gestreift-blumentopf-bulk-2\" class=\"wp-image-1593\" srcset=\"https:\/\/www.czqunfa.com\/wp-content\/uploads\/2026\/01\/round-wholesale-indoor-plant-pots-striped-flower-pot-bulk-2.webp 1000w, https:\/\/www.czqunfa.com\/wp-content\/uploads\/2026\/01\/round-wholesale-indoor-plant-pots-striped-flower-pot-bulk-2-300x300.webp 300w, https:\/\/www.czqunfa.com\/wp-content\/uploads\/2026\/01\/round-wholesale-indoor-plant-pots-striped-flower-pot-bulk-2-150x150.webp 150w, https:\/\/www.czqunfa.com\/wp-content\/uploads\/2026\/01\/round-wholesale-indoor-plant-pots-striped-flower-pot-bulk-2-768x768.webp 768w, https:\/\/www.czqunfa.com\/wp-content\/uploads\/2026\/01\/round-wholesale-indoor-plant-pots-striped-flower-pot-bulk-2-12x12.webp 12w, https:\/\/www.czqunfa.com\/wp-content\/uploads\/2026\/01\/round-wholesale-indoor-plant-pots-striped-flower-pot-bulk-2-600x600.webp 600w, https:\/\/www.czqunfa.com\/wp-content\/uploads\/2026\/01\/round-wholesale-indoor-plant-pots-striped-flower-pot-bulk-2-100x100.webp 100w\" sizes=\"(max-width: 1000px) 100vw, 1000px\" \/><\/figure>\n<\/figure>\n\n\n\n<p><\/p>","protected":false},"excerpt":{"rendered":"<p>Willkommen zum Kauf Gro\u00dfhandel Indoor-Pflanzent\u00f6pfe verf\u00fcgt \u00fcber ein einfaches gestreiftes Design mit einem sauberen, modernen Look, geeignet f\u00fcr Sukkulenten, kleine Blumen und dekorative Gr\u00fcnpflanzen. Es bietet Haltbarkeit und Vielseitigkeit f\u00fcr den t\u00e4glichen Gebrauch. Dieser Blumentopf wurde f\u00fcr den Gro\u00dfhandel entwickelt und ist eine praktische und stilvolle Wahl f\u00fcr Gartencenter, Heimdekorationsmarken und kommerzielle Bepflanzungsprojekte. Kontaktieren Sie uns, um ein Angebot f\u00fcr Ihre n\u00e4chste Saison zu erhalten!<\/p>\n<h2>Gro\u00dfhandel Indoor-Pflanzt\u00f6pfe Parameter<\/h2>\n<table width=\"328\">\n<tbody>\n<tr>\n<td width=\"116\">Hersteller<\/td>\n<td width=\"211\">QUNFA<\/td>\n<\/tr>\n<tr>\n<td width=\"116\">Produkttyp<\/td>\n<td>Blumentopf<\/td>\n<\/tr>\n<tr>\n<td width=\"116\">Modell-Nr.<\/td>\n<td width=\"211\">\u00a022-0027\/22-0028<\/td>\n<\/tr>\n<tr>\n<td width=\"116\">Material<\/td>\n<td width=\"211\">Steinzeug<\/td>\n<\/tr>\n<tr>\n<td width=\"116\">Farbe<\/td>\n<td width=\"211\">Grau<\/td>\n<\/tr>\n<tr>\n<td width=\"116\">Dimension<\/td>\n<td width=\"211\">M:19.7*19.7*16.3cm<br \/>S:19*19*14cm<\/td>\n<\/tr>\n<tr>\n<td width=\"116\">Mindestbestellmenge<\/td>\n<td width=\"211\">1000 St\u00fcck<\/td>\n<\/tr>\n<tr>\n<td width=\"116\">Kundenspezifisch<\/td>\n<td width=\"211\">Farbe\/Gr\u00f6\u00dfe\/Logo\/Verpackung\/Form<\/td>\n<\/tr>\n<\/tbody>\n<\/table>","protected":false},"featured_media":1595,"comment_status":"closed","ping_status":"closed","template":"","meta":{"_acf_changed":false},"product_brand":[],"product_cat":[17,45],"product_tag":[],"class_list":{"0":"post-1590","1":"product","2":"type-product","3":"status-publish","4":"has-post-thumbnail","6":"product_cat-home-garden-decor-wholesale","7":"product_cat-wholesale-flower-pots-and-planters","9":"first","10":"instock","11":"shipping-taxable","12":"product-type-simple"},"acf":[],"_links":{"self":[{"href":"https:\/\/www.czqunfa.com\/de\/wp-json\/wp\/v2\/product\/1590","targetHints":{"allow":["GET"]}}],"collection":[{"href":"https:\/\/www.czqunfa.com\/de\/wp-json\/wp\/v2\/product"}],"about":[{"href":"https:\/\/www.czqunfa.com\/de\/wp-json\/wp\/v2\/types\/product"}],"replies":[{"embeddable":true,"href":"https:\/\/www.czqunfa.com\/de\/wp-json\/wp\/v2\/comments?post=1590"}],"wp:featuredmedia":[{"embeddable":true,"href":"https:\/\/www.czqunfa.com\/de\/wp-json\/wp\/v2\/media\/1595"}],"wp:attachment":[{"href":"https:\/\/www.czqunfa.com\/de\/wp-json\/wp\/v2\/media?parent=1590"}],"wp:term":[{"taxonomy":"product_brand","embeddable":true,"href":"https:\/\/www.czqunfa.com\/de\/wp-json\/wp\/v2\/product_brand?post=1590"},{"taxonomy":"product_cat","embeddable":true,"href":"https:\/\/www.czqunfa.com\/de\/wp-json\/wp\/v2\/product_cat?post=1590"},{"taxonomy":"product_tag","embeddable":true,"href":"https:\/\/www.czqunfa.com\/de\/wp-json\/wp\/v2\/product_tag?post=1590"}],"curies":[{"name":"wp","href":"https:\/\/api.w.org\/{rel}","templated":true}]}}