{"id":1569,"date":"2026-01-15T08:03:49","date_gmt":"2026-01-15T08:03:49","guid":{"rendered":"https:\/\/www.czqunfa.com\/?post_type=product&#038;p=1569"},"modified":"2026-01-15T08:09:53","modified_gmt":"2026-01-15T08:09:53","slug":"custom-flower-pots","status":"publish","type":"product","link":"https:\/\/www.czqunfa.com\/de\/produkt\/custom-flower-pots\/","title":{"rendered":"Gestreifte benutzerdefinierte Blument\u00f6pfe, Bulk-Keramik-Pflanzgef\u00e4\u00dfe f\u00fcr Garten"},"content":{"rendered":"<div class=\"wp-block-columns is-layout-flex wp-container-core-columns-is-layout-9d6595d7 wp-block-columns-is-layout-flex\">\n<div class=\"wp-block-column is-layout-flow wp-block-column-is-layout-flow\">\n<h2 class=\"wp-block-heading\">Merkmale von Custom Flower Pots<\/h2>\n\n\n\n<ul class=\"wp-block-list\">\n<li><strong>Hochwertiges Keramikmaterial: <\/strong>Diese ma\u00dfgefertigten Blument\u00f6pfe werden aus hochwertiger Keramik hergestellt, die bei hohen Temperaturen gebrannt wird, was zu einer robusten Textur und einer zarten Oberfl\u00e4che f\u00fchrt. Sie bieten eine hervorragende Haltbarkeit und Stabilit\u00e4t und sind f\u00fcr den langfristigen Gebrauch im Innen- und Au\u00dfenbereich geeignet.<\/li>\n\n\n\n<li><strong>Stilvolles vertikales Streifendesign:<\/strong> Diese ma\u00dfgefertigten Blument\u00f6pfe weisen eine klassische zylindrische Form auf, die mit einem dreidimensionalen vertikalen Streifenreliefdesign kombiniert ist. Sie sind schlicht und doch raffiniert und passen perfekt zu Gartencentern, B\u00fcros und moderner Wohnkultur.<\/li>\n\n\n\n<li><strong>Multi-Szenario Innen-\/Au\u00dfenanwendung: <\/strong>Diese Keramik-Pflanzgef\u00e4\u00dfe f\u00fcr den Gro\u00dfhandel sind in gro\u00dfen, mittleren und kleinen Gr\u00f6\u00dfen (4,5 Zoll) erh\u00e4ltlich und eignen sich f\u00fcr verschiedene Szenarien wie Heimdekoration, G\u00e4rten, Balkone, B\u00fcros und Einzelhandelsauslagen und erf\u00fcllen die Anforderungen verschiedener Kan\u00e4le und M\u00e4rkte.<\/li>\n\n\n\n<li><strong>Leicht zu reinigen und zu pflegen:<\/strong> Diese keramischen Pflanzgef\u00e4\u00dfe f\u00fcr den Gro\u00dfhandel haben eine glatte, hochwertig glasierte Oberfl\u00e4che, die nicht nur optisch elegant, sondern auch sehr leicht zu reinigen ist, so dass sie sich ideal f\u00fcr den privaten und gewerblichen Gebrauch eignen.<\/li>\n\n\n\n<li><strong>Direkte Preisgestaltung ab Werk: <\/strong>Als Hersteller von keramischen Blument\u00f6pfen werden unsere kundenspezifischen Blument\u00f6pfe direkt von der Fabrik produziert und verkauft, wodurch Zwischenverbindungen reduziert werden und Gro\u00dfh\u00e4ndler, Marken und Projektkunden wettbewerbsf\u00e4higere Fabrikpreise f\u00fcr keramische Pflanzgef\u00e4\u00dfe im Gro\u00dfhandel erhalten.<\/li>\n<\/ul>\n<\/div>\n\n\n\n<div class=\"wp-block-column is-layout-flow wp-block-column-is-layout-flow\">\n<figure class=\"wp-block-image size-full\"><img decoding=\"async\" width=\"960\" height=\"960\" src=\"https:\/\/www.czqunfa.com\/wp-content\/uploads\/2026\/01\/striped-custom-flower-pots-bulk-ceramic-planters-for-garden-5.webp\" alt=\"gestreifte-individuelle-blument\u00f6pfe-massen-keramik-pflanzgef\u00e4\u00dfe-f\u00fcr-den-garten-5\" class=\"wp-image-1576\" srcset=\"https:\/\/www.czqunfa.com\/wp-content\/uploads\/2026\/01\/striped-custom-flower-pots-bulk-ceramic-planters-for-garden-5.webp 960w, https:\/\/www.czqunfa.com\/wp-content\/uploads\/2026\/01\/striped-custom-flower-pots-bulk-ceramic-planters-for-garden-5-300x300.webp 300w, https:\/\/www.czqunfa.com\/wp-content\/uploads\/2026\/01\/striped-custom-flower-pots-bulk-ceramic-planters-for-garden-5-150x150.webp 150w, https:\/\/www.czqunfa.com\/wp-content\/uploads\/2026\/01\/striped-custom-flower-pots-bulk-ceramic-planters-for-garden-5-768x768.webp 768w, https:\/\/www.czqunfa.com\/wp-content\/uploads\/2026\/01\/striped-custom-flower-pots-bulk-ceramic-planters-for-garden-5-12x12.webp 12w, https:\/\/www.czqunfa.com\/wp-content\/uploads\/2026\/01\/striped-custom-flower-pots-bulk-ceramic-planters-for-garden-5-600x600.webp 600w, https:\/\/www.czqunfa.com\/wp-content\/uploads\/2026\/01\/striped-custom-flower-pots-bulk-ceramic-planters-for-garden-5-100x100.webp 100w\" sizes=\"(max-width: 960px) 100vw, 960px\" \/><\/figure>\n<\/div>\n<\/div>\n\n\n\n<figure class=\"wp-block-gallery has-nested-images columns-default is-cropped wp-block-gallery-1 is-layout-flex wp-block-gallery-is-layout-flex\">\n<figure class=\"wp-block-image size-full\"><img decoding=\"async\" width=\"960\" height=\"960\" data-id=\"1572\" src=\"https:\/\/www.czqunfa.com\/wp-content\/uploads\/2026\/01\/striped-custom-flower-pots-bulk-ceramic-planters-for-garden-1.webp\" alt=\"gestreifte-individuelle-blumen-t\u00f6pfe-massen-keramik-pflanzgef\u00e4\u00dfe-f\u00fcr-den-garten-1\" class=\"wp-image-1572\" srcset=\"https:\/\/www.czqunfa.com\/wp-content\/uploads\/2026\/01\/striped-custom-flower-pots-bulk-ceramic-planters-for-garden-1.webp 960w, https:\/\/www.czqunfa.com\/wp-content\/uploads\/2026\/01\/striped-custom-flower-pots-bulk-ceramic-planters-for-garden-1-300x300.webp 300w, https:\/\/www.czqunfa.com\/wp-content\/uploads\/2026\/01\/striped-custom-flower-pots-bulk-ceramic-planters-for-garden-1-150x150.webp 150w, https:\/\/www.czqunfa.com\/wp-content\/uploads\/2026\/01\/striped-custom-flower-pots-bulk-ceramic-planters-for-garden-1-768x768.webp 768w, https:\/\/www.czqunfa.com\/wp-content\/uploads\/2026\/01\/striped-custom-flower-pots-bulk-ceramic-planters-for-garden-1-12x12.webp 12w, https:\/\/www.czqunfa.com\/wp-content\/uploads\/2026\/01\/striped-custom-flower-pots-bulk-ceramic-planters-for-garden-1-600x600.webp 600w, https:\/\/www.czqunfa.com\/wp-content\/uploads\/2026\/01\/striped-custom-flower-pots-bulk-ceramic-planters-for-garden-1-100x100.webp 100w\" sizes=\"(max-width: 960px) 100vw, 960px\" \/><\/figure>\n\n\n\n<figure class=\"wp-block-image size-full\"><img decoding=\"async\" width=\"960\" height=\"960\" data-id=\"1574\" src=\"https:\/\/www.czqunfa.com\/wp-content\/uploads\/2026\/01\/striped-custom-flower-pots-bulk-ceramic-planters-for-garden-3.webp\" alt=\"gestreifte-individuelle-blumen-t\u00f6pfe-massen-keramik-pflanzgef\u00e4\u00dfe-f\u00fcr-den-garten-3\" class=\"wp-image-1574\" srcset=\"https:\/\/www.czqunfa.com\/wp-content\/uploads\/2026\/01\/striped-custom-flower-pots-bulk-ceramic-planters-for-garden-3.webp 960w, https:\/\/www.czqunfa.com\/wp-content\/uploads\/2026\/01\/striped-custom-flower-pots-bulk-ceramic-planters-for-garden-3-300x300.webp 300w, https:\/\/www.czqunfa.com\/wp-content\/uploads\/2026\/01\/striped-custom-flower-pots-bulk-ceramic-planters-for-garden-3-150x150.webp 150w, https:\/\/www.czqunfa.com\/wp-content\/uploads\/2026\/01\/striped-custom-flower-pots-bulk-ceramic-planters-for-garden-3-768x768.webp 768w, https:\/\/www.czqunfa.com\/wp-content\/uploads\/2026\/01\/striped-custom-flower-pots-bulk-ceramic-planters-for-garden-3-12x12.webp 12w, https:\/\/www.czqunfa.com\/wp-content\/uploads\/2026\/01\/striped-custom-flower-pots-bulk-ceramic-planters-for-garden-3-600x600.webp 600w, https:\/\/www.czqunfa.com\/wp-content\/uploads\/2026\/01\/striped-custom-flower-pots-bulk-ceramic-planters-for-garden-3-100x100.webp 100w\" sizes=\"(max-width: 960px) 100vw, 960px\" \/><\/figure>\n<\/figure>\n\n\n\n<p><\/p>","protected":false},"excerpt":{"rendered":"<p>Willkommen zum Kauf dieser benutzerdefinierten Blument\u00f6pfe aus hochwertigem Steingut, mit einem einfachen gestreiften Design, das sowohl dekorativ als auch praktisch ist. Fabrikpreis Gro\u00dfhandel Keramik Pflanzgef\u00e4\u00dfe mit stabilen Massenproduktion und kontrollierbare Lieferzeiten unterst\u00fctzen langfristige Zusammenarbeit, die eine hochwertige L\u00f6sung f\u00fcr moderne Gartenarbeit, Gro\u00dfhandel und kommerzielle Geschenk-Kan\u00e4le.<\/p>\n<h2>Individuelle Blument\u00f6pfe Parameter<\/h2>\n<table width=\"328\">\n<tbody>\n<tr>\n<td width=\"116\">Hersteller<\/td>\n<td width=\"211\">QUNFA<\/td>\n<\/tr>\n<tr>\n<td width=\"116\">Produkttyp<\/td>\n<td>Blumentopf<\/td>\n<\/tr>\n<tr>\n<td width=\"116\">Modell-Nr.<\/td>\n<td width=\"211\">NO70\u00a0<\/td>\n<\/tr>\n<tr>\n<td width=\"116\">Material<\/td>\n<td width=\"211\">Steinzeug<\/td>\n<\/tr>\n<tr>\n<td width=\"116\">Farbe<\/td>\n<td width=\"211\">Blau<\/td>\n<\/tr>\n<tr>\n<td width=\"116\">Dimension<\/td>\n<td width=\"211\">L:22*22*19cm, Dish:19.2*19.2*2.2cm<br \/>M:18*18*16.5cm, Dish:15.8*15.8*2cm<br \/>S:14.5*14.5*14.5cm, Dish:12.5*12.5*1.6cm<\/td>\n<\/tr>\n<tr>\n<td width=\"116\">Mindestbestellmenge<\/td>\n<td width=\"211\">1000 St\u00fcck<\/td>\n<\/tr>\n<tr>\n<td width=\"116\">Kundenspezifisch<\/td>\n<td width=\"211\">Farbe\/Gr\u00f6\u00dfe\/Logo\/Verpackung\/Form<\/td>\n<\/tr>\n<\/tbody>\n<\/table>","protected":false},"featured_media":1575,"comment_status":"closed","ping_status":"closed","template":"","meta":{"_acf_changed":false},"product_brand":[],"product_cat":[17,45],"product_tag":[],"class_list":{"0":"post-1569","1":"product","2":"type-product","3":"status-publish","4":"has-post-thumbnail","6":"product_cat-home-garden-decor-wholesale","7":"product_cat-wholesale-flower-pots-and-planters","9":"first","10":"instock","11":"shipping-taxable","12":"product-type-simple"},"acf":[],"_links":{"self":[{"href":"https:\/\/www.czqunfa.com\/de\/wp-json\/wp\/v2\/product\/1569","targetHints":{"allow":["GET"]}}],"collection":[{"href":"https:\/\/www.czqunfa.com\/de\/wp-json\/wp\/v2\/product"}],"about":[{"href":"https:\/\/www.czqunfa.com\/de\/wp-json\/wp\/v2\/types\/product"}],"replies":[{"embeddable":true,"href":"https:\/\/www.czqunfa.com\/de\/wp-json\/wp\/v2\/comments?post=1569"}],"wp:featuredmedia":[{"embeddable":true,"href":"https:\/\/www.czqunfa.com\/de\/wp-json\/wp\/v2\/media\/1575"}],"wp:attachment":[{"href":"https:\/\/www.czqunfa.com\/de\/wp-json\/wp\/v2\/media?parent=1569"}],"wp:term":[{"taxonomy":"product_brand","embeddable":true,"href":"https:\/\/www.czqunfa.com\/de\/wp-json\/wp\/v2\/product_brand?post=1569"},{"taxonomy":"product_cat","embeddable":true,"href":"https:\/\/www.czqunfa.com\/de\/wp-json\/wp\/v2\/product_cat?post=1569"},{"taxonomy":"product_tag","embeddable":true,"href":"https:\/\/www.czqunfa.com\/de\/wp-json\/wp\/v2\/product_tag?post=1569"}],"curies":[{"name":"wp","href":"https:\/\/api.w.org\/{rel}","templated":true}]}}