{"id":1561,"date":"2026-01-15T03:49:53","date_gmt":"2026-01-15T03:49:53","guid":{"rendered":"https:\/\/www.czqunfa.com\/?post_type=product&#038;p=1561"},"modified":"2026-01-15T06:29:05","modified_gmt":"2026-01-15T06:29:05","slug":"wholesale-planter-pots","status":"publish","type":"product","link":"https:\/\/www.czqunfa.com\/de\/produkt\/wholesale-planter-pots\/","title":{"rendered":"Gro\u00dfhandel Pflanzer T\u00f6pfe mit Untertassen, keramischen Garten Topf Bulk"},"content":{"rendered":"<div class=\"wp-block-columns is-layout-flex wp-container-core-columns-is-layout-9d6595d7 wp-block-columns-is-layout-flex\">\n<div class=\"wp-block-column is-layout-flow wp-block-column-is-layout-flow\">\n<h2 class=\"wp-block-heading\">Merkmale der Gro\u00dfhandel Pflanzer T\u00f6pfe<\/h2>\n\n\n\n<ul class=\"wp-block-list\">\n<li><strong>Hochwertiges Steingut: <\/strong>Diese Gro\u00dfhandelspflanzgef\u00e4\u00dfe haben eine klassische konische Form, die von einem feinen Kaktusrelief und dem k\u00fcnstlerischen Schriftzug A GOOD LIFE\u2018 flankiert wird, um das hochwertige Aussehen des Produkts zu unterstreichen.<\/li>\n\n\n\n<li><strong>Trendige Farben:<\/strong> Diese Gro\u00dfhandel Pflanzgef\u00e4\u00dfe kommen in einer breiten Palette von modischen Farben, wie stilvolle rosa, lebendig gr\u00fcn, nat\u00fcrlich beige, und dunkelblau, und so weiter, geeignet f\u00fcr die Anpassung an verschiedene Haus und B\u00fcro Umgebungen.<\/li>\n\n\n\n<li><strong>Elegantes Design:<\/strong> Diese Gro\u00dfhandelspflanzgef\u00e4\u00dfe haben eine klassische konische Form, die mit zarten Kaktusreliefmustern und dem k\u00fcnstlerischen Schriftzug \u201cA GOOD LIFE\u201d verziert ist, was den hochwertigen Charakter des Produkts unterstreicht.<\/li>\n\n\n\n<li><strong>Inklusive passender Untertassen:<\/strong> Der keramische Gartentopf in loser Sch\u00fcttung wird mit einer passenden individuellen Schale geliefert, die \u00fcbersch\u00fcssiges Wasser auff\u00e4ngt und Ihre gesamte Zimmerpflanzensammlung in Schach h\u00e4lt und Ihre Umgebung nicht verschmutzt.<\/li>\n\n\n\n<li><strong>Multiszenario-Anwendung: <\/strong>Der keramische Gartentopf ist in drei Gr\u00f6\u00dfen erh\u00e4ltlich, um den Pflanzbedarf von Sukkulenten und breitbl\u00e4ttrigen Pflanzen zu decken. Er ist der Verkaufsschlager f\u00fcr Gartencenter und Einzelh\u00e4ndler.<\/li>\n\n\n\n<li><strong>Gro\u00dfhandel &amp; Bulk Supply: <\/strong>Diese Gro\u00dfhandelspflanzgef\u00e4\u00dfe werden in gro\u00dfen Mengen mit stabiler Produktionskapazit\u00e4t angeboten, was Gro\u00dfh\u00e4ndlern, Importeuren und Einzelhandelsketten eine gleichbleibende Qualit\u00e4t und zuverl\u00e4ssige Lieferzeiten garantiert.<\/li>\n<\/ul>\n<\/div>\n\n\n\n<div class=\"wp-block-column is-layout-flow wp-block-column-is-layout-flow\">\n<figure class=\"wp-block-image size-full\"><img decoding=\"async\" width=\"800\" height=\"800\" src=\"https:\/\/www.czqunfa.com\/wp-content\/uploads\/2026\/01\/wholesale-planter-pots-with-saucers-ceramic-garden-pot-bulk-6.webp\" alt=\"Gro\u00dfhandel-Pflanzgef\u00e4\u00dfe-mit-Untertassen-Keramik-G\u00e4rtnertopf-Ladung-6\" class=\"wp-image-1567\" srcset=\"https:\/\/www.czqunfa.com\/wp-content\/uploads\/2026\/01\/wholesale-planter-pots-with-saucers-ceramic-garden-pot-bulk-6.webp 800w, https:\/\/www.czqunfa.com\/wp-content\/uploads\/2026\/01\/wholesale-planter-pots-with-saucers-ceramic-garden-pot-bulk-6-300x300.webp 300w, https:\/\/www.czqunfa.com\/wp-content\/uploads\/2026\/01\/wholesale-planter-pots-with-saucers-ceramic-garden-pot-bulk-6-150x150.webp 150w, https:\/\/www.czqunfa.com\/wp-content\/uploads\/2026\/01\/wholesale-planter-pots-with-saucers-ceramic-garden-pot-bulk-6-768x768.webp 768w, https:\/\/www.czqunfa.com\/wp-content\/uploads\/2026\/01\/wholesale-planter-pots-with-saucers-ceramic-garden-pot-bulk-6-12x12.webp 12w, https:\/\/www.czqunfa.com\/wp-content\/uploads\/2026\/01\/wholesale-planter-pots-with-saucers-ceramic-garden-pot-bulk-6-600x600.webp 600w, https:\/\/www.czqunfa.com\/wp-content\/uploads\/2026\/01\/wholesale-planter-pots-with-saucers-ceramic-garden-pot-bulk-6-100x100.webp 100w\" sizes=\"(max-width: 800px) 100vw, 800px\" \/><\/figure>\n<\/div>\n<\/div>\n\n\n\n<figure class=\"wp-block-gallery has-nested-images columns-default is-cropped wp-block-gallery-1 is-layout-flex wp-block-gallery-is-layout-flex\">\n<figure class=\"wp-block-image size-full\"><img decoding=\"async\" width=\"800\" height=\"800\" data-id=\"1566\" src=\"https:\/\/www.czqunfa.com\/wp-content\/uploads\/2026\/01\/wholesale-planter-pots-with-saucers-ceramic-garden-pot-bulk-5.webp\" alt=\"Gro\u00dfhandel-Pflanzgef\u00e4\u00dfe-mit-Untertassen-Keramik-G\u00e4rtnertopf-Gro\u00dfpackung-5\" class=\"wp-image-1566\" srcset=\"https:\/\/www.czqunfa.com\/wp-content\/uploads\/2026\/01\/wholesale-planter-pots-with-saucers-ceramic-garden-pot-bulk-5.webp 800w, https:\/\/www.czqunfa.com\/wp-content\/uploads\/2026\/01\/wholesale-planter-pots-with-saucers-ceramic-garden-pot-bulk-5-300x300.webp 300w, https:\/\/www.czqunfa.com\/wp-content\/uploads\/2026\/01\/wholesale-planter-pots-with-saucers-ceramic-garden-pot-bulk-5-150x150.webp 150w, https:\/\/www.czqunfa.com\/wp-content\/uploads\/2026\/01\/wholesale-planter-pots-with-saucers-ceramic-garden-pot-bulk-5-768x768.webp 768w, https:\/\/www.czqunfa.com\/wp-content\/uploads\/2026\/01\/wholesale-planter-pots-with-saucers-ceramic-garden-pot-bulk-5-12x12.webp 12w, https:\/\/www.czqunfa.com\/wp-content\/uploads\/2026\/01\/wholesale-planter-pots-with-saucers-ceramic-garden-pot-bulk-5-600x600.webp 600w, https:\/\/www.czqunfa.com\/wp-content\/uploads\/2026\/01\/wholesale-planter-pots-with-saucers-ceramic-garden-pot-bulk-5-100x100.webp 100w\" sizes=\"(max-width: 800px) 100vw, 800px\" \/><\/figure>\n\n\n\n<figure class=\"wp-block-image size-full\"><img decoding=\"async\" width=\"800\" height=\"800\" data-id=\"1565\" src=\"https:\/\/www.czqunfa.com\/wp-content\/uploads\/2026\/01\/wholesale-planter-pots-with-saucers-ceramic-garden-pot-bulk-4.webp\" alt=\"Gro\u00dfhandel-Pflanzgef\u00e4\u00dfe-mit-Untertassen-Keramik-G\u00e4rtnertopf-Bulk-4\" class=\"wp-image-1565\" srcset=\"https:\/\/www.czqunfa.com\/wp-content\/uploads\/2026\/01\/wholesale-planter-pots-with-saucers-ceramic-garden-pot-bulk-4.webp 800w, https:\/\/www.czqunfa.com\/wp-content\/uploads\/2026\/01\/wholesale-planter-pots-with-saucers-ceramic-garden-pot-bulk-4-300x300.webp 300w, https:\/\/www.czqunfa.com\/wp-content\/uploads\/2026\/01\/wholesale-planter-pots-with-saucers-ceramic-garden-pot-bulk-4-150x150.webp 150w, https:\/\/www.czqunfa.com\/wp-content\/uploads\/2026\/01\/wholesale-planter-pots-with-saucers-ceramic-garden-pot-bulk-4-768x768.webp 768w, https:\/\/www.czqunfa.com\/wp-content\/uploads\/2026\/01\/wholesale-planter-pots-with-saucers-ceramic-garden-pot-bulk-4-12x12.webp 12w, https:\/\/www.czqunfa.com\/wp-content\/uploads\/2026\/01\/wholesale-planter-pots-with-saucers-ceramic-garden-pot-bulk-4-600x600.webp 600w, https:\/\/www.czqunfa.com\/wp-content\/uploads\/2026\/01\/wholesale-planter-pots-with-saucers-ceramic-garden-pot-bulk-4-100x100.webp 100w\" sizes=\"(max-width: 800px) 100vw, 800px\" \/><\/figure>\n<\/figure>\n\n\n\n<p><\/p>","protected":false},"excerpt":{"rendered":"<p>Willkommen zum Kauf dieser Gro\u00dfhandel Blument\u00f6pfe mit Untertassen. Diese aus hochwertigem Steinzeug gefertigten Keramikt\u00f6pfe sind f\u00fcr die Gartenarbeit im Innen- und Au\u00dfenbereich geeignet, langlebig und bieten eine hervorragende Best\u00e4ndigkeit gegen Temperaturschwankungen. Die Oberfl\u00e4che weist eine gepr\u00e4gte Oberfl\u00e4che auf und wird mit einem praktischen, passenden Tablett geliefert. Damit sind sie ideal f\u00fcr Gartencenter, Pflanzenh\u00e4ndler und kommerzielle Landschaftsbauprojekte, die zuverl\u00e4ssige Keramikpflanzgef\u00e4\u00dfe in gro\u00dfen Mengen suchen.<\/p>\n<h2>Gro\u00dfhandel Pflanzer T\u00f6pfe Parameter<\/h2>\n<table width=\"328\">\n<tbody>\n<tr>\n<td width=\"116\">Hersteller<\/td>\n<td width=\"211\">QUNFA<\/td>\n<\/tr>\n<tr>\n<td width=\"116\">Produkttyp<\/td>\n<td>Blumentopf<\/td>\n<\/tr>\n<tr>\n<td width=\"116\">Modell-Nr.<\/td>\n<td width=\"211\">NO70\u00a0<\/td>\n<\/tr>\n<tr>\n<td width=\"116\">Material<\/td>\n<td width=\"211\">Steinzeug<\/td>\n<\/tr>\n<tr>\n<td width=\"116\">Farbe<\/td>\n<td width=\"211\">Blau, Benutzerdefiniert<\/td>\n<\/tr>\n<tr>\n<td width=\"116\">Dimension<\/td>\n<td width=\"211\">L:22*22*19cm, Dish:19.2*19.2*2.2cm<br \/>M:18*18*16.5cm, Dish:15.8*15.8*2cm<br \/>S:14.5*14.5*14.5cm, Dish:12.5*12.5*1.6cm<\/td>\n<\/tr>\n<tr>\n<td width=\"116\">Mindestbestellmenge<\/td>\n<td width=\"211\">1000 St\u00fcck<\/td>\n<\/tr>\n<tr>\n<td width=\"116\">Kundenspezifisch<\/td>\n<td width=\"211\">Farbe\/Gr\u00f6\u00dfe\/Logo\/Verpackung\/Form<\/td>\n<\/tr>\n<\/tbody>\n<\/table>","protected":false},"featured_media":1563,"comment_status":"closed","ping_status":"closed","template":"","meta":{"_acf_changed":false},"product_brand":[],"product_cat":[17,45],"product_tag":[],"class_list":{"0":"post-1561","1":"product","2":"type-product","3":"status-publish","4":"has-post-thumbnail","6":"product_cat-home-garden-decor-wholesale","7":"product_cat-wholesale-flower-pots-and-planters","9":"first","10":"instock","11":"shipping-taxable","12":"product-type-simple"},"acf":[],"_links":{"self":[{"href":"https:\/\/www.czqunfa.com\/de\/wp-json\/wp\/v2\/product\/1561","targetHints":{"allow":["GET"]}}],"collection":[{"href":"https:\/\/www.czqunfa.com\/de\/wp-json\/wp\/v2\/product"}],"about":[{"href":"https:\/\/www.czqunfa.com\/de\/wp-json\/wp\/v2\/types\/product"}],"replies":[{"embeddable":true,"href":"https:\/\/www.czqunfa.com\/de\/wp-json\/wp\/v2\/comments?post=1561"}],"wp:featuredmedia":[{"embeddable":true,"href":"https:\/\/www.czqunfa.com\/de\/wp-json\/wp\/v2\/media\/1563"}],"wp:attachment":[{"href":"https:\/\/www.czqunfa.com\/de\/wp-json\/wp\/v2\/media?parent=1561"}],"wp:term":[{"taxonomy":"product_brand","embeddable":true,"href":"https:\/\/www.czqunfa.com\/de\/wp-json\/wp\/v2\/product_brand?post=1561"},{"taxonomy":"product_cat","embeddable":true,"href":"https:\/\/www.czqunfa.com\/de\/wp-json\/wp\/v2\/product_cat?post=1561"},{"taxonomy":"product_tag","embeddable":true,"href":"https:\/\/www.czqunfa.com\/de\/wp-json\/wp\/v2\/product_tag?post=1561"}],"curies":[{"name":"wp","href":"https:\/\/api.w.org\/{rel}","templated":true}]}}