{"id":1551,"date":"2026-01-15T02:54:04","date_gmt":"2026-01-15T02:54:04","guid":{"rendered":"https:\/\/www.czqunfa.com\/?post_type=product&#038;p=1551"},"modified":"2026-01-15T02:54:06","modified_gmt":"2026-01-15T02:54:06","slug":"ramekins-bulk","status":"publish","type":"product","link":"https:\/\/www.czqunfa.com\/de\/produkt\/ramekins-bulk\/","title":{"rendered":"3,5\u2033 herzf\u00f6rmige Ramekins Bulk, benutzerdefinierte Mini-Suffle Dishes"},"content":{"rendered":"<div class=\"wp-block-columns is-layout-flex wp-container-core-columns-is-layout-9d6595d7 wp-block-columns-is-layout-flex\">\n<div class=\"wp-block-column is-layout-flow wp-block-column-is-layout-flow\">\n<h2 class=\"wp-block-heading\">Eigenschaften von Keramikkannen Bulk<\/h2>\n\n\n\n<ul class=\"wp-block-list\">\n<li><strong>Hochwertiges Keramikmaterial:<\/strong> Diese Auflauff\u00f6rmchen sind aus hochwertigen keramischen Rohstoffen hergestellt, widerstandsf\u00e4hig gegen hohe Temperaturen und W\u00e4rmeschocks, geeignet f\u00fcr den h\u00e4ufigen gewerblichen Einsatz und erf\u00fcllen die Stabilit\u00e4tsanforderungen des Gro\u00dfhandels und der Gastronomie.<\/li>\n\n\n\n<li><strong>Herzf\u00f6rmiges Design:<\/strong> Diese Keramikschalen in Herzform sind klein und zart und haben einen starken visuellen Reiz. Sie eignen sich perfekt f\u00fcr Desserts, Backwaren und weihnachtliche Produkte und helfen Marken, sich im Einzelhandel und in der Gastronomie zu profilieren.<\/li>\n\n\n\n<li><strong>Vielseitige Anwendungen:<\/strong> Die 3,5\u2033 gro\u00dfen Keramikf\u00f6rmchen sind genau das Richtige f\u00fcr die Zubereitung von Souffl\u00e9s, Pudding, gebackenen Eiern, Dips und mehr. Sie eignen sich f\u00fcr die Herstellung von kleinen gebackenen Gerichten, Desserts und so weiter. Sie sind beliebt in Restaurants, Caf\u00e9s, B\u00e4ckereien und beim Backen zu Hause.<\/li>\n\n\n\n<li><strong>Glatte Glasur: <\/strong>Unsere ma\u00dfgefertigten Mini-Auflaufformen haben eine glatte, gleichm\u00e4\u00dfige Glasur, die verhindert, dass sich Essens- und \u00d6lr\u00fcckst\u00e4nde ansammeln, wodurch sie leicht zu reinigen sind und die Arbeits- und Wartungskosten f\u00fcr Catering-Kunden sinken.<\/li>\n\n\n\n<li><strong>Fabrikdirektlieferung:<\/strong> Als professioneller Hersteller von keramischen Backformen unterst\u00fctzen unsere ma\u00dfgefertigten Mini-Auflaufformen Gro\u00dfbestellungen und langfristige Partnerschaften und gew\u00e4hrleisten stabile Preise und kontrollierbare Lieferzeiten, so dass sie sich f\u00fcr Gro\u00dfh\u00e4ndler und projektbezogene Kunden eignen.<\/li>\n<\/ul>\n<\/div>\n\n\n\n<div class=\"wp-block-column is-layout-flow wp-block-column-is-layout-flow\">\n<figure class=\"wp-block-image size-full\"><img decoding=\"async\" width=\"800\" height=\"800\" src=\"https:\/\/www.czqunfa.com\/wp-content\/uploads\/2026\/01\/heart-shaped-ramekins-bulk-custom-mini-souffle-dishes-1.webp\" alt=\"herzf\u00f6rmige-ramekins-bulk-individuelle-mini-souffle-geschirr-1\" class=\"wp-image-1555\" srcset=\"https:\/\/www.czqunfa.com\/wp-content\/uploads\/2026\/01\/heart-shaped-ramekins-bulk-custom-mini-souffle-dishes-1.webp 800w, https:\/\/www.czqunfa.com\/wp-content\/uploads\/2026\/01\/heart-shaped-ramekins-bulk-custom-mini-souffle-dishes-1-300x300.webp 300w, https:\/\/www.czqunfa.com\/wp-content\/uploads\/2026\/01\/heart-shaped-ramekins-bulk-custom-mini-souffle-dishes-1-150x150.webp 150w, https:\/\/www.czqunfa.com\/wp-content\/uploads\/2026\/01\/heart-shaped-ramekins-bulk-custom-mini-souffle-dishes-1-768x768.webp 768w, https:\/\/www.czqunfa.com\/wp-content\/uploads\/2026\/01\/heart-shaped-ramekins-bulk-custom-mini-souffle-dishes-1-12x12.webp 12w, https:\/\/www.czqunfa.com\/wp-content\/uploads\/2026\/01\/heart-shaped-ramekins-bulk-custom-mini-souffle-dishes-1-600x600.webp 600w, https:\/\/www.czqunfa.com\/wp-content\/uploads\/2026\/01\/heart-shaped-ramekins-bulk-custom-mini-souffle-dishes-1-100x100.webp 100w\" sizes=\"(max-width: 800px) 100vw, 800px\" \/><\/figure>\n<\/div>\n<\/div>\n\n\n\n<figure class=\"wp-block-gallery has-nested-images columns-default is-cropped wp-block-gallery-1 is-layout-flex wp-block-gallery-is-layout-flex\">\n<figure class=\"wp-block-image size-full\"><img decoding=\"async\" width=\"800\" height=\"800\" data-id=\"1556\" src=\"https:\/\/www.czqunfa.com\/wp-content\/uploads\/2026\/01\/heart-shaped-ramekins-bulk-custom-mini-souffle-dishes-2.webp\" alt=\"herzf\u00f6rmige-ramekins-bulk-individuelle-mini-souffle-geschirr-2\" class=\"wp-image-1556\" srcset=\"https:\/\/www.czqunfa.com\/wp-content\/uploads\/2026\/01\/heart-shaped-ramekins-bulk-custom-mini-souffle-dishes-2.webp 800w, https:\/\/www.czqunfa.com\/wp-content\/uploads\/2026\/01\/heart-shaped-ramekins-bulk-custom-mini-souffle-dishes-2-300x300.webp 300w, https:\/\/www.czqunfa.com\/wp-content\/uploads\/2026\/01\/heart-shaped-ramekins-bulk-custom-mini-souffle-dishes-2-150x150.webp 150w, https:\/\/www.czqunfa.com\/wp-content\/uploads\/2026\/01\/heart-shaped-ramekins-bulk-custom-mini-souffle-dishes-2-768x768.webp 768w, https:\/\/www.czqunfa.com\/wp-content\/uploads\/2026\/01\/heart-shaped-ramekins-bulk-custom-mini-souffle-dishes-2-12x12.webp 12w, https:\/\/www.czqunfa.com\/wp-content\/uploads\/2026\/01\/heart-shaped-ramekins-bulk-custom-mini-souffle-dishes-2-600x600.webp 600w, https:\/\/www.czqunfa.com\/wp-content\/uploads\/2026\/01\/heart-shaped-ramekins-bulk-custom-mini-souffle-dishes-2-100x100.webp 100w\" sizes=\"(max-width: 800px) 100vw, 800px\" \/><\/figure>\n\n\n\n<figure class=\"wp-block-image size-full\"><img decoding=\"async\" width=\"800\" height=\"800\" data-id=\"1557\" src=\"https:\/\/www.czqunfa.com\/wp-content\/uploads\/2026\/01\/heart-shaped-ramekins-bulk-custom-mini-souffle-dishes-3.webp\" alt=\"herzf\u00f6rmige-ramekins-bulk-individuelle-mini-souffle-geschirr-3\" class=\"wp-image-1557\" srcset=\"https:\/\/www.czqunfa.com\/wp-content\/uploads\/2026\/01\/heart-shaped-ramekins-bulk-custom-mini-souffle-dishes-3.webp 800w, https:\/\/www.czqunfa.com\/wp-content\/uploads\/2026\/01\/heart-shaped-ramekins-bulk-custom-mini-souffle-dishes-3-300x300.webp 300w, https:\/\/www.czqunfa.com\/wp-content\/uploads\/2026\/01\/heart-shaped-ramekins-bulk-custom-mini-souffle-dishes-3-150x150.webp 150w, https:\/\/www.czqunfa.com\/wp-content\/uploads\/2026\/01\/heart-shaped-ramekins-bulk-custom-mini-souffle-dishes-3-768x768.webp 768w, https:\/\/www.czqunfa.com\/wp-content\/uploads\/2026\/01\/heart-shaped-ramekins-bulk-custom-mini-souffle-dishes-3-12x12.webp 12w, https:\/\/www.czqunfa.com\/wp-content\/uploads\/2026\/01\/heart-shaped-ramekins-bulk-custom-mini-souffle-dishes-3-600x600.webp 600w, https:\/\/www.czqunfa.com\/wp-content\/uploads\/2026\/01\/heart-shaped-ramekins-bulk-custom-mini-souffle-dishes-3-100x100.webp 100w\" sizes=\"(max-width: 800px) 100vw, 800px\" \/><\/figure>\n<\/figure>\n\n\n\n<p><\/p>","protected":false},"excerpt":{"rendered":"<p>Willkommen beim Kauf der herzf\u00f6rmigen 3,5-Zoll-Keramik-Auflauff\u00f6rmchen, die eine ideale Wahl f\u00fcr Backgro\u00dfh\u00e4ndler und Catering-Kunden sind. Hergestellt aus professioneller hitzebest\u00e4ndiger Keramik, ist sie backofen- und mikrowellengeeignet und perfekt f\u00fcr die Zubereitung von Aufl\u00e4ufen, Pudding oder als Gew\u00fcrzschale. OEM\/ODM-Anpassung wird unterst\u00fctzt, damit Sie differenzierte Markenprodukte herstellen k\u00f6nnen.<\/p>\n<h2>Keramische Rechauds Bulk Parameter<\/h2>\n<table width=\"328\">\n<tbody>\n<tr>\n<td width=\"116\">Hersteller<\/td>\n<td width=\"211\">QUNFA<\/td>\n<\/tr>\n<tr>\n<td width=\"116\">Produkttyp<\/td>\n<td>Ramequin<\/td>\n<\/tr>\n<tr>\n<td width=\"116\">Modell-Nr.<\/td>\n<td width=\"211\">23-0121<\/td>\n<\/tr>\n<tr>\n<td width=\"116\">Material<\/td>\n<td width=\"211\">Steinzeug<\/td>\n<\/tr>\n<tr>\n<td width=\"116\">Farbe<\/td>\n<td width=\"211\">Rosa, Rot<\/td>\n<\/tr>\n<tr>\n<td width=\"116\">Dimension<\/td>\n<td width=\"211\">\u00a08.9*8.9*4.3cm<\/td>\n<\/tr>\n<tr>\n<td width=\"116\">Mindestbestellmenge<\/td>\n<td width=\"211\">1000 St\u00fcck<\/td>\n<\/tr>\n<tr>\n<td width=\"116\">Kundenspezifisch<\/td>\n<td width=\"211\">Farbe\/Gr\u00f6\u00dfe\/Logo\/Verpackung\/Form<\/td>\n<\/tr>\n<\/tbody>\n<\/table>","protected":false},"featured_media":1560,"comment_status":"closed","ping_status":"closed","template":"","meta":{"_acf_changed":false},"product_brand":[],"product_cat":[22,29],"product_tag":[],"class_list":{"0":"post-1551","1":"product","2":"type-product","3":"status-publish","4":"has-post-thumbnail","6":"product_cat-bakeware-manufacturer","7":"product_cat-wholesale-ramekins","9":"first","10":"instock","11":"shipping-taxable","12":"product-type-simple"},"acf":[],"_links":{"self":[{"href":"https:\/\/www.czqunfa.com\/de\/wp-json\/wp\/v2\/product\/1551","targetHints":{"allow":["GET"]}}],"collection":[{"href":"https:\/\/www.czqunfa.com\/de\/wp-json\/wp\/v2\/product"}],"about":[{"href":"https:\/\/www.czqunfa.com\/de\/wp-json\/wp\/v2\/types\/product"}],"replies":[{"embeddable":true,"href":"https:\/\/www.czqunfa.com\/de\/wp-json\/wp\/v2\/comments?post=1551"}],"wp:featuredmedia":[{"embeddable":true,"href":"https:\/\/www.czqunfa.com\/de\/wp-json\/wp\/v2\/media\/1560"}],"wp:attachment":[{"href":"https:\/\/www.czqunfa.com\/de\/wp-json\/wp\/v2\/media?parent=1551"}],"wp:term":[{"taxonomy":"product_brand","embeddable":true,"href":"https:\/\/www.czqunfa.com\/de\/wp-json\/wp\/v2\/product_brand?post=1551"},{"taxonomy":"product_cat","embeddable":true,"href":"https:\/\/www.czqunfa.com\/de\/wp-json\/wp\/v2\/product_cat?post=1551"},{"taxonomy":"product_tag","embeddable":true,"href":"https:\/\/www.czqunfa.com\/de\/wp-json\/wp\/v2\/product_tag?post=1551"}],"curies":[{"name":"wp","href":"https:\/\/api.w.org\/{rel}","templated":true}]}}