{"id":1542,"date":"2026-01-15T02:09:44","date_gmt":"2026-01-15T02:09:44","guid":{"rendered":"https:\/\/www.czqunfa.com\/?post_type=product&#038;p=1542"},"modified":"2026-01-15T02:15:46","modified_gmt":"2026-01-15T02:15:46","slug":"wholesale-baking-pans","status":"publish","type":"product","link":"https:\/\/www.czqunfa.com\/de\/produkt\/wholesale-baking-pans\/","title":{"rendered":"Quadratische Gro\u00dfhandel Backformen, Backofen sicher keramischen Brot Pan"},"content":{"rendered":"<div class=\"wp-block-columns is-layout-flex wp-container-core-columns-is-layout-9d6595d7 wp-block-columns-is-layout-flex\">\n<div class=\"wp-block-column is-layout-flow wp-block-column-is-layout-flow\">\n<h2 class=\"wp-block-heading\">Merkmale der Gro\u00dfhandel Backformen<\/h2>\n\n\n\n<ul class=\"wp-block-list\">\n<li><strong>Hochwertiges Steingut:<\/strong> Diese Gro\u00dfhandels-Backformen sind aus hochwertigem Steinzeug gefertigt, mit einer dichten Struktur, ausgezeichneter Haltbarkeit und Temperaturwechselbest\u00e4ndigkeit, geeignet f\u00fcr den langfristigen, hochfrequenten Backgebrauch und erf\u00fcllen die Bed\u00fcrfnisse professioneller Backkunden und gewerblicher Kunden.<\/li>\n\n\n\n<li><strong>Vielseitig verwendbar: <\/strong>Diese Gro\u00dfhandels-Backformen sind f\u00fcr die Verwendung im Ofen, in der Mikrowelle und in der Sp\u00fclmaschine geeignet. Sie sind hitzebest\u00e4ndig und verformen sich nicht, so dass Sie sie f\u00fcr die Herstellung von Toast, Kuchen, Brownies und gebackenen Speisen usw. verwenden k\u00f6nnen. Sie sind in der Hausb\u00e4ckerei, B\u00e4ckerei, Gastronomie und im Einzelhandel weit verbreitet.<\/li>\n\n\n\n<li><strong>Quadratisches Design f\u00fcr gleichm\u00e4\u00dfige Erw\u00e4rmung: <\/strong>Die klassische quadratische Struktur dieser Gro\u00dfhandels-Backformen aus Keramik sorgt f\u00fcr eine gleichm\u00e4\u00dfigere Erw\u00e4rmung und tr\u00e4gt dazu bei, die Konsistenz der Backwaren und eine gute Randgestaltung zu verbessern. Besonders geeignet f\u00fcr Toast und quadratische Brotprodukte, sehr beliebt bei professionellen Backk\u00e4ufern.<\/li>\n\n\n\n<li><strong>Glatte glasierte Oberfl\u00e4che und leicht zu reinigen:<\/strong> Unsere ofenfeste Keramik-Brotbackform verf\u00fcgt \u00fcber eine hochwertige glasierte Oberfl\u00e4che, die sich glatt anf\u00fchlt, resistent gegen \u00d6lflecken und -r\u00fcckst\u00e4nde ist und sich leicht reinigen l\u00e4sst. Sie ist sp\u00fclmaschinenfest und senkt die Wartungskosten im gewerblichen Einsatz.<\/li>\n\n\n\n<li><strong>Werksdirektverkauf: <\/strong>Unsere Gro\u00dfhandels-Backformen werden direkt vom Hersteller verkauft, so dass wir Zwischenh\u00e4ndler ausschlie\u00dfen und die g\u00fcnstigsten Gro\u00dfhandelspreise anbieten k\u00f6nnen. Wir unterst\u00fctzen eine tiefgreifende Anpassung von Farben, Gr\u00f6\u00dfen und Markenlogos, um Ihre pers\u00f6nlichen Marktanforderungen zu erf\u00fcllen.<\/li>\n<\/ul>\n<\/div>\n\n\n\n<div class=\"wp-block-column is-layout-flow wp-block-column-is-layout-flow\">\n<figure class=\"wp-block-image size-full\"><img decoding=\"async\" width=\"1000\" height=\"1000\" src=\"https:\/\/www.czqunfa.com\/wp-content\/uploads\/2026\/01\/square-wholesale-baking-pans-oven-safe-ceramic-bread-pan-3.webp\" alt=\"quadratische-gro\u00dfhandel-backformen-ofen-sicher-keramik-brotpfanne-3\" class=\"wp-image-1545\" srcset=\"https:\/\/www.czqunfa.com\/wp-content\/uploads\/2026\/01\/square-wholesale-baking-pans-oven-safe-ceramic-bread-pan-3.webp 1000w, https:\/\/www.czqunfa.com\/wp-content\/uploads\/2026\/01\/square-wholesale-baking-pans-oven-safe-ceramic-bread-pan-3-300x300.webp 300w, https:\/\/www.czqunfa.com\/wp-content\/uploads\/2026\/01\/square-wholesale-baking-pans-oven-safe-ceramic-bread-pan-3-150x150.webp 150w, https:\/\/www.czqunfa.com\/wp-content\/uploads\/2026\/01\/square-wholesale-baking-pans-oven-safe-ceramic-bread-pan-3-768x768.webp 768w, https:\/\/www.czqunfa.com\/wp-content\/uploads\/2026\/01\/square-wholesale-baking-pans-oven-safe-ceramic-bread-pan-3-12x12.webp 12w, https:\/\/www.czqunfa.com\/wp-content\/uploads\/2026\/01\/square-wholesale-baking-pans-oven-safe-ceramic-bread-pan-3-600x600.webp 600w, https:\/\/www.czqunfa.com\/wp-content\/uploads\/2026\/01\/square-wholesale-baking-pans-oven-safe-ceramic-bread-pan-3-100x100.webp 100w\" sizes=\"(max-width: 1000px) 100vw, 1000px\" \/><\/figure>\n<\/div>\n<\/div>\n\n\n\n<figure class=\"wp-block-gallery has-nested-images columns-default is-cropped wp-block-gallery-1 is-layout-flex wp-block-gallery-is-layout-flex\">\n<figure class=\"wp-block-image size-full\"><img decoding=\"async\" width=\"1000\" height=\"1000\" data-id=\"1546\" src=\"https:\/\/www.czqunfa.com\/wp-content\/uploads\/2026\/01\/square-wholesale-baking-pans-oven-safe-ceramic-bread-pan-4.webp\" alt=\"quadratische-gro\u00dfhandel-backformen-ofen-sicher-keramik-brotpfanne-4\" class=\"wp-image-1546\" srcset=\"https:\/\/www.czqunfa.com\/wp-content\/uploads\/2026\/01\/square-wholesale-baking-pans-oven-safe-ceramic-bread-pan-4.webp 1000w, https:\/\/www.czqunfa.com\/wp-content\/uploads\/2026\/01\/square-wholesale-baking-pans-oven-safe-ceramic-bread-pan-4-300x300.webp 300w, https:\/\/www.czqunfa.com\/wp-content\/uploads\/2026\/01\/square-wholesale-baking-pans-oven-safe-ceramic-bread-pan-4-150x150.webp 150w, https:\/\/www.czqunfa.com\/wp-content\/uploads\/2026\/01\/square-wholesale-baking-pans-oven-safe-ceramic-bread-pan-4-768x768.webp 768w, https:\/\/www.czqunfa.com\/wp-content\/uploads\/2026\/01\/square-wholesale-baking-pans-oven-safe-ceramic-bread-pan-4-12x12.webp 12w, https:\/\/www.czqunfa.com\/wp-content\/uploads\/2026\/01\/square-wholesale-baking-pans-oven-safe-ceramic-bread-pan-4-600x600.webp 600w, https:\/\/www.czqunfa.com\/wp-content\/uploads\/2026\/01\/square-wholesale-baking-pans-oven-safe-ceramic-bread-pan-4-100x100.webp 100w\" sizes=\"(max-width: 1000px) 100vw, 1000px\" \/><\/figure>\n\n\n\n<figure class=\"wp-block-image size-full\"><img decoding=\"async\" width=\"1000\" height=\"1000\" data-id=\"1547\" src=\"https:\/\/www.czqunfa.com\/wp-content\/uploads\/2026\/01\/square-wholesale-baking-pans-oven-safe-ceramic-bread-pan-5.webp\" alt=\"quadratische-gro\u00dfhandel-backformen-ofen-sicher-keramik-brotpfanne-5\" class=\"wp-image-1547\" srcset=\"https:\/\/www.czqunfa.com\/wp-content\/uploads\/2026\/01\/square-wholesale-baking-pans-oven-safe-ceramic-bread-pan-5.webp 1000w, https:\/\/www.czqunfa.com\/wp-content\/uploads\/2026\/01\/square-wholesale-baking-pans-oven-safe-ceramic-bread-pan-5-300x300.webp 300w, https:\/\/www.czqunfa.com\/wp-content\/uploads\/2026\/01\/square-wholesale-baking-pans-oven-safe-ceramic-bread-pan-5-150x150.webp 150w, https:\/\/www.czqunfa.com\/wp-content\/uploads\/2026\/01\/square-wholesale-baking-pans-oven-safe-ceramic-bread-pan-5-768x768.webp 768w, https:\/\/www.czqunfa.com\/wp-content\/uploads\/2026\/01\/square-wholesale-baking-pans-oven-safe-ceramic-bread-pan-5-12x12.webp 12w, https:\/\/www.czqunfa.com\/wp-content\/uploads\/2026\/01\/square-wholesale-baking-pans-oven-safe-ceramic-bread-pan-5-600x600.webp 600w, https:\/\/www.czqunfa.com\/wp-content\/uploads\/2026\/01\/square-wholesale-baking-pans-oven-safe-ceramic-bread-pan-5-100x100.webp 100w\" sizes=\"(max-width: 1000px) 100vw, 1000px\" \/><\/figure>\n<\/figure>\n\n\n\n<p><\/p>","protected":false},"excerpt":{"rendered":"<p>Willkommen im Gro\u00dfhandel mit Backformen aus hochwertigem Keramikmaterial, die f\u00fcr den Ofen, die Mikrowelle und die Sp\u00fclmaschine geeignet sind. Das quadratische Design sorgt f\u00fcr eine gleichm\u00e4\u00dfige Erw\u00e4rmung, und die glatte Glasur ist leicht zu reinigen, geeignet f\u00fcr den langfristigen Einsatz in privaten und kommerziellen Backen Einstellungen. Die ofenfeste Keramik-Backform ist eine ideale Wahl f\u00fcr Backwareneink\u00e4ufer und Gro\u00dfhandelskunden.<\/p>\n<h2>Gro\u00dfhandel Backformen Parameter<\/h2>\n<table width=\"328\">\n<tbody>\n<tr>\n<td width=\"116\">Hersteller<\/td>\n<td width=\"211\">QUNFA<\/td>\n<\/tr>\n<tr>\n<td width=\"116\">Produkttyp<\/td>\n<td>Backform, Laibform<\/td>\n<\/tr>\n<tr>\n<td width=\"116\">Modell-Nr.<\/td>\n<td width=\"211\">\u00a019-419<\/td>\n<\/tr>\n<tr>\n<td width=\"116\">Material<\/td>\n<td width=\"211\">Steinzeug<\/td>\n<\/tr>\n<tr>\n<td width=\"116\">Farbe<\/td>\n<td width=\"211\">Grau, Rosa, Blau, Gelb<\/td>\n<\/tr>\n<tr>\n<td width=\"116\">Dimension<\/td>\n<td width=\"211\">7.7\u2033pan:19.5*19.5*6.2cm<br \/>9.3\u2033pan:23.5*23.5*7cm<\/td>\n<\/tr>\n<tr>\n<td width=\"116\">Mindestbestellmenge<\/td>\n<td width=\"211\">1000 St\u00fcck<\/td>\n<\/tr>\n<tr>\n<td width=\"116\">Kundenspezifisch<\/td>\n<td width=\"211\">Farbe\/Gr\u00f6\u00dfe\/Logo\/Verpackung\/Form<\/td>\n<\/tr>\n<\/tbody>\n<\/table>","protected":false},"featured_media":1548,"comment_status":"closed","ping_status":"closed","template":"","meta":{"_acf_changed":false},"product_brand":[],"product_cat":[22,26,23],"product_tag":[],"class_list":{"0":"post-1542","1":"product","2":"type-product","3":"status-publish","4":"has-post-thumbnail","6":"product_cat-bakeware-manufacturer","7":"product_cat-ceramic-loaf-pan-supplier","8":"product_cat-wholesale-baking-dishes","10":"first","11":"instock","12":"shipping-taxable","13":"product-type-simple"},"acf":[],"_links":{"self":[{"href":"https:\/\/www.czqunfa.com\/de\/wp-json\/wp\/v2\/product\/1542","targetHints":{"allow":["GET"]}}],"collection":[{"href":"https:\/\/www.czqunfa.com\/de\/wp-json\/wp\/v2\/product"}],"about":[{"href":"https:\/\/www.czqunfa.com\/de\/wp-json\/wp\/v2\/types\/product"}],"replies":[{"embeddable":true,"href":"https:\/\/www.czqunfa.com\/de\/wp-json\/wp\/v2\/comments?post=1542"}],"wp:featuredmedia":[{"embeddable":true,"href":"https:\/\/www.czqunfa.com\/de\/wp-json\/wp\/v2\/media\/1548"}],"wp:attachment":[{"href":"https:\/\/www.czqunfa.com\/de\/wp-json\/wp\/v2\/media?parent=1542"}],"wp:term":[{"taxonomy":"product_brand","embeddable":true,"href":"https:\/\/www.czqunfa.com\/de\/wp-json\/wp\/v2\/product_brand?post=1542"},{"taxonomy":"product_cat","embeddable":true,"href":"https:\/\/www.czqunfa.com\/de\/wp-json\/wp\/v2\/product_cat?post=1542"},{"taxonomy":"product_tag","embeddable":true,"href":"https:\/\/www.czqunfa.com\/de\/wp-json\/wp\/v2\/product_tag?post=1542"}],"curies":[{"name":"wp","href":"https:\/\/api.w.org\/{rel}","templated":true}]}}