{"id":1525,"date":"2026-01-14T09:28:26","date_gmt":"2026-01-14T09:28:26","guid":{"rendered":"https:\/\/www.czqunfa.com\/?post_type=product&#038;p=1525"},"modified":"2026-01-14T09:28:28","modified_gmt":"2026-01-14T09:28:28","slug":"ceramic-bread-pan-wholesale","status":"publish","type":"product","link":"https:\/\/www.czqunfa.com\/de\/produkt\/ceramic-bread-pan-wholesale\/","title":{"rendered":"5,2 \u201cKeramik Brot Pan Gro\u00dfhandel, Sarg benutzerdefinierte Laib Pfanne mit Deckel f\u00fcr Halloween"},"content":{"rendered":"<div class=\"wp-block-columns is-layout-flex wp-container-core-columns-is-layout-9d6595d7 wp-block-columns-is-layout-flex\">\n<div class=\"wp-block-column is-layout-flow wp-block-column-is-layout-flow\">\n<h2 class=\"wp-block-heading\">Eigenschaften von Keramik-Brotpfanne Gro\u00dfhandel<\/h2>\n\n\n\n<ul class=\"wp-block-list\">\n<li><strong>Einzigartiges Sargdesign:<\/strong> Diese Keramik-Brotform f\u00fcr den Gro\u00dfhandel hat eine geometrische Sargform mit hohem Wiedererkennungswert. Auf dem Deckel sind die Worte \u201cREST IN PEACE\u201d und ein Kreuz aufgedruckt. Dieses differenzierte Design zieht schnell die Aufmerksamkeit der Verbraucher auf sich und macht sie zu einem der meistverkauften Artikel auf M\u00e4rkten mit Halloween- oder Gothic-Themen.<\/li>\n\n\n\n<li><strong>Hochwertiges Keramikmaterial:<\/strong> Diese ma\u00dfgefertigte Brotbackform mit Deckel besteht aus hochwertiger Keramik mit hoher Dichte, die bei hohen Temperaturen gebrannt wird, was zu einer harten und verschlei\u00dffesten Struktur f\u00fchrt. Dies gew\u00e4hrleistet die Haltbarkeit und Langlebigkeit des Produkts bei langfristigem Gebrauch und bietet au\u00dferdem eine ausgezeichnete Hitze- und K\u00e4ltebest\u00e4ndigkeit.<\/li>\n\n\n\n<li><strong>Vielseitig mit Deckel: <\/strong>Diese Keramik-Brotbackform im Gro\u00dfhandel wird mit einem passenden Keramikdeckel geliefert, der nicht nur die Integrit\u00e4t des Designs unterstreicht, sondern auch dazu beitr\u00e4gt, die Feuchtigkeit w\u00e4hrend des Backens einzuschlie\u00dfen, oder als Aufbewahrungsbox verwendet werden kann, um das Eindringen von Staub zu verhindern.<\/li>\n\n\n\n<li><strong>Backofen\/Mikrowelle\/Sp\u00fclmaschinenfest:<\/strong> Diese keramische Brotbackform aus dem Gro\u00dfhandel ist backofen-, mikrowellen- und sp\u00fclmaschinengeeignet und erf\u00fcllt die Anforderungen von Restaurants, B\u00e4ckereien, Hotels und Einzelhandelsgesch\u00e4ften, die eine hohe Nutzungsfrequenz aufweisen, und verbessert die Effizienz.<\/li>\n\n\n\n<li><strong>Leicht zu reinigen:<\/strong> Diese ma\u00dfgefertigte Laibform mit Deckel hat eine leistungsstarke glatte Glasur, eine zarte Haptik, gute Antihafteigenschaften und ist leicht zu reinigen, so dass sie lange sauber und neu bleibt, egal ob f\u00fcr Heimwerker oder Gro\u00dfk\u00fcchen.<\/li>\n\n\n\n<li><strong>Direktvertrieb und kundenspezifische Anpassung Vorteile:<\/strong> Diese keramische Brotpfanne Gro\u00dfhandel wird direkt von der Quelle Fabrik geliefert, bietet sehr wettbewerbsf\u00e4hige Preise f\u00fcr Gro\u00dfhandelskunden. Wir unterst\u00fctzen Massenanpassung ab 1000 St\u00fcck (z. B. Farb\u00e4nderung, Logodruck), helfen B-End-Kunden erstellen ihre eigenen Markenmerkmale.<\/li>\n<\/ul>\n<\/div>\n\n\n\n<div class=\"wp-block-column is-layout-flow wp-block-column-is-layout-flow\">\n<figure class=\"wp-block-image size-full\"><img decoding=\"async\" width=\"1000\" height=\"1000\" src=\"https:\/\/www.czqunfa.com\/wp-content\/uploads\/2026\/01\/ceramic-bread-pan-wholesale-custom-loaf-pan-with-lid-1.webp\" alt=\"Keramik-Brotpfanne-Gro\u00dfhandel-individuelle-Brotpfanne-mit-Deckel-1\" class=\"wp-image-1526\" srcset=\"https:\/\/www.czqunfa.com\/wp-content\/uploads\/2026\/01\/ceramic-bread-pan-wholesale-custom-loaf-pan-with-lid-1.webp 1000w, https:\/\/www.czqunfa.com\/wp-content\/uploads\/2026\/01\/ceramic-bread-pan-wholesale-custom-loaf-pan-with-lid-1-300x300.webp 300w, https:\/\/www.czqunfa.com\/wp-content\/uploads\/2026\/01\/ceramic-bread-pan-wholesale-custom-loaf-pan-with-lid-1-150x150.webp 150w, https:\/\/www.czqunfa.com\/wp-content\/uploads\/2026\/01\/ceramic-bread-pan-wholesale-custom-loaf-pan-with-lid-1-768x768.webp 768w, https:\/\/www.czqunfa.com\/wp-content\/uploads\/2026\/01\/ceramic-bread-pan-wholesale-custom-loaf-pan-with-lid-1-12x12.webp 12w, https:\/\/www.czqunfa.com\/wp-content\/uploads\/2026\/01\/ceramic-bread-pan-wholesale-custom-loaf-pan-with-lid-1-600x600.webp 600w, https:\/\/www.czqunfa.com\/wp-content\/uploads\/2026\/01\/ceramic-bread-pan-wholesale-custom-loaf-pan-with-lid-1-100x100.webp 100w\" sizes=\"(max-width: 1000px) 100vw, 1000px\" \/><\/figure>\n<\/div>\n<\/div>\n\n\n\n<figure class=\"wp-block-gallery has-nested-images columns-default is-cropped wp-block-gallery-1 is-layout-flex wp-block-gallery-is-layout-flex\">\n<figure class=\"wp-block-image size-full\"><img decoding=\"async\" width=\"1000\" height=\"1000\" data-id=\"1527\" src=\"https:\/\/www.czqunfa.com\/wp-content\/uploads\/2026\/01\/ceramic-bread-pan-wholesale-custom-loaf-pan-with-lid-2.webp\" alt=\"Keramik-Brotpfanne-Gro\u00dfhandel-individuelle-Brotpfanne-mit-Deckel-2\" class=\"wp-image-1527\" srcset=\"https:\/\/www.czqunfa.com\/wp-content\/uploads\/2026\/01\/ceramic-bread-pan-wholesale-custom-loaf-pan-with-lid-2.webp 1000w, https:\/\/www.czqunfa.com\/wp-content\/uploads\/2026\/01\/ceramic-bread-pan-wholesale-custom-loaf-pan-with-lid-2-300x300.webp 300w, https:\/\/www.czqunfa.com\/wp-content\/uploads\/2026\/01\/ceramic-bread-pan-wholesale-custom-loaf-pan-with-lid-2-150x150.webp 150w, https:\/\/www.czqunfa.com\/wp-content\/uploads\/2026\/01\/ceramic-bread-pan-wholesale-custom-loaf-pan-with-lid-2-768x768.webp 768w, https:\/\/www.czqunfa.com\/wp-content\/uploads\/2026\/01\/ceramic-bread-pan-wholesale-custom-loaf-pan-with-lid-2-12x12.webp 12w, https:\/\/www.czqunfa.com\/wp-content\/uploads\/2026\/01\/ceramic-bread-pan-wholesale-custom-loaf-pan-with-lid-2-600x600.webp 600w, https:\/\/www.czqunfa.com\/wp-content\/uploads\/2026\/01\/ceramic-bread-pan-wholesale-custom-loaf-pan-with-lid-2-100x100.webp 100w\" sizes=\"(max-width: 1000px) 100vw, 1000px\" \/><\/figure>\n\n\n\n<figure class=\"wp-block-image size-full\"><img decoding=\"async\" width=\"1000\" height=\"1000\" data-id=\"1528\" src=\"https:\/\/www.czqunfa.com\/wp-content\/uploads\/2026\/01\/ceramic-bread-pan-wholesale-custom-loaf-pan-with-lid-3.webp\" alt=\"Keramik-Brotpfanne-Gro\u00dfhandel-Brotpfanne-mit-Deckel-3\" class=\"wp-image-1528\" srcset=\"https:\/\/www.czqunfa.com\/wp-content\/uploads\/2026\/01\/ceramic-bread-pan-wholesale-custom-loaf-pan-with-lid-3.webp 1000w, https:\/\/www.czqunfa.com\/wp-content\/uploads\/2026\/01\/ceramic-bread-pan-wholesale-custom-loaf-pan-with-lid-3-300x300.webp 300w, https:\/\/www.czqunfa.com\/wp-content\/uploads\/2026\/01\/ceramic-bread-pan-wholesale-custom-loaf-pan-with-lid-3-150x150.webp 150w, https:\/\/www.czqunfa.com\/wp-content\/uploads\/2026\/01\/ceramic-bread-pan-wholesale-custom-loaf-pan-with-lid-3-768x768.webp 768w, https:\/\/www.czqunfa.com\/wp-content\/uploads\/2026\/01\/ceramic-bread-pan-wholesale-custom-loaf-pan-with-lid-3-12x12.webp 12w, https:\/\/www.czqunfa.com\/wp-content\/uploads\/2026\/01\/ceramic-bread-pan-wholesale-custom-loaf-pan-with-lid-3-600x600.webp 600w, https:\/\/www.czqunfa.com\/wp-content\/uploads\/2026\/01\/ceramic-bread-pan-wholesale-custom-loaf-pan-with-lid-3-100x100.webp 100w\" sizes=\"(max-width: 1000px) 100vw, 1000px\" \/><\/figure>\n<\/figure>\n\n\n\n<p><\/p>","protected":false},"excerpt":{"rendered":"<p>Willkommen zum Kauf unserer Keramik Brotkasten Gro\u00dfhandel. Mit einer einzigartigen Sargform als zentrales Designelement, ist aus ausgew\u00e4hlter hochwertiger Keramik, mit einer robusten Struktur und ausgezeichneter Hitze- und K\u00e4ltebest\u00e4ndigkeit, geeignet f\u00fcr die Herstellung von personalisierten Br\u00f6tchen, Desserts, oder als einzigartige Aufbewahrungsbox. Wenden Sie sich jetzt an uns, um ma\u00dfgeschneiderte L\u00f6sungen zu erhalten und die Chance auf dem Markt f\u00fcr Spezialbackwaren zu ergreifen.<\/p>\n<h2>Keramik-Brotpfanne Gro\u00dfhandel Parameter<\/h2>\n<table width=\"328\">\n<tbody>\n<tr>\n<td width=\"116\">Hersteller<\/td>\n<td width=\"211\">QUNFA<\/td>\n<\/tr>\n<tr>\n<td width=\"116\">Produkttyp<\/td>\n<td>Kastenform<\/td>\n<\/tr>\n<tr>\n<td width=\"116\">Modell-Nr.<\/td>\n<td width=\"211\">\u00a022-0164<\/td>\n<\/tr>\n<tr>\n<td width=\"116\">Material<\/td>\n<td width=\"211\">Steinzeug<\/td>\n<\/tr>\n<tr>\n<td width=\"116\">Farbe<\/td>\n<td width=\"211\">Schwarz<\/td>\n<\/tr>\n<tr>\n<td width=\"116\">Dimension<\/td>\n<td width=\"211\">Sarg-Box: 13.3*8.9*5.1cm<br \/>Deckel 13,3*8,9*4,5cm<\/td>\n<\/tr>\n<tr>\n<td width=\"116\">Mindestbestellmenge<\/td>\n<td width=\"211\">1000 St\u00fcck<\/td>\n<\/tr>\n<tr>\n<td width=\"116\">Kundenspezifisch<\/td>\n<td width=\"211\">Farbe\/Gr\u00f6\u00dfe\/Logo\/Verpackung\/Form<\/td>\n<\/tr>\n<\/tbody>\n<\/table>","protected":false},"featured_media":1529,"comment_status":"closed","ping_status":"closed","template":"","meta":{"_acf_changed":false},"product_brand":[],"product_cat":[22,26],"product_tag":[],"class_list":{"0":"post-1525","1":"product","2":"type-product","3":"status-publish","4":"has-post-thumbnail","6":"product_cat-bakeware-manufacturer","7":"product_cat-ceramic-loaf-pan-supplier","9":"first","10":"instock","11":"shipping-taxable","12":"product-type-simple"},"acf":[],"_links":{"self":[{"href":"https:\/\/www.czqunfa.com\/de\/wp-json\/wp\/v2\/product\/1525","targetHints":{"allow":["GET"]}}],"collection":[{"href":"https:\/\/www.czqunfa.com\/de\/wp-json\/wp\/v2\/product"}],"about":[{"href":"https:\/\/www.czqunfa.com\/de\/wp-json\/wp\/v2\/types\/product"}],"replies":[{"embeddable":true,"href":"https:\/\/www.czqunfa.com\/de\/wp-json\/wp\/v2\/comments?post=1525"}],"wp:featuredmedia":[{"embeddable":true,"href":"https:\/\/www.czqunfa.com\/de\/wp-json\/wp\/v2\/media\/1529"}],"wp:attachment":[{"href":"https:\/\/www.czqunfa.com\/de\/wp-json\/wp\/v2\/media?parent=1525"}],"wp:term":[{"taxonomy":"product_brand","embeddable":true,"href":"https:\/\/www.czqunfa.com\/de\/wp-json\/wp\/v2\/product_brand?post=1525"},{"taxonomy":"product_cat","embeddable":true,"href":"https:\/\/www.czqunfa.com\/de\/wp-json\/wp\/v2\/product_cat?post=1525"},{"taxonomy":"product_tag","embeddable":true,"href":"https:\/\/www.czqunfa.com\/de\/wp-json\/wp\/v2\/product_tag?post=1525"}],"curies":[{"name":"wp","href":"https:\/\/api.w.org\/{rel}","templated":true}]}}