{"id":1515,"date":"2026-02-06T02:45:41","date_gmt":"2026-02-06T02:45:41","guid":{"rendered":"https:\/\/www.czqunfa.com\/?post_type=product&#038;p=1515"},"modified":"2026-02-06T02:45:43","modified_gmt":"2026-02-06T02:45:43","slug":"coffee-mugs-in-bulk","status":"publish","type":"product","link":"https:\/\/www.czqunfa.com\/de\/produkt\/coffee-mugs-in-bulk\/","title":{"rendered":"Kaffeebecher in Bulk, sp\u00fclmaschinenfest Keramikbecher Gro\u00dfhandel"},"content":{"rendered":"<div class=\"wp-block-columns is-layout-flex wp-container-core-columns-is-layout-9d6595d7 wp-block-columns-is-layout-flex\">\n<div class=\"wp-block-column is-layout-flow wp-block-column-is-layout-flow\">\n<h2 class=\"wp-block-heading\">Eigenschaften von Kaffeebechern in Bulk<\/h2>\n\n\n\n<ul class=\"wp-block-list\">\n<li><strong>Hochwertiges Keramikmaterial:<\/strong> Diese zweifarbigen Kaffeebecher aus hochwertiger, lebensmittelechter Keramik bieten eine hervorragende Haltbarkeit und Hitzebest\u00e4ndigkeit. Die verdickte Becherwand sorgt f\u00fcr eine langfristige Nutzung ohne Risse, wodurch sie ideal f\u00fcr den Gro\u00dfhandel, Caf\u00e9s und Werbeprojekte sind.<\/li>\n\n\n\n<li><strong>Zweifarbige moderne \u00c4sthetik:<\/strong> Diese zweifarbigen Kaffeebecher in loser Sch\u00fcttung, mit farbigen Innen- und Au\u00dfenseiten oder zweifarbig auf K\u00f6rper und Henkel, erm\u00f6glichen es Ihnen, einen sch\u00f6nen verschachtelten geschichteten Look mit diesen Bechern zu genie\u00dfen.<\/li>\n\n\n\n<li><strong>Vielseitige Anwendung:<\/strong> Diese Kaffeebecher in loser Sch\u00fcttung bieten ein perfektes Gleichgewicht zwischen Durchmesser und Fassungsverm\u00f6gen, so dass sie nicht nur als professionelle Kaffeetassen, sondern auch als Fr\u00fchst\u00fccksmilchbecher und Wasserbecher f\u00fcr das B\u00fcro verwendet werden k\u00f6nnen und somit verschiedene Endverbraucherm\u00e4rkte abdecken.<\/li>\n\n\n\n<li><strong>Leicht zu reinigen:<\/strong> Die Innenseite des Gro\u00dfhandels-Keramikbechers ist mit einer hochgl\u00e4nzenden, glatten Glasur auf der Oberfl\u00e4che beschichtet, die sich leicht abwaschen l\u00e4sst und an der Flecken von Kaffee oder Tee nicht so leicht haften. Es sieht sauber und neu, auch nach langer Zeit der Nutzung.<\/li>\n\n\n\n<li><strong>Gro\u00dfhandel und individuelle Anpassung m\u00f6glich:<\/strong> Unsere Gro\u00dfhandels-Keramikbecher unterst\u00fctzen Logodruck, Farbanpassung, Verpackungsdesign und OEM\/ODM-Services - perfekt f\u00fcr Importeure, Gro\u00dfh\u00e4ndler und Eigenmarken.<\/li>\n<\/ul>\n<\/div>\n\n\n\n<div class=\"wp-block-column is-layout-flow wp-block-column-is-layout-flow\">\n<figure class=\"wp-block-image size-full\"><img decoding=\"async\" width=\"1000\" height=\"1000\" src=\"https:\/\/www.czqunfa.com\/wp-content\/uploads\/2026\/02\/coffee-mugs-in-bulk-dishwasher-safe-ceramic-mug-wholesale-1.webp\" alt=\"kaffeebecher-im-massengut-sp\u00fclmaschinenfest-keramik-becher-grosshandel-1\" class=\"wp-image-1754\" srcset=\"https:\/\/www.czqunfa.com\/wp-content\/uploads\/2026\/02\/coffee-mugs-in-bulk-dishwasher-safe-ceramic-mug-wholesale-1.webp 1000w, https:\/\/www.czqunfa.com\/wp-content\/uploads\/2026\/02\/coffee-mugs-in-bulk-dishwasher-safe-ceramic-mug-wholesale-1-300x300.webp 300w, https:\/\/www.czqunfa.com\/wp-content\/uploads\/2026\/02\/coffee-mugs-in-bulk-dishwasher-safe-ceramic-mug-wholesale-1-150x150.webp 150w, https:\/\/www.czqunfa.com\/wp-content\/uploads\/2026\/02\/coffee-mugs-in-bulk-dishwasher-safe-ceramic-mug-wholesale-1-768x768.webp 768w, https:\/\/www.czqunfa.com\/wp-content\/uploads\/2026\/02\/coffee-mugs-in-bulk-dishwasher-safe-ceramic-mug-wholesale-1-12x12.webp 12w, https:\/\/www.czqunfa.com\/wp-content\/uploads\/2026\/02\/coffee-mugs-in-bulk-dishwasher-safe-ceramic-mug-wholesale-1-600x600.webp 600w, https:\/\/www.czqunfa.com\/wp-content\/uploads\/2026\/02\/coffee-mugs-in-bulk-dishwasher-safe-ceramic-mug-wholesale-1-100x100.webp 100w\" sizes=\"(max-width: 1000px) 100vw, 1000px\" \/><\/figure>\n<\/div>\n<\/div>\n\n\n\n<figure class=\"wp-block-gallery has-nested-images columns-default is-cropped wp-block-gallery-1 is-layout-flex wp-block-gallery-is-layout-flex\">\n<figure class=\"wp-block-image size-full\"><img decoding=\"async\" width=\"1000\" height=\"1000\" data-id=\"1767\" src=\"https:\/\/www.czqunfa.com\/wp-content\/uploads\/2026\/02\/coffee-mugs-in-bulk-dishwasher-safe-ceramic-mug-wholesale-14.webp\" alt=\"kaffeebecher-im-massiv-sp\u00fclmaschinenfest-keramik-becher-gro\u00dfhandel-14\" class=\"wp-image-1767\" srcset=\"https:\/\/www.czqunfa.com\/wp-content\/uploads\/2026\/02\/coffee-mugs-in-bulk-dishwasher-safe-ceramic-mug-wholesale-14.webp 1000w, https:\/\/www.czqunfa.com\/wp-content\/uploads\/2026\/02\/coffee-mugs-in-bulk-dishwasher-safe-ceramic-mug-wholesale-14-300x300.webp 300w, https:\/\/www.czqunfa.com\/wp-content\/uploads\/2026\/02\/coffee-mugs-in-bulk-dishwasher-safe-ceramic-mug-wholesale-14-150x150.webp 150w, https:\/\/www.czqunfa.com\/wp-content\/uploads\/2026\/02\/coffee-mugs-in-bulk-dishwasher-safe-ceramic-mug-wholesale-14-768x768.webp 768w, https:\/\/www.czqunfa.com\/wp-content\/uploads\/2026\/02\/coffee-mugs-in-bulk-dishwasher-safe-ceramic-mug-wholesale-14-12x12.webp 12w, https:\/\/www.czqunfa.com\/wp-content\/uploads\/2026\/02\/coffee-mugs-in-bulk-dishwasher-safe-ceramic-mug-wholesale-14-600x600.webp 600w, https:\/\/www.czqunfa.com\/wp-content\/uploads\/2026\/02\/coffee-mugs-in-bulk-dishwasher-safe-ceramic-mug-wholesale-14-100x100.webp 100w\" sizes=\"(max-width: 1000px) 100vw, 1000px\" \/><\/figure>\n\n\n\n<figure class=\"wp-block-image size-full\"><img decoding=\"async\" width=\"1000\" height=\"1000\" data-id=\"1758\" src=\"https:\/\/www.czqunfa.com\/wp-content\/uploads\/2026\/02\/coffee-mugs-in-bulk-dishwasher-safe-ceramic-mug-wholesale-5.webp\" alt=\"kaffeebecher-im-massiv-geschirrsp\u00fclmaschinenfest-keramik-becher-gro\u00dfhandel-5\" class=\"wp-image-1758\" srcset=\"https:\/\/www.czqunfa.com\/wp-content\/uploads\/2026\/02\/coffee-mugs-in-bulk-dishwasher-safe-ceramic-mug-wholesale-5.webp 1000w, https:\/\/www.czqunfa.com\/wp-content\/uploads\/2026\/02\/coffee-mugs-in-bulk-dishwasher-safe-ceramic-mug-wholesale-5-300x300.webp 300w, https:\/\/www.czqunfa.com\/wp-content\/uploads\/2026\/02\/coffee-mugs-in-bulk-dishwasher-safe-ceramic-mug-wholesale-5-150x150.webp 150w, https:\/\/www.czqunfa.com\/wp-content\/uploads\/2026\/02\/coffee-mugs-in-bulk-dishwasher-safe-ceramic-mug-wholesale-5-768x768.webp 768w, https:\/\/www.czqunfa.com\/wp-content\/uploads\/2026\/02\/coffee-mugs-in-bulk-dishwasher-safe-ceramic-mug-wholesale-5-12x12.webp 12w, https:\/\/www.czqunfa.com\/wp-content\/uploads\/2026\/02\/coffee-mugs-in-bulk-dishwasher-safe-ceramic-mug-wholesale-5-600x600.webp 600w, https:\/\/www.czqunfa.com\/wp-content\/uploads\/2026\/02\/coffee-mugs-in-bulk-dishwasher-safe-ceramic-mug-wholesale-5-100x100.webp 100w\" sizes=\"(max-width: 1000px) 100vw, 1000px\" \/><\/figure>\n<\/figure>\n\n\n\n<p><\/p>","protected":false},"excerpt":{"rendered":"<p>Unsere zweifarbigen Kaffeebecher sind aus hochwertiger Keramik mit hervorragender Hitzebest\u00e4ndigkeit und Haltbarkeit gefertigt. Diese sp\u00fclmaschinenfesten Becher sind leicht zu reinigen, sicher f\u00fcr die Mikrowelle und den Ofen und ideal f\u00fcr Caf\u00e9s, Restaurants und Werbeprojekte. Sie sind ideal f\u00fcr Caf\u00e9s, Restaurants und Werbeprojekte. Gro\u00dfhandel und kundenspezifische Logos sind m\u00f6glich, was sie zu einer perfekten Wahl f\u00fcr Importeure und Eigenmarken macht, die zuverl\u00e4ssige Keramikbecher-Lieferanten suchen.<\/p>\n<h2>Kaffeebecher in gro\u00dfen Mengen Parameter<\/h2>\n<table width=\"328\">\n<tbody>\n<tr>\n<td width=\"116\">Hersteller<\/td>\n<td width=\"211\">QUNFA<\/td>\n<\/tr>\n<tr>\n<td width=\"116\">Produkttyp<\/td>\n<td>Tasse &amp; Becher<\/td>\n<\/tr>\n<tr>\n<td width=\"116\">Modell-Nr.<\/td>\n<td width=\"211\">\u00a0QF21-149<\/td>\n<\/tr>\n<tr>\n<td width=\"116\">Material<\/td>\n<td width=\"211\">Steinzeug<\/td>\n<\/tr>\n<tr>\n<td width=\"116\">Farbe<\/td>\n<td width=\"211\">Wei\u00df zu Grau, Wei\u00df zu Rot, Wei\u00df zu Orange, Wei\u00df zu Gr\u00fcn<\/td>\n<\/tr>\n<tr>\n<td width=\"116\">Dimension<\/td>\n<td width=\"211\">12,7*9*13cm<\/td>\n<\/tr>\n<tr>\n<td width=\"116\">Mindestbestellmenge<\/td>\n<td width=\"211\">1000 St\u00fcck<\/td>\n<\/tr>\n<tr>\n<td width=\"116\">Kundenspezifisch<\/td>\n<td width=\"211\">Farbe\/Gr\u00f6\u00dfe\/Logo\/Verpackung\/Form<\/td>\n<\/tr>\n<\/tbody>\n<\/table>","protected":false},"featured_media":1763,"comment_status":"closed","ping_status":"closed","template":"","meta":{"_acf_changed":false},"product_brand":[],"product_cat":[18,44],"product_tag":[],"class_list":{"0":"post-1515","1":"product","2":"type-product","3":"status-publish","4":"has-post-thumbnail","6":"product_cat-drinkware-supplier","7":"product_cat-wholesale-cups-and-mugs","9":"first","10":"instock","11":"shipping-taxable","12":"product-type-simple"},"acf":[],"_links":{"self":[{"href":"https:\/\/www.czqunfa.com\/de\/wp-json\/wp\/v2\/product\/1515","targetHints":{"allow":["GET"]}}],"collection":[{"href":"https:\/\/www.czqunfa.com\/de\/wp-json\/wp\/v2\/product"}],"about":[{"href":"https:\/\/www.czqunfa.com\/de\/wp-json\/wp\/v2\/types\/product"}],"replies":[{"embeddable":true,"href":"https:\/\/www.czqunfa.com\/de\/wp-json\/wp\/v2\/comments?post=1515"}],"wp:featuredmedia":[{"embeddable":true,"href":"https:\/\/www.czqunfa.com\/de\/wp-json\/wp\/v2\/media\/1763"}],"wp:attachment":[{"href":"https:\/\/www.czqunfa.com\/de\/wp-json\/wp\/v2\/media?parent=1515"}],"wp:term":[{"taxonomy":"product_brand","embeddable":true,"href":"https:\/\/www.czqunfa.com\/de\/wp-json\/wp\/v2\/product_brand?post=1515"},{"taxonomy":"product_cat","embeddable":true,"href":"https:\/\/www.czqunfa.com\/de\/wp-json\/wp\/v2\/product_cat?post=1515"},{"taxonomy":"product_tag","embeddable":true,"href":"https:\/\/www.czqunfa.com\/de\/wp-json\/wp\/v2\/product_tag?post=1515"}],"curies":[{"name":"wp","href":"https:\/\/api.w.org\/{rel}","templated":true}]}}