{"id":1508,"date":"2026-01-12T10:04:38","date_gmt":"2026-01-12T10:04:38","guid":{"rendered":"https:\/\/www.czqunfa.com\/?post_type=product&#038;p=1508"},"modified":"2026-01-12T10:04:41","modified_gmt":"2026-01-12T10:04:41","slug":"ceramic-ramekin-bulk","status":"publish","type":"product","link":"https:\/\/www.czqunfa.com\/de\/produkt\/ceramic-ramekin-bulk\/","title":{"rendered":"Keramische Ramekin Bulk, farbgestempelte Brotbackformen Custom"},"content":{"rendered":"<div class=\"wp-block-columns is-layout-flex wp-container-core-columns-is-layout-9d6595d7 wp-block-columns-is-layout-flex\">\n<div class=\"wp-block-column is-layout-flow wp-block-column-is-layout-flow\">\n<h2 class=\"wp-block-heading\">Eigenschaften von Keramik Ramekin Bulk<\/h2>\n\n\n\n<ul class=\"wp-block-list\">\n<li><strong>Fabrikdirektverkauf, \u00e4u\u00dferst wettbewerbsf\u00e4hig:<\/strong> Dieser Anbieter von Keramikschalen in gro\u00dfen Mengen schaltet Zwischenh\u00e4ndler aus, unterst\u00fctzt Gro\u00dfeink\u00e4ufe und bietet \u00e4u\u00dferst g\u00fcnstige Gro\u00dfhandelspreise.<\/li>\n\n\n\n<li><strong>Exquisites handgemaltes Design im polnischen Stil:<\/strong> Diese Keramikschalen werden in einem Farbpr\u00e4geverfahren hergestellt und enthalten klassische polnische Keramikelemente wie Herzen, Blumen und Schmetterlinge. Die satten Vintage-Farben werten die \u00c4sthetik von Esstischen und Vitrinen deutlich auf.<\/li>\n\n\n\n<li><strong>Hochwertiges Keramikmaterial: <\/strong>F\u00fcr diese Keramikschalen werden hochwertige, hochtemperaturbest\u00e4ndige Keramikrohstoffe verwendet, die eine robuste Struktur mit hervorragender Temperaturwechselbest\u00e4ndigkeit ergeben, so dass sie auch bei h\u00e4ufigem Gebrauch nicht brechen oder verblassen.<\/li>\n\n\n\n<li><strong>Leicht zu reinigen und lebensmittelechte Hygiene:<\/strong> Unsere Brotbackformen f\u00fcr den Gro\u00dfhandel sind mit einer glatten Glasur versehen, die sich beim Brennen bei hohen Temperaturen bildet, wodurch \u00d6lablagerungen und Geruchsr\u00fcckst\u00e4nde vermieden werden und die strengen Sicherheitsstandards f\u00fcr den Kontakt mit Lebensmitteln erf\u00fcllt werden.<\/li>\n\n\n\n<li><strong>Multifunktionale Anwendungen:<\/strong> Unsere Brotbackformen im Gro\u00dfhandel k\u00f6nnen als Backformen (Ramekin), Dessertschalen, Souffl\u00e9-Schalen oder Snackschalen verwendet werden und eignen sich f\u00fcr Restaurants, Caf\u00e9s, den Einzelhandel mit Haushaltswaren und andere verschiedene Kan\u00e4le.<\/li>\n<\/ul>\n<\/div>\n\n\n\n<div class=\"wp-block-column is-layout-flow wp-block-column-is-layout-flow\">\n<figure class=\"wp-block-image size-full\"><img decoding=\"async\" width=\"800\" height=\"800\" src=\"https:\/\/www.czqunfa.com\/wp-content\/uploads\/2026\/01\/ceramic-ramekin-bulk-color-stamped-bread-baking-pans-custom-3.webp\" alt=\"keramik-ramekin-bulk-farbig-gepr\u00e4gte-brot-backformen-custom-3\" class=\"wp-image-1511\" srcset=\"https:\/\/www.czqunfa.com\/wp-content\/uploads\/2026\/01\/ceramic-ramekin-bulk-color-stamped-bread-baking-pans-custom-3.webp 800w, https:\/\/www.czqunfa.com\/wp-content\/uploads\/2026\/01\/ceramic-ramekin-bulk-color-stamped-bread-baking-pans-custom-3-300x300.webp 300w, https:\/\/www.czqunfa.com\/wp-content\/uploads\/2026\/01\/ceramic-ramekin-bulk-color-stamped-bread-baking-pans-custom-3-150x150.webp 150w, https:\/\/www.czqunfa.com\/wp-content\/uploads\/2026\/01\/ceramic-ramekin-bulk-color-stamped-bread-baking-pans-custom-3-768x768.webp 768w, https:\/\/www.czqunfa.com\/wp-content\/uploads\/2026\/01\/ceramic-ramekin-bulk-color-stamped-bread-baking-pans-custom-3-12x12.webp 12w, https:\/\/www.czqunfa.com\/wp-content\/uploads\/2026\/01\/ceramic-ramekin-bulk-color-stamped-bread-baking-pans-custom-3-600x600.webp 600w, https:\/\/www.czqunfa.com\/wp-content\/uploads\/2026\/01\/ceramic-ramekin-bulk-color-stamped-bread-baking-pans-custom-3-100x100.webp 100w\" sizes=\"(max-width: 800px) 100vw, 800px\" \/><\/figure>\n<\/div>\n<\/div>\n\n\n\n<figure class=\"wp-block-gallery has-nested-images columns-default is-cropped wp-block-gallery-1 is-layout-flex wp-block-gallery-is-layout-flex\">\n<figure class=\"wp-block-image size-full\"><img decoding=\"async\" width=\"800\" height=\"800\" data-id=\"1509\" src=\"https:\/\/www.czqunfa.com\/wp-content\/uploads\/2026\/01\/ceramic-ramekin-bulk-color-stamped-bread-baking-pans-custom-1.webp\" alt=\"keramik-ramekin-bulk-farbig-gepr\u00e4gte-brotbackformen-custom-1\" class=\"wp-image-1509\" srcset=\"https:\/\/www.czqunfa.com\/wp-content\/uploads\/2026\/01\/ceramic-ramekin-bulk-color-stamped-bread-baking-pans-custom-1.webp 800w, https:\/\/www.czqunfa.com\/wp-content\/uploads\/2026\/01\/ceramic-ramekin-bulk-color-stamped-bread-baking-pans-custom-1-300x300.webp 300w, https:\/\/www.czqunfa.com\/wp-content\/uploads\/2026\/01\/ceramic-ramekin-bulk-color-stamped-bread-baking-pans-custom-1-150x150.webp 150w, https:\/\/www.czqunfa.com\/wp-content\/uploads\/2026\/01\/ceramic-ramekin-bulk-color-stamped-bread-baking-pans-custom-1-768x768.webp 768w, https:\/\/www.czqunfa.com\/wp-content\/uploads\/2026\/01\/ceramic-ramekin-bulk-color-stamped-bread-baking-pans-custom-1-12x12.webp 12w, https:\/\/www.czqunfa.com\/wp-content\/uploads\/2026\/01\/ceramic-ramekin-bulk-color-stamped-bread-baking-pans-custom-1-600x600.webp 600w, https:\/\/www.czqunfa.com\/wp-content\/uploads\/2026\/01\/ceramic-ramekin-bulk-color-stamped-bread-baking-pans-custom-1-100x100.webp 100w\" sizes=\"(max-width: 800px) 100vw, 800px\" \/><\/figure>\n\n\n\n<figure class=\"wp-block-image size-full\"><img decoding=\"async\" width=\"800\" height=\"800\" data-id=\"1510\" src=\"https:\/\/www.czqunfa.com\/wp-content\/uploads\/2026\/01\/ceramic-ramekin-bulk-color-stamped-bread-baking-pans-custom-2.webp\" alt=\"keramik-ramekin-bulk-farbig-gepr\u00e4gte-brotbackformen-custom-2\" class=\"wp-image-1510\" srcset=\"https:\/\/www.czqunfa.com\/wp-content\/uploads\/2026\/01\/ceramic-ramekin-bulk-color-stamped-bread-baking-pans-custom-2.webp 800w, https:\/\/www.czqunfa.com\/wp-content\/uploads\/2026\/01\/ceramic-ramekin-bulk-color-stamped-bread-baking-pans-custom-2-300x300.webp 300w, https:\/\/www.czqunfa.com\/wp-content\/uploads\/2026\/01\/ceramic-ramekin-bulk-color-stamped-bread-baking-pans-custom-2-150x150.webp 150w, https:\/\/www.czqunfa.com\/wp-content\/uploads\/2026\/01\/ceramic-ramekin-bulk-color-stamped-bread-baking-pans-custom-2-768x768.webp 768w, https:\/\/www.czqunfa.com\/wp-content\/uploads\/2026\/01\/ceramic-ramekin-bulk-color-stamped-bread-baking-pans-custom-2-12x12.webp 12w, https:\/\/www.czqunfa.com\/wp-content\/uploads\/2026\/01\/ceramic-ramekin-bulk-color-stamped-bread-baking-pans-custom-2-600x600.webp 600w, https:\/\/www.czqunfa.com\/wp-content\/uploads\/2026\/01\/ceramic-ramekin-bulk-color-stamped-bread-baking-pans-custom-2-100x100.webp 100w\" sizes=\"(max-width: 800px) 100vw, 800px\" \/><\/figure>\n<\/figure>\n\n\n\n<p><\/p>","protected":false},"excerpt":{"rendered":"<p>Willkommen zum Kauf unserer Keramik-Auflaufform in gro\u00dfen Mengen. Hergestellt aus ausgew\u00e4hlten hochwertigen keramischen Rohstoffen, verf\u00fcgt sie \u00fcber eine ausgezeichnete Hitze- und K\u00e4ltebest\u00e4ndigkeit, ist sicher f\u00fcr die Verwendung in \u00d6fen, Mikrowellen und Geschirrsp\u00fclern und eignet sich perfekt f\u00fcr intensive kommerzielle Anwendungen. Da es sich um ein direktes Fabrikprodukt handelt, bieten wir einen \u00e4u\u00dferst wettbewerbsf\u00e4higen Gro\u00dfhandelsservice an, der die Anpassung von Mustern und Spezifikationen gem\u00e4\u00df den Anforderungen der Kundenmarke unterst\u00fctzt.<\/p>\n<h2>Keramik-Ramekin Bulk Parameter<\/h2>\n<table border=\"0\" width=\"328\" cellspacing=\"0\" cellpadding=\"0\">\n<tbody>\n<tr>\n<td width=\"116\" height=\"17\">Hersteller<\/td>\n<td width=\"211\">QUNFA<\/td>\n<\/tr>\n<tr>\n<td width=\"116\" height=\"17\">Produkttyp<\/td>\n<td>Ramequin<\/td>\n<\/tr>\n<tr>\n<td width=\"116\" height=\"17\">Modell-Nr.<\/td>\n<td width=\"211\">22-0033-BI2<\/td>\n<\/tr>\n<tr>\n<td width=\"116\" height=\"17\">Material<\/td>\n<td width=\"211\">Steinzeug<\/td>\n<\/tr>\n<tr>\n<td width=\"116\" height=\"17\">Farbe<\/td>\n<td width=\"211\">Kundenspezifisch<\/td>\n<\/tr>\n<tr>\n<td width=\"116\" height=\"16\">Dimension<\/td>\n<td width=\"211\">10*10*5,6cm<\/td>\n<\/tr>\n<tr>\n<td width=\"116\" height=\"17\">Mindestbestellmenge<\/td>\n<td width=\"211\">1000 St\u00fcck<\/td>\n<\/tr>\n<tr>\n<td width=\"116\" height=\"17\">Kundenspezifisch<\/td>\n<td width=\"211\">Farbe\/Gr\u00f6\u00dfe\/Logo\/Verpackung\/Form<\/td>\n<\/tr>\n<\/tbody>\n<\/table>","protected":false},"featured_media":1514,"comment_status":"closed","ping_status":"closed","template":"","meta":{"_acf_changed":false},"product_brand":[],"product_cat":[22,29],"product_tag":[],"class_list":{"0":"post-1508","1":"product","2":"type-product","3":"status-publish","4":"has-post-thumbnail","6":"product_cat-bakeware-manufacturer","7":"product_cat-wholesale-ramekins","9":"first","10":"instock","11":"shipping-taxable","12":"product-type-simple"},"acf":[],"_links":{"self":[{"href":"https:\/\/www.czqunfa.com\/de\/wp-json\/wp\/v2\/product\/1508","targetHints":{"allow":["GET"]}}],"collection":[{"href":"https:\/\/www.czqunfa.com\/de\/wp-json\/wp\/v2\/product"}],"about":[{"href":"https:\/\/www.czqunfa.com\/de\/wp-json\/wp\/v2\/types\/product"}],"replies":[{"embeddable":true,"href":"https:\/\/www.czqunfa.com\/de\/wp-json\/wp\/v2\/comments?post=1508"}],"wp:featuredmedia":[{"embeddable":true,"href":"https:\/\/www.czqunfa.com\/de\/wp-json\/wp\/v2\/media\/1514"}],"wp:attachment":[{"href":"https:\/\/www.czqunfa.com\/de\/wp-json\/wp\/v2\/media?parent=1508"}],"wp:term":[{"taxonomy":"product_brand","embeddable":true,"href":"https:\/\/www.czqunfa.com\/de\/wp-json\/wp\/v2\/product_brand?post=1508"},{"taxonomy":"product_cat","embeddable":true,"href":"https:\/\/www.czqunfa.com\/de\/wp-json\/wp\/v2\/product_cat?post=1508"},{"taxonomy":"product_tag","embeddable":true,"href":"https:\/\/www.czqunfa.com\/de\/wp-json\/wp\/v2\/product_tag?post=1508"}],"curies":[{"name":"wp","href":"https:\/\/api.w.org\/{rel}","templated":true}]}}