{"id":1497,"date":"2026-01-10T06:30:50","date_gmt":"2026-01-10T06:30:50","guid":{"rendered":"https:\/\/www.czqunfa.com\/?post_type=product&#038;p=1497"},"modified":"2026-01-10T06:30:52","modified_gmt":"2026-01-10T06:30:52","slug":"wholesale-ceramic-ramekin","status":"publish","type":"product","link":"https:\/\/www.czqunfa.com\/de\/produkt\/wholesale-ceramic-ramekin\/","title":{"rendered":"Gro\u00dfhandel Keramik Ramekin Satz von 3, Gro\u00dfhandel Souffle Tassen"},"content":{"rendered":"<div class=\"wp-block-columns is-layout-flex wp-container-core-columns-is-layout-9d6595d7 wp-block-columns-is-layout-flex\">\n<div class=\"wp-block-column is-layout-flow wp-block-column-is-layout-flow\">\n<h2 class=\"wp-block-heading\">Eigenschaften von Gro\u00dfhandel Keramik Ramekin<\/h2>\n\n\n\n<ul class=\"wp-block-list\">\n<li><strong>Schillernde Glasur, Veredelung von Display-Stil:<\/strong> Dieses Auflaufformen-Set aus Keramik f\u00fcr den Gro\u00dfhandel verwendet eine einzigartige irisierende Glasur, die eine Vielzahl von schillernden Farbt\u00f6nen wie Orangerot, Gelbgr\u00fcn und Blaugr\u00fcn zeigt, wodurch die fertigen Desserts optisch herausragend sind und den Verzehr wirksam anregen.<\/li>\n\n\n\n<li><strong>Mehrzweck-Back- und Dessertbeh\u00e4lter: <\/strong>Dieses Gro\u00dfhandel Keramik Auflaufform Set kann f\u00fcr die Herstellung von Souffl\u00e9, Pudding, Mousse, gebackenen Kuchen, Dessert, DIY Handwerk Projekte, und so weiter verwendet werden, und ist die Wahl f\u00fcr Backen Marken, Catering-Kan\u00e4le, Hotels, sowie DIY Handwerk Liebhaber.<\/li>\n\n\n\n<li><strong>Langlebig und robust, geeignet f\u00fcr Gro\u00dfk\u00fcchen:<\/strong> Dies ist ein hochwertiges Gro\u00dfhandel Keramik Auflaufform Set, mit dicken Textur und hervorragende Temperaturschock Widerstand und Hochtemperatur-Brennen. Es ist backofenfest, schnell abk\u00fchlend und extrem langlebig.<\/li>\n\n\n\n<li><strong>Vollst\u00e4ndig kompatibel mit allen K\u00fcchenger\u00e4ten, leicht zu reinigen:<\/strong> Diese Auflaufformen f\u00fcr den Gro\u00dfhandel sind mit einer glatten Glasur versehen, die das Anhaften von Flecken verhindert und sie f\u00fcr eine effiziente Reinigung sp\u00fclmaschinenfest macht. Sie sind auch f\u00fcr die Erw\u00e4rmung in der Mikrowelle und das Backen im Ofen geeignet und entsprechen standardisierten Betriebsverfahren.<\/li>\n\n\n\n<li><strong>Individuelle Gestaltung und Verpackung in gro\u00dfen Mengen m\u00f6glich: <\/strong>Das Gro\u00dfhandels-Keramikauflaufset ist in dreifarbigen Sets erh\u00e4ltlich, mit einer Mindestbestellmenge von 1000 Sets. Kundenspezifische Dienstleistungen wie Logodruck sind auf Anfrage erh\u00e4ltlich, und sie kommen mit sto\u00dffester Industrieverpackung, um einen sicheren Transport zu gew\u00e4hrleisten.<\/li>\n<\/ul>\n<\/div>\n\n\n\n<div class=\"wp-block-column is-layout-flow wp-block-column-is-layout-flow\">\n<figure class=\"wp-block-image size-full\"><img decoding=\"async\" width=\"800\" height=\"800\" src=\"https:\/\/www.czqunfa.com\/wp-content\/uploads\/2026\/01\/wholesale-ceramic-ramekin-set-of-3-custom-souffle-cups-1.webp\" alt=\"gro\u00dfhandel-keramik-ramekin-set-3-individuelle-muffel-tassen-1\" class=\"wp-image-1498\" srcset=\"https:\/\/www.czqunfa.com\/wp-content\/uploads\/2026\/01\/wholesale-ceramic-ramekin-set-of-3-custom-souffle-cups-1.webp 800w, https:\/\/www.czqunfa.com\/wp-content\/uploads\/2026\/01\/wholesale-ceramic-ramekin-set-of-3-custom-souffle-cups-1-300x300.webp 300w, https:\/\/www.czqunfa.com\/wp-content\/uploads\/2026\/01\/wholesale-ceramic-ramekin-set-of-3-custom-souffle-cups-1-150x150.webp 150w, https:\/\/www.czqunfa.com\/wp-content\/uploads\/2026\/01\/wholesale-ceramic-ramekin-set-of-3-custom-souffle-cups-1-768x768.webp 768w, https:\/\/www.czqunfa.com\/wp-content\/uploads\/2026\/01\/wholesale-ceramic-ramekin-set-of-3-custom-souffle-cups-1-12x12.webp 12w, https:\/\/www.czqunfa.com\/wp-content\/uploads\/2026\/01\/wholesale-ceramic-ramekin-set-of-3-custom-souffle-cups-1-600x600.webp 600w, https:\/\/www.czqunfa.com\/wp-content\/uploads\/2026\/01\/wholesale-ceramic-ramekin-set-of-3-custom-souffle-cups-1-100x100.webp 100w\" sizes=\"(max-width: 800px) 100vw, 800px\" \/><\/figure>\n<\/div>\n<\/div>\n\n\n\n<figure class=\"wp-block-gallery has-nested-images columns-default is-cropped wp-block-gallery-1 is-layout-flex wp-block-gallery-is-layout-flex\">\n<figure class=\"wp-block-image size-full\"><img decoding=\"async\" width=\"800\" height=\"800\" data-id=\"1502\" src=\"https:\/\/www.czqunfa.com\/wp-content\/uploads\/2026\/01\/wholesale-ceramic-ramekin-set-of-3-custom-souffle-cups-5.webp\" alt=\"gro\u00dfhandel-keramik-ramekin-set-3-individuelle-muffel-tassen-5\" class=\"wp-image-1502\" srcset=\"https:\/\/www.czqunfa.com\/wp-content\/uploads\/2026\/01\/wholesale-ceramic-ramekin-set-of-3-custom-souffle-cups-5.webp 800w, https:\/\/www.czqunfa.com\/wp-content\/uploads\/2026\/01\/wholesale-ceramic-ramekin-set-of-3-custom-souffle-cups-5-300x300.webp 300w, https:\/\/www.czqunfa.com\/wp-content\/uploads\/2026\/01\/wholesale-ceramic-ramekin-set-of-3-custom-souffle-cups-5-150x150.webp 150w, https:\/\/www.czqunfa.com\/wp-content\/uploads\/2026\/01\/wholesale-ceramic-ramekin-set-of-3-custom-souffle-cups-5-768x768.webp 768w, https:\/\/www.czqunfa.com\/wp-content\/uploads\/2026\/01\/wholesale-ceramic-ramekin-set-of-3-custom-souffle-cups-5-12x12.webp 12w, https:\/\/www.czqunfa.com\/wp-content\/uploads\/2026\/01\/wholesale-ceramic-ramekin-set-of-3-custom-souffle-cups-5-600x600.webp 600w, https:\/\/www.czqunfa.com\/wp-content\/uploads\/2026\/01\/wholesale-ceramic-ramekin-set-of-3-custom-souffle-cups-5-100x100.webp 100w\" sizes=\"(max-width: 800px) 100vw, 800px\" \/><\/figure>\n\n\n\n<figure class=\"wp-block-image size-full\"><img decoding=\"async\" width=\"800\" height=\"800\" data-id=\"1500\" src=\"https:\/\/www.czqunfa.com\/wp-content\/uploads\/2026\/01\/wholesale-ceramic-ramekin-set-of-3-custom-souffle-cups-3.webp\" alt=\"Gro\u00dfhandel-Keramik-Rammekin-3er-Satz-individuelle-Muffel-Tassen-3\" class=\"wp-image-1500\" srcset=\"https:\/\/www.czqunfa.com\/wp-content\/uploads\/2026\/01\/wholesale-ceramic-ramekin-set-of-3-custom-souffle-cups-3.webp 800w, https:\/\/www.czqunfa.com\/wp-content\/uploads\/2026\/01\/wholesale-ceramic-ramekin-set-of-3-custom-souffle-cups-3-300x300.webp 300w, https:\/\/www.czqunfa.com\/wp-content\/uploads\/2026\/01\/wholesale-ceramic-ramekin-set-of-3-custom-souffle-cups-3-150x150.webp 150w, https:\/\/www.czqunfa.com\/wp-content\/uploads\/2026\/01\/wholesale-ceramic-ramekin-set-of-3-custom-souffle-cups-3-768x768.webp 768w, https:\/\/www.czqunfa.com\/wp-content\/uploads\/2026\/01\/wholesale-ceramic-ramekin-set-of-3-custom-souffle-cups-3-12x12.webp 12w, https:\/\/www.czqunfa.com\/wp-content\/uploads\/2026\/01\/wholesale-ceramic-ramekin-set-of-3-custom-souffle-cups-3-600x600.webp 600w, https:\/\/www.czqunfa.com\/wp-content\/uploads\/2026\/01\/wholesale-ceramic-ramekin-set-of-3-custom-souffle-cups-3-100x100.webp 100w\" sizes=\"(max-width: 800px) 100vw, 800px\" \/><\/figure>\n<\/figure>\n\n\n\n<p><\/p>","protected":false},"excerpt":{"rendered":"<p>Willkommen in unserem Gro\u00dfhandel Keramik Auflaufform Set zu kaufen. Diese Regenbogen-Keramik-Auflaufformen Gro\u00dfhandel sind f\u00fcr B\u00e4ckereien, Dessert-Shops, Hotels und Restaurant-Ketten konzipiert. Hergestellt aus hochwertiger Keramik, hat es eine ausgezeichnete Temperaturbest\u00e4ndigkeit und Haltbarkeit, und ist sicher f\u00fcr den Einsatz in \u00d6fen, Mikrowellen und Geschirrsp\u00fclern. Sie k\u00f6nnen in gro\u00dfen Mengen bestellt werden (Mindestbestellmenge: 1000 St\u00fcck) und bieten Optionen f\u00fcr die individuelle Gestaltung der Marke und zuverl\u00e4ssige L\u00f6sungen f\u00fcr den Massenversand.<\/p>\n<h2>Gro\u00dfhandel Keramik Ramekin Parameter<\/h2>\n<table border=\"0\" width=\"328\" cellspacing=\"0\" cellpadding=\"0\">\n<tbody>\n<tr>\n<td width=\"116\" height=\"17\">Hersteller<\/td>\n<td width=\"211\">QUNFA<\/td>\n<\/tr>\n<tr>\n<td width=\"116\" height=\"17\">Produkttyp<\/td>\n<td>Ramequin<\/td>\n<\/tr>\n<tr>\n<td width=\"116\" height=\"17\">Modell-Nr.<\/td>\n<td width=\"211\">2061<\/td>\n<\/tr>\n<tr>\n<td width=\"116\" height=\"17\">Material<\/td>\n<td width=\"211\">Steinzeug<\/td>\n<\/tr>\n<tr>\n<td width=\"116\" height=\"17\">Farbe<\/td>\n<td width=\"211\">Kundenspezifisch<\/td>\n<\/tr>\n<tr>\n<td width=\"116\" height=\"16\">Dimension<\/td>\n<td width=\"211\">7.3*7.3*3.8CM<\/td>\n<\/tr>\n<tr>\n<td width=\"116\" height=\"17\">Mindestbestellmenge<\/td>\n<td width=\"211\">1000 St\u00fcck<\/td>\n<\/tr>\n<tr>\n<td width=\"116\" height=\"17\">Kundenspezifisch<\/td>\n<td width=\"211\">Farbe\/Gr\u00f6\u00dfe\/Logo\/Verpackung\/Form<\/td>\n<\/tr>\n<\/tbody>\n<\/table>","protected":false},"featured_media":1503,"comment_status":"closed","ping_status":"closed","template":"","meta":{"_acf_changed":false},"product_brand":[],"product_cat":[22,29],"product_tag":[],"class_list":{"0":"post-1497","1":"product","2":"type-product","3":"status-publish","4":"has-post-thumbnail","6":"product_cat-bakeware-manufacturer","7":"product_cat-wholesale-ramekins","9":"first","10":"instock","11":"shipping-taxable","12":"product-type-simple"},"acf":[],"_links":{"self":[{"href":"https:\/\/www.czqunfa.com\/de\/wp-json\/wp\/v2\/product\/1497","targetHints":{"allow":["GET"]}}],"collection":[{"href":"https:\/\/www.czqunfa.com\/de\/wp-json\/wp\/v2\/product"}],"about":[{"href":"https:\/\/www.czqunfa.com\/de\/wp-json\/wp\/v2\/types\/product"}],"replies":[{"embeddable":true,"href":"https:\/\/www.czqunfa.com\/de\/wp-json\/wp\/v2\/comments?post=1497"}],"wp:featuredmedia":[{"embeddable":true,"href":"https:\/\/www.czqunfa.com\/de\/wp-json\/wp\/v2\/media\/1503"}],"wp:attachment":[{"href":"https:\/\/www.czqunfa.com\/de\/wp-json\/wp\/v2\/media?parent=1497"}],"wp:term":[{"taxonomy":"product_brand","embeddable":true,"href":"https:\/\/www.czqunfa.com\/de\/wp-json\/wp\/v2\/product_brand?post=1497"},{"taxonomy":"product_cat","embeddable":true,"href":"https:\/\/www.czqunfa.com\/de\/wp-json\/wp\/v2\/product_cat?post=1497"},{"taxonomy":"product_tag","embeddable":true,"href":"https:\/\/www.czqunfa.com\/de\/wp-json\/wp\/v2\/product_tag?post=1497"}],"curies":[{"name":"wp","href":"https:\/\/api.w.org\/{rel}","templated":true}]}}