{"id":1470,"date":"2026-01-10T01:54:47","date_gmt":"2026-01-10T01:54:47","guid":{"rendered":"https:\/\/www.czqunfa.com\/?post_type=product&#038;p=1470"},"modified":"2026-01-10T02:35:11","modified_gmt":"2026-01-10T02:35:11","slug":"custom-ramen-bowl","status":"publish","type":"product","link":"https:\/\/www.czqunfa.com\/de\/produkt\/custom-ramen-bowl\/","title":{"rendered":"Japanische Ramensch\u00fcssel, Porzellan Nudelsch\u00fcssel Bulk"},"content":{"rendered":"<div class=\"wp-block-columns is-layout-flex wp-container-core-columns-is-layout-9d6595d7 wp-block-columns-is-layout-flex\">\n<div class=\"wp-block-column is-layout-flow wp-block-column-is-layout-flow\">\n<h2 class=\"wp-block-heading\">Merkmale der Custom Ramen Bowl<\/h2>\n\n\n\n<ul class=\"wp-block-list\">\n<li><strong>Hochwertiges Porzellan Material:<\/strong> Diese kundenspezifischen Ramen-Schalen sind aus hochwertigem, bei hoher Temperatur gebranntem Porzellan hergestellt, mit einer dichten Struktur, robust und langlebig, mit einer ausgezeichneten Hitze- und K\u00e4ltebest\u00e4ndigkeit, geeignet f\u00fcr hochfrequentierte kommerzielle Umgebungen.<\/li>\n\n\n\n<li><strong>Japanisches handgemaltes horizontales Muster:<\/strong> Diese ma\u00dfgefertigten Ramen-Schalen sind im klassischen japanischen Stil mit handgemalten horizontalen Mustern gestaltet. Die Textur ist nat\u00fcrlich und zart. Sie verbindet traditionelle Sch\u00f6nheit mit moderner \u00c4sthetik und wertet den Esstisch insgesamt auf.<\/li>\n\n\n\n<li><strong>Praktische Form und Details:<\/strong> Diese ma\u00dfgeschneiderte Ramen-Sch\u00fcssel basiert auf der klassischen konischen Sch\u00fcsselform, die ein klassisches Design aufweist. Einige Modelle sind mit Griffen an beiden Seiten oder mit Aufh\u00e4ngel\u00f6chern versehen; diese Merkmale erleichtern Ihnen das Kochen und die Aufbewahrung durch Aufh\u00e4ngen.<\/li>\n\n\n\n<li><strong>Leicht zu reinigende Glasur:<\/strong> Unsere Nudelsch\u00fcsseln aus Porzellan haben eine glatte und zarte Glasurschicht, die \u00d6lflecken und Speisereste nicht so leicht festh\u00e4lt. Dadurch sind sie leicht zu reinigen und f\u00fcr den langfristigen Gebrauch in Restaurants, Ramen-L\u00e4den und Restaurantketten geeignet.<\/li>\n\n\n\n<li><strong>Handels\u00fcbliche Sicherheitsstandards:<\/strong> Unsere Nudelschalen aus Porzellan sind sp\u00fclmaschinen-, mikrowellen- und ofenfest und entsprechen damit den Anforderungen moderner Restaurantk\u00fcchen und verbessern die K\u00fccheneffizienz.<\/li>\n<\/ul>\n<\/div>\n\n\n\n<div class=\"wp-block-column is-layout-flow wp-block-column-is-layout-flow\">\n<figure class=\"wp-block-image size-full\"><img decoding=\"async\" width=\"1000\" height=\"1000\" src=\"https:\/\/www.czqunfa.com\/wp-content\/uploads\/2026\/01\/japanese-style-custom-ramen-bowl-porcelain-noodle-bowl-bulk-1.webp\" alt=\"japanische-ramen-sch\u00fcssel-porzellan-nudel-sch\u00fcssel-bulk-1\" class=\"wp-image-1475\" srcset=\"https:\/\/www.czqunfa.com\/wp-content\/uploads\/2026\/01\/japanese-style-custom-ramen-bowl-porcelain-noodle-bowl-bulk-1.webp 1000w, https:\/\/www.czqunfa.com\/wp-content\/uploads\/2026\/01\/japanese-style-custom-ramen-bowl-porcelain-noodle-bowl-bulk-1-300x300.webp 300w, https:\/\/www.czqunfa.com\/wp-content\/uploads\/2026\/01\/japanese-style-custom-ramen-bowl-porcelain-noodle-bowl-bulk-1-150x150.webp 150w, https:\/\/www.czqunfa.com\/wp-content\/uploads\/2026\/01\/japanese-style-custom-ramen-bowl-porcelain-noodle-bowl-bulk-1-768x768.webp 768w, https:\/\/www.czqunfa.com\/wp-content\/uploads\/2026\/01\/japanese-style-custom-ramen-bowl-porcelain-noodle-bowl-bulk-1-12x12.webp 12w, https:\/\/www.czqunfa.com\/wp-content\/uploads\/2026\/01\/japanese-style-custom-ramen-bowl-porcelain-noodle-bowl-bulk-1-600x600.webp 600w, https:\/\/www.czqunfa.com\/wp-content\/uploads\/2026\/01\/japanese-style-custom-ramen-bowl-porcelain-noodle-bowl-bulk-1-100x100.webp 100w\" sizes=\"(max-width: 1000px) 100vw, 1000px\" \/><\/figure>\n<\/div>\n<\/div>\n\n\n\n<figure class=\"wp-block-gallery has-nested-images columns-default is-cropped wp-block-gallery-1 is-layout-flex wp-block-gallery-is-layout-flex\">\n<figure class=\"wp-block-image size-full\"><img decoding=\"async\" width=\"1000\" height=\"1000\" data-id=\"1476\" src=\"https:\/\/www.czqunfa.com\/wp-content\/uploads\/2026\/01\/japanese-style-custom-ramen-bowl-porcelain-noodle-bowl-bulk-2.webp\" alt=\"japanische-ramen-sch\u00fcssel-porzellan-nudel-sch\u00fcssel-bulk-2\" class=\"wp-image-1476\" srcset=\"https:\/\/www.czqunfa.com\/wp-content\/uploads\/2026\/01\/japanese-style-custom-ramen-bowl-porcelain-noodle-bowl-bulk-2.webp 1000w, https:\/\/www.czqunfa.com\/wp-content\/uploads\/2026\/01\/japanese-style-custom-ramen-bowl-porcelain-noodle-bowl-bulk-2-300x300.webp 300w, https:\/\/www.czqunfa.com\/wp-content\/uploads\/2026\/01\/japanese-style-custom-ramen-bowl-porcelain-noodle-bowl-bulk-2-150x150.webp 150w, https:\/\/www.czqunfa.com\/wp-content\/uploads\/2026\/01\/japanese-style-custom-ramen-bowl-porcelain-noodle-bowl-bulk-2-768x768.webp 768w, https:\/\/www.czqunfa.com\/wp-content\/uploads\/2026\/01\/japanese-style-custom-ramen-bowl-porcelain-noodle-bowl-bulk-2-12x12.webp 12w, https:\/\/www.czqunfa.com\/wp-content\/uploads\/2026\/01\/japanese-style-custom-ramen-bowl-porcelain-noodle-bowl-bulk-2-600x600.webp 600w, https:\/\/www.czqunfa.com\/wp-content\/uploads\/2026\/01\/japanese-style-custom-ramen-bowl-porcelain-noodle-bowl-bulk-2-100x100.webp 100w\" sizes=\"(max-width: 1000px) 100vw, 1000px\" \/><\/figure>\n\n\n\n<figure class=\"wp-block-image size-full\"><img decoding=\"async\" width=\"1000\" height=\"1000\" data-id=\"1478\" src=\"https:\/\/www.czqunfa.com\/wp-content\/uploads\/2026\/01\/japanese-style-custom-ramen-bowl-porcelain-noodle-bowl-bulk-4.webp\" alt=\"japanische-ramen-sch\u00fcssel-porzellan-nudel-sch\u00fcssel-massenhaft-4\" class=\"wp-image-1478\" srcset=\"https:\/\/www.czqunfa.com\/wp-content\/uploads\/2026\/01\/japanese-style-custom-ramen-bowl-porcelain-noodle-bowl-bulk-4.webp 1000w, https:\/\/www.czqunfa.com\/wp-content\/uploads\/2026\/01\/japanese-style-custom-ramen-bowl-porcelain-noodle-bowl-bulk-4-300x300.webp 300w, https:\/\/www.czqunfa.com\/wp-content\/uploads\/2026\/01\/japanese-style-custom-ramen-bowl-porcelain-noodle-bowl-bulk-4-150x150.webp 150w, https:\/\/www.czqunfa.com\/wp-content\/uploads\/2026\/01\/japanese-style-custom-ramen-bowl-porcelain-noodle-bowl-bulk-4-768x768.webp 768w, https:\/\/www.czqunfa.com\/wp-content\/uploads\/2026\/01\/japanese-style-custom-ramen-bowl-porcelain-noodle-bowl-bulk-4-12x12.webp 12w, https:\/\/www.czqunfa.com\/wp-content\/uploads\/2026\/01\/japanese-style-custom-ramen-bowl-porcelain-noodle-bowl-bulk-4-600x600.webp 600w, https:\/\/www.czqunfa.com\/wp-content\/uploads\/2026\/01\/japanese-style-custom-ramen-bowl-porcelain-noodle-bowl-bulk-4-100x100.webp 100w\" sizes=\"(max-width: 1000px) 100vw, 1000px\" \/><\/figure>\n<\/figure>","protected":false},"excerpt":{"rendered":"<p>Wir freuen uns, Ihnen unsere Ramen-Schalen im japanischen Stil anbieten zu k\u00f6nnen, die f\u00fcr die Gastronomie entwickelt wurden. Sie sind in verschiedenen k\u00fcnstlerischen Designs erh\u00e4ltlich, wie z. B. schwarz-wei\u00df, blau-wei\u00df handbemalt oder mit gesprenkelten Texturen. Sie bestehen aus hochwertiger Keramik, sind langlebig, haben eine glatte Glasur, die sich leicht reinigen l\u00e4sst, und sind mit praktischen Griffen oder Aufh\u00e4ngel\u00f6chern ausgestattet. Wir entwickeln ma\u00dfgeschneiderte Geschirrl\u00f6sungen f\u00fcr Ihre Marke.<\/p>\n<h2>Benutzerdefinierte Ramen-Schale Parameter<\/h2>\n<table width=\"328\">\n<tbody>\n<tr>\n<td width=\"116\">Hersteller<\/td>\n<td width=\"211\">QUNFA<\/td>\n<\/tr>\n<tr>\n<td width=\"116\">Produkttyp<\/td>\n<td>Ramen-Sch\u00fcssel aus Keramik<\/td>\n<\/tr>\n<tr>\n<td width=\"116\">Modell-Nr.<\/td>\n<td width=\"211\">\u00a022-0055<\/td>\n<\/tr>\n<tr>\n<td width=\"116\">Material<\/td>\n<td width=\"211\">Steinzeug<\/td>\n<\/tr>\n<tr>\n<td width=\"116\">Farbe<\/td>\n<td width=\"211\">schwarz, blau<\/td>\n<\/tr>\n<tr>\n<td width=\"116\">Dimension<\/td>\n<td width=\"211\">16.5*16.5*11.4cm<\/td>\n<\/tr>\n<tr>\n<td width=\"116\">Mindestbestellmenge<\/td>\n<td width=\"211\">1000 St\u00fcck<\/td>\n<\/tr>\n<tr>\n<td width=\"116\">Kundenspezifisch<\/td>\n<td width=\"211\">Farbe\/Gr\u00f6\u00dfe\/Logo\/Verpackung\/Form<\/td>\n<\/tr>\n<\/tbody>\n<\/table>","protected":false},"featured_media":1480,"comment_status":"closed","ping_status":"closed","template":"","meta":{"_acf_changed":false},"product_brand":[],"product_cat":[20,36],"product_tag":[],"class_list":{"0":"post-1470","1":"product","2":"type-product","3":"status-publish","4":"has-post-thumbnail","6":"product_cat-dinnerware-supplier","7":"product_cat-ceramic-bowl-supplier","9":"first","10":"instock","11":"shipping-taxable","12":"product-type-simple"},"acf":[],"_links":{"self":[{"href":"https:\/\/www.czqunfa.com\/de\/wp-json\/wp\/v2\/product\/1470","targetHints":{"allow":["GET"]}}],"collection":[{"href":"https:\/\/www.czqunfa.com\/de\/wp-json\/wp\/v2\/product"}],"about":[{"href":"https:\/\/www.czqunfa.com\/de\/wp-json\/wp\/v2\/types\/product"}],"replies":[{"embeddable":true,"href":"https:\/\/www.czqunfa.com\/de\/wp-json\/wp\/v2\/comments?post=1470"}],"wp:featuredmedia":[{"embeddable":true,"href":"https:\/\/www.czqunfa.com\/de\/wp-json\/wp\/v2\/media\/1480"}],"wp:attachment":[{"href":"https:\/\/www.czqunfa.com\/de\/wp-json\/wp\/v2\/media?parent=1470"}],"wp:term":[{"taxonomy":"product_brand","embeddable":true,"href":"https:\/\/www.czqunfa.com\/de\/wp-json\/wp\/v2\/product_brand?post=1470"},{"taxonomy":"product_cat","embeddable":true,"href":"https:\/\/www.czqunfa.com\/de\/wp-json\/wp\/v2\/product_cat?post=1470"},{"taxonomy":"product_tag","embeddable":true,"href":"https:\/\/www.czqunfa.com\/de\/wp-json\/wp\/v2\/product_tag?post=1470"}],"curies":[{"name":"wp","href":"https:\/\/api.w.org\/{rel}","templated":true}]}}