{"id":1463,"date":"2026-01-10T01:49:20","date_gmt":"2026-01-10T01:49:20","guid":{"rendered":"https:\/\/www.czqunfa.com\/?post_type=product&#038;p=1463"},"modified":"2026-01-10T02:35:18","modified_gmt":"2026-01-10T02:35:18","slug":"wholesale-ceramic-bowls","status":"publish","type":"product","link":"https:\/\/www.czqunfa.com\/de\/produkt\/wholesale-ceramic-bowls\/","title":{"rendered":"6,5\u2033 Gro\u00dfhandel Keramikschalen, konisch tief Suppensch\u00fcssel Versorgung"},"content":{"rendered":"<div class=\"wp-block-columns is-layout-flex wp-container-core-columns-is-layout-9d6595d7 wp-block-columns-is-layout-flex\">\n<div class=\"wp-block-column is-layout-flow wp-block-column-is-layout-flow\">\n<h2 class=\"wp-block-heading\">Eigenschaften von Gro\u00dfhandel Keramik Schalen<\/h2>\n\n\n\n<ul class=\"wp-block-list\">\n<li><strong>Moderner Minimalismus mit mehreren Farboptionen:<\/strong> Diese Keramikschalen f\u00fcr den Gro\u00dfhandel bieten eine Vielzahl von weichen, modernen Farben. Die konischen tiefen Schalen gepaart mit einer einheitlichen grauen Basis schaffen ein elegantes zweifarbiges Design, ein einfacher und vielseitiger Stil, der f\u00fcr verschiedene kommerzielle R\u00e4ume (wie Restaurants, Hotels und leichte Lebensmittelgesch\u00e4fte) geeignet ist.<\/li>\n\n\n\n<li><strong>Hochwertiges Keramikmaterial:<\/strong> Diese Keramikschalen f\u00fcr den Gro\u00dfhandel werden aus sorgf\u00e4ltig ausgew\u00e4hlter, hochwertiger Keramik hergestellt, die bei hohen Temperaturen gebrannt wird. Das Ergebnis ist eine dichte Struktur mit hervorragender Hitze- und K\u00e4ltebest\u00e4ndigkeit, die sich f\u00fcr eine langfristige und h\u00e4ufige Verwendung eignet.<\/li>\n\n\n\n<li><strong>Konisches Design mit tiefer M\u00fcndung: <\/strong>Diese Keramiksch\u00fcsseln f\u00fcr den Gro\u00dfhandel haben eine klassische konische Form, ein gro\u00dfes Fassungsverm\u00f6gen und eine angemessene Tiefe. Damit eignen sie sich ideal zum Servieren von Suppen, Nudeln und verschiedenen Gerichten und erf\u00fcllen die Anforderungen sowohl der Gastronomie als auch des Einzelhandels.<\/li>\n\n\n\n<li><strong>Leicht zu reinigende Oberfl\u00e4che:<\/strong> Diese tiefe Suppensch\u00fcssel hat eine glatte und zarte Glasur, die \u00d6lflecken und Ger\u00fcchen widersteht und eine schnelle und einfache Reinigung erm\u00f6glicht. Sie eignet sich sowohl f\u00fcr den privaten als auch f\u00fcr den gewerblichen Bereich.<\/li>\n\n\n\n<li><strong>Sicher und langlebig:<\/strong> Diese Gro\u00dfhandels-Keramiksch\u00fcsseln k\u00f6nnen als Suppensch\u00fcssel, Instant-Nudelsch\u00fcssel, Salatsch\u00fcssel oder Hauptgerichtsch\u00fcssel verwendet werden. Sie sind sp\u00fclmaschinen-, mikrowellen- und ofenfest und erf\u00fcllen die praktischen Anforderungen der modernen Gastronomie und des Gro\u00dfeinkaufs.<\/li>\n<\/ul>\n<\/div>\n\n\n\n<div class=\"wp-block-column is-layout-flow wp-block-column-is-layout-flow\">\n<figure class=\"wp-block-image size-full\"><img decoding=\"async\" width=\"800\" height=\"800\" src=\"https:\/\/www.czqunfa.com\/wp-content\/uploads\/2026\/01\/6-522-wholesale-ceramic-bowls-conical-deep-soup-bowl-supply-6.png\" alt=\"gro\u00dfhandel-keramik-schalen-konische-tiefe-suppen-schalen-angebot-6\" class=\"wp-image-1469\" srcset=\"https:\/\/www.czqunfa.com\/wp-content\/uploads\/2026\/01\/6-522-wholesale-ceramic-bowls-conical-deep-soup-bowl-supply-6.png 800w, https:\/\/www.czqunfa.com\/wp-content\/uploads\/2026\/01\/6-522-wholesale-ceramic-bowls-conical-deep-soup-bowl-supply-6-300x300.png 300w, https:\/\/www.czqunfa.com\/wp-content\/uploads\/2026\/01\/6-522-wholesale-ceramic-bowls-conical-deep-soup-bowl-supply-6-150x150.png 150w, https:\/\/www.czqunfa.com\/wp-content\/uploads\/2026\/01\/6-522-wholesale-ceramic-bowls-conical-deep-soup-bowl-supply-6-768x768.png 768w, https:\/\/www.czqunfa.com\/wp-content\/uploads\/2026\/01\/6-522-wholesale-ceramic-bowls-conical-deep-soup-bowl-supply-6-12x12.png 12w, https:\/\/www.czqunfa.com\/wp-content\/uploads\/2026\/01\/6-522-wholesale-ceramic-bowls-conical-deep-soup-bowl-supply-6-600x600.png 600w, https:\/\/www.czqunfa.com\/wp-content\/uploads\/2026\/01\/6-522-wholesale-ceramic-bowls-conical-deep-soup-bowl-supply-6-100x100.png 100w\" sizes=\"(max-width: 800px) 100vw, 800px\" \/><\/figure>\n<\/div>\n<\/div>\n\n\n\n<figure class=\"wp-block-gallery has-nested-images columns-default is-cropped wp-block-gallery-1 is-layout-flex wp-block-gallery-is-layout-flex\">\n<figure class=\"wp-block-image size-full\"><img decoding=\"async\" width=\"800\" height=\"800\" data-id=\"1465\" src=\"https:\/\/www.czqunfa.com\/wp-content\/uploads\/2026\/01\/6-522-wholesale-ceramic-bowls-conical-deep-soup-bowl-supply-2.png\" alt=\"gro\u00dfhandel-keramik-schalen-konische-tiefe-suppen-schalen-angebot-2\" class=\"wp-image-1465\" srcset=\"https:\/\/www.czqunfa.com\/wp-content\/uploads\/2026\/01\/6-522-wholesale-ceramic-bowls-conical-deep-soup-bowl-supply-2.png 800w, https:\/\/www.czqunfa.com\/wp-content\/uploads\/2026\/01\/6-522-wholesale-ceramic-bowls-conical-deep-soup-bowl-supply-2-300x300.png 300w, https:\/\/www.czqunfa.com\/wp-content\/uploads\/2026\/01\/6-522-wholesale-ceramic-bowls-conical-deep-soup-bowl-supply-2-150x150.png 150w, https:\/\/www.czqunfa.com\/wp-content\/uploads\/2026\/01\/6-522-wholesale-ceramic-bowls-conical-deep-soup-bowl-supply-2-768x768.png 768w, https:\/\/www.czqunfa.com\/wp-content\/uploads\/2026\/01\/6-522-wholesale-ceramic-bowls-conical-deep-soup-bowl-supply-2-12x12.png 12w, https:\/\/www.czqunfa.com\/wp-content\/uploads\/2026\/01\/6-522-wholesale-ceramic-bowls-conical-deep-soup-bowl-supply-2-600x600.png 600w, https:\/\/www.czqunfa.com\/wp-content\/uploads\/2026\/01\/6-522-wholesale-ceramic-bowls-conical-deep-soup-bowl-supply-2-100x100.png 100w\" sizes=\"(max-width: 800px) 100vw, 800px\" \/><\/figure>\n\n\n\n<figure class=\"wp-block-image size-full\"><img decoding=\"async\" width=\"800\" height=\"800\" data-id=\"1466\" src=\"https:\/\/www.czqunfa.com\/wp-content\/uploads\/2026\/01\/6-522-wholesale-ceramic-bowls-conical-deep-soup-bowl-supply-3.png\" alt=\"gro\u00dfhandel-keramik-schalen-konische-tiefe-suppen-schalen-angebot-3\" class=\"wp-image-1466\" srcset=\"https:\/\/www.czqunfa.com\/wp-content\/uploads\/2026\/01\/6-522-wholesale-ceramic-bowls-conical-deep-soup-bowl-supply-3.png 800w, https:\/\/www.czqunfa.com\/wp-content\/uploads\/2026\/01\/6-522-wholesale-ceramic-bowls-conical-deep-soup-bowl-supply-3-300x300.png 300w, https:\/\/www.czqunfa.com\/wp-content\/uploads\/2026\/01\/6-522-wholesale-ceramic-bowls-conical-deep-soup-bowl-supply-3-150x150.png 150w, https:\/\/www.czqunfa.com\/wp-content\/uploads\/2026\/01\/6-522-wholesale-ceramic-bowls-conical-deep-soup-bowl-supply-3-768x768.png 768w, https:\/\/www.czqunfa.com\/wp-content\/uploads\/2026\/01\/6-522-wholesale-ceramic-bowls-conical-deep-soup-bowl-supply-3-12x12.png 12w, https:\/\/www.czqunfa.com\/wp-content\/uploads\/2026\/01\/6-522-wholesale-ceramic-bowls-conical-deep-soup-bowl-supply-3-600x600.png 600w, https:\/\/www.czqunfa.com\/wp-content\/uploads\/2026\/01\/6-522-wholesale-ceramic-bowls-conical-deep-soup-bowl-supply-3-100x100.png 100w\" sizes=\"(max-width: 800px) 100vw, 800px\" \/><\/figure>\n<\/figure>","protected":false},"excerpt":{"rendered":"<p>Willkommen zum Kauf unserer Gro\u00dfhandel Keramikschalen in einem 6,5-Zoll-konische Form. Erh\u00e4ltlich in einer Vielzahl von modernen weichen Farben mit einem grauen Boden und einem einfachen Design. Hergestellt aus hochwertiger Keramik, sie sind robust und langlebig, mit einer glatten Oberfl\u00e4che, die leicht zu reinigen ist, geeignet f\u00fcr verschiedene kommerzielle Szenarien wie Restaurants, Hotels. Es ist eine multifunktionale, standardisierte L\u00f6sung zum Servieren von Suppen, Salaten, Nudeln und Desserts und unterst\u00fctzt den Gro\u00dfeinkauf.<\/p>\n<h2>Gro\u00dfhandel Keramikschalen Parameter<\/h2>\n<table border=\"0\" width=\"328\" cellspacing=\"0\" cellpadding=\"0\">\n<tbody>\n<tr>\n<td width=\"116\" height=\"16\">Hersteller<\/td>\n<td width=\"211\">QUNFA<\/td>\n<\/tr>\n<tr>\n<td width=\"116\" height=\"16\">Produkttyp<\/td>\n<td width=\"211\">Suppensch\u00fcssel aus Keramik<\/td>\n<\/tr>\n<tr>\n<td width=\"116\" height=\"16\">Modell-Nr.<\/td>\n<td width=\"211\">23-2195<\/td>\n<\/tr>\n<tr>\n<td width=\"116\" height=\"16\">Material<\/td>\n<td width=\"211\">Steinzeug<\/td>\n<\/tr>\n<tr>\n<td width=\"116\" height=\"16\">Farbe<\/td>\n<td width=\"211\">Matte Hami Melonenfarbe, Cremewei\u00df, Violett, Schokoladenfarbe, mattes Rotkehlchenblau, matte Bananenmilchfarbe<\/td>\n<\/tr>\n<tr>\n<td width=\"116\" height=\"46\">Dimension<\/td>\n<td width=\"211\">16,8*16,8*8,5cm<\/td>\n<\/tr>\n<tr>\n<td width=\"116\" height=\"16\">Mindestbestellmenge<\/td>\n<td width=\"211\">1000 St\u00fcck<\/td>\n<\/tr>\n<tr>\n<td width=\"116\" height=\"16\">Kundenspezifisch<\/td>\n<td width=\"211\">Farbe\/Gr\u00f6\u00dfe\/Logo\/Verpackung\/Form<\/td>\n<\/tr>\n<\/tbody>\n<\/table>","protected":false},"featured_media":1464,"comment_status":"closed","ping_status":"closed","template":"","meta":{"_acf_changed":false},"product_brand":[],"product_cat":[20,36],"product_tag":[],"class_list":{"0":"post-1463","1":"product","2":"type-product","3":"status-publish","4":"has-post-thumbnail","6":"product_cat-dinnerware-supplier","7":"product_cat-ceramic-bowl-supplier","9":"first","10":"instock","11":"shipping-taxable","12":"product-type-simple"},"acf":[],"_links":{"self":[{"href":"https:\/\/www.czqunfa.com\/de\/wp-json\/wp\/v2\/product\/1463","targetHints":{"allow":["GET"]}}],"collection":[{"href":"https:\/\/www.czqunfa.com\/de\/wp-json\/wp\/v2\/product"}],"about":[{"href":"https:\/\/www.czqunfa.com\/de\/wp-json\/wp\/v2\/types\/product"}],"replies":[{"embeddable":true,"href":"https:\/\/www.czqunfa.com\/de\/wp-json\/wp\/v2\/comments?post=1463"}],"wp:featuredmedia":[{"embeddable":true,"href":"https:\/\/www.czqunfa.com\/de\/wp-json\/wp\/v2\/media\/1464"}],"wp:attachment":[{"href":"https:\/\/www.czqunfa.com\/de\/wp-json\/wp\/v2\/media?parent=1463"}],"wp:term":[{"taxonomy":"product_brand","embeddable":true,"href":"https:\/\/www.czqunfa.com\/de\/wp-json\/wp\/v2\/product_brand?post=1463"},{"taxonomy":"product_cat","embeddable":true,"href":"https:\/\/www.czqunfa.com\/de\/wp-json\/wp\/v2\/product_cat?post=1463"},{"taxonomy":"product_tag","embeddable":true,"href":"https:\/\/www.czqunfa.com\/de\/wp-json\/wp\/v2\/product_tag?post=1463"}],"curies":[{"name":"wp","href":"https:\/\/api.w.org\/{rel}","templated":true}]}}