{"id":1240,"date":"2025-12-27T03:50:35","date_gmt":"2025-12-27T03:50:35","guid":{"rendered":"https:\/\/www.czqunfa.com\/?post_type=product&#038;p=1240"},"modified":"2025-12-27T06:57:10","modified_gmt":"2025-12-27T06:57:10","slug":"kitchen-utensil-holder-wholesale","status":"publish","type":"product","link":"https:\/\/www.czqunfa.com\/de\/produkt\/kitchen-utensil-holder-wholesale\/","title":{"rendered":"K\u00fcchenutensilienhalter Gro\u00dfhandel, Steingut-Utensilienbeh\u00e4lter Gro\u00dfpackung"},"content":{"rendered":"<div class=\"wp-block-columns is-layout-flex wp-container-core-columns-is-layout-9d6595d7 wp-block-columns-is-layout-flex\">\n<div class=\"wp-block-column is-layout-flow wp-block-column-is-layout-flow\">\n<h2 class=\"wp-block-heading\">Eigenschaften von K\u00fcchenutensilienhalter Gro\u00dfhandel<\/h2>\n\n\n\n<ul class=\"wp-block-list\">\n<li><strong>Flamingo Theme Design:<\/strong> Das Flamingo-Muster mit roter Paillette auf einem zartrosa Keramiksockel sorgt f\u00fcr ein niedliches und lebendiges Design auf diesem K\u00fcchenutensilienhalter Gro\u00dfhandel. Dieses raffinierte Design bedeutet, dass der K\u00fcchenutensilienhalter sowohl ein praktisches Werkzeug als auch ein dekoratives Element ist, um Ihre K\u00fcche, Kaffeeecke oder Ihr Zuhause zu erhellen.<\/li>\n\n\n\n<li><strong>Hochwertiges und langlebiges Keramikmaterial:<\/strong> Dieser K\u00fcchenutensilienhalter Gro\u00dfhandel ist aus hochwertiger Keramik, mit einer soliden und dichten Textur, geeignet f\u00fcr langfristige Haltbarkeit in kommerziellen oder privaten Umgebungen.<\/li>\n\n\n\n<li><strong>Glatte Glasur, leicht zu reinigen: <\/strong>Die Oberfl\u00e4chenglasur dieses K\u00fcchenutensilienhalters aus dem Gro\u00dfhandel ist zart, schmutzabweisend und kratzfest, geeignet f\u00fcr den K\u00fcchenalltag und erf\u00fcllt die praktischen Anforderungen von Gro\u00dfeink\u00e4ufen.<\/li>\n\n\n\n<li><strong>Gro\u00dfe Kapazit\u00e4t:<\/strong> Unser Utensilienbeh\u00e4lter aus Steingut hat eine regelm\u00e4\u00dfige zylindrische Form und einen gro\u00dfen Innenraum. Er eignet sich ideal zur Aufbewahrung verschiedener langstieliger K\u00fcchenutensilien (z. B. Pfannenwender, L\u00f6ffel, Schneebesen), Tafelgeschirr oder als multifunktionaler Aufbewahrungsbeh\u00e4lter f\u00fcr Stiftehalter, Kosmetikpinselhalter usw.<\/li>\n\n\n\n<li><strong>Geeignet f\u00fcr Gro\u00dfhandel und Export:<\/strong> Unser Angebot an Steinzeuggef\u00e4\u00dfen entspricht den internationalen Standards f\u00fcr Alltagskeramik und eignet sich f\u00fcr Gro\u00dfeink\u00e4ufe, grenz\u00fcberschreitenden E-Commerce und Offline-Einzelhandelskan\u00e4le.<\/li>\n<\/ul>\n<\/div>\n\n\n\n<div class=\"wp-block-column is-layout-flow wp-block-column-is-layout-flow\">\n<figure class=\"wp-block-image size-full\"><img decoding=\"async\" width=\"800\" height=\"800\" src=\"https:\/\/www.czqunfa.com\/wp-content\/uploads\/2025\/12\/kitchen-utensil-holder-wholesale-stoneware-utensil-jar-bulk-1.webp\" alt=\"k\u00fcchen-utensil-halter-gro\u00dfhandel-steinzeug-utensil-geschirr-bulk-1\" class=\"wp-image-1248\" srcset=\"https:\/\/www.czqunfa.com\/wp-content\/uploads\/2025\/12\/kitchen-utensil-holder-wholesale-stoneware-utensil-jar-bulk-1.webp 800w, https:\/\/www.czqunfa.com\/wp-content\/uploads\/2025\/12\/kitchen-utensil-holder-wholesale-stoneware-utensil-jar-bulk-1-300x300.webp 300w, https:\/\/www.czqunfa.com\/wp-content\/uploads\/2025\/12\/kitchen-utensil-holder-wholesale-stoneware-utensil-jar-bulk-1-150x150.webp 150w, https:\/\/www.czqunfa.com\/wp-content\/uploads\/2025\/12\/kitchen-utensil-holder-wholesale-stoneware-utensil-jar-bulk-1-768x768.webp 768w, https:\/\/www.czqunfa.com\/wp-content\/uploads\/2025\/12\/kitchen-utensil-holder-wholesale-stoneware-utensil-jar-bulk-1-600x600.webp 600w, https:\/\/www.czqunfa.com\/wp-content\/uploads\/2025\/12\/kitchen-utensil-holder-wholesale-stoneware-utensil-jar-bulk-1-100x100.webp 100w\" sizes=\"(max-width: 800px) 100vw, 800px\" \/><\/figure>\n<\/div>\n<\/div>\n\n\n\n<figure class=\"wp-block-gallery has-nested-images columns-default is-cropped wp-block-gallery-1 is-layout-flex wp-block-gallery-is-layout-flex\">\n<figure class=\"wp-block-image size-full\"><img decoding=\"async\" width=\"800\" height=\"800\" data-id=\"1250\" src=\"https:\/\/www.czqunfa.com\/wp-content\/uploads\/2025\/12\/kitchen-utensil-holder-wholesale-stoneware-utensil-jar-bulk-3.webp\" alt=\"k\u00fcchen-utensil-halter-gro\u00dfhandel-steinzeug-utensil-geschirr-bulk-3\" class=\"wp-image-1250\" srcset=\"https:\/\/www.czqunfa.com\/wp-content\/uploads\/2025\/12\/kitchen-utensil-holder-wholesale-stoneware-utensil-jar-bulk-3.webp 800w, https:\/\/www.czqunfa.com\/wp-content\/uploads\/2025\/12\/kitchen-utensil-holder-wholesale-stoneware-utensil-jar-bulk-3-300x300.webp 300w, https:\/\/www.czqunfa.com\/wp-content\/uploads\/2025\/12\/kitchen-utensil-holder-wholesale-stoneware-utensil-jar-bulk-3-150x150.webp 150w, https:\/\/www.czqunfa.com\/wp-content\/uploads\/2025\/12\/kitchen-utensil-holder-wholesale-stoneware-utensil-jar-bulk-3-768x768.webp 768w, https:\/\/www.czqunfa.com\/wp-content\/uploads\/2025\/12\/kitchen-utensil-holder-wholesale-stoneware-utensil-jar-bulk-3-600x600.webp 600w, https:\/\/www.czqunfa.com\/wp-content\/uploads\/2025\/12\/kitchen-utensil-holder-wholesale-stoneware-utensil-jar-bulk-3-100x100.webp 100w\" sizes=\"(max-width: 800px) 100vw, 800px\" \/><\/figure>\n\n\n\n<figure class=\"wp-block-image size-full\"><img decoding=\"async\" width=\"800\" height=\"800\" data-id=\"1252\" src=\"https:\/\/www.czqunfa.com\/wp-content\/uploads\/2025\/12\/kitchen-utensil-holder-wholesale-stoneware-utensil-jar-bulk-5.webp\" alt=\"k\u00fcchenutensil-halter-gro\u00dfhandel-steinzeug-utensil-gro\u00dfpackung-5\" class=\"wp-image-1252\" srcset=\"https:\/\/www.czqunfa.com\/wp-content\/uploads\/2025\/12\/kitchen-utensil-holder-wholesale-stoneware-utensil-jar-bulk-5.webp 800w, https:\/\/www.czqunfa.com\/wp-content\/uploads\/2025\/12\/kitchen-utensil-holder-wholesale-stoneware-utensil-jar-bulk-5-300x300.webp 300w, https:\/\/www.czqunfa.com\/wp-content\/uploads\/2025\/12\/kitchen-utensil-holder-wholesale-stoneware-utensil-jar-bulk-5-150x150.webp 150w, https:\/\/www.czqunfa.com\/wp-content\/uploads\/2025\/12\/kitchen-utensil-holder-wholesale-stoneware-utensil-jar-bulk-5-768x768.webp 768w, https:\/\/www.czqunfa.com\/wp-content\/uploads\/2025\/12\/kitchen-utensil-holder-wholesale-stoneware-utensil-jar-bulk-5-600x600.webp 600w, https:\/\/www.czqunfa.com\/wp-content\/uploads\/2025\/12\/kitchen-utensil-holder-wholesale-stoneware-utensil-jar-bulk-5-100x100.webp 100w\" sizes=\"(max-width: 800px) 100vw, 800px\" \/><\/figure>\n<\/figure>\n\n\n\n<p><\/p>","protected":false},"excerpt":{"rendered":"<p>Willkommen zum Kauf unserer Flamingo K\u00fcchenutensilienhalter Gro\u00dfhandel, mit einer dauerhaften, gerade Zinn-Stil Keramik-Glas mit einem auff\u00e4lligen Flamingo-Design. Dieses Steingut Utensilien Glas Versorgung bietet gro\u00dfe Kapazit\u00e4t, stabile Struktur und eine glatte glasierte Oberfl\u00e4che, ideal f\u00fcr die Organisation von K\u00fcchenutensilien in Wohnungen, Restaurants und Hotels. Farbe, Logo und Verpackung k\u00f6nnen individuell angepasst werden, was ihn zu einer perfekten Wahl f\u00fcr K\u00fcchengro\u00dfh\u00e4ndler, Haushaltswarenmarken und Importeure macht.<\/p>\n<h2>K\u00fcchenutensilienhalter Gro\u00dfhandelsparameter<\/h2>\n<table width=\"328\">\n<tbody>\n<tr>\n<td width=\"116\">Hersteller<\/td>\n<td width=\"211\">QUNFA<\/td>\n<\/tr>\n<tr>\n<td width=\"116\">Produkttyp<\/td>\n<td>Utensilienhalter<\/td>\n<\/tr>\n<tr>\n<td width=\"116\">Modell-Nr.<\/td>\n<td width=\"211\">19-0184-1\u00a0<\/td>\n<\/tr>\n<tr>\n<td width=\"116\">Material<\/td>\n<td width=\"211\">Steinzeug<\/td>\n<\/tr>\n<tr>\n<td width=\"116\">Farbe<\/td>\n<td width=\"211\">Rosa<\/td>\n<\/tr>\n<tr>\n<td width=\"116\">Dimension<\/td>\n<td width=\"211\">10*10*17.3cm<\/td>\n<\/tr>\n<tr>\n<td width=\"116\">Mindestbestellmenge<\/td>\n<td width=\"211\">1000 St\u00fcck<\/td>\n<\/tr>\n<tr>\n<td width=\"116\">Kundenspezifisch<\/td>\n<td width=\"211\">Farbe\/Gr\u00f6\u00dfe\/Logo\/Verpackung\/Form<\/td>\n<\/tr>\n<\/tbody>\n<\/table>","protected":false},"featured_media":1253,"comment_status":"closed","ping_status":"closed","template":"","meta":{"_acf_changed":false},"product_brand":[],"product_cat":[21,17,47,24],"product_tag":[],"class_list":{"0":"post-1240","1":"product","2":"type-product","3":"status-publish","4":"has-post-thumbnail","6":"product_cat-ceramic-kitchenware-wholesale","7":"product_cat-home-garden-decor-wholesale","8":"product_cat-canister-supplier","9":"product_cat-utensil-holder-manufacturer","11":"first","12":"instock","13":"shipping-taxable","14":"product-type-simple"},"acf":[],"_links":{"self":[{"href":"https:\/\/www.czqunfa.com\/de\/wp-json\/wp\/v2\/product\/1240","targetHints":{"allow":["GET"]}}],"collection":[{"href":"https:\/\/www.czqunfa.com\/de\/wp-json\/wp\/v2\/product"}],"about":[{"href":"https:\/\/www.czqunfa.com\/de\/wp-json\/wp\/v2\/types\/product"}],"replies":[{"embeddable":true,"href":"https:\/\/www.czqunfa.com\/de\/wp-json\/wp\/v2\/comments?post=1240"}],"wp:featuredmedia":[{"embeddable":true,"href":"https:\/\/www.czqunfa.com\/de\/wp-json\/wp\/v2\/media\/1253"}],"wp:attachment":[{"href":"https:\/\/www.czqunfa.com\/de\/wp-json\/wp\/v2\/media?parent=1240"}],"wp:term":[{"taxonomy":"product_brand","embeddable":true,"href":"https:\/\/www.czqunfa.com\/de\/wp-json\/wp\/v2\/product_brand?post=1240"},{"taxonomy":"product_cat","embeddable":true,"href":"https:\/\/www.czqunfa.com\/de\/wp-json\/wp\/v2\/product_cat?post=1240"},{"taxonomy":"product_tag","embeddable":true,"href":"https:\/\/www.czqunfa.com\/de\/wp-json\/wp\/v2\/product_tag?post=1240"}],"curies":[{"name":"wp","href":"https:\/\/api.w.org\/{rel}","templated":true}]}}