{"id":1231,"date":"2025-12-27T03:00:21","date_gmt":"2025-12-27T03:00:21","guid":{"rendered":"https:\/\/www.czqunfa.com\/?post_type=product&#038;p=1231"},"modified":"2025-12-27T03:42:08","modified_gmt":"2025-12-27T03:42:08","slug":"ceramic-honey-pot-wholesale","status":"publish","type":"product","link":"https:\/\/www.czqunfa.com\/de\/produkt\/ceramic-honey-pot-wholesale\/","title":{"rendered":"S\u00fc\u00dfer Keramik-Honigtopf Gro\u00dfhandel, Vorratsgl\u00e4ser f\u00fcr Lebensmittel in Gro\u00dfmengen"},"content":{"rendered":"<div class=\"wp-block-columns is-layout-flex wp-container-core-columns-is-layout-9d6595d7 wp-block-columns-is-layout-flex\">\n<div class=\"wp-block-column is-layout-flow wp-block-column-is-layout-flow\">\n<h2 class=\"wp-block-heading\">Eigenschaften von Keramik Honig Topf Gro\u00dfhandel<\/h2>\n\n\n\n<ul class=\"wp-block-list\">\n<li><strong>Klassisches zweifarbiges Honigglas-Design:<\/strong> Unser Keramik-Honigtopf f\u00fcr den Gro\u00dfhandel zeichnet sich durch ein klassisches, kontrastreiches Farbschema in Wei\u00df und Hellbraun aus, mit feinen vertikalen Streifen auf dem K\u00f6rper und einem wei\u00dfen gew\u00f6lbten Deckel mit kleinem Henkel, wodurch das Produkt einen hohen Wiedererkennungswert hat und optisch ansprechend ist.<\/li>\n\n\n\n<li><strong>Dauerhaftes keramisches Material:<\/strong> Diese Gl\u00e4ser zur Aufbewahrung von Lebensmitteln in gro\u00dfen Mengen bestehen aus bei hohen Temperaturen gebrannter Keramik, die eine robuste Struktur aufweist, die nicht zu Rissen neigt. Sie eignen sich f\u00fcr die langfristige Verwendung in gro\u00dfen Mengen und wiederholtes Auff\u00fcllen und erf\u00fcllen die Anforderungen an die Haltbarkeit.<\/li>\n\n\n\n<li><strong>Lebensmittelgeeignet und sicher: <\/strong>Diese Gl\u00e4ser zur Aufbewahrung von Lebensmitteln in loser Sch\u00fcttung verwenden eine lebensmittelechte Glasur, die frei von Blei und Kadmium ist. Sie eignen sich f\u00fcr die Aufbewahrung von Honig, Zucker, Marmelade, Gew\u00fcrzen und anderen Lebensmitteln und erf\u00fcllen die Anforderungen sowohl der Gastronomie als auch des Einzelhandels.<\/li>\n\n\n\n<li><strong>Komplettes Honey Service Kit:<\/strong> Unser Keramik-Honigtopf f\u00fcr den Gro\u00dfhandel wird als komplettes Set geliefert, das das Glas, den Deckel und einen speziellen R\u00fchrstab aus Holz enth\u00e4lt. Der R\u00fchrstab hat an einem Ende einen spiralf\u00f6rmigen Vorsprung, der speziell f\u00fcr das R\u00fchren von dickem, kristallisiertem Honig entwickelt wurde und die Professionalit\u00e4t und Benutzerfreundlichkeit des Produkts erh\u00f6ht. Sofort nach dem Auspacken einsatzbereit.<\/li>\n\n\n\n<li><strong>Unterst\u00fctzung f\u00fcr den Gro\u00dfhandel:<\/strong> Unser Gro\u00dfhandel mit Keramikhonigt\u00f6pfen bietet eine stabile Versorgung mit gro\u00dfen Mengen, die sich f\u00fcr Gro\u00dfh\u00e4ndler, Importeure, Einzelhandelsketten und die Beschaffung in der Gastronomie eignen. Wir unterst\u00fctzen die Anpassung an Ihre Bed\u00fcrfnisse, um Ihre eigene Marke und Marktdifferenzierung zu erf\u00fcllen.<\/li>\n<\/ul>\n<\/div>\n\n\n\n<div class=\"wp-block-column is-layout-flow wp-block-column-is-layout-flow\">\n<figure class=\"wp-block-image size-full\"><img decoding=\"async\" width=\"1000\" height=\"1000\" src=\"https:\/\/www.czqunfa.com\/wp-content\/uploads\/2025\/12\/cute-ceramic-honey-pot-wholesale-bulk-food-storage-jars-1.webp\" alt=\"S\u00fc\u00dfer-Keramik-Honigtopf-Gro\u00dfhandel-Gl\u00e4ser zur Aufbewahrung von Lebensmitteln-1\" class=\"wp-image-1234\" srcset=\"https:\/\/www.czqunfa.com\/wp-content\/uploads\/2025\/12\/cute-ceramic-honey-pot-wholesale-bulk-food-storage-jars-1.webp 1000w, https:\/\/www.czqunfa.com\/wp-content\/uploads\/2025\/12\/cute-ceramic-honey-pot-wholesale-bulk-food-storage-jars-1-300x300.webp 300w, https:\/\/www.czqunfa.com\/wp-content\/uploads\/2025\/12\/cute-ceramic-honey-pot-wholesale-bulk-food-storage-jars-1-150x150.webp 150w, https:\/\/www.czqunfa.com\/wp-content\/uploads\/2025\/12\/cute-ceramic-honey-pot-wholesale-bulk-food-storage-jars-1-768x768.webp 768w, https:\/\/www.czqunfa.com\/wp-content\/uploads\/2025\/12\/cute-ceramic-honey-pot-wholesale-bulk-food-storage-jars-1-600x600.webp 600w, https:\/\/www.czqunfa.com\/wp-content\/uploads\/2025\/12\/cute-ceramic-honey-pot-wholesale-bulk-food-storage-jars-1-100x100.webp 100w\" sizes=\"(max-width: 1000px) 100vw, 1000px\" \/><\/figure>\n<\/div>\n<\/div>\n\n\n\n<figure class=\"wp-block-gallery has-nested-images columns-default is-cropped wp-block-gallery-1 is-layout-flex wp-block-gallery-is-layout-flex\">\n<figure class=\"wp-block-image size-full\"><img decoding=\"async\" width=\"1000\" height=\"1000\" data-id=\"1236\" src=\"https:\/\/www.czqunfa.com\/wp-content\/uploads\/2025\/12\/cute-ceramic-honey-pot-wholesale-bulk-food-storage-jars-3.webp\" alt=\"niedliche-keramische-honigtopf-gro\u00dfhandel-bulk-food-aufbewahrung-gl\u00e4ser-3\" class=\"wp-image-1236\" srcset=\"https:\/\/www.czqunfa.com\/wp-content\/uploads\/2025\/12\/cute-ceramic-honey-pot-wholesale-bulk-food-storage-jars-3.webp 1000w, https:\/\/www.czqunfa.com\/wp-content\/uploads\/2025\/12\/cute-ceramic-honey-pot-wholesale-bulk-food-storage-jars-3-300x300.webp 300w, https:\/\/www.czqunfa.com\/wp-content\/uploads\/2025\/12\/cute-ceramic-honey-pot-wholesale-bulk-food-storage-jars-3-150x150.webp 150w, https:\/\/www.czqunfa.com\/wp-content\/uploads\/2025\/12\/cute-ceramic-honey-pot-wholesale-bulk-food-storage-jars-3-768x768.webp 768w, https:\/\/www.czqunfa.com\/wp-content\/uploads\/2025\/12\/cute-ceramic-honey-pot-wholesale-bulk-food-storage-jars-3-600x600.webp 600w, https:\/\/www.czqunfa.com\/wp-content\/uploads\/2025\/12\/cute-ceramic-honey-pot-wholesale-bulk-food-storage-jars-3-100x100.webp 100w\" sizes=\"(max-width: 1000px) 100vw, 1000px\" \/><\/figure>\n\n\n\n<figure class=\"wp-block-image size-full\"><img decoding=\"async\" width=\"1000\" height=\"1000\" data-id=\"1238\" src=\"https:\/\/www.czqunfa.com\/wp-content\/uploads\/2025\/12\/cute-ceramic-honey-pot-wholesale-bulk-food-storage-jars-5.webp\" alt=\"S\u00fc\u00dfer-Keramik-Honigtopf-Gro\u00dfhandel-Gl\u00e4ser zur Aufbewahrung von Lebensmitteln-5\" class=\"wp-image-1238\" srcset=\"https:\/\/www.czqunfa.com\/wp-content\/uploads\/2025\/12\/cute-ceramic-honey-pot-wholesale-bulk-food-storage-jars-5.webp 1000w, https:\/\/www.czqunfa.com\/wp-content\/uploads\/2025\/12\/cute-ceramic-honey-pot-wholesale-bulk-food-storage-jars-5-300x300.webp 300w, https:\/\/www.czqunfa.com\/wp-content\/uploads\/2025\/12\/cute-ceramic-honey-pot-wholesale-bulk-food-storage-jars-5-150x150.webp 150w, https:\/\/www.czqunfa.com\/wp-content\/uploads\/2025\/12\/cute-ceramic-honey-pot-wholesale-bulk-food-storage-jars-5-768x768.webp 768w, https:\/\/www.czqunfa.com\/wp-content\/uploads\/2025\/12\/cute-ceramic-honey-pot-wholesale-bulk-food-storage-jars-5-600x600.webp 600w, https:\/\/www.czqunfa.com\/wp-content\/uploads\/2025\/12\/cute-ceramic-honey-pot-wholesale-bulk-food-storage-jars-5-100x100.webp 100w\" sizes=\"(max-width: 1000px) 100vw, 1000px\" \/><\/figure>\n<\/figure>\n\n\n\n<p><\/p>","protected":false},"excerpt":{"rendered":"<p>Willkommen zum Kauf unserer Keramik Honig Topf Gro\u00dfhandel mit Deckel und einem dedizierten Holzr\u00fchrer. Hergestellt aus hochwertiger und langlebiger Keramik, glatt und leicht zu reinigen. Die Vorratsgl\u00e4ser sind aus hochgebrannter, lebensmittelechter Keramik f\u00fcr sicheren und langlebigen Gebrauch. Geeignet f\u00fcr Lebensmittelmarken, Boutique-Superm\u00e4rkte, Hotels und Geschenkartikler. Erh\u00e4ltlich in gro\u00dfen Mengen mit OEM\/ODM-Anpassung f\u00fcr Logo, Farbe und Verpackung.<\/p>\n<h2>Keramik Honig Topf Gro\u00dfhandel Parameter<\/h2>\n<table width=\"328\">\n<tbody>\n<tr>\n<td width=\"116\">Hersteller<\/td>\n<td width=\"211\">QUNFA<\/td>\n<\/tr>\n<tr>\n<td width=\"116\">Produkttyp<\/td>\n<td>Vorratsglas<\/td>\n<\/tr>\n<tr>\n<td width=\"116\">Modell-Nr.<\/td>\n<td width=\"211\">QF21-060\u00a0<\/td>\n<\/tr>\n<tr>\n<td width=\"116\">Material<\/td>\n<td width=\"211\">Steinzeug<\/td>\n<\/tr>\n<tr>\n<td width=\"116\">Farbe<\/td>\n<td width=\"211\">Wei\u00df bis Braun<\/td>\n<\/tr>\n<tr>\n<td width=\"116\">Dimension<\/td>\n<td width=\"211\">Deckel:7,3*7,3*3,5cm<br \/>Gef\u00e4\u00df:10.1*10.1*11.3cm<br \/>R\u00fchrstab:15cm<\/td>\n<\/tr>\n<tr>\n<td width=\"116\">Mindestbestellmenge<\/td>\n<td width=\"211\">1000 St\u00fcck<\/td>\n<\/tr>\n<tr>\n<td width=\"116\">Kundenspezifisch<\/td>\n<td width=\"211\">Farbe\/Gr\u00f6\u00dfe\/Logo\/Verpackung\/Form<\/td>\n<\/tr>\n<\/tbody>\n<\/table>","protected":false},"featured_media":1239,"comment_status":"closed","ping_status":"closed","template":"","meta":{"_acf_changed":false},"product_brand":[],"product_cat":[17,47],"product_tag":[],"class_list":{"0":"post-1231","1":"product","2":"type-product","3":"status-publish","4":"has-post-thumbnail","6":"product_cat-home-garden-decor-wholesale","7":"product_cat-canister-supplier","9":"first","10":"instock","11":"shipping-taxable","12":"product-type-simple"},"acf":[],"_links":{"self":[{"href":"https:\/\/www.czqunfa.com\/de\/wp-json\/wp\/v2\/product\/1231","targetHints":{"allow":["GET"]}}],"collection":[{"href":"https:\/\/www.czqunfa.com\/de\/wp-json\/wp\/v2\/product"}],"about":[{"href":"https:\/\/www.czqunfa.com\/de\/wp-json\/wp\/v2\/types\/product"}],"replies":[{"embeddable":true,"href":"https:\/\/www.czqunfa.com\/de\/wp-json\/wp\/v2\/comments?post=1231"}],"wp:featuredmedia":[{"embeddable":true,"href":"https:\/\/www.czqunfa.com\/de\/wp-json\/wp\/v2\/media\/1239"}],"wp:attachment":[{"href":"https:\/\/www.czqunfa.com\/de\/wp-json\/wp\/v2\/media?parent=1231"}],"wp:term":[{"taxonomy":"product_brand","embeddable":true,"href":"https:\/\/www.czqunfa.com\/de\/wp-json\/wp\/v2\/product_brand?post=1231"},{"taxonomy":"product_cat","embeddable":true,"href":"https:\/\/www.czqunfa.com\/de\/wp-json\/wp\/v2\/product_cat?post=1231"},{"taxonomy":"product_tag","embeddable":true,"href":"https:\/\/www.czqunfa.com\/de\/wp-json\/wp\/v2\/product_tag?post=1231"}],"curies":[{"name":"wp","href":"https:\/\/api.w.org\/{rel}","templated":true}]}}