{"id":1220,"date":"2025-12-27T02:21:46","date_gmt":"2025-12-27T02:21:46","guid":{"rendered":"https:\/\/www.czqunfa.com\/?post_type=product&#038;p=1220"},"modified":"2025-12-27T02:59:17","modified_gmt":"2025-12-27T02:59:17","slug":"empty-candle-jars-bulk","status":"publish","type":"product","link":"https:\/\/www.czqunfa.com\/de\/produkt\/empty-candle-jars-bulk\/","title":{"rendered":"Einfache leere Kerzengl\u00e4ser in Gro\u00dfmengen, ma\u00dfgefertigte Keramik-Kerzenbeh\u00e4lter"},"content":{"rendered":"<div class=\"wp-block-columns is-layout-flex wp-container-core-columns-is-layout-9d6595d7 wp-block-columns-is-layout-flex\">\n<div class=\"wp-block-column is-layout-flow wp-block-column-is-layout-flow\">\n<h2 class=\"wp-block-heading\">Eigenschaften von leeren Kerzengl\u00e4sern Bulk<\/h2>\n\n\n\n<ul class=\"wp-block-list\">\n<li><strong>Minimalistisches, modernes, mattes Design: <\/strong>Diese leeren Kerzengl\u00e4ser haben eine zylindrische Form mit vertikalen Streifen, gepaart mit matten Farben mit geringer S\u00e4ttigung wie Hellrosa, Hellgr\u00fcn, Off-White und Hellgelb, die eine minimalistische und anspruchsvolle moderne \u00c4sthetik pr\u00e4sentieren. Ihr vielseitiges Design f\u00fcgt sich nahtlos in verschiedene Dekorationsszenarien ein, darunter Weihnachten, allt\u00e4gliche Heimdekoration und Boutiquen, und steigert die visuelle Attraktivit\u00e4t von Produktauslagen.<\/li>\n\n\n\n<li><strong>Leeres Glasdesign, ideal f\u00fcr handgefertigte Kerzenbef\u00fcllung: <\/strong>Diese leeren Kerzengl\u00e4ser werden lose mit wachsfreien leeren Bechern geliefert, die f\u00fcr Kerzenfabriken und handgefertigte Kerzenstudios zum Nachf\u00fcllen und f\u00fcr individuelle Rezepte geeignet sind.<\/li>\n\n\n\n<li><strong>Hochwertiges und langlebiges keramisches Material:<\/strong> Diese leeren Kerzengl\u00e4ser sind aus hochwertiger Keramik gefertigt, die solide ist und eine ausgezeichnete Temperaturwechselbest\u00e4ndigkeit aufweist. Es kann Temperaturschwankungen beim Einf\u00fcllen von Wachs und im t\u00e4glichen Gebrauch standhalten, ist nicht anf\u00e4llig f\u00fcr Risse und langlebig.<\/li>\n\n\n\n<li><strong>Multifunktional: <\/strong>Unsere ma\u00dfgefertigten Kerzengef\u00e4\u00dfe mit ihrem attraktiven Design k\u00f6nnen auch als kleine Pflanzgef\u00e4\u00dfe, Aufbewahrungsbeh\u00e4lter f\u00fcr Schreibwaren, K\u00fcchenutensilien oder einfach als dekorative Wohnaccessoires verwendet werden, was die Verkaufsideen und Anwendungsszenarien f\u00fcr B2B-Kunden erweitert.<\/li>\n\n\n\n<li><strong>Stabile Versorgung, geeignet f\u00fcr die Beschaffung in gro\u00dfem Umfang: <\/strong>Unsere ma\u00dfgefertigten Kerzengef\u00e4\u00dfe unterst\u00fctzen die Massenproduktion, gew\u00e4hrleisten eine stabile Qualit\u00e4t und kontrollierbare Lieferzeiten und eignen sich daher f\u00fcr eine langfristige Zusammenarbeit mit grenz\u00fcberschreitenden E-Commerce-Verk\u00e4ufern, Markeninhabern und Gro\u00dfhandelskan\u00e4len.<\/li>\n<\/ul>\n<\/div>\n\n\n\n<div class=\"wp-block-column is-layout-flow wp-block-column-is-layout-flow\">\n<figure class=\"wp-block-image size-full\"><img decoding=\"async\" width=\"1000\" height=\"1000\" src=\"https:\/\/www.czqunfa.com\/wp-content\/uploads\/2025\/12\/simple-empty-candle-jars-bulk-custom-ceramic-candle-vessels-1.webp\" alt=\"Einfach-leere-Kerzengl\u00e4ser-Gro\u00dfpackung-individuelle-Keramik-Kerzengef\u00e4\u00dfe-1\" class=\"wp-image-1223\" srcset=\"https:\/\/www.czqunfa.com\/wp-content\/uploads\/2025\/12\/simple-empty-candle-jars-bulk-custom-ceramic-candle-vessels-1.webp 1000w, https:\/\/www.czqunfa.com\/wp-content\/uploads\/2025\/12\/simple-empty-candle-jars-bulk-custom-ceramic-candle-vessels-1-300x300.webp 300w, https:\/\/www.czqunfa.com\/wp-content\/uploads\/2025\/12\/simple-empty-candle-jars-bulk-custom-ceramic-candle-vessels-1-150x150.webp 150w, https:\/\/www.czqunfa.com\/wp-content\/uploads\/2025\/12\/simple-empty-candle-jars-bulk-custom-ceramic-candle-vessels-1-768x768.webp 768w, https:\/\/www.czqunfa.com\/wp-content\/uploads\/2025\/12\/simple-empty-candle-jars-bulk-custom-ceramic-candle-vessels-1-600x600.webp 600w, https:\/\/www.czqunfa.com\/wp-content\/uploads\/2025\/12\/simple-empty-candle-jars-bulk-custom-ceramic-candle-vessels-1-100x100.webp 100w\" sizes=\"(max-width: 1000px) 100vw, 1000px\" \/><\/figure>\n<\/div>\n<\/div>\n\n\n\n<figure class=\"wp-block-gallery has-nested-images columns-default is-cropped wp-block-gallery-1 is-layout-flex wp-block-gallery-is-layout-flex\">\n<figure class=\"wp-block-image size-full\"><img decoding=\"async\" width=\"1000\" height=\"1000\" data-id=\"1224\" src=\"https:\/\/www.czqunfa.com\/wp-content\/uploads\/2025\/12\/simple-empty-candle-jars-bulk-custom-ceramic-candle-vessels-2.webp\" alt=\"einfache-leere-kerzen-gl\u00e4ser-bulk-keramik-kerzen-gef\u00e4\u00dfe-2\" class=\"wp-image-1224\" srcset=\"https:\/\/www.czqunfa.com\/wp-content\/uploads\/2025\/12\/simple-empty-candle-jars-bulk-custom-ceramic-candle-vessels-2.webp 1000w, https:\/\/www.czqunfa.com\/wp-content\/uploads\/2025\/12\/simple-empty-candle-jars-bulk-custom-ceramic-candle-vessels-2-300x300.webp 300w, https:\/\/www.czqunfa.com\/wp-content\/uploads\/2025\/12\/simple-empty-candle-jars-bulk-custom-ceramic-candle-vessels-2-150x150.webp 150w, https:\/\/www.czqunfa.com\/wp-content\/uploads\/2025\/12\/simple-empty-candle-jars-bulk-custom-ceramic-candle-vessels-2-768x768.webp 768w, https:\/\/www.czqunfa.com\/wp-content\/uploads\/2025\/12\/simple-empty-candle-jars-bulk-custom-ceramic-candle-vessels-2-600x600.webp 600w, https:\/\/www.czqunfa.com\/wp-content\/uploads\/2025\/12\/simple-empty-candle-jars-bulk-custom-ceramic-candle-vessels-2-100x100.webp 100w\" sizes=\"(max-width: 1000px) 100vw, 1000px\" \/><\/figure>\n\n\n\n<figure class=\"wp-block-image size-full\"><img decoding=\"async\" width=\"1000\" height=\"1000\" data-id=\"1227\" src=\"https:\/\/www.czqunfa.com\/wp-content\/uploads\/2025\/12\/simple-empty-candle-jars-bulk-custom-ceramic-candle-vessels-5.webp\" alt=\"einfache-leere-kerzen-gl\u00e4ser-bulk-keramik-kerzen-gef\u00e4\u00dfe-5\" class=\"wp-image-1227\" srcset=\"https:\/\/www.czqunfa.com\/wp-content\/uploads\/2025\/12\/simple-empty-candle-jars-bulk-custom-ceramic-candle-vessels-5.webp 1000w, https:\/\/www.czqunfa.com\/wp-content\/uploads\/2025\/12\/simple-empty-candle-jars-bulk-custom-ceramic-candle-vessels-5-300x300.webp 300w, https:\/\/www.czqunfa.com\/wp-content\/uploads\/2025\/12\/simple-empty-candle-jars-bulk-custom-ceramic-candle-vessels-5-150x150.webp 150w, https:\/\/www.czqunfa.com\/wp-content\/uploads\/2025\/12\/simple-empty-candle-jars-bulk-custom-ceramic-candle-vessels-5-768x768.webp 768w, https:\/\/www.czqunfa.com\/wp-content\/uploads\/2025\/12\/simple-empty-candle-jars-bulk-custom-ceramic-candle-vessels-5-600x600.webp 600w, https:\/\/www.czqunfa.com\/wp-content\/uploads\/2025\/12\/simple-empty-candle-jars-bulk-custom-ceramic-candle-vessels-5-100x100.webp 100w\" sizes=\"(max-width: 1000px) 100vw, 1000px\" \/><\/figure>\n<\/figure>\n\n\n\n<p><\/p>","protected":false},"excerpt":{"rendered":"<p>Willkommen bei unseren leeren Kerzengl\u00e4sern, die f\u00fcr die professionelle Kerzenherstellung und den Gro\u00dfhandel bestimmt sind. Diese benutzerdefinierten Keramik Kerzengef\u00e4\u00dfe verf\u00fcgen \u00fcber ein vertikales Streifendesign und eine Vielzahl von weichen, matten Farben. Hergestellt aus hochwertiger Keramik, sind sie robust und langlebig mit einer glatten, leicht zu reinigenden Oberfl\u00e4che. Sie sind die perfekten Basisbeh\u00e4lter f\u00fcr Kerzenwerkst\u00e4tten, Einrichtungsmarken und Geschenkel\u00e4den, die ihre eigenen Markenprodukte herstellen wollen.<\/p>\n<h2>Leere Kerzengl\u00e4ser Bulk Parameter<\/h2>\n<table width=\"328\">\n<tbody>\n<tr>\n<td width=\"116\">Hersteller<\/td>\n<td width=\"211\">QUNFA<\/td>\n<\/tr>\n<tr>\n<td width=\"116\">Produkttyp<\/td>\n<td>Kerzenglas<\/td>\n<\/tr>\n<tr>\n<td width=\"116\">Modell-Nr.<\/td>\n<td width=\"211\">24-0290\u00a0<\/td>\n<\/tr>\n<tr>\n<td width=\"116\">Material<\/td>\n<td width=\"211\">Steinzeug<\/td>\n<\/tr>\n<tr>\n<td width=\"116\">Farbe<\/td>\n<td width=\"211\">Rosa, Orange, Blau, Gelb, Grau<\/td>\n<\/tr>\n<tr>\n<td width=\"116\">Dimension<\/td>\n<td width=\"211\">\u00a09*9*9,5cm<\/td>\n<\/tr>\n<tr>\n<td width=\"116\">Mindestbestellmenge<\/td>\n<td width=\"211\">1000 St\u00fcck<\/td>\n<\/tr>\n<tr>\n<td width=\"116\">Kundenspezifisch<\/td>\n<td width=\"211\">Farbe\/Gr\u00f6\u00dfe\/Logo\/Verpackung\/Form<\/td>\n<\/tr>\n<\/tbody>\n<\/table>","protected":false},"featured_media":1228,"comment_status":"closed","ping_status":"closed","template":"","meta":{"_acf_changed":false},"product_brand":[],"product_cat":[17,48],"product_tag":[],"class_list":{"0":"post-1220","1":"product","2":"type-product","3":"status-publish","4":"has-post-thumbnail","6":"product_cat-home-garden-decor-wholesale","7":"product_cat-wholesale-candle-containers","9":"first","10":"instock","11":"shipping-taxable","12":"product-type-simple"},"acf":[],"_links":{"self":[{"href":"https:\/\/www.czqunfa.com\/de\/wp-json\/wp\/v2\/product\/1220","targetHints":{"allow":["GET"]}}],"collection":[{"href":"https:\/\/www.czqunfa.com\/de\/wp-json\/wp\/v2\/product"}],"about":[{"href":"https:\/\/www.czqunfa.com\/de\/wp-json\/wp\/v2\/types\/product"}],"replies":[{"embeddable":true,"href":"https:\/\/www.czqunfa.com\/de\/wp-json\/wp\/v2\/comments?post=1220"}],"wp:featuredmedia":[{"embeddable":true,"href":"https:\/\/www.czqunfa.com\/de\/wp-json\/wp\/v2\/media\/1228"}],"wp:attachment":[{"href":"https:\/\/www.czqunfa.com\/de\/wp-json\/wp\/v2\/media?parent=1220"}],"wp:term":[{"taxonomy":"product_brand","embeddable":true,"href":"https:\/\/www.czqunfa.com\/de\/wp-json\/wp\/v2\/product_brand?post=1220"},{"taxonomy":"product_cat","embeddable":true,"href":"https:\/\/www.czqunfa.com\/de\/wp-json\/wp\/v2\/product_cat?post=1220"},{"taxonomy":"product_tag","embeddable":true,"href":"https:\/\/www.czqunfa.com\/de\/wp-json\/wp\/v2\/product_tag?post=1220"}],"curies":[{"name":"wp","href":"https:\/\/api.w.org\/{rel}","templated":true}]}}