{"id":1206,"date":"2025-12-26T10:05:01","date_gmt":"2025-12-26T10:05:01","guid":{"rendered":"https:\/\/www.czqunfa.com\/?post_type=product&#038;p=1206"},"modified":"2025-12-26T10:51:05","modified_gmt":"2025-12-26T10:51:05","slug":"custom-salt-and-pepper-shakers","status":"publish","type":"product","link":"https:\/\/www.czqunfa.com\/de\/produkt\/custom-salt-and-pepper-shakers\/","title":{"rendered":"Individuell gestaltete Salz- und Pfefferstreuer, herzf\u00f6rmige Keramikdosen in Gro\u00dfpackung"},"content":{"rendered":"<div class=\"wp-block-columns is-layout-flex wp-container-core-columns-is-layout-9d6595d7 wp-block-columns-is-layout-flex\">\n<div class=\"wp-block-column is-layout-flow wp-block-column-is-layout-flow\">\n<h2 class=\"wp-block-heading\">Merkmale der Custom Salz- und Pfefferstreuer<\/h2>\n\n\n\n<ul class=\"wp-block-list\">\n<li><strong>Herzf\u00f6rmiges Design:<\/strong> Diese individuellen Salz- und Pfefferstreuer haben eine klassische Herzform mit abgerundeten, vollen Linien und einer lebendigen, reinen, hellroten Farbe. Das Design strahlt W\u00e4rme und Liebe aus und steigert die visuelle Attraktivit\u00e4t und den emotionalen Wert von Esstischen, K\u00fcchentheken oder Imbissverpackungen, wodurch sie sich besonders f\u00fcr Themenrestaurants, Caf\u00e9s, Hochzeitsgeschenke oder Weihnachtsaktionen eignen.<\/li>\n\n\n\n<li><strong>Hochwertiges Keramikmaterial:<\/strong> Diese ma\u00dfgefertigten Salz- und Pfefferstreuer sind aus Keramik mit hoher Dichte gefertigt, wodurch sie robust sind und den Temperaturschwankungen in der K\u00fcche standhalten k\u00f6nnen.<\/li>\n\n\n\n<li><strong>Effiziente und praktische W\u00fcrzfunktion:<\/strong> Diese ma\u00dfgefertigten Salz- und Pfefferstreuer sind mit einer fein strukturierten, mehrlochigen \u00d6ffnung (in der Regel eine \u00d6ffnung mit mehreren kleinen L\u00f6chern) versehen, die ein schnelles und kontrolliertes Ausgie\u00dfen von Salz, Pfeffer, Chilipulver erm\u00f6glicht und f\u00fcr schnelle kommerzielle Gerichte geeignet ist.<\/li>\n\n\n\n<li><strong>Einfache Reinigung und hygienische Wartung:<\/strong> Die Oberfl\u00e4che dieses Keramikgef\u00e4\u00dfes hat eine glatte Glasur, die \u00d6l- und Gew\u00fcrzreste nicht so leicht aufnimmt und sich daher leicht abwaschen l\u00e4sst. Das Produkt ist voll kompatibel mit gewerblichen Sp\u00fclmaschinen, erm\u00f6glicht eine effiziente und gr\u00fcndliche Reinigung und Sterilisation bei hohen Temperaturen, erf\u00fcllt die Hygienestandards f\u00fcr gewerbliche Einrichtungen und beh\u00e4lt sein makelloses Aussehen f\u00fcr lange Zeit.<\/li>\n\n\n\n<li><strong>Stabile Gro\u00dfhandelsversorgung: <\/strong>Dieses Keramikgef\u00e4\u00df eignet sich f\u00fcr Gro\u00dfeink\u00e4ufe und unterst\u00fctzt Hotels, Restaurantketten, Einrichtungsmarken, E-Commerce und Geschenkkan\u00e4le. OEM\/ODM-Anpassung Dienstleistungen sind verf\u00fcgbar, um Marke Differenzierung Bed\u00fcrfnisse zu erf\u00fcllen.<\/li>\n<\/ul>\n<\/div>\n\n\n\n<div class=\"wp-block-column is-layout-flow wp-block-column-is-layout-flow\">\n<figure class=\"wp-block-image size-full\"><img decoding=\"async\" width=\"800\" height=\"800\" src=\"https:\/\/www.czqunfa.com\/wp-content\/uploads\/2025\/12\/custom-salt-and-pepper-shakers-heart-shape-ceramic-jar-bulk-1.webp\" alt=\"custom-salt-and-pepper-shakers-heart-shape-ceramic-jar-bulk-1\" class=\"wp-image-1207\" srcset=\"https:\/\/www.czqunfa.com\/wp-content\/uploads\/2025\/12\/custom-salt-and-pepper-shakers-heart-shape-ceramic-jar-bulk-1.webp 800w, https:\/\/www.czqunfa.com\/wp-content\/uploads\/2025\/12\/custom-salt-and-pepper-shakers-heart-shape-ceramic-jar-bulk-1-300x300.webp 300w, https:\/\/www.czqunfa.com\/wp-content\/uploads\/2025\/12\/custom-salt-and-pepper-shakers-heart-shape-ceramic-jar-bulk-1-150x150.webp 150w, https:\/\/www.czqunfa.com\/wp-content\/uploads\/2025\/12\/custom-salt-and-pepper-shakers-heart-shape-ceramic-jar-bulk-1-768x768.webp 768w, https:\/\/www.czqunfa.com\/wp-content\/uploads\/2025\/12\/custom-salt-and-pepper-shakers-heart-shape-ceramic-jar-bulk-1-600x600.webp 600w, https:\/\/www.czqunfa.com\/wp-content\/uploads\/2025\/12\/custom-salt-and-pepper-shakers-heart-shape-ceramic-jar-bulk-1-100x100.webp 100w\" sizes=\"(max-width: 800px) 100vw, 800px\" \/><\/figure>\n<\/div>\n<\/div>\n\n\n\n<figure class=\"wp-block-gallery has-nested-images columns-default is-cropped wp-block-gallery-1 is-layout-flex wp-block-gallery-is-layout-flex\">\n<figure class=\"wp-block-image size-full\"><img decoding=\"async\" width=\"800\" height=\"800\" data-id=\"1208\" src=\"https:\/\/www.czqunfa.com\/wp-content\/uploads\/2025\/12\/custom-salt-and-pepper-shakers-heart-shape-ceramic-jar-bulk-2.webp\" alt=\"custom-salt-and-pepper-shakers-heart-shape-ceramic-jar-bulk-2\" class=\"wp-image-1208\" srcset=\"https:\/\/www.czqunfa.com\/wp-content\/uploads\/2025\/12\/custom-salt-and-pepper-shakers-heart-shape-ceramic-jar-bulk-2.webp 800w, https:\/\/www.czqunfa.com\/wp-content\/uploads\/2025\/12\/custom-salt-and-pepper-shakers-heart-shape-ceramic-jar-bulk-2-300x300.webp 300w, https:\/\/www.czqunfa.com\/wp-content\/uploads\/2025\/12\/custom-salt-and-pepper-shakers-heart-shape-ceramic-jar-bulk-2-150x150.webp 150w, https:\/\/www.czqunfa.com\/wp-content\/uploads\/2025\/12\/custom-salt-and-pepper-shakers-heart-shape-ceramic-jar-bulk-2-768x768.webp 768w, https:\/\/www.czqunfa.com\/wp-content\/uploads\/2025\/12\/custom-salt-and-pepper-shakers-heart-shape-ceramic-jar-bulk-2-600x600.webp 600w, https:\/\/www.czqunfa.com\/wp-content\/uploads\/2025\/12\/custom-salt-and-pepper-shakers-heart-shape-ceramic-jar-bulk-2-100x100.webp 100w\" sizes=\"(max-width: 800px) 100vw, 800px\" \/><\/figure>\n\n\n\n<figure class=\"wp-block-image size-full\"><img decoding=\"async\" width=\"800\" height=\"800\" data-id=\"1211\" src=\"https:\/\/www.czqunfa.com\/wp-content\/uploads\/2025\/12\/custom-salt-and-pepper-shakers-heart-shape-ceramic-jar-bulk-5.webp\" alt=\"custom-salt-and-pepper-shakers-heart-shape-ceramic-jar-bulk-5\" class=\"wp-image-1211\" srcset=\"https:\/\/www.czqunfa.com\/wp-content\/uploads\/2025\/12\/custom-salt-and-pepper-shakers-heart-shape-ceramic-jar-bulk-5.webp 800w, https:\/\/www.czqunfa.com\/wp-content\/uploads\/2025\/12\/custom-salt-and-pepper-shakers-heart-shape-ceramic-jar-bulk-5-300x300.webp 300w, https:\/\/www.czqunfa.com\/wp-content\/uploads\/2025\/12\/custom-salt-and-pepper-shakers-heart-shape-ceramic-jar-bulk-5-150x150.webp 150w, https:\/\/www.czqunfa.com\/wp-content\/uploads\/2025\/12\/custom-salt-and-pepper-shakers-heart-shape-ceramic-jar-bulk-5-768x768.webp 768w, https:\/\/www.czqunfa.com\/wp-content\/uploads\/2025\/12\/custom-salt-and-pepper-shakers-heart-shape-ceramic-jar-bulk-5-600x600.webp 600w, https:\/\/www.czqunfa.com\/wp-content\/uploads\/2025\/12\/custom-salt-and-pepper-shakers-heart-shape-ceramic-jar-bulk-5-100x100.webp 100w\" sizes=\"(max-width: 800px) 100vw, 800px\" \/><\/figure>\n<\/figure>\n\n\n\n<p><\/p>","protected":false},"excerpt":{"rendered":"<p>Willkommen zum Kauf unserer kundenspezifischen Salz- und Pfefferstreuer aus hochwertiger Keramik mit einer auff\u00e4lligen, leuchtend roten Herzform. Diese keramischen Gew\u00fcrzbeh\u00e4lter sind ideal f\u00fcr OEM\/ODM-Anpassungen und Gro\u00dfeink\u00e4ufe und eignen sich perfekt f\u00fcr Einzelh\u00e4ndler, K\u00fcchenartikelmarken, Hotels und Geschenkelieferanten, die haltbare, stilvolle und anpassbare K\u00fcchenaccessoires suchen.<\/p>\n<h2>Individuelle Salz- und Pfefferstreuer Parameter<\/h2>\n<table width=\"328\">\n<tbody>\n<tr>\n<td width=\"116\">Hersteller<\/td>\n<td width=\"211\">QUNFA<\/td>\n<\/tr>\n<tr>\n<td width=\"116\">Produkttyp<\/td>\n<td>S&amp;P-R\u00fcttler<\/td>\n<\/tr>\n<tr>\n<td width=\"116\">Modell-Nr.<\/td>\n<td width=\"211\">23-2306-2\u00a0<\/td>\n<\/tr>\n<tr>\n<td width=\"116\">Material<\/td>\n<td width=\"211\">Steinzeug<\/td>\n<\/tr>\n<tr>\n<td width=\"116\">Farbe<\/td>\n<td width=\"211\">Rot<\/td>\n<\/tr>\n<tr>\n<td width=\"116\">Dimension<\/td>\n<td width=\"211\">5.2\u00d73.5x5CM<\/td>\n<\/tr>\n<tr>\n<td width=\"116\">Mindestbestellmenge<\/td>\n<td width=\"211\">1000 St\u00fcck<\/td>\n<\/tr>\n<tr>\n<td width=\"116\">Kundenspezifisch<\/td>\n<td width=\"211\">Farbe\/Gr\u00f6\u00dfe\/Logo\/Verpackung\/Form<\/td>\n<\/tr>\n<\/tbody>\n<\/table>","protected":false},"featured_media":1212,"comment_status":"closed","ping_status":"closed","template":"","meta":{"_acf_changed":false},"product_brand":[],"product_cat":[37,19],"product_tag":[],"class_list":{"0":"post-1206","1":"product","2":"type-product","3":"status-publish","4":"has-post-thumbnail","6":"product_cat-seasoning-shakers-wholesale","7":"product_cat-wholesale-serveware","9":"first","10":"instock","11":"shipping-taxable","12":"product-type-simple"},"acf":[],"_links":{"self":[{"href":"https:\/\/www.czqunfa.com\/de\/wp-json\/wp\/v2\/product\/1206","targetHints":{"allow":["GET"]}}],"collection":[{"href":"https:\/\/www.czqunfa.com\/de\/wp-json\/wp\/v2\/product"}],"about":[{"href":"https:\/\/www.czqunfa.com\/de\/wp-json\/wp\/v2\/types\/product"}],"replies":[{"embeddable":true,"href":"https:\/\/www.czqunfa.com\/de\/wp-json\/wp\/v2\/comments?post=1206"}],"wp:featuredmedia":[{"embeddable":true,"href":"https:\/\/www.czqunfa.com\/de\/wp-json\/wp\/v2\/media\/1212"}],"wp:attachment":[{"href":"https:\/\/www.czqunfa.com\/de\/wp-json\/wp\/v2\/media?parent=1206"}],"wp:term":[{"taxonomy":"product_brand","embeddable":true,"href":"https:\/\/www.czqunfa.com\/de\/wp-json\/wp\/v2\/product_brand?post=1206"},{"taxonomy":"product_cat","embeddable":true,"href":"https:\/\/www.czqunfa.com\/de\/wp-json\/wp\/v2\/product_cat?post=1206"},{"taxonomy":"product_tag","embeddable":true,"href":"https:\/\/www.czqunfa.com\/de\/wp-json\/wp\/v2\/product_tag?post=1206"}],"curies":[{"name":"wp","href":"https:\/\/api.w.org\/{rel}","templated":true}]}}