{"id":1199,"date":"2025-12-26T09:18:11","date_gmt":"2025-12-26T09:18:11","guid":{"rendered":"https:\/\/www.czqunfa.com\/?post_type=product&#038;p=1199"},"modified":"2025-12-30T02:37:47","modified_gmt":"2025-12-30T02:37:47","slug":"factory-supply-utensil-holder","status":"publish","type":"product","link":"https:\/\/www.czqunfa.com\/de\/produkt\/factory-supply-utensil-holder\/","title":{"rendered":"Factory Supply Utensilienhalter, Bulk-Keramik-Glas mit St\u00e4nder"},"content":{"rendered":"<div class=\"wp-block-columns is-layout-flex wp-container-core-columns-is-layout-9d6595d7 wp-block-columns-is-layout-flex\">\n<div class=\"wp-block-column is-layout-flow wp-block-column-is-layout-flow\">\n<h2 class=\"wp-block-heading\">Eigenschaften des Factory Supply Utensilienhalters<\/h2>\n\n\n\n<ul class=\"wp-block-list\">\n<li><strong>Flamingo K\u00fcnstlerische Gestaltung: <\/strong>Diese Utensilienhalter f\u00fcr den Werksverkauf sind mit einem eleganten orange-roten Flamingo-Linienmuster versehen, einem minimalistischen und modernen Design, das die visuelle Attraktivit\u00e4t und das thematische Ambiente von K\u00fcchen, Caf\u00e9s oder Einzelhandelsr\u00e4umen aufwertet.<\/li>\n\n\n\n<li><strong>Modulares Kombinationslager-Design:<\/strong> Dieser Utensilienhalter f\u00fcr den Fabrikbedarf besteht aus einem schwarzen Metallrahmen, der drei quadratische Keramikgl\u00e4ser aufnimmt. Griffe an beiden Seiten des Rahmens erleichtern den Transport. Ideal f\u00fcr die effiziente Organisation von Werkzeugen, Geschirr oder Gew\u00fcrzen in gewerblichen R\u00e4umen.<\/li>\n\n\n\n<li><strong>Flexibilit\u00e4t f\u00fcr getrennte Nutzung: <\/strong>Diese Gro\u00dfhandels-Keramikgef\u00e4\u00dfe k\u00f6nnen einzeln aus dem Rahmen genommen und als eigenst\u00e4ndige Aufbewahrungsgef\u00e4\u00dfe, Stifthalter oder kleine Pflanzgef\u00e4\u00dfe verwendet werden. Der Rahmen kann auch unabh\u00e4ngig als Tablett oder Ablagefl\u00e4che verwendet werden, um verschiedene kommerzielle Szenarien und Display-Bed\u00fcrfnisse zu erf\u00fcllen.<\/li>\n\n\n\n<li><strong>Hochwertiges und langlebiges keramisches Material: <\/strong>Diese fabrikneuen Utensilienhalter sind aus hochwertigem keramischem Material hergestellt, haben eine starke Struktur und sind f\u00fcr eine lange Zeit geeignet.<\/li>\n\n\n\n<li><strong>Geeignet f\u00fcr Gro\u00dfhandel und Gro\u00dfeink\u00e4ufe: <\/strong>Diese Gro\u00dfhandelskeramikgl\u00e4ser haben eine einheitliche Struktur, sind leicht zu verpacken und zu transportieren und eignen sich f\u00fcr Superm\u00e4rkte, Einrichtungsketten, Restaurantanbieter und E-Commerce-Kan\u00e4le.<\/li>\n<\/ul>\n<\/div>\n\n\n\n<div class=\"wp-block-column is-layout-flow wp-block-column-is-layout-flow\">\n<figure class=\"wp-block-image size-full\"><img decoding=\"async\" width=\"800\" height=\"800\" src=\"https:\/\/www.czqunfa.com\/wp-content\/uploads\/2025\/12\/wholesale-ceramic-spice-jars-factory-supply-utensil-holder-2.webp\" alt=\"Gro\u00dfhandel-Keramik-Gew\u00fcrzdosen-Fabrikat-Beh\u00e4lter-2\" class=\"wp-image-1201\" srcset=\"https:\/\/www.czqunfa.com\/wp-content\/uploads\/2025\/12\/wholesale-ceramic-spice-jars-factory-supply-utensil-holder-2.webp 800w, https:\/\/www.czqunfa.com\/wp-content\/uploads\/2025\/12\/wholesale-ceramic-spice-jars-factory-supply-utensil-holder-2-300x300.webp 300w, https:\/\/www.czqunfa.com\/wp-content\/uploads\/2025\/12\/wholesale-ceramic-spice-jars-factory-supply-utensil-holder-2-150x150.webp 150w, https:\/\/www.czqunfa.com\/wp-content\/uploads\/2025\/12\/wholesale-ceramic-spice-jars-factory-supply-utensil-holder-2-768x768.webp 768w, https:\/\/www.czqunfa.com\/wp-content\/uploads\/2025\/12\/wholesale-ceramic-spice-jars-factory-supply-utensil-holder-2-600x600.webp 600w, https:\/\/www.czqunfa.com\/wp-content\/uploads\/2025\/12\/wholesale-ceramic-spice-jars-factory-supply-utensil-holder-2-100x100.webp 100w\" sizes=\"(max-width: 800px) 100vw, 800px\" \/><\/figure>\n<\/div>\n<\/div>\n\n\n\n<figure class=\"wp-block-gallery has-nested-images columns-default is-cropped wp-block-gallery-1 is-layout-flex wp-block-gallery-is-layout-flex\">\n<figure class=\"wp-block-image size-full\"><img decoding=\"async\" width=\"800\" height=\"800\" data-id=\"1202\" src=\"https:\/\/www.czqunfa.com\/wp-content\/uploads\/2025\/12\/wholesale-ceramic-spice-jars-factory-supply-utensil-holder-3.webp\" alt=\"gro\u00dfhandel-keramik-gew\u00fcrzdosen-lieferant-utensilien-halter-3\" class=\"wp-image-1202\" srcset=\"https:\/\/www.czqunfa.com\/wp-content\/uploads\/2025\/12\/wholesale-ceramic-spice-jars-factory-supply-utensil-holder-3.webp 800w, https:\/\/www.czqunfa.com\/wp-content\/uploads\/2025\/12\/wholesale-ceramic-spice-jars-factory-supply-utensil-holder-3-300x300.webp 300w, https:\/\/www.czqunfa.com\/wp-content\/uploads\/2025\/12\/wholesale-ceramic-spice-jars-factory-supply-utensil-holder-3-150x150.webp 150w, https:\/\/www.czqunfa.com\/wp-content\/uploads\/2025\/12\/wholesale-ceramic-spice-jars-factory-supply-utensil-holder-3-768x768.webp 768w, https:\/\/www.czqunfa.com\/wp-content\/uploads\/2025\/12\/wholesale-ceramic-spice-jars-factory-supply-utensil-holder-3-600x600.webp 600w, https:\/\/www.czqunfa.com\/wp-content\/uploads\/2025\/12\/wholesale-ceramic-spice-jars-factory-supply-utensil-holder-3-100x100.webp 100w\" sizes=\"(max-width: 800px) 100vw, 800px\" \/><\/figure>\n\n\n\n<figure class=\"wp-block-image size-full\"><img decoding=\"async\" width=\"800\" height=\"800\" data-id=\"1204\" src=\"https:\/\/www.czqunfa.com\/wp-content\/uploads\/2025\/12\/wholesale-ceramic-spice-jars-factory-supply-utensil-holder-5.webp\" alt=\"gro\u00dfhandel-keramik-gew\u00fcrzdosen-fabrik-lieferant-utensil-halter-5\" class=\"wp-image-1204\" srcset=\"https:\/\/www.czqunfa.com\/wp-content\/uploads\/2025\/12\/wholesale-ceramic-spice-jars-factory-supply-utensil-holder-5.webp 800w, https:\/\/www.czqunfa.com\/wp-content\/uploads\/2025\/12\/wholesale-ceramic-spice-jars-factory-supply-utensil-holder-5-300x300.webp 300w, https:\/\/www.czqunfa.com\/wp-content\/uploads\/2025\/12\/wholesale-ceramic-spice-jars-factory-supply-utensil-holder-5-150x150.webp 150w, https:\/\/www.czqunfa.com\/wp-content\/uploads\/2025\/12\/wholesale-ceramic-spice-jars-factory-supply-utensil-holder-5-768x768.webp 768w, https:\/\/www.czqunfa.com\/wp-content\/uploads\/2025\/12\/wholesale-ceramic-spice-jars-factory-supply-utensil-holder-5-600x600.webp 600w, https:\/\/www.czqunfa.com\/wp-content\/uploads\/2025\/12\/wholesale-ceramic-spice-jars-factory-supply-utensil-holder-5-100x100.webp 100w\" sizes=\"(max-width: 800px) 100vw, 800px\" \/><\/figure>\n<\/figure>\n\n\n\n<p><\/p>","protected":false},"excerpt":{"rendered":"<p>Willkommen zum Kauf unserer Fabrik Versorgung Utensilienhalter und einem schwarzen Metallrahmen mit Griffen. Das einzigartige Flamingo-Muster ist \u00e4sthetisch ansprechend und ein echter Blickfang. Hergestellt aus hochwertiger glasierter Keramik, ideal f\u00fcr K\u00fcchenartikelmarken, Einzelh\u00e4ndler f\u00fcr Heimdekoration und Gastgewerbeanbieter, die OEM\/ODM-Anpassung, Gro\u00dfeinkauf und unverwechselbare keramische Aufbewahrungsl\u00f6sungen f\u00fcr Einzelhandel und Gastronomie suchen.<\/p>\n<h2>Factory Supply Utensilienhalter Parameter<\/h2>\n<table border=\"0\" width=\"328\" cellspacing=\"0\" cellpadding=\"0\">\n<tbody>\n<tr>\n<td width=\"116\" height=\"17\">Hersteller<\/td>\n<td width=\"211\">QUNFA<\/td>\n<\/tr>\n<tr>\n<td width=\"116\" height=\"17\">Produkttyp<\/td>\n<td>Utensilienhalter, Aufbewahrungsgef\u00e4\u00df<\/td>\n<\/tr>\n<tr>\n<td width=\"116\" height=\"17\">Modell-Nr.<\/td>\n<td width=\"211\">T20-0063<\/td>\n<\/tr>\n<tr>\n<td width=\"116\" height=\"17\">Material<\/td>\n<td width=\"211\">Steinzeug<\/td>\n<\/tr>\n<tr>\n<td width=\"116\" height=\"17\">Farbe<\/td>\n<td width=\"211\">Wei\u00df<\/td>\n<\/tr>\n<tr>\n<td width=\"116\" height=\"31\">Dimension<\/td>\n<td width=\"211\">4\u2033 quadratischer Werkzeugebene: 10.2*10.2*13.2cm<br \/>Eisenrahmen: 38.3*11.7*15.3cm<\/td>\n<\/tr>\n<tr>\n<td width=\"116\" height=\"17\">Mindestbestellmenge<\/td>\n<td width=\"211\">1000 St\u00fcck<\/td>\n<\/tr>\n<tr>\n<td width=\"116\" height=\"17\">Kundenspezifisch<\/td>\n<td width=\"211\">Farbe\/Gr\u00f6\u00dfe\/Logo\/Verpackung\/Form<\/td>\n<\/tr>\n<\/tbody>\n<\/table>","protected":false},"featured_media":1200,"comment_status":"closed","ping_status":"closed","template":"","meta":{"_acf_changed":false},"product_brand":[],"product_cat":[21,24],"product_tag":[],"class_list":{"0":"post-1199","1":"product","2":"type-product","3":"status-publish","4":"has-post-thumbnail","6":"product_cat-ceramic-kitchenware-wholesale","7":"product_cat-utensil-holder-manufacturer","9":"first","10":"instock","11":"shipping-taxable","12":"product-type-simple"},"acf":[],"_links":{"self":[{"href":"https:\/\/www.czqunfa.com\/de\/wp-json\/wp\/v2\/product\/1199","targetHints":{"allow":["GET"]}}],"collection":[{"href":"https:\/\/www.czqunfa.com\/de\/wp-json\/wp\/v2\/product"}],"about":[{"href":"https:\/\/www.czqunfa.com\/de\/wp-json\/wp\/v2\/types\/product"}],"replies":[{"embeddable":true,"href":"https:\/\/www.czqunfa.com\/de\/wp-json\/wp\/v2\/comments?post=1199"}],"wp:featuredmedia":[{"embeddable":true,"href":"https:\/\/www.czqunfa.com\/de\/wp-json\/wp\/v2\/media\/1200"}],"wp:attachment":[{"href":"https:\/\/www.czqunfa.com\/de\/wp-json\/wp\/v2\/media?parent=1199"}],"wp:term":[{"taxonomy":"product_brand","embeddable":true,"href":"https:\/\/www.czqunfa.com\/de\/wp-json\/wp\/v2\/product_brand?post=1199"},{"taxonomy":"product_cat","embeddable":true,"href":"https:\/\/www.czqunfa.com\/de\/wp-json\/wp\/v2\/product_cat?post=1199"},{"taxonomy":"product_tag","embeddable":true,"href":"https:\/\/www.czqunfa.com\/de\/wp-json\/wp\/v2\/product_tag?post=1199"}],"curies":[{"name":"wp","href":"https:\/\/api.w.org\/{rel}","templated":true}]}}