{"id":1186,"date":"2025-12-26T08:03:58","date_gmt":"2025-12-26T08:03:58","guid":{"rendered":"https:\/\/www.czqunfa.com\/?post_type=product&#038;p=1186"},"modified":"2025-12-26T08:55:56","modified_gmt":"2025-12-26T08:55:56","slug":"ceramic-mugs-wholesale","status":"publish","type":"product","link":"https:\/\/www.czqunfa.com\/de\/produkt\/ceramic-mugs-wholesale\/","title":{"rendered":"400 ml Keramikbecher Gro\u00dfhandel, gepr\u00e4gte Keramikbecher Lieferung"},"content":{"rendered":"<div class=\"wp-block-columns is-layout-flex wp-container-core-columns-is-layout-9d6595d7 wp-block-columns-is-layout-flex\">\n<div class=\"wp-block-column is-layout-flow wp-block-column-is-layout-flow\">\n<h2 class=\"wp-block-heading\">Eigenschaften von Keramikbechern Gro\u00dfhandel<\/h2>\n\n\n\n<ul class=\"wp-block-list\">\n<li><strong>Hochwertige, langlebige Keramik: <\/strong>Diese Keramikbecher f\u00fcr den Gro\u00dfhandel werden aus hochwertigen keramischen Rohstoffen hergestellt, die eine solide Textur und eine ausgezeichnete Temperaturwechselbest\u00e4ndigkeit aufweisen. Sie halten h\u00e4ufigen Temperaturschwankungen stand, erf\u00fcllen die hohen Nutzungsanforderungen in kommerziellen Umgebungen und gew\u00e4hrleisten eine lange Lebensdauer.<\/li>\n\n\n\n<li><strong>Gepr\u00e4gtes Design: <\/strong>Diese Keramikbecher f\u00fcr den Gro\u00dfhandel weisen ein dreidimensionales Pr\u00e4gedesign auf, das zu klaren Strukturen und einer zarten Haptik f\u00fchrt. Dadurch unterscheiden sie sich von gew\u00f6hnlichen flachen Keramikbechern und eignen sich besser f\u00fcr die individuelle Gestaltung von Marken und f\u00fcr den mittleren bis gehobenen Markt.<\/li>\n\n\n\n<li><strong>Kreative zweifarbige \u00c4sthetik:<\/strong> Diese Keramikbecher f\u00fcr den Gro\u00dfhandel kombinieren einen rein wei\u00dfen K\u00f6rper mit einem bunten Innenraum (gelb\/orange\/gr\u00fcn\/rosa\/grau usw.), dessen lebendige Farbe in einem k\u00fchnen Farbblockstil hervorsticht, in einem leicht erkennbaren Serienzusammenhalt.<\/li>\n\n\n\n<li><strong>Empfehlung zum H\u00e4ndewaschen f\u00fcr eine verl\u00e4ngerte Lebenszeit:<\/strong> Der Gro\u00dfhandel empfiehlt, diese Keramiktassen von Hand zu waschen, damit die gepr\u00e4gten Details und die Glasur erhalten bleiben, was sie f\u00fcr den Boutique-Einzelhandel und den Geschenkemarkt geeignet macht.<\/li>\n\n\n\n<li><strong>Standardisierte Gr\u00f6\u00dfe und vielseitige Verwendung:<\/strong> Diese Gro\u00dfhandels-Keramikbecher haben ein einheitliches Fassungsverm\u00f6gen von 400 ml und eignen sich f\u00fcr verschiedene Hei\u00df- und Kaltgetr\u00e4nke wie Wasser, Kaffee, Milch, Tee und Saft. Sie erf\u00fcllen die unterschiedlichen Bed\u00fcrfnisse von Caf\u00e9s, Restaurants, Hotels, B\u00fcros und anderen Einrichtungen.<\/li>\n\n\n\n<li><strong>Personalisierte Anpassung m\u00f6glich:<\/strong> Diese Gro\u00dfhandels-Keramikbecher k\u00f6nnen mit gepr\u00e4gten Mustern, Logos, Farben, Glasureffekten und Verpackungsl\u00f6sungen angepasst werden, um den individuellen Bed\u00fcrfnissen von Markeninhabern, Geschenkelieferanten und Projektbeschaffern gerecht zu werden.<\/li>\n<\/ul>\n<\/div>\n\n\n\n<div class=\"wp-block-column is-layout-flow wp-block-column-is-layout-flow\">\n<figure class=\"wp-block-image size-full\"><img decoding=\"async\" width=\"1000\" height=\"1000\" src=\"https:\/\/www.czqunfa.com\/wp-content\/uploads\/2025\/12\/400ml-ceramic-mugs-wholesale-embossed-ceramic-cups-supply-11.webp\" alt=\"400ml-Keramik-Tassen-Gro\u00dfhandel-gepr\u00e4gte-Keramik-Tassen-Vorrat-11\" class=\"wp-image-1188\" srcset=\"https:\/\/www.czqunfa.com\/wp-content\/uploads\/2025\/12\/400ml-ceramic-mugs-wholesale-embossed-ceramic-cups-supply-11.webp 1000w, https:\/\/www.czqunfa.com\/wp-content\/uploads\/2025\/12\/400ml-ceramic-mugs-wholesale-embossed-ceramic-cups-supply-11-300x300.webp 300w, https:\/\/www.czqunfa.com\/wp-content\/uploads\/2025\/12\/400ml-ceramic-mugs-wholesale-embossed-ceramic-cups-supply-11-150x150.webp 150w, https:\/\/www.czqunfa.com\/wp-content\/uploads\/2025\/12\/400ml-ceramic-mugs-wholesale-embossed-ceramic-cups-supply-11-768x768.webp 768w, https:\/\/www.czqunfa.com\/wp-content\/uploads\/2025\/12\/400ml-ceramic-mugs-wholesale-embossed-ceramic-cups-supply-11-600x600.webp 600w, https:\/\/www.czqunfa.com\/wp-content\/uploads\/2025\/12\/400ml-ceramic-mugs-wholesale-embossed-ceramic-cups-supply-11-100x100.webp 100w\" sizes=\"(max-width: 1000px) 100vw, 1000px\" \/><\/figure>\n<\/div>\n<\/div>\n\n\n\n<figure class=\"wp-block-gallery has-nested-images columns-default is-cropped wp-block-gallery-1 is-layout-flex wp-block-gallery-is-layout-flex\">\n<figure class=\"wp-block-image size-full\"><img decoding=\"async\" width=\"1000\" height=\"1000\" data-id=\"1189\" src=\"https:\/\/www.czqunfa.com\/wp-content\/uploads\/2025\/12\/400ml-ceramic-mugs-wholesale-embossed-ceramic-cups-supply-12.webp\" alt=\"400ml-Keramik-Tassen-Gro\u00dfhandel-gepr\u00e4gte-Keramik-Tassen-Vorrat-12\" class=\"wp-image-1189\" srcset=\"https:\/\/www.czqunfa.com\/wp-content\/uploads\/2025\/12\/400ml-ceramic-mugs-wholesale-embossed-ceramic-cups-supply-12.webp 1000w, https:\/\/www.czqunfa.com\/wp-content\/uploads\/2025\/12\/400ml-ceramic-mugs-wholesale-embossed-ceramic-cups-supply-12-300x300.webp 300w, https:\/\/www.czqunfa.com\/wp-content\/uploads\/2025\/12\/400ml-ceramic-mugs-wholesale-embossed-ceramic-cups-supply-12-150x150.webp 150w, https:\/\/www.czqunfa.com\/wp-content\/uploads\/2025\/12\/400ml-ceramic-mugs-wholesale-embossed-ceramic-cups-supply-12-768x768.webp 768w, https:\/\/www.czqunfa.com\/wp-content\/uploads\/2025\/12\/400ml-ceramic-mugs-wholesale-embossed-ceramic-cups-supply-12-600x600.webp 600w, https:\/\/www.czqunfa.com\/wp-content\/uploads\/2025\/12\/400ml-ceramic-mugs-wholesale-embossed-ceramic-cups-supply-12-100x100.webp 100w\" sizes=\"(max-width: 1000px) 100vw, 1000px\" \/><\/figure>\n\n\n\n<figure class=\"wp-block-image size-full\"><img decoding=\"async\" width=\"1000\" height=\"1000\" data-id=\"1190\" src=\"https:\/\/www.czqunfa.com\/wp-content\/uploads\/2025\/12\/400ml-ceramic-mugs-wholesale-embossed-ceramic-cups-supply-13.webp\" alt=\"400ml-Keramik-Tassen-Gro\u00dfhandel-gepr\u00e4gte-Keramik-Tassen-Vorrat-13\" class=\"wp-image-1190\" srcset=\"https:\/\/www.czqunfa.com\/wp-content\/uploads\/2025\/12\/400ml-ceramic-mugs-wholesale-embossed-ceramic-cups-supply-13.webp 1000w, https:\/\/www.czqunfa.com\/wp-content\/uploads\/2025\/12\/400ml-ceramic-mugs-wholesale-embossed-ceramic-cups-supply-13-300x300.webp 300w, https:\/\/www.czqunfa.com\/wp-content\/uploads\/2025\/12\/400ml-ceramic-mugs-wholesale-embossed-ceramic-cups-supply-13-150x150.webp 150w, https:\/\/www.czqunfa.com\/wp-content\/uploads\/2025\/12\/400ml-ceramic-mugs-wholesale-embossed-ceramic-cups-supply-13-768x768.webp 768w, https:\/\/www.czqunfa.com\/wp-content\/uploads\/2025\/12\/400ml-ceramic-mugs-wholesale-embossed-ceramic-cups-supply-13-600x600.webp 600w, https:\/\/www.czqunfa.com\/wp-content\/uploads\/2025\/12\/400ml-ceramic-mugs-wholesale-embossed-ceramic-cups-supply-13-100x100.webp 100w\" sizes=\"(max-width: 1000px) 100vw, 1000px\" \/><\/figure>\n<\/figure>\n\n\n\n<p><\/p>","protected":false},"excerpt":{"rendered":"<p>Willkommen zum Kauf dieser 400ml Keramikbecher Gro\u00dfhandel mit einem gepr\u00e4gten Design, aus strapazierf\u00e4higem Steingut f\u00fcr den langfristigen Einsatz gemacht. Diese umweltfreundlichen Keramikbecher unterst\u00fctzen OEM\/ODM-Anpassung, einschlie\u00dflich Logo, Muster, Farbe und Verpackung, so dass sie ideal f\u00fcr Hotels, Caf\u00e9s, Firmengeschenke und Einzelhandelsmarken. Ein zuverl\u00e4ssiger Anbieter von gepr\u00e4gten Keramikbechern f\u00fcr Gro\u00dfbestellungen und Eigenmarkenprojekte.<\/p>\n<h2>Keramikbecher Gro\u00dfhandel Parameter<\/h2>\n<table border=\"0\" width=\"328\" cellspacing=\"0\" cellpadding=\"0\">\n<tbody>\n<tr>\n<td width=\"116\" height=\"17\">Hersteller<\/td>\n<td width=\"211\">QUNFA<\/td>\n<\/tr>\n<tr>\n<td width=\"116\" height=\"17\">Produkttyp<\/td>\n<td>Tasse &amp; Becher<\/td>\n<\/tr>\n<tr>\n<td width=\"116\" height=\"17\">Modell-Nr.<\/td>\n<td width=\"211\">QF22-117<\/td>\n<\/tr>\n<tr>\n<td width=\"116\" height=\"17\">Material<\/td>\n<td width=\"211\">Steinzeug<\/td>\n<\/tr>\n<tr>\n<td width=\"116\" height=\"76\">Farbe<\/td>\n<td width=\"211\">Rosa innen und wei\u00df au\u00dfen, gr\u00fcn innen und wei\u00df au\u00dfen, blau innen und wei\u00df au\u00dfen, orange innen und wei\u00df au\u00dfen, grau innen und wei\u00df au\u00dfen, gelb innen und wei\u00df au\u00dfen<\/td>\n<\/tr>\n<tr>\n<td width=\"116\" height=\"16\">Dimension<\/td>\n<td width=\"211\">13,7*9,6*11,5CM<\/td>\n<\/tr>\n<tr>\n<td width=\"116\" height=\"17\">Mindestbestellmenge<\/td>\n<td width=\"211\">1000 St\u00fcck<\/td>\n<\/tr>\n<tr>\n<td width=\"116\" height=\"17\">Kundenspezifisch<\/td>\n<td width=\"211\">Farbe\/Gr\u00f6\u00dfe\/Logo\/Verpackung\/Form<\/td>\n<\/tr>\n<\/tbody>\n<\/table>","protected":false},"featured_media":1192,"comment_status":"closed","ping_status":"closed","template":"","meta":{"_acf_changed":false},"product_brand":[],"product_cat":[18,44],"product_tag":[],"class_list":{"0":"post-1186","1":"product","2":"type-product","3":"status-publish","4":"has-post-thumbnail","6":"product_cat-drinkware-supplier","7":"product_cat-wholesale-cups-and-mugs","9":"first","10":"instock","11":"shipping-taxable","12":"product-type-simple"},"acf":[],"_links":{"self":[{"href":"https:\/\/www.czqunfa.com\/de\/wp-json\/wp\/v2\/product\/1186","targetHints":{"allow":["GET"]}}],"collection":[{"href":"https:\/\/www.czqunfa.com\/de\/wp-json\/wp\/v2\/product"}],"about":[{"href":"https:\/\/www.czqunfa.com\/de\/wp-json\/wp\/v2\/types\/product"}],"replies":[{"embeddable":true,"href":"https:\/\/www.czqunfa.com\/de\/wp-json\/wp\/v2\/comments?post=1186"}],"wp:featuredmedia":[{"embeddable":true,"href":"https:\/\/www.czqunfa.com\/de\/wp-json\/wp\/v2\/media\/1192"}],"wp:attachment":[{"href":"https:\/\/www.czqunfa.com\/de\/wp-json\/wp\/v2\/media?parent=1186"}],"wp:term":[{"taxonomy":"product_brand","embeddable":true,"href":"https:\/\/www.czqunfa.com\/de\/wp-json\/wp\/v2\/product_brand?post=1186"},{"taxonomy":"product_cat","embeddable":true,"href":"https:\/\/www.czqunfa.com\/de\/wp-json\/wp\/v2\/product_cat?post=1186"},{"taxonomy":"product_tag","embeddable":true,"href":"https:\/\/www.czqunfa.com\/de\/wp-json\/wp\/v2\/product_tag?post=1186"}],"curies":[{"name":"wp","href":"https:\/\/api.w.org\/{rel}","templated":true}]}}