{"id":1176,"date":"2025-12-26T07:32:23","date_gmt":"2025-12-26T07:32:23","guid":{"rendered":"https:\/\/www.czqunfa.com\/?post_type=product&#038;p=1176"},"modified":"2025-12-27T02:39:21","modified_gmt":"2025-12-27T02:39:21","slug":"wholesale-ceramic-dinnerware","status":"publish","type":"product","link":"https:\/\/www.czqunfa.com\/de\/produkt\/wholesale-ceramic-dinnerware\/","title":{"rendered":"Gro\u00dfhandel Keramikgeschirr, individuell gestaltete Tischgeschirre"},"content":{"rendered":"<div class=\"wp-block-columns is-layout-flex wp-container-core-columns-is-layout-9d6595d7 wp-block-columns-is-layout-flex\">\n<div class=\"wp-block-column is-layout-flow wp-block-column-is-layout-flow\">\n<h2 class=\"wp-block-heading\">Eigenschaften von Keramikgeschirr f\u00fcr den Gro\u00dfhandel<\/h2>\n\n\n\n<ul class=\"wp-block-list\">\n<li><strong>T\u00fcrkischer k\u00fcnstlerischer Stil:<\/strong> Inspiriert von der traditionellen t\u00fcrkischen Keramikkunst ist dieses Gro\u00dfhandelskeramikgeschirr mit einer einzigartigen Farbpalette aus Blau, Wei\u00df, Rot und Gelb emailliert. Die Entw\u00fcrfe zeigen zarte Blumen, geometrische und nat\u00fcrliche Elemente (Zweige, Bl\u00e4tter und Berge). Der volle, einzigartige Look erhellt wirklich das kulturelle Gef\u00fchl und Aussehen des Esszimmers.<\/li>\n\n\n\n<li><strong>Komplette Commercial Suite:<\/strong> Dieses Gro\u00dfhandels-Keramikgeschirr umfasst Dessertteller von 5,6 Zoll bis zu Suppen- und Salatsch\u00fcsseln von 7,5 Zoll. Eine einzige Produktlinie deckt alle Ihre Bed\u00fcrfnisse f\u00fcr die Pr\u00e4sentation Ihrer Vorspeisen, Hauptgerichte, Suppen, Getr\u00e4nke und Desserts ab und erm\u00f6glicht Restaurants und Hotels den Kauf und die Koordination des Stils in einem Zug.<\/li>\n\n\n\n<li><strong>Hochwertiges und langlebiges keramisches Material: <\/strong>Dieses Gro\u00dfhandelskeramikgeschirr aus hochverdichteter Keramik ist robust und resistent gegen Temperaturschocks, so dass es sich f\u00fcr den h\u00e4ufigen Gebrauch und die Temperaturschwankungen in Gro\u00dfk\u00fcchen eignet und eine lange Lebensdauer gew\u00e4hrleistet.<\/li>\n\n\n\n<li><strong>\u00dcberlegene, leicht zu reinigende Leistung:<\/strong> Die glatte, fleckenunempfindliche Glasur dieser individuellen Geschirroberfl\u00e4chen erm\u00f6glicht ein einfaches Abwaschen per Hand und ist f\u00fcr eine effiziente Reinigung und Desinfektion voll sp\u00fclmaschinengeeignet. Niedrige Wartungskosten sorgen daf\u00fcr, dass das Geschirr lange Zeit hell und neu bleibt.<\/li>\n\n\n\n<li><strong>Vollst\u00e4ndig anpassbare Muster und Gr\u00f6\u00dfen:<\/strong> Mit diesem individuellen Geschirr k\u00f6nnen B2B-Kunden die Muster und Farbkombinationen ihres Geschirrs entsprechend ihrer Markenpositionierung personalisieren. Bei einigen Produkten sind auch Gr\u00f6\u00dfenanpassungen m\u00f6glich, wodurch sie sich ideal f\u00fcr die Schaffung eines einzigartigen Markenimages, thematisch gestaltete Hotelzimmer oder Spezialit\u00e4tenrestaurants eignen.<\/li>\n<\/ul>\n<\/div>\n\n\n\n<div class=\"wp-block-column is-layout-flow wp-block-column-is-layout-flow\">\n<figure class=\"wp-block-image size-full\"><img decoding=\"async\" width=\"800\" height=\"800\" src=\"https:\/\/www.czqunfa.com\/wp-content\/uploads\/2025\/12\/turkish-style-wholesale-ceramic-dinnerware-custom-pattern-tableware-3.webp\" alt=\"t\u00fcrkisches-gro\u00dfhandel-keramik-geschirr-mit-muster-geschirr-3\" class=\"wp-image-1180\" srcset=\"https:\/\/www.czqunfa.com\/wp-content\/uploads\/2025\/12\/turkish-style-wholesale-ceramic-dinnerware-custom-pattern-tableware-3.webp 800w, https:\/\/www.czqunfa.com\/wp-content\/uploads\/2025\/12\/turkish-style-wholesale-ceramic-dinnerware-custom-pattern-tableware-3-300x300.webp 300w, https:\/\/www.czqunfa.com\/wp-content\/uploads\/2025\/12\/turkish-style-wholesale-ceramic-dinnerware-custom-pattern-tableware-3-150x150.webp 150w, https:\/\/www.czqunfa.com\/wp-content\/uploads\/2025\/12\/turkish-style-wholesale-ceramic-dinnerware-custom-pattern-tableware-3-768x768.webp 768w, https:\/\/www.czqunfa.com\/wp-content\/uploads\/2025\/12\/turkish-style-wholesale-ceramic-dinnerware-custom-pattern-tableware-3-600x600.webp 600w, https:\/\/www.czqunfa.com\/wp-content\/uploads\/2025\/12\/turkish-style-wholesale-ceramic-dinnerware-custom-pattern-tableware-3-100x100.webp 100w\" sizes=\"(max-width: 800px) 100vw, 800px\" \/><\/figure>\n<\/div>\n<\/div>\n\n\n\n<figure class=\"wp-block-gallery has-nested-images columns-default is-cropped wp-block-gallery-1 is-layout-flex wp-block-gallery-is-layout-flex\">\n<figure class=\"wp-block-image size-full\"><img decoding=\"async\" width=\"800\" height=\"800\" data-id=\"1179\" src=\"https:\/\/www.czqunfa.com\/wp-content\/uploads\/2025\/12\/turkish-style-wholesale-ceramic-dinnerware-custom-pattern-tableware-2.webp\" alt=\"t\u00fcrkisches-gro\u00dfhandel-keramik-geschirr-mit-mustern-geschirr-2\" class=\"wp-image-1179\" srcset=\"https:\/\/www.czqunfa.com\/wp-content\/uploads\/2025\/12\/turkish-style-wholesale-ceramic-dinnerware-custom-pattern-tableware-2.webp 800w, https:\/\/www.czqunfa.com\/wp-content\/uploads\/2025\/12\/turkish-style-wholesale-ceramic-dinnerware-custom-pattern-tableware-2-300x300.webp 300w, https:\/\/www.czqunfa.com\/wp-content\/uploads\/2025\/12\/turkish-style-wholesale-ceramic-dinnerware-custom-pattern-tableware-2-150x150.webp 150w, https:\/\/www.czqunfa.com\/wp-content\/uploads\/2025\/12\/turkish-style-wholesale-ceramic-dinnerware-custom-pattern-tableware-2-768x768.webp 768w, https:\/\/www.czqunfa.com\/wp-content\/uploads\/2025\/12\/turkish-style-wholesale-ceramic-dinnerware-custom-pattern-tableware-2-600x600.webp 600w, https:\/\/www.czqunfa.com\/wp-content\/uploads\/2025\/12\/turkish-style-wholesale-ceramic-dinnerware-custom-pattern-tableware-2-100x100.webp 100w\" sizes=\"(max-width: 800px) 100vw, 800px\" \/><\/figure>\n\n\n\n<figure class=\"wp-block-image size-full\"><img decoding=\"async\" width=\"800\" height=\"800\" data-id=\"1181\" src=\"https:\/\/www.czqunfa.com\/wp-content\/uploads\/2025\/12\/turkish-style-wholesale-ceramic-dinnerware-custom-pattern-tableware-4.webp\" alt=\"t\u00fcrkisches-gro\u00dfhandel-keramik-geschirr-mit-mustern-geschirr-4\" class=\"wp-image-1181\" srcset=\"https:\/\/www.czqunfa.com\/wp-content\/uploads\/2025\/12\/turkish-style-wholesale-ceramic-dinnerware-custom-pattern-tableware-4.webp 800w, https:\/\/www.czqunfa.com\/wp-content\/uploads\/2025\/12\/turkish-style-wholesale-ceramic-dinnerware-custom-pattern-tableware-4-300x300.webp 300w, https:\/\/www.czqunfa.com\/wp-content\/uploads\/2025\/12\/turkish-style-wholesale-ceramic-dinnerware-custom-pattern-tableware-4-150x150.webp 150w, https:\/\/www.czqunfa.com\/wp-content\/uploads\/2025\/12\/turkish-style-wholesale-ceramic-dinnerware-custom-pattern-tableware-4-768x768.webp 768w, https:\/\/www.czqunfa.com\/wp-content\/uploads\/2025\/12\/turkish-style-wholesale-ceramic-dinnerware-custom-pattern-tableware-4-600x600.webp 600w, https:\/\/www.czqunfa.com\/wp-content\/uploads\/2025\/12\/turkish-style-wholesale-ceramic-dinnerware-custom-pattern-tableware-4-100x100.webp 100w\" sizes=\"(max-width: 800px) 100vw, 800px\" \/><\/figure>\n<\/figure>\n\n\n\n<p><\/p>","protected":false},"excerpt":{"rendered":"<p>Willkommen zum Kauf dieses t\u00fcrkischen Keramikgeschirrs im Gro\u00dfhandel mit reichhaltigen traditionellen Mustern und anpassbaren Designs. Hergestellt aus langlebiger, hochgebrannter Keramik, unterst\u00fctzt dieses Mustergeschirr OEM\/ODM-Dienstleistungen einschlie\u00dflich kundenspezifischer Farben, Motive und Logodruck. Ideal f\u00fcr Importeure, Marken, Hotels, Restaurants und Einzelh\u00e4ndler, die unverwechselbares, hochwertiges Keramikgeschirr f\u00fcr den Gro\u00dfhandel suchen.<\/p>\n<h2>Gro\u00dfhandel Keramikgeschirr Parameter<\/h2>\n<table width=\"328\">\n<tbody>\n<tr>\n<td width=\"116\">Hersteller<\/td>\n<td width=\"211\">QUNFA<\/td>\n<\/tr>\n<tr>\n<td width=\"116\">Produkttyp<\/td>\n<td>Geschirrset<\/td>\n<\/tr>\n<tr>\n<td width=\"116\">Modell-Nr.<\/td>\n<td width=\"211\">2433BL<\/td>\n<\/tr>\n<tr>\n<td width=\"116\">Material<\/td>\n<td width=\"211\">Steinzeug<\/td>\n<\/tr>\n<tr>\n<td width=\"116\">Farbe<\/td>\n<td width=\"211\">Blau<\/td>\n<\/tr>\n<tr>\n<td width=\"116\">Dimension<\/td>\n<td width=\"211\">\u00a08\u201dplate:20.3*20.3*1.9cm<br \/>10.5\u201cplate:26.7*26.7*3.5cm<br \/>7.5\u201d Runde Schale:19.1*19.1*4.8cm<br \/>14oz Becher:12.7*9.8*9cm<br \/>5.6\u201dRound plate:14.3*14.3*6.7cm<\/td>\n<\/tr>\n<tr>\n<td width=\"116\">Mindestbestellmenge<\/td>\n<td width=\"211\">1000 St\u00fcck<\/td>\n<\/tr>\n<tr>\n<td width=\"116\">Kundenspezifisch<\/td>\n<td width=\"211\">Farbe\/Gr\u00f6\u00dfe\/Logo\/Verpackung\/Form<\/td>\n<\/tr>\n<\/tbody>\n<\/table>","protected":false},"featured_media":1182,"comment_status":"closed","ping_status":"closed","template":"","meta":{"_acf_changed":false},"product_brand":[],"product_cat":[20,25],"product_tag":[],"class_list":{"0":"post-1176","1":"product","2":"type-product","3":"status-publish","4":"has-post-thumbnail","6":"product_cat-dinnerware-supplier","7":"product_cat-dinner-set-supplier","9":"first","10":"instock","11":"shipping-taxable","12":"product-type-simple"},"acf":[],"_links":{"self":[{"href":"https:\/\/www.czqunfa.com\/de\/wp-json\/wp\/v2\/product\/1176","targetHints":{"allow":["GET"]}}],"collection":[{"href":"https:\/\/www.czqunfa.com\/de\/wp-json\/wp\/v2\/product"}],"about":[{"href":"https:\/\/www.czqunfa.com\/de\/wp-json\/wp\/v2\/types\/product"}],"replies":[{"embeddable":true,"href":"https:\/\/www.czqunfa.com\/de\/wp-json\/wp\/v2\/comments?post=1176"}],"wp:featuredmedia":[{"embeddable":true,"href":"https:\/\/www.czqunfa.com\/de\/wp-json\/wp\/v2\/media\/1182"}],"wp:attachment":[{"href":"https:\/\/www.czqunfa.com\/de\/wp-json\/wp\/v2\/media?parent=1176"}],"wp:term":[{"taxonomy":"product_brand","embeddable":true,"href":"https:\/\/www.czqunfa.com\/de\/wp-json\/wp\/v2\/product_brand?post=1176"},{"taxonomy":"product_cat","embeddable":true,"href":"https:\/\/www.czqunfa.com\/de\/wp-json\/wp\/v2\/product_cat?post=1176"},{"taxonomy":"product_tag","embeddable":true,"href":"https:\/\/www.czqunfa.com\/de\/wp-json\/wp\/v2\/product_tag?post=1176"}],"curies":[{"name":"wp","href":"https:\/\/api.w.org\/{rel}","templated":true}]}}