{"id":1159,"date":"2025-12-26T06:37:10","date_gmt":"2025-12-26T06:37:10","guid":{"rendered":"https:\/\/www.czqunfa.com\/?post_type=product&#038;p=1159"},"modified":"2025-12-26T07:09:51","modified_gmt":"2025-12-26T07:09:51","slug":"wholesale-pet-bowls","status":"publish","type":"product","link":"https:\/\/www.czqunfa.com\/de\/produkt\/wholesale-pet-bowls\/","title":{"rendered":"Gro\u00dfhandel Haustier Schalen, Bulk-Keramik-Hundenapf mit Eisen Unterst\u00fctzung"},"content":{"rendered":"<div class=\"wp-block-columns is-layout-flex wp-container-core-columns-is-layout-9d6595d7 wp-block-columns-is-layout-flex\">\n<div class=\"wp-block-column is-layout-flow wp-block-column-is-layout-flow\">\n<h2 class=\"wp-block-heading\">Eigenschaften von Gro\u00dfhandel Haustier Schalen<\/h2>\n\n\n\n<ul class=\"wp-block-list\">\n<li><strong>Hochwertige, lebensmittelechte Keramikschalen: <\/strong>Diese Gro\u00dfhandels-Tiern\u00e4pfe sind aus sorgf\u00e4ltig ausgew\u00e4hlter Premium-Keramik gefertigt, dicht und robust mit einer glatten Oberfl\u00e4che, die eine ausgezeichnete Hitze- und K\u00e4ltebest\u00e4ndigkeit bietet und sicher, geruchlos und langlebig ist.<\/li>\n\n\n\n<li><strong>Gesundes Hebefutterdesign:<\/strong> Diese Gro\u00dfhandelstiern\u00e4pfe sind mit einem stabilen schwarzen Eisenbogen ausgestattet, der den Napf auf eine geeignete H\u00f6he (ca. 9 cm) anhebt und den Tieren hilft, beim Fressen eine nat\u00fcrliche Haltung der Wirbels\u00e4ule beizubehalten, die Verdauung zu f\u00f6rdern und den Nacken zu entlasten.<\/li>\n\n\n\n<li><strong>Funktionale Unterteilungen und intelligente Eingabeaufforderungen: <\/strong>Diese Gro\u00dfhandelssch\u00fcsseln f\u00fcr Haustiere verf\u00fcgen \u00fcber ein Design mit zwei Schalen, das klar zwischen den Funktionen \u201cTrinken\u201d und \u201cDurstig\u201d unterscheidet. Die Schalen sind au\u00dferdem mit auff\u00e4lligen Pfotenabdr\u00fccken versehen, um Haustiere zu leiten und Spa\u00df zu machen.<\/li>\n\n\n\n<li><strong>Stabiles, sicheres und rutschfestes Design:<\/strong> Diese massiven Keramik-Hunden\u00e4pfe haben einen stabilen, rutschfesten und strapazierf\u00e4higen Eisentr\u00e4ger. Der flache Boden des Keramiknapfes sorgt f\u00fcr Stabilit\u00e4t und verhindert das Umkippen, w\u00e4hrend das Tier frisst.<\/li>\n\n\n\n<li><strong>Gro\u00dfe Kapazit\u00e4t: <\/strong>Diese gro\u00dfen Keramik-Hunden\u00e4pfe haben ein Fassungsverm\u00f6gen von 1000 ml und decken den t\u00e4glichen Bedarf von Mehrtierhaushalten, Zoohandlungen, Tierhotels und anderen gewerblichen Einrichtungen, die mittelgro\u00dfe bis gro\u00dfe Hunde oder Katzen versorgen.<\/li>\n<\/ul>\n<\/div>\n\n\n\n<div class=\"wp-block-column is-layout-flow wp-block-column-is-layout-flow\">\n<figure class=\"wp-block-image size-full\"><img decoding=\"async\" width=\"960\" height=\"960\" src=\"https:\/\/www.czqunfa.com\/wp-content\/uploads\/2025\/12\/wholesale-pet-bowls-bulk-ceramic-dog-bowls-with-iron-arched-support-2.webp\" alt=\"Gro\u00dfhandel-Haustier-Schalen-Masse-Keramik-Hunde-Schalen-mit-Eisen-gew\u00f6lbtem-Tr\u00e4ger-2\" class=\"wp-image-1161\" srcset=\"https:\/\/www.czqunfa.com\/wp-content\/uploads\/2025\/12\/wholesale-pet-bowls-bulk-ceramic-dog-bowls-with-iron-arched-support-2.webp 960w, https:\/\/www.czqunfa.com\/wp-content\/uploads\/2025\/12\/wholesale-pet-bowls-bulk-ceramic-dog-bowls-with-iron-arched-support-2-300x300.webp 300w, https:\/\/www.czqunfa.com\/wp-content\/uploads\/2025\/12\/wholesale-pet-bowls-bulk-ceramic-dog-bowls-with-iron-arched-support-2-150x150.webp 150w, https:\/\/www.czqunfa.com\/wp-content\/uploads\/2025\/12\/wholesale-pet-bowls-bulk-ceramic-dog-bowls-with-iron-arched-support-2-768x768.webp 768w, https:\/\/www.czqunfa.com\/wp-content\/uploads\/2025\/12\/wholesale-pet-bowls-bulk-ceramic-dog-bowls-with-iron-arched-support-2-600x600.webp 600w, https:\/\/www.czqunfa.com\/wp-content\/uploads\/2025\/12\/wholesale-pet-bowls-bulk-ceramic-dog-bowls-with-iron-arched-support-2-100x100.webp 100w\" sizes=\"(max-width: 960px) 100vw, 960px\" \/><\/figure>\n<\/div>\n<\/div>\n\n\n\n<figure class=\"wp-block-gallery has-nested-images columns-default is-cropped wp-block-gallery-1 is-layout-flex wp-block-gallery-is-layout-flex\">\n<figure class=\"wp-block-image size-full\"><img decoding=\"async\" width=\"960\" height=\"960\" data-id=\"1162\" src=\"https:\/\/www.czqunfa.com\/wp-content\/uploads\/2025\/12\/wholesale-pet-bowls-bulk-ceramic-dog-bowls-with-iron-arched-support-3.webp\" alt=\"Gro\u00dfhandel-Haustier-Schalen-Masse-Keramik-Hunde-Schalen-mit-Eisen-gew\u00f6lbtem-Tr\u00e4ger-3\" class=\"wp-image-1162\" srcset=\"https:\/\/www.czqunfa.com\/wp-content\/uploads\/2025\/12\/wholesale-pet-bowls-bulk-ceramic-dog-bowls-with-iron-arched-support-3.webp 960w, https:\/\/www.czqunfa.com\/wp-content\/uploads\/2025\/12\/wholesale-pet-bowls-bulk-ceramic-dog-bowls-with-iron-arched-support-3-300x300.webp 300w, https:\/\/www.czqunfa.com\/wp-content\/uploads\/2025\/12\/wholesale-pet-bowls-bulk-ceramic-dog-bowls-with-iron-arched-support-3-150x150.webp 150w, https:\/\/www.czqunfa.com\/wp-content\/uploads\/2025\/12\/wholesale-pet-bowls-bulk-ceramic-dog-bowls-with-iron-arched-support-3-768x768.webp 768w, https:\/\/www.czqunfa.com\/wp-content\/uploads\/2025\/12\/wholesale-pet-bowls-bulk-ceramic-dog-bowls-with-iron-arched-support-3-600x600.webp 600w, https:\/\/www.czqunfa.com\/wp-content\/uploads\/2025\/12\/wholesale-pet-bowls-bulk-ceramic-dog-bowls-with-iron-arched-support-3-100x100.webp 100w\" sizes=\"(max-width: 960px) 100vw, 960px\" \/><\/figure>\n\n\n\n<figure class=\"wp-block-image size-full\"><img decoding=\"async\" width=\"960\" height=\"960\" data-id=\"1163\" src=\"https:\/\/www.czqunfa.com\/wp-content\/uploads\/2025\/12\/wholesale-pet-bowls-bulk-ceramic-dog-bowls-with-iron-arched-support-4.webp\" alt=\"Gro\u00dfhandel-Haustier-Schalen-Masse-Keramik-Hunde-Schalen-mit-Eisen-gew\u00f6lbtem-Tr\u00e4ger-4\" class=\"wp-image-1163\" srcset=\"https:\/\/www.czqunfa.com\/wp-content\/uploads\/2025\/12\/wholesale-pet-bowls-bulk-ceramic-dog-bowls-with-iron-arched-support-4.webp 960w, https:\/\/www.czqunfa.com\/wp-content\/uploads\/2025\/12\/wholesale-pet-bowls-bulk-ceramic-dog-bowls-with-iron-arched-support-4-300x300.webp 300w, https:\/\/www.czqunfa.com\/wp-content\/uploads\/2025\/12\/wholesale-pet-bowls-bulk-ceramic-dog-bowls-with-iron-arched-support-4-150x150.webp 150w, https:\/\/www.czqunfa.com\/wp-content\/uploads\/2025\/12\/wholesale-pet-bowls-bulk-ceramic-dog-bowls-with-iron-arched-support-4-768x768.webp 768w, https:\/\/www.czqunfa.com\/wp-content\/uploads\/2025\/12\/wholesale-pet-bowls-bulk-ceramic-dog-bowls-with-iron-arched-support-4-600x600.webp 600w, https:\/\/www.czqunfa.com\/wp-content\/uploads\/2025\/12\/wholesale-pet-bowls-bulk-ceramic-dog-bowls-with-iron-arched-support-4-100x100.webp 100w\" sizes=\"(max-width: 960px) 100vw, 960px\" \/><\/figure>\n<\/figure>\n\n\n\n<p><\/p>","protected":false},"excerpt":{"rendered":"<p>Willkommen zum Kauf dieser Gro\u00dfhandel Haustier Schalen mit Eisen gew\u00f6lbt Unterst\u00fctzung, perfekt f\u00fcr den langfristigen Einsatz, stabil, und erh\u00f6hte F\u00fctterung. Diese Bulk-Keramik-Hundenapf hat eine keramische Sch\u00fcssel, die abnehmbar ist und ein Eisen-St\u00e4nder, der stark ist, kann auf verschiedene F\u00fctterungssituationen anpassen, perfekt f\u00fcr Haustier Marken, Distributoren und Einzelh\u00e4ndler im Gro\u00dfhandel, die Kunden mit hochwertigen, anpassbare F\u00fctterungsl\u00f6sungen bieten wollen.<\/p>\n<h2>Gro\u00dfhandel Haustier Schalen Parameter<\/h2>\n<table border=\"0\" width=\"328\" cellspacing=\"0\" cellpadding=\"0\">\n<tbody>\n<tr>\n<td width=\"116\" height=\"17\">Hersteller<\/td>\n<td width=\"211\">QUNFA<\/td>\n<\/tr>\n<tr>\n<td width=\"116\" height=\"17\">Produkttyp<\/td>\n<td>Erh\u00f6hte N\u00e4pfe f\u00fcr Haustiere, Doppeln\u00e4pfe f\u00fcr Haustiere<\/td>\n<\/tr>\n<tr>\n<td width=\"116\" height=\"17\">Modell-Nr.<\/td>\n<td width=\"211\">QF22CW-25<\/td>\n<\/tr>\n<tr>\n<td width=\"116\" height=\"17\">Material<\/td>\n<td width=\"211\">Steinzeug<\/td>\n<\/tr>\n<tr>\n<td width=\"116\" height=\"17\">Farbe<\/td>\n<td width=\"211\">Wei\u00df<\/td>\n<\/tr>\n<tr>\n<td width=\"116\" height=\"31\">Dimension<\/td>\n<td width=\"211\">Schale:15.5*15.5*6.5CM<br \/>Eisenst\u00e4nder:34.3*16*9CM<\/td>\n<\/tr>\n<tr>\n<td width=\"116\" height=\"17\">Mindestbestellmenge<\/td>\n<td width=\"211\">1000 St\u00fcck<\/td>\n<\/tr>\n<tr>\n<td width=\"116\" height=\"17\">Kundenspezifisch<\/td>\n<td width=\"211\">Farbe\/Gr\u00f6\u00dfe\/Logo\/Verpackung\/Form<\/td>\n<\/tr>\n<\/tbody>\n<\/table>","protected":false},"featured_media":1165,"comment_status":"closed","ping_status":"closed","template":"","meta":{"_acf_changed":false},"product_brand":[],"product_cat":[16,52,51],"product_tag":[],"class_list":{"0":"post-1159","1":"product","2":"type-product","3":"status-publish","4":"has-post-thumbnail","6":"product_cat-pet-bowl-manufacturer","7":"product_cat-double-pet-bowl-factory","8":"product_cat-raised-pet-bowls-wholesale","10":"first","11":"instock","12":"shipping-taxable","13":"product-type-simple"},"acf":[],"_links":{"self":[{"href":"https:\/\/www.czqunfa.com\/de\/wp-json\/wp\/v2\/product\/1159","targetHints":{"allow":["GET"]}}],"collection":[{"href":"https:\/\/www.czqunfa.com\/de\/wp-json\/wp\/v2\/product"}],"about":[{"href":"https:\/\/www.czqunfa.com\/de\/wp-json\/wp\/v2\/types\/product"}],"replies":[{"embeddable":true,"href":"https:\/\/www.czqunfa.com\/de\/wp-json\/wp\/v2\/comments?post=1159"}],"wp:featuredmedia":[{"embeddable":true,"href":"https:\/\/www.czqunfa.com\/de\/wp-json\/wp\/v2\/media\/1165"}],"wp:attachment":[{"href":"https:\/\/www.czqunfa.com\/de\/wp-json\/wp\/v2\/media?parent=1159"}],"wp:term":[{"taxonomy":"product_brand","embeddable":true,"href":"https:\/\/www.czqunfa.com\/de\/wp-json\/wp\/v2\/product_brand?post=1159"},{"taxonomy":"product_cat","embeddable":true,"href":"https:\/\/www.czqunfa.com\/de\/wp-json\/wp\/v2\/product_cat?post=1159"},{"taxonomy":"product_tag","embeddable":true,"href":"https:\/\/www.czqunfa.com\/de\/wp-json\/wp\/v2\/product_tag?post=1159"}],"curies":[{"name":"wp","href":"https:\/\/api.w.org\/{rel}","templated":true}]}}