{"id":1149,"date":"2025-12-25T10:24:57","date_gmt":"2025-12-25T10:24:57","guid":{"rendered":"https:\/\/www.tongdeceramic.com\/?post_type=product&#038;p=1149"},"modified":"2025-12-27T09:48:34","modified_gmt":"2025-12-27T09:48:34","slug":"wholesale-flower-pots","status":"publish","type":"product","link":"https:\/\/www.czqunfa.com\/de\/produkt\/wholesale-flower-pots\/","title":{"rendered":"Gro\u00dfhandel mit Blument\u00f6pfen, dekorative Keramik-Gartent\u00f6pfe in Gro\u00dfmengen"},"content":{"rendered":"<div class=\"wp-block-columns is-layout-flex wp-container-core-columns-is-layout-9d6595d7 wp-block-columns-is-layout-flex\">\n<div class=\"wp-block-column is-layout-flow wp-block-column-is-layout-flow\">\n<h2 class=\"wp-block-heading\">Merkmale der Gro\u00dfhandel Blument\u00f6pfe<\/h2>\n\n\n\n<ul class=\"wp-block-list\">\n<li><strong>Hochwertiges und langlebiges Keramikmaterial:<\/strong> Diese Gro\u00dfhandelsblument\u00f6pfe werden aus hochdichter Keramik hergestellt und bei hohen Temperaturen gebrannt, was zu einer robusten Struktur mit hervorragender Hitze- und K\u00e4ltebest\u00e4ndigkeit und Witterungsbest\u00e4ndigkeit f\u00fchrt, die f\u00fcr den langfristigen Gebrauch im Innen- und Au\u00dfenbereich geeignet ist.<\/li>\n\n\n\n<li><strong>Glatte Glasur, leicht zu reinigen und zu pflegen:<\/strong> Die zarte und glatte Glasurschicht der Gro\u00dfhandelsblument\u00f6pfe zieht nicht so leicht Flecken und Kalk an, was die t\u00e4gliche Reinigung erleichtert und auch die Wartungskosten in Gewerbebetrieben senkt.<\/li>\n\n\n\n<li><strong>Eine Kombination aus Dekoration und Zweckm\u00e4\u00dfigkeit: <\/strong>Diese Gro\u00dfhandel Blument\u00f6pfe einfach noch strukturierte Keramik Aussehen eignet sich f\u00fcr Innenh\u00f6fe, Balkone, Indoor-Pflanze zeigt, und kommerzielle Landschaftsbau, die Verbesserung der allgemeinen \u00c4sthetik des Raumes.<\/li>\n\n\n\n<li><strong>Praktische Griffe:<\/strong> Diese keramischen Gartent\u00f6pfe in loser Sch\u00fcttung sind f\u00fcr eine einfache Handhabung und Platzierung mit symmetrischen Griffen auf beiden Seiten ausgestattet. Das genormte aufrechte Design erm\u00f6glicht ein stabiles Stapeln und spart dadurch erheblich Lager- und Logistikfl\u00e4che.<\/li>\n\n\n\n<li><strong>Mehrere Gr\u00f6\u00dfen verf\u00fcgbar: <\/strong>Diese keramischen Gartent\u00f6pfe in gro\u00dfen Mengen eignen sich f\u00fcr die Pr\u00e4sentation einer Vielzahl von Blumen, Gr\u00fcnpflanzen und Zierpflanzen. Sie erf\u00fcllen die Bed\u00fcrfnisse verschiedener Pflanzen und eignen sich f\u00fcr Blumentopf-Gro\u00dfh\u00e4ndler, Gartenbau-Marken, grenz\u00fcberschreitenden E-Commerce und Einzelhandelsketten f\u00fcr den Gro\u00dfhandel und die individuelle Anpassung.<\/li>\n<\/ul>\n<\/div>\n\n\n\n<div class=\"wp-block-column is-layout-flow wp-block-column-is-layout-flow\">\n<figure class=\"wp-block-image size-full\"><img decoding=\"async\" width=\"1000\" height=\"1000\" src=\"https:\/\/www.czqunfa.com\/wp-content\/uploads\/2025\/12\/wholesale-flower-pots-decorative-ceramic-garden-pot-in-bulk-3.webp\" alt=\"gro\u00dfhandel-blumen-t\u00f6pfe-dekorative-keramik-garten-topf-in-bulk-3\" class=\"wp-image-1155\" srcset=\"https:\/\/www.czqunfa.com\/wp-content\/uploads\/2025\/12\/wholesale-flower-pots-decorative-ceramic-garden-pot-in-bulk-3.webp 1000w, https:\/\/www.czqunfa.com\/wp-content\/uploads\/2025\/12\/wholesale-flower-pots-decorative-ceramic-garden-pot-in-bulk-3-300x300.webp 300w, https:\/\/www.czqunfa.com\/wp-content\/uploads\/2025\/12\/wholesale-flower-pots-decorative-ceramic-garden-pot-in-bulk-3-150x150.webp 150w, https:\/\/www.czqunfa.com\/wp-content\/uploads\/2025\/12\/wholesale-flower-pots-decorative-ceramic-garden-pot-in-bulk-3-768x768.webp 768w, https:\/\/www.czqunfa.com\/wp-content\/uploads\/2025\/12\/wholesale-flower-pots-decorative-ceramic-garden-pot-in-bulk-3-600x600.webp 600w, https:\/\/www.czqunfa.com\/wp-content\/uploads\/2025\/12\/wholesale-flower-pots-decorative-ceramic-garden-pot-in-bulk-3-100x100.webp 100w\" sizes=\"(max-width: 1000px) 100vw, 1000px\" \/><\/figure>\n<\/div>\n<\/div>\n\n\n\n<figure class=\"wp-block-gallery has-nested-images columns-default is-cropped wp-block-gallery-1 is-layout-flex wp-block-gallery-is-layout-flex\">\n<figure class=\"wp-block-image size-full\"><img decoding=\"async\" width=\"1000\" height=\"1000\" data-id=\"1153\" src=\"https:\/\/www.czqunfa.com\/wp-content\/uploads\/2025\/12\/wholesale-flower-pots-decorative-ceramic-garden-pot-in-bulk-1.webp\" alt=\"gro\u00dfhandel-blumen-t\u00f6pfe-dekorative-keramik-garten-topf-in-bulk-1\" class=\"wp-image-1153\" srcset=\"https:\/\/www.czqunfa.com\/wp-content\/uploads\/2025\/12\/wholesale-flower-pots-decorative-ceramic-garden-pot-in-bulk-1.webp 1000w, https:\/\/www.czqunfa.com\/wp-content\/uploads\/2025\/12\/wholesale-flower-pots-decorative-ceramic-garden-pot-in-bulk-1-300x300.webp 300w, https:\/\/www.czqunfa.com\/wp-content\/uploads\/2025\/12\/wholesale-flower-pots-decorative-ceramic-garden-pot-in-bulk-1-150x150.webp 150w, https:\/\/www.czqunfa.com\/wp-content\/uploads\/2025\/12\/wholesale-flower-pots-decorative-ceramic-garden-pot-in-bulk-1-768x768.webp 768w, https:\/\/www.czqunfa.com\/wp-content\/uploads\/2025\/12\/wholesale-flower-pots-decorative-ceramic-garden-pot-in-bulk-1-600x600.webp 600w, https:\/\/www.czqunfa.com\/wp-content\/uploads\/2025\/12\/wholesale-flower-pots-decorative-ceramic-garden-pot-in-bulk-1-100x100.webp 100w\" sizes=\"(max-width: 1000px) 100vw, 1000px\" \/><\/figure>\n\n\n\n<figure class=\"wp-block-image size-full\"><img decoding=\"async\" width=\"1000\" height=\"1000\" data-id=\"1157\" src=\"https:\/\/www.czqunfa.com\/wp-content\/uploads\/2025\/12\/wholesale-flower-pots-decorative-ceramic-garden-pot-in-bulk-5.webp\" alt=\"gro\u00dfhandel-blumen-t\u00f6pfe-dekorative-keramik-garten-topf-in-bulk-5\" class=\"wp-image-1157\" srcset=\"https:\/\/www.czqunfa.com\/wp-content\/uploads\/2025\/12\/wholesale-flower-pots-decorative-ceramic-garden-pot-in-bulk-5.webp 1000w, https:\/\/www.czqunfa.com\/wp-content\/uploads\/2025\/12\/wholesale-flower-pots-decorative-ceramic-garden-pot-in-bulk-5-300x300.webp 300w, https:\/\/www.czqunfa.com\/wp-content\/uploads\/2025\/12\/wholesale-flower-pots-decorative-ceramic-garden-pot-in-bulk-5-150x150.webp 150w, https:\/\/www.czqunfa.com\/wp-content\/uploads\/2025\/12\/wholesale-flower-pots-decorative-ceramic-garden-pot-in-bulk-5-768x768.webp 768w, https:\/\/www.czqunfa.com\/wp-content\/uploads\/2025\/12\/wholesale-flower-pots-decorative-ceramic-garden-pot-in-bulk-5-600x600.webp 600w, https:\/\/www.czqunfa.com\/wp-content\/uploads\/2025\/12\/wholesale-flower-pots-decorative-ceramic-garden-pot-in-bulk-5-100x100.webp 100w\" sizes=\"(max-width: 1000px) 100vw, 1000px\" \/><\/figure>\n<\/figure>\n\n\n\n<p><\/p>","protected":false},"excerpt":{"rendered":"<p>Willkommen zum Kauf unserer Gro\u00dfhandel Blument\u00f6pfe sind aus hochwertigem Steingut, f\u00fcr die Haltbarkeit, einfache Reinigung und langfristige Innen-oder Au\u00dfenbereich Gebrauch gemacht. Erh\u00e4ltlich in mehreren Gr\u00f6\u00dfen, sind diese Keramik Blument\u00f6pfe ideal f\u00fcr Gartencenter, Einzelh\u00e4ndler, Hotels und Landschaftsbau Projekte, Unterst\u00fctzung Gro\u00dfauftr\u00e4ge und OEM \/ ODM Anpassung.<\/p>\n<h2>Gro\u00dfhandel Blument\u00f6pfe Parameter<\/h2>\n<table width=\"328\">\n<tbody>\n<tr>\n<td width=\"116\">Hersteller<\/td>\n<td width=\"211\">QUNFA<\/td>\n<\/tr>\n<tr>\n<td width=\"116\">Produkttyp<\/td>\n<td>Blumentopf<\/td>\n<\/tr>\n<tr>\n<td width=\"116\">Modell-Nr.<\/td>\n<td width=\"211\">\u00a0QF14-308<\/td>\n<\/tr>\n<tr>\n<td width=\"116\">Material<\/td>\n<td width=\"211\">Steinzeug<\/td>\n<\/tr>\n<tr>\n<td width=\"116\">Farbe<\/td>\n<td width=\"211\">Kundenspezifisch<\/td>\n<\/tr>\n<tr>\n<td width=\"116\">Dimension<\/td>\n<td width=\"211\">M:17.5*12.18*25.5CM<br \/>S:16*16*25.5CM<\/td>\n<\/tr>\n<tr>\n<td width=\"116\">Mindestbestellmenge<\/td>\n<td width=\"211\">1000 St\u00fcck<\/td>\n<\/tr>\n<tr>\n<td width=\"116\">Kundenspezifisch<\/td>\n<td width=\"211\">Farbe\/Gr\u00f6\u00dfe\/Logo\/Verpackung\/Form<\/td>\n<\/tr>\n<\/tbody>\n<\/table>","protected":false},"featured_media":1158,"comment_status":"closed","ping_status":"closed","template":"","meta":{"_acf_changed":false},"product_brand":[],"product_cat":[17,46],"product_tag":[],"class_list":{"0":"post-1149","1":"product","2":"type-product","3":"status-publish","4":"has-post-thumbnail","6":"product_cat-home-garden-decor-wholesale","7":"product_cat-ceramic-vase-supplier","9":"first","10":"instock","11":"shipping-taxable","12":"product-type-simple"},"acf":[],"_links":{"self":[{"href":"https:\/\/www.czqunfa.com\/de\/wp-json\/wp\/v2\/product\/1149","targetHints":{"allow":["GET"]}}],"collection":[{"href":"https:\/\/www.czqunfa.com\/de\/wp-json\/wp\/v2\/product"}],"about":[{"href":"https:\/\/www.czqunfa.com\/de\/wp-json\/wp\/v2\/types\/product"}],"replies":[{"embeddable":true,"href":"https:\/\/www.czqunfa.com\/de\/wp-json\/wp\/v2\/comments?post=1149"}],"wp:featuredmedia":[{"embeddable":true,"href":"https:\/\/www.czqunfa.com\/de\/wp-json\/wp\/v2\/media\/1158"}],"wp:attachment":[{"href":"https:\/\/www.czqunfa.com\/de\/wp-json\/wp\/v2\/media?parent=1149"}],"wp:term":[{"taxonomy":"product_brand","embeddable":true,"href":"https:\/\/www.czqunfa.com\/de\/wp-json\/wp\/v2\/product_brand?post=1149"},{"taxonomy":"product_cat","embeddable":true,"href":"https:\/\/www.czqunfa.com\/de\/wp-json\/wp\/v2\/product_cat?post=1149"},{"taxonomy":"product_tag","embeddable":true,"href":"https:\/\/www.czqunfa.com\/de\/wp-json\/wp\/v2\/product_tag?post=1149"}],"curies":[{"name":"wp","href":"https:\/\/api.w.org\/{rel}","templated":true}]}}