{"id":1104,"date":"2025-12-25T09:51:01","date_gmt":"2025-12-25T09:51:01","guid":{"rendered":"https:\/\/www.tongdeceramic.com\/?post_type=product&#038;p=1104"},"modified":"2025-12-25T09:51:02","modified_gmt":"2025-12-25T09:51:02","slug":"custom-baking-pans","status":"publish","type":"product","link":"https:\/\/www.czqunfa.com\/de\/produkt\/custom-baking-pans\/","title":{"rendered":"Ma\u00dfgefertigte Backformen, runde Keramik-Backformen im Gro\u00dfhandel"},"content":{"rendered":"<div class=\"wp-block-columns is-layout-flex wp-container-core-columns-is-layout-9d6595d7 wp-block-columns-is-layout-flex\">\n<div class=\"wp-block-column is-layout-flow wp-block-column-is-layout-flow\">\n<h2 class=\"wp-block-heading\">Merkmale von Custom Baking Pans<\/h2>\n\n\n\n<ul class=\"wp-block-list\">\n<li><strong>Hochwertiges Keramikmaterial:<\/strong> Diese kundenspezifischen Backformen sind aus hochwertigem hitzebest\u00e4ndigem Steinzeug, hochtemperaturgebrannt, die Ziehdichte, hitze- und k\u00e4ltebest\u00e4ndig, geeignet f\u00fcr h\u00e4ufiges Backen und gewerblichen Einsatz.<\/li>\n\n\n\n<li><strong>Doppeltes Ohr zum Schutz vor Verbr\u00fchungen:<\/strong> Die ma\u00dfgeschneiderten Backformen verf\u00fcgen \u00fcber integrierte, abgerundete Griffe an beiden Seiten, die ein sicheres Anheben und einen wirksamen Schutz vor Verbr\u00fchungen erm\u00f6glichen, so dass sie sich besonders f\u00fcr die sichere Entnahme aus Hochtemperatur\u00f6fen eignen.<\/li>\n\n\n\n<li><strong>Macaron-Farben:<\/strong> Diese keramischen Backformen sind im Gro\u00dfhandel in verschiedenen matten Farben erh\u00e4ltlich, darunter Gr\u00fcn, Beige, Rosa und Blau. Die glatte Glasur und die einheitliche Farbe vereinheitlichen den Stil des Geschirrs, verbessern die \u00c4sthetik der Speisenpr\u00e4sentation und eignen sich f\u00fcr die individuelle Gestaltung von Marken, Verkaufsdisplays und Geschenksets.<\/li>\n\n\n\n<li><strong>\u00dcberragend einfache Reinigung: <\/strong>Die glatte Glasur auf der Innen- und Au\u00dfenseite verhindert das Anhaften von \u00d6l und Fett an unseren Keramik-Backformen im Gro\u00dfhandel und erm\u00f6glicht ein einfaches und schnelles Absp\u00fclen. Vollst\u00e4ndig sp\u00fclmaschinengeeignet, ist es sehr effizient bei der Reinigung und h\u00e4lt Lebensmittel neu aussehen f\u00fcr eine lange Zeit.<\/li>\n\n\n\n<li><strong>Gro\u00dfhandel und kundenspezifische Anpassung werden unterst\u00fctzt: <\/strong>Unsere ma\u00dfgefertigten Backformen eignen sich f\u00fcr Gro\u00dfeink\u00e4ufe und bieten Optionen f\u00fcr die individuelle Gestaltung von Farben, Glasuren, Logos und Verpackungen, um die unterschiedlichen Anforderungen von Markeninhabern, Importeuren und H\u00e4ndlern zu erf\u00fcllen.<\/li>\n<\/ul>\n<\/div>\n\n\n\n<div class=\"wp-block-column is-layout-flow wp-block-column-is-layout-flow\">\n<figure class=\"wp-block-image size-full\"><img decoding=\"async\" width=\"800\" height=\"800\" src=\"https:\/\/www.czqunfa.com\/wp-content\/uploads\/2025\/12\/custom-baking-pans-round-ceramic-baking-dishes-wholesale-5.webp\" alt=\"custom-backformen-runde-keramik-backformen-gro\u00dfhandel-5\" class=\"wp-image-1119\" srcset=\"https:\/\/www.czqunfa.com\/wp-content\/uploads\/2025\/12\/custom-baking-pans-round-ceramic-baking-dishes-wholesale-5.webp 800w, https:\/\/www.czqunfa.com\/wp-content\/uploads\/2025\/12\/custom-baking-pans-round-ceramic-baking-dishes-wholesale-5-300x300.webp 300w, https:\/\/www.czqunfa.com\/wp-content\/uploads\/2025\/12\/custom-baking-pans-round-ceramic-baking-dishes-wholesale-5-150x150.webp 150w, https:\/\/www.czqunfa.com\/wp-content\/uploads\/2025\/12\/custom-baking-pans-round-ceramic-baking-dishes-wholesale-5-768x768.webp 768w, https:\/\/www.czqunfa.com\/wp-content\/uploads\/2025\/12\/custom-baking-pans-round-ceramic-baking-dishes-wholesale-5-600x600.webp 600w, https:\/\/www.czqunfa.com\/wp-content\/uploads\/2025\/12\/custom-baking-pans-round-ceramic-baking-dishes-wholesale-5-100x100.webp 100w\" sizes=\"(max-width: 800px) 100vw, 800px\" \/><\/figure>\n<\/div>\n<\/div>\n\n\n\n<figure class=\"wp-block-gallery has-nested-images columns-default is-cropped wp-block-gallery-1 is-layout-flex wp-block-gallery-is-layout-flex\">\n<figure class=\"wp-block-image size-full\"><img decoding=\"async\" width=\"800\" height=\"800\" data-id=\"1115\" src=\"https:\/\/www.czqunfa.com\/wp-content\/uploads\/2025\/12\/custom-baking-pans-round-ceramic-baking-dishes-wholesale-1.webp\" alt=\"custom-backformen-runde-keramik-backformen-grosshandel-1\" class=\"wp-image-1115\" srcset=\"https:\/\/www.czqunfa.com\/wp-content\/uploads\/2025\/12\/custom-baking-pans-round-ceramic-baking-dishes-wholesale-1.webp 800w, https:\/\/www.czqunfa.com\/wp-content\/uploads\/2025\/12\/custom-baking-pans-round-ceramic-baking-dishes-wholesale-1-300x300.webp 300w, https:\/\/www.czqunfa.com\/wp-content\/uploads\/2025\/12\/custom-baking-pans-round-ceramic-baking-dishes-wholesale-1-150x150.webp 150w, https:\/\/www.czqunfa.com\/wp-content\/uploads\/2025\/12\/custom-baking-pans-round-ceramic-baking-dishes-wholesale-1-768x768.webp 768w, https:\/\/www.czqunfa.com\/wp-content\/uploads\/2025\/12\/custom-baking-pans-round-ceramic-baking-dishes-wholesale-1-600x600.webp 600w, https:\/\/www.czqunfa.com\/wp-content\/uploads\/2025\/12\/custom-baking-pans-round-ceramic-baking-dishes-wholesale-1-100x100.webp 100w\" sizes=\"(max-width: 800px) 100vw, 800px\" \/><\/figure>\n\n\n\n<figure class=\"wp-block-image size-full\"><img decoding=\"async\" width=\"800\" height=\"800\" data-id=\"1116\" src=\"https:\/\/www.czqunfa.com\/wp-content\/uploads\/2025\/12\/custom-baking-pans-round-ceramic-baking-dishes-wholesale-2.webp\" alt=\"custom-backformen-runde-keramik-backformen-gro\u00dfhandel-2\" class=\"wp-image-1116\" srcset=\"https:\/\/www.czqunfa.com\/wp-content\/uploads\/2025\/12\/custom-baking-pans-round-ceramic-baking-dishes-wholesale-2.webp 800w, https:\/\/www.czqunfa.com\/wp-content\/uploads\/2025\/12\/custom-baking-pans-round-ceramic-baking-dishes-wholesale-2-300x300.webp 300w, https:\/\/www.czqunfa.com\/wp-content\/uploads\/2025\/12\/custom-baking-pans-round-ceramic-baking-dishes-wholesale-2-150x150.webp 150w, https:\/\/www.czqunfa.com\/wp-content\/uploads\/2025\/12\/custom-baking-pans-round-ceramic-baking-dishes-wholesale-2-768x768.webp 768w, https:\/\/www.czqunfa.com\/wp-content\/uploads\/2025\/12\/custom-baking-pans-round-ceramic-baking-dishes-wholesale-2-600x600.webp 600w, https:\/\/www.czqunfa.com\/wp-content\/uploads\/2025\/12\/custom-baking-pans-round-ceramic-baking-dishes-wholesale-2-100x100.webp 100w\" sizes=\"(max-width: 800px) 100vw, 800px\" \/><\/figure>\n<\/figure>\n\n\n\n<p><\/p>","protected":false},"excerpt":{"rendered":"<p>Wir laden Sie ein, unsere ma\u00dfgeschneiderten Backformen mit Doppelgriffen zu kaufen, die in zwei Gr\u00f6\u00dfen und einer Vielzahl von weichen, matten Farben erh\u00e4ltlich sind. Sie bestehen aus handels\u00fcblicher Keramik und sind hitzebest\u00e4ndig und resistent gegen pl\u00f6tzliche Temperaturschwankungen. Die Doppelgriffe sind hitzebest\u00e4ndig, leicht abnehmbar, sp\u00fclmaschinenfest und mikrowellengeeignet. Sie sind auch ofenfest. Ideal f\u00fcr B\u00e4ckereien, Restaurants, Caf\u00e9s und Hotels, um die Effizienz der Lebensmittelzubereitung und die Optik zu verbessern.<\/p>\n<h2>Individuelle Backformen Parameter<\/h2>\n<table border=\"0\" width=\"328\" cellspacing=\"0\" cellpadding=\"0\">\n<tbody>\n<tr>\n<td width=\"116\" height=\"16\">Hersteller<\/td>\n<td width=\"211\">QUNFA<\/td>\n<\/tr>\n<tr>\n<td width=\"116\" height=\"16\">Produkttyp<\/td>\n<td>Backform<\/td>\n<\/tr>\n<tr>\n<td width=\"116\" height=\"16\">Modell-Nr.<\/td>\n<td width=\"211\">23-2170BL<\/td>\n<\/tr>\n<tr>\n<td width=\"116\" height=\"16\">Material<\/td>\n<td width=\"211\">Steinzeug<\/td>\n<\/tr>\n<tr>\n<td width=\"116\" height=\"16\">Farbe<\/td>\n<td width=\"211\">Blau, Gr\u00fcn, Gelb, Rosa<\/td>\n<\/tr>\n<tr>\n<td width=\"116\" height=\"31\">Dimension<\/td>\n<td width=\"211\">S:14.5*12*4CM<br \/>M:16.7*14.5*5CM<\/td>\n<\/tr>\n<tr>\n<td width=\"116\" height=\"16\">Mindestbestellmenge<\/td>\n<td width=\"211\">1000 St\u00fcck<\/td>\n<\/tr>\n<tr>\n<td width=\"116\" height=\"16\">Kundenspezifisch<\/td>\n<td width=\"211\">Farbe\/Gr\u00f6\u00dfe\/Logo\/Verpackung\/Form<\/td>\n<\/tr>\n<\/tbody>\n<\/table>","protected":false},"featured_media":1120,"comment_status":"closed","ping_status":"closed","template":"","meta":{"_acf_changed":false},"product_brand":[],"product_cat":[22,23],"product_tag":[],"class_list":{"0":"post-1104","1":"product","2":"type-product","3":"status-publish","4":"has-post-thumbnail","6":"product_cat-bakeware-manufacturer","7":"product_cat-wholesale-baking-dishes","9":"first","10":"instock","11":"shipping-taxable","12":"product-type-simple"},"acf":[],"_links":{"self":[{"href":"https:\/\/www.czqunfa.com\/de\/wp-json\/wp\/v2\/product\/1104","targetHints":{"allow":["GET"]}}],"collection":[{"href":"https:\/\/www.czqunfa.com\/de\/wp-json\/wp\/v2\/product"}],"about":[{"href":"https:\/\/www.czqunfa.com\/de\/wp-json\/wp\/v2\/types\/product"}],"replies":[{"embeddable":true,"href":"https:\/\/www.czqunfa.com\/de\/wp-json\/wp\/v2\/comments?post=1104"}],"wp:featuredmedia":[{"embeddable":true,"href":"https:\/\/www.czqunfa.com\/de\/wp-json\/wp\/v2\/media\/1120"}],"wp:attachment":[{"href":"https:\/\/www.czqunfa.com\/de\/wp-json\/wp\/v2\/media?parent=1104"}],"wp:term":[{"taxonomy":"product_brand","embeddable":true,"href":"https:\/\/www.czqunfa.com\/de\/wp-json\/wp\/v2\/product_brand?post=1104"},{"taxonomy":"product_cat","embeddable":true,"href":"https:\/\/www.czqunfa.com\/de\/wp-json\/wp\/v2\/product_cat?post=1104"},{"taxonomy":"product_tag","embeddable":true,"href":"https:\/\/www.czqunfa.com\/de\/wp-json\/wp\/v2\/product_tag?post=1104"}],"curies":[{"name":"wp","href":"https:\/\/api.w.org\/{rel}","templated":true}]}}