{"id":1058,"date":"2025-12-25T02:26:06","date_gmt":"2025-12-25T02:26:06","guid":{"rendered":"https:\/\/www.tongdeceramic.com\/?post_type=product&#038;p=1058"},"modified":"2025-12-25T03:30:04","modified_gmt":"2025-12-25T03:30:04","slug":"custom-ramekin","status":"publish","type":"product","link":"https:\/\/www.czqunfa.com\/de\/produkt\/custom-ramekin\/","title":{"rendered":"Einzigartige, individuell gestaltete Ramekins, Keramik-Kuchenf\u00f6rmchen, Gro\u00dfhandel, 2er-Set"},"content":{"rendered":"<div class=\"wp-block-columns is-layout-flex wp-container-core-columns-is-layout-9d6595d7 wp-block-columns-is-layout-flex\">\n<div class=\"wp-block-column is-layout-flow wp-block-column-is-layout-flow\">\n<h2 class=\"wp-block-heading\">Merkmale von Custom Ramekin<\/h2>\n\n\n\n<ul class=\"wp-block-list\">\n<li><strong>Hochwertige, langlebige Keramik:<\/strong> Diese ma\u00dfgefertigte Auflaufform besteht aus hochwertigem Steingut, hat eine robuste Struktur und eine hohe Temperaturwechselbest\u00e4ndigkeit. Sie ist langlebig genug, um hohen Ofentemperaturen und Mikrowellenheizung standzuhalten.<\/li>\n\n\n\n<li><strong>Lustige Designs mit zwei Motiven: <\/strong>Dieses individuelle Ramekin umfasst zwei einzigartige Designs (insgesamt 2). Das eine zeigt ein verspieltes Cartoon-Motiv mit Geistern und K\u00fcrbissen, das sich f\u00fcr Halloween oder Mottopartys eignet; das andere besticht durch ein schlichtes und modernes Design mit roten und gelben Streifen in leuchtenden, kr\u00e4ftigen Farben. Die beiden Stile erf\u00fcllen unterschiedliche \u00e4sthetische Anspr\u00fcche und eignen sich f\u00fcr verschiedene Anl\u00e4sse.<\/li>\n\n\n\n<li><strong>EasyCleaning in kommerzieller Qualit\u00e4t:<\/strong> Diese ma\u00dfgefertigte Auflaufform verf\u00fcgt sowohl innen als auch au\u00dfen \u00fcber eine glatte Glasur, die sie schmutzabweisend macht und ein einfaches und schnelles Absp\u00fclen erm\u00f6glicht. Dar\u00fcber hinaus ist sie sp\u00fclmaschinenfest, was die Reinigung zum Kinderspiel macht und sie perfekt f\u00fcr den intensiven gewerblichen Gebrauch geeignet ist.<\/li>\n\n\n\n<li><strong>Mehrzweck-Tiny Box:<\/strong> Aufgrund ihrer zylindrischen Form mit offener Oberseite eignet sich dieses Set aus Keramik-Kuchenf\u00f6rmchen im Gro\u00dfhandel perfekt zum Backen von Einzelportionen Kuchen, Schokoladenpudding, gebackenem Pudding oder Souffl\u00e9. Sie k\u00f6nnen auch als Salatschalen, Snackschalen oder sogar als Geschirr verwendet werden.<\/li>\n\n\n\n<li><strong>Vorteile des Gro\u00dfhandelssets:<\/strong> Dieses ma\u00dfgefertigte Ramekin, das im Gro\u00dfhandel im Zweierpack verkauft wird, bietet eine kosteng\u00fcnstige Kaufoption f\u00fcr B2B-Kunden wie Caf\u00e9s, B\u00e4ckereien und Restaurants. Das standardisierte Design erleichtert die Erstellung von Serienmen\u00fcs oder Werbegeschenken.<\/li>\n<\/ul>\n<\/div>\n\n\n\n<div class=\"wp-block-column is-layout-flow wp-block-column-is-layout-flow\">\n<figure class=\"wp-block-image size-full\"><img decoding=\"async\" width=\"800\" height=\"800\" src=\"https:\/\/www.czqunfa.com\/wp-content\/uploads\/2025\/12\/unique-custom-ramekin-ceramic-cake-cups-wholesale-set-of-2-5.webp\" alt=\"Einzigartige, individuell gestaltete Keramik-Muffinformen, Gro\u00dfhandelsset mit 2 St\u00fcck, 5\" class=\"wp-image-1063\" srcset=\"https:\/\/www.czqunfa.com\/wp-content\/uploads\/2025\/12\/unique-custom-ramekin-ceramic-cake-cups-wholesale-set-of-2-5.webp 800w, https:\/\/www.czqunfa.com\/wp-content\/uploads\/2025\/12\/unique-custom-ramekin-ceramic-cake-cups-wholesale-set-of-2-5-300x300.webp 300w, https:\/\/www.czqunfa.com\/wp-content\/uploads\/2025\/12\/unique-custom-ramekin-ceramic-cake-cups-wholesale-set-of-2-5-150x150.webp 150w, https:\/\/www.czqunfa.com\/wp-content\/uploads\/2025\/12\/unique-custom-ramekin-ceramic-cake-cups-wholesale-set-of-2-5-768x768.webp 768w, https:\/\/www.czqunfa.com\/wp-content\/uploads\/2025\/12\/unique-custom-ramekin-ceramic-cake-cups-wholesale-set-of-2-5-600x600.webp 600w, https:\/\/www.czqunfa.com\/wp-content\/uploads\/2025\/12\/unique-custom-ramekin-ceramic-cake-cups-wholesale-set-of-2-5-100x100.webp 100w\" sizes=\"(max-width: 800px) 100vw, 800px\" \/><\/figure>\n<\/div>\n<\/div>\n\n\n\n<figure class=\"wp-block-gallery has-nested-images columns-default is-cropped wp-block-gallery-1 is-layout-flex wp-block-gallery-is-layout-flex\">\n<figure class=\"wp-block-image size-full\"><img decoding=\"async\" width=\"800\" height=\"800\" data-id=\"1060\" src=\"https:\/\/www.czqunfa.com\/wp-content\/uploads\/2025\/12\/unique-custom-ramekin-ceramic-cake-cups-wholesale-set-of-2-2.webp\" alt=\"Einzigartige, individuell gestaltete Keramik-Muffinformen, Gro\u00dfhandelsset mit 2 St\u00fcck\" class=\"wp-image-1060\" srcset=\"https:\/\/www.czqunfa.com\/wp-content\/uploads\/2025\/12\/unique-custom-ramekin-ceramic-cake-cups-wholesale-set-of-2-2.webp 800w, https:\/\/www.czqunfa.com\/wp-content\/uploads\/2025\/12\/unique-custom-ramekin-ceramic-cake-cups-wholesale-set-of-2-2-300x300.webp 300w, https:\/\/www.czqunfa.com\/wp-content\/uploads\/2025\/12\/unique-custom-ramekin-ceramic-cake-cups-wholesale-set-of-2-2-150x150.webp 150w, https:\/\/www.czqunfa.com\/wp-content\/uploads\/2025\/12\/unique-custom-ramekin-ceramic-cake-cups-wholesale-set-of-2-2-768x768.webp 768w, https:\/\/www.czqunfa.com\/wp-content\/uploads\/2025\/12\/unique-custom-ramekin-ceramic-cake-cups-wholesale-set-of-2-2-600x600.webp 600w, https:\/\/www.czqunfa.com\/wp-content\/uploads\/2025\/12\/unique-custom-ramekin-ceramic-cake-cups-wholesale-set-of-2-2-100x100.webp 100w\" sizes=\"(max-width: 800px) 100vw, 800px\" \/><\/figure>\n\n\n\n<figure class=\"wp-block-image size-full\"><img decoding=\"async\" width=\"800\" height=\"800\" data-id=\"1062\" src=\"https:\/\/www.czqunfa.com\/wp-content\/uploads\/2025\/12\/unique-custom-ramekin-ceramic-cake-cups-wholesale-set-of-2-4.webp\" alt=\"Einzigartige, individuell gestaltete Keramik-Muffinformen, Gro\u00dfhandelsset mit 2 x 4 St\u00fcck\" class=\"wp-image-1062\" srcset=\"https:\/\/www.czqunfa.com\/wp-content\/uploads\/2025\/12\/unique-custom-ramekin-ceramic-cake-cups-wholesale-set-of-2-4.webp 800w, https:\/\/www.czqunfa.com\/wp-content\/uploads\/2025\/12\/unique-custom-ramekin-ceramic-cake-cups-wholesale-set-of-2-4-300x300.webp 300w, https:\/\/www.czqunfa.com\/wp-content\/uploads\/2025\/12\/unique-custom-ramekin-ceramic-cake-cups-wholesale-set-of-2-4-150x150.webp 150w, https:\/\/www.czqunfa.com\/wp-content\/uploads\/2025\/12\/unique-custom-ramekin-ceramic-cake-cups-wholesale-set-of-2-4-768x768.webp 768w, https:\/\/www.czqunfa.com\/wp-content\/uploads\/2025\/12\/unique-custom-ramekin-ceramic-cake-cups-wholesale-set-of-2-4-600x600.webp 600w, https:\/\/www.czqunfa.com\/wp-content\/uploads\/2025\/12\/unique-custom-ramekin-ceramic-cake-cups-wholesale-set-of-2-4-100x100.webp 100w\" sizes=\"(max-width: 800px) 100vw, 800px\" \/><\/figure>\n<\/figure>\n\n\n\n<p><\/p>","protected":false},"excerpt":{"rendered":"<p>Willkommen beim Kauf dieser ma\u00dfgefertigten Auflaufform aus hochwertiger Steinzeugkeramik mit guter Hitze- und K\u00e4ltebest\u00e4ndigkeit. Mit einer glatten, glasierten Oberfl\u00e4che, die leicht zu reinigen ist. Diese Keramik-Kuchenf\u00f6rmchen sind ideal zum Backen, f\u00fcr Desserts und f\u00fcr den Gastronomiebereich. Erh\u00e4ltlich in Wei\u00df und Sonderfarben, OEM\/ODM-Dienstleistungen sind f\u00fcr Restaurants, B\u00e4ckereien, Hotels und Gro\u00dfabnehmer verf\u00fcgbar.<\/p>\n<h2>Einzigartiger benutzerdefinierter Ramekin-Parameter<\/h2>\n<table border=\"0\" width=\"328\" cellspacing=\"0\" cellpadding=\"0\">\n<tbody>\n<tr>\n<td width=\"116\" height=\"16\">Hersteller<\/td>\n<td width=\"211\">QUNFA<\/td>\n<\/tr>\n<tr>\n<td width=\"116\" height=\"16\">Produkttyp<\/td>\n<td width=\"211\">Ramequin<\/td>\n<\/tr>\n<tr>\n<td width=\"116\" height=\"16\">Modell-Nr.<\/td>\n<td width=\"211\">22-0161W-V146<\/td>\n<\/tr>\n<tr>\n<td width=\"116\" height=\"16\">Material<\/td>\n<td width=\"211\">Steinzeug<\/td>\n<\/tr>\n<tr>\n<td width=\"116\" height=\"16\">Farbe<\/td>\n<td width=\"211\">Wei\u00df, Sonderanfertigung<\/td>\n<\/tr>\n<tr>\n<td width=\"116\" height=\"16\">Dimension<\/td>\n<td width=\"211\">7,6 \u00d7 7,6 \u00d7 5,1 cm<\/td>\n<\/tr>\n<tr>\n<td width=\"116\" height=\"16\">Mindestbestellmenge<\/td>\n<td width=\"211\">1000 St\u00fcck<\/td>\n<\/tr>\n<tr>\n<td width=\"116\" height=\"16\">Kundenspezifisch<\/td>\n<td width=\"211\">Farbe\/Gr\u00f6\u00dfe\/Logo\/Verpackung\/Form<\/td>\n<\/tr>\n<\/tbody>\n<\/table>","protected":false},"featured_media":1064,"comment_status":"closed","ping_status":"closed","template":"","meta":{"_acf_changed":false},"product_brand":[],"product_cat":[22,29],"product_tag":[],"class_list":{"0":"post-1058","1":"product","2":"type-product","3":"status-publish","4":"has-post-thumbnail","6":"product_cat-bakeware-manufacturer","7":"product_cat-wholesale-ramekins","9":"first","10":"instock","11":"shipping-taxable","12":"product-type-simple"},"acf":[],"_links":{"self":[{"href":"https:\/\/www.czqunfa.com\/de\/wp-json\/wp\/v2\/product\/1058","targetHints":{"allow":["GET"]}}],"collection":[{"href":"https:\/\/www.czqunfa.com\/de\/wp-json\/wp\/v2\/product"}],"about":[{"href":"https:\/\/www.czqunfa.com\/de\/wp-json\/wp\/v2\/types\/product"}],"replies":[{"embeddable":true,"href":"https:\/\/www.czqunfa.com\/de\/wp-json\/wp\/v2\/comments?post=1058"}],"wp:featuredmedia":[{"embeddable":true,"href":"https:\/\/www.czqunfa.com\/de\/wp-json\/wp\/v2\/media\/1064"}],"wp:attachment":[{"href":"https:\/\/www.czqunfa.com\/de\/wp-json\/wp\/v2\/media?parent=1058"}],"wp:term":[{"taxonomy":"product_brand","embeddable":true,"href":"https:\/\/www.czqunfa.com\/de\/wp-json\/wp\/v2\/product_brand?post=1058"},{"taxonomy":"product_cat","embeddable":true,"href":"https:\/\/www.czqunfa.com\/de\/wp-json\/wp\/v2\/product_cat?post=1058"},{"taxonomy":"product_tag","embeddable":true,"href":"https:\/\/www.czqunfa.com\/de\/wp-json\/wp\/v2\/product_tag?post=1058"}],"curies":[{"name":"wp","href":"https:\/\/api.w.org\/{rel}","templated":true}]}}