{"id":1057,"date":"2025-12-25T08:58:43","date_gmt":"2025-12-25T08:58:43","guid":{"rendered":"https:\/\/www.tongdeceramic.com\/?post_type=product&#038;p=1057"},"modified":"2025-12-26T01:57:19","modified_gmt":"2025-12-26T01:57:19","slug":"bulk-loaf-pans","status":"publish","type":"product","link":"https:\/\/www.czqunfa.com\/de\/produkt\/bulk-loaf-pans\/","title":{"rendered":"Gro\u00dfpackungen Brotbackformen, ofenfeste Keramik-Brotbackformen Gro\u00dfhandel"},"content":{"rendered":"<div class=\"wp-block-columns is-layout-flex wp-container-core-columns-is-layout-9d6595d7 wp-block-columns-is-layout-flex\">\n<div class=\"wp-block-column is-layout-flow wp-block-column-is-layout-flow\">\n<h2 class=\"wp-block-heading\">Merkmale von Kastenformen f\u00fcr Laibchen<\/h2>\n\n\n\n<ul class=\"wp-block-list\">\n<li><strong>Hochwertiges Keramikmaterial:<\/strong> Diese gro\u00dfen Laibformen sind aus hochwertigem hitzebest\u00e4ndigem Steinzeug, hochtemperaturgebrannt, die Ziehdichte, hitze- und k\u00e4ltebest\u00e4ndig, geeignet f\u00fcr h\u00e4ufiges Backen und gewerblichen Einsatz.<\/li>\n\n\n\n<li><strong>Backofen\/Mikrowelle\/Sp\u00fclmaschinenfest:<\/strong> Diese gro\u00dfvolumigen Laibformen sind backofen-, mikrowellen- und sp\u00fclmaschinengeeignet und erf\u00fcllen die Anforderungen von Restaurants, B\u00e4ckereien, Hotels und Einzelhandelsgesch\u00e4ften, die eine hohe Nutzungsh\u00e4ufigkeit ben\u00f6tigen, und verbessern die Effizienz.<\/li>\n\n\n\n<li><strong>Wellenf\u00f6rmiges Design gegen Auslaufen: <\/strong>Die gro\u00dfvolumigen Laibformen mit dem einzigartigen gewellten Randdesign sind nicht nur \u00e4sthetisch ansprechend, sondern verhindern auch wirksam, dass Teig oder Fl\u00fcssigkeiten beim Backen \u00fcberlaufen, halten den Ofen sauber und erh\u00f6hen die Erfolgsquote beim Backen.<\/li>\n\n\n\n<li><strong>Standard Praktische Gr\u00f6\u00dfe: <\/strong>Die keramische Brotbackform f\u00fcr den Gro\u00dfhandel ist der ideale Beh\u00e4lter f\u00fcr die Zubereitung von Brot in Standardgr\u00f6\u00dfe, Hackbraten, Kuchen oder gek\u00fchlten Desserts und sorgt f\u00fcr saubere und gleichm\u00e4\u00dfige Ergebnisse. Sie passt auf die meisten handels\u00fcblichen Backofengestelle.<\/li>\n\n\n\n<li><strong>Gro\u00dfhandel und kundenspezifische Anpassung werden unterst\u00fctzt:<\/strong> Unsere keramischen Brotbackformen eignen sich f\u00fcr Gro\u00dfeink\u00e4ufe und unterst\u00fctzen Anpassungsoptionen f\u00fcr Farben, Glasuren, Logos und Verpackungen, um die unterschiedlichen Bed\u00fcrfnisse von Markeninhabern, Importeuren und H\u00e4ndlern zu erf\u00fcllen.<\/li>\n<\/ul>\n<\/div>\n\n\n\n<div class=\"wp-block-column is-layout-flow wp-block-column-is-layout-flow\">\n<figure class=\"wp-block-image size-full\"><img decoding=\"async\" width=\"1000\" height=\"1000\" src=\"https:\/\/www.czqunfa.com\/wp-content\/uploads\/2025\/12\/bulk-loaf-pans-oven-safe-ceramic-bread-pans-wholesale-4.webp\" alt=\"gro\u00dfe-Brotpfannen-ofenfeste-Keramik-Brotpfannen-Gro\u00dfhandel-4\" class=\"wp-image-1146\" srcset=\"https:\/\/www.czqunfa.com\/wp-content\/uploads\/2025\/12\/bulk-loaf-pans-oven-safe-ceramic-bread-pans-wholesale-4.webp 1000w, https:\/\/www.czqunfa.com\/wp-content\/uploads\/2025\/12\/bulk-loaf-pans-oven-safe-ceramic-bread-pans-wholesale-4-300x300.webp 300w, https:\/\/www.czqunfa.com\/wp-content\/uploads\/2025\/12\/bulk-loaf-pans-oven-safe-ceramic-bread-pans-wholesale-4-150x150.webp 150w, https:\/\/www.czqunfa.com\/wp-content\/uploads\/2025\/12\/bulk-loaf-pans-oven-safe-ceramic-bread-pans-wholesale-4-768x768.webp 768w, https:\/\/www.czqunfa.com\/wp-content\/uploads\/2025\/12\/bulk-loaf-pans-oven-safe-ceramic-bread-pans-wholesale-4-600x600.webp 600w, https:\/\/www.czqunfa.com\/wp-content\/uploads\/2025\/12\/bulk-loaf-pans-oven-safe-ceramic-bread-pans-wholesale-4-100x100.webp 100w\" sizes=\"(max-width: 1000px) 100vw, 1000px\" \/><\/figure>\n<\/div>\n<\/div>\n\n\n\n<figure class=\"wp-block-gallery has-nested-images columns-default is-cropped wp-block-gallery-1 is-layout-flex wp-block-gallery-is-layout-flex\">\n<figure class=\"wp-block-image size-full\"><img decoding=\"async\" width=\"1000\" height=\"1000\" data-id=\"1147\" src=\"https:\/\/www.czqunfa.com\/wp-content\/uploads\/2025\/12\/bulk-loaf-pans-oven-safe-ceramic-bread-pans-wholesale-5.webp\" alt=\"gro\u00dfe-Hasenpfannen-ofenfeste-Keramik-Brotpfannen-Gro\u00dfhandel-5\" class=\"wp-image-1147\" srcset=\"https:\/\/www.czqunfa.com\/wp-content\/uploads\/2025\/12\/bulk-loaf-pans-oven-safe-ceramic-bread-pans-wholesale-5.webp 1000w, https:\/\/www.czqunfa.com\/wp-content\/uploads\/2025\/12\/bulk-loaf-pans-oven-safe-ceramic-bread-pans-wholesale-5-300x300.webp 300w, https:\/\/www.czqunfa.com\/wp-content\/uploads\/2025\/12\/bulk-loaf-pans-oven-safe-ceramic-bread-pans-wholesale-5-150x150.webp 150w, https:\/\/www.czqunfa.com\/wp-content\/uploads\/2025\/12\/bulk-loaf-pans-oven-safe-ceramic-bread-pans-wholesale-5-768x768.webp 768w, https:\/\/www.czqunfa.com\/wp-content\/uploads\/2025\/12\/bulk-loaf-pans-oven-safe-ceramic-bread-pans-wholesale-5-600x600.webp 600w, https:\/\/www.czqunfa.com\/wp-content\/uploads\/2025\/12\/bulk-loaf-pans-oven-safe-ceramic-bread-pans-wholesale-5-100x100.webp 100w\" sizes=\"(max-width: 1000px) 100vw, 1000px\" \/><\/figure>\n\n\n\n<figure class=\"wp-block-image size-full\"><img decoding=\"async\" width=\"1000\" height=\"1000\" data-id=\"1148\" src=\"https:\/\/www.czqunfa.com\/wp-content\/uploads\/2025\/12\/bulk-loaf-pans-oven-safe-ceramic-bread-pans-wholesale-6.webp\" alt=\"gro\u00dfe-Hasenpfannen-ofenfeste-Keramik-Brotpfannen-Gro\u00dfhandel-6\" class=\"wp-image-1148\" srcset=\"https:\/\/www.czqunfa.com\/wp-content\/uploads\/2025\/12\/bulk-loaf-pans-oven-safe-ceramic-bread-pans-wholesale-6.webp 1000w, https:\/\/www.czqunfa.com\/wp-content\/uploads\/2025\/12\/bulk-loaf-pans-oven-safe-ceramic-bread-pans-wholesale-6-300x300.webp 300w, https:\/\/www.czqunfa.com\/wp-content\/uploads\/2025\/12\/bulk-loaf-pans-oven-safe-ceramic-bread-pans-wholesale-6-150x150.webp 150w, https:\/\/www.czqunfa.com\/wp-content\/uploads\/2025\/12\/bulk-loaf-pans-oven-safe-ceramic-bread-pans-wholesale-6-768x768.webp 768w, https:\/\/www.czqunfa.com\/wp-content\/uploads\/2025\/12\/bulk-loaf-pans-oven-safe-ceramic-bread-pans-wholesale-6-600x600.webp 600w, https:\/\/www.czqunfa.com\/wp-content\/uploads\/2025\/12\/bulk-loaf-pans-oven-safe-ceramic-bread-pans-wholesale-6-100x100.webp 100w\" sizes=\"(max-width: 1000px) 100vw, 1000px\" \/><\/figure>\n<\/figure>\n\n\n\n<p><\/p>","protected":false},"excerpt":{"rendered":"<p>Unsere runden Macaron-Backformen sind aus hochwertigem Steingut mit hervorragender Hitze- und K\u00e4ltebest\u00e4ndigkeit hergestellt. Sie sind backofen-, mikrowellen- und sp\u00fclmaschinenfest und haben eine glatte, glasierte Oberfl\u00e4che f\u00fcr eine einfache Reinigung. Ideal f\u00fcr Gro\u00dfeink\u00e4ufe, OEM\/ODM-Anpassungen und Gro\u00dfhandelslieferungen an B\u00e4ckereien, Hotels und K\u00fcchenger\u00e4tehersteller.<\/p>\n<h2>Gro\u00dfe Brotbackformen Parameter<\/h2>\n<table width=\"328\">\n<tbody>\n<tr>\n<td width=\"116\">Hersteller<\/td>\n<td width=\"211\">QUNFA<\/td>\n<\/tr>\n<tr>\n<td width=\"116\">Produkttyp<\/td>\n<td>Kastenform<\/td>\n<\/tr>\n<tr>\n<td width=\"116\">Modell-Nr.<\/td>\n<td width=\"211\">\u00a0QFF15-0074<\/td>\n<\/tr>\n<tr>\n<td width=\"116\">Material<\/td>\n<td width=\"211\">Steinzeug<\/td>\n<\/tr>\n<tr>\n<td width=\"116\">Farbe<\/td>\n<td width=\"211\">Blau,Rot,Benutzerdefiniert<\/td>\n<\/tr>\n<tr>\n<td width=\"116\">Dimension<\/td>\n<td width=\"211\">\u00a025*15*8CM<\/td>\n<\/tr>\n<tr>\n<td width=\"116\">Mindestbestellmenge<\/td>\n<td width=\"211\">1000 St\u00fcck<\/td>\n<\/tr>\n<tr>\n<td width=\"116\">Kundenspezifisch<\/td>\n<td width=\"211\">Farbe\/Gr\u00f6\u00dfe\/Logo\/Verpackung\/Form<\/td>\n<\/tr>\n<\/tbody>\n<\/table>","protected":false},"featured_media":1144,"comment_status":"closed","ping_status":"closed","template":"","meta":{"_acf_changed":false},"product_brand":[],"product_cat":[22,26],"product_tag":[],"class_list":{"0":"post-1057","1":"product","2":"type-product","3":"status-publish","4":"has-post-thumbnail","6":"product_cat-bakeware-manufacturer","7":"product_cat-ceramic-loaf-pan-supplier","9":"first","10":"instock","11":"shipping-taxable","12":"product-type-simple"},"acf":[],"_links":{"self":[{"href":"https:\/\/www.czqunfa.com\/de\/wp-json\/wp\/v2\/product\/1057","targetHints":{"allow":["GET"]}}],"collection":[{"href":"https:\/\/www.czqunfa.com\/de\/wp-json\/wp\/v2\/product"}],"about":[{"href":"https:\/\/www.czqunfa.com\/de\/wp-json\/wp\/v2\/types\/product"}],"replies":[{"embeddable":true,"href":"https:\/\/www.czqunfa.com\/de\/wp-json\/wp\/v2\/comments?post=1057"}],"wp:featuredmedia":[{"embeddable":true,"href":"https:\/\/www.czqunfa.com\/de\/wp-json\/wp\/v2\/media\/1144"}],"wp:attachment":[{"href":"https:\/\/www.czqunfa.com\/de\/wp-json\/wp\/v2\/media?parent=1057"}],"wp:term":[{"taxonomy":"product_brand","embeddable":true,"href":"https:\/\/www.czqunfa.com\/de\/wp-json\/wp\/v2\/product_brand?post=1057"},{"taxonomy":"product_cat","embeddable":true,"href":"https:\/\/www.czqunfa.com\/de\/wp-json\/wp\/v2\/product_cat?post=1057"},{"taxonomy":"product_tag","embeddable":true,"href":"https:\/\/www.czqunfa.com\/de\/wp-json\/wp\/v2\/product_tag?post=1057"}],"curies":[{"name":"wp","href":"https:\/\/api.w.org\/{rel}","templated":true}]}}